{"id":74409,"date":"2023-09-20T07:44:44","date_gmt":"2023-09-20T07:44:44","guid":{"rendered":"https:\/\/store.evolve-fitness.eu\/product\/evolve-burst-gimnastikos-kamuolys-65-cm\/"},"modified":"2026-02-12T12:00:18","modified_gmt":"2026-02-12T12:00:18","slug":"evolve-burst-gimnastikos-kamuolys-65-cm","status":"publish","type":"product","link":"https:\/\/store.evolve-fitness.eu\/lt\/produktas\/evolve-burst-gimnastikos-kamuolys-65-cm\/","title":{"rendered":"&#8222;Evolve Burst&#8221; gimnastikos kamuolys &#8211; 65 cm"},"content":{"rendered":"\n<section class=\"wp-block-group alignfull has-lightgray-background-color has-background is-layout-constrained wp-block-group-is-layout-constrained\">\n<div class=\"wp-block-columns alignwide is-layout-flex wp-container-core-columns-is-layout-2edb0647 wp-block-columns-is-layout-flex\" style=\"margin-top:0;margin-bottom:0\">\n<div class=\"wp-block-column is-layout-flow wp-block-column-is-layout-flow\" style=\"flex-basis:33.33%\"><\/div>\n\n\n\n<div class=\"wp-block-column is-layout-flow wp-block-column-is-layout-flow\" style=\"flex-basis:66.66%\"><\/div>\n<\/div>\n<\/section>\n","protected":false},"excerpt":{"rendered":"<p>Atraskite savo fitneso potencial\u0105 su &#8222;Evolve Burst&#8221; treniruokliu (65 cm)<\/p>\n<p>Ar esate pasiruo\u0161\u0119 pagerinti savo treniruo\u010di\u0173 rutin\u0105 ir atverti treniruo\u010di\u0173 galimybi\u0173 pasaul\u012f? Ie\u0161kokite tik &#8222;Evolve Burst&#8221; treniruoklio &#8211; 65 cm! \u0160is universalus treniruokli\u0173 aksesuaras sukurtas taip, kad pad\u0117t\u0173 jums siekti fitneso tiksl\u0173, pagerinti laikysen\u0105 ir pagerinti bendr\u0105 savijaut\u0105.<\/p>\n","protected":false},"featured_media":670,"template":"","meta":{"_acf_changed":false,"inline_featured_image":false},"product_cat":[192],"product_tag":[],"class_list":{"0":"post-74409","1":"product","2":"type-product","3":"status-publish","4":"has-post-thumbnail","6":"product_cat-studija","8":"first","9":"instock","10":"shipping-taxable","11":"purchasable","12":"product-type-simple"},"acf":[],"_links":{"self":[{"href":"https:\/\/store.evolve-fitness.eu\/lt\/wp-json\/wp\/v2\/product\/74409","targetHints":{"allow":["GET"]}}],"collection":[{"href":"https:\/\/store.evolve-fitness.eu\/lt\/wp-json\/wp\/v2\/product"}],"about":[{"href":"https:\/\/store.evolve-fitness.eu\/lt\/wp-json\/wp\/v2\/types\/product"}],"wp:featuredmedia":[{"embeddable":true,"href":"https:\/\/store.evolve-fitness.eu\/lt\/wp-json\/wp\/v2\/media\/670"}],"wp:attachment":[{"href":"https:\/\/store.evolve-fitness.eu\/lt\/wp-json\/wp\/v2\/media?parent=74409"}],"wp:term":[{"taxonomy":"product_cat","embeddable":true,"href":"https:\/\/store.evolve-fitness.eu\/lt\/wp-json\/wp\/v2\/product_cat?post=74409"},{"taxonomy":"product_tag","embeddable":true,"href":"https:\/\/store.evolve-fitness.eu\/lt\/wp-json\/wp\/v2\/product_tag?post=74409"}],"curies":[{"name":"wp","href":"https:\/\/api.w.org\/{rel}","templated":true}]}}