{"id":7378,"date":"2024-01-18T08:39:39","date_gmt":"2024-01-18T08:39:39","guid":{"rendered":"https:\/\/store.evolve-fitness.eu\/produktas\/evolve-ultra-series-selektorinis-peciukas-fly-uzpakalinis-deltinis-raumuo\/"},"modified":"2024-06-05T12:44:32","modified_gmt":"2024-06-05T12:44:32","slug":"evolve-ultra-series-selektorinis-peciukas-fly-uzpakalinis-deltinis-raumuo","status":"publish","type":"product","link":"https:\/\/store.evolve-fitness.eu\/lt\/produktas\/evolve-ultra-series-selektorinis-peciukas-fly-uzpakalinis-deltinis-raumuo\/","title":{"rendered":"&#8222;Evolve Ultra Series&#8221; selektorinis pe\u010diukas &#8222;Fly&#8221; \/ u\u017epakalinis deltinis raumuo"},"content":{"rendered":"\n<section class=\"wp-block-group alignfull black-content has-white-color has-darkgray-background-color has-text-color has-background is-layout-constrained wp-block-group-is-layout-constrained\" style=\"padding-top:var(--wp--preset--spacing--section-bottom);padding-bottom:var(--wp--preset--spacing--section-bottom)\">\n<section class=\"wp-block-group alignfull black-content has-white-color has-darkgray-background-color has-text-color has-background is-layout-constrained wp-block-group-is-layout-constrained\" style=\"padding-top:var(--wp--preset--spacing--section-bottom);padding-bottom:var(--wp--preset--spacing--section-bottom)\">\n<div class=\"wp-block-columns alignwide mobile-reverse is-layout-flex wp-container-core-columns-is-layout-ca64bf2d wp-block-columns-is-layout-flex\" style=\"margin-bottom:var(--wp--preset--spacing--side-padding)\">\n<div class=\"wp-block-column is-vertically-aligned-center is-layout-flow wp-block-column-is-layout-flow\">\n<h3 class=\"wp-block-heading\" style=\"margin-bottom:var(--wp--preset--spacing--h-3-bottom)\">Sveiki atvyk\u0119 \u012f &#8222;Ultra&#8221; serij\u0105<\/h3>\n\n\n\n<p><strong><em>Susipa\u017einkite su m\u016bs\u0173 &#8222;Ultra Series&#8221; \u012franga naudodamiesi moderniausia 3D 360 ekskursija<\/em><\/strong><\/p>\n\n\n\n<p>&#8222;Evolve Ultra Series&#8221; serijos &#8222;Evolve Ultra Series&#8221; treniruoklis &#8222;Evolve Ultra Series&#8221; yra patogus ir na\u0161us. Treniruoklis sukurtas taip, kad j\u012f b\u016bt\u0173 galima pritaikyti \u012fvairiems naudotoj\u0173 dyd\u017eiams, jis b\u016bt\u0173 ergonomi\u0161kas ir lengvai pritaikomas. Dizainas yra esteti\u0161kas, o patvari, milteliniu b\u016bdu dengta apdaila ir naudojami auk\u0161tos kokyb\u0117s kabeliai u\u017etikrina skland\u0173 veikim\u0105.<\/p>\n<\/div>\n\n\n\n<div class=\"wp-block-column is-vertically-aligned-center is-layout-flow wp-block-column-is-layout-flow\">\n<figure class=\"wp-block-video\"><video autoplay=\"\" controls=\"\" loop=\"\" muted=\"\" src=\"https:\/\/evolve-fitness.eu\/wp-content\/uploads\/2023\/08\/Evolve-Ultra-Series-Selectorized-pec-Fly-Rear-Delt.mp4\"><\/video><\/figure>\n<\/div>\n<\/div>\n\n\n\n<div class=\"wp-block-columns alignwide mobile-reverse is-layout-flex wp-container-core-columns-is-layout-ca64bf2d wp-block-columns-is-layout-flex\" style=\"margin-bottom:var(--wp--preset--spacing--side-padding)\">\n<div class=\"wp-block-column is-vertically-aligned-center is-layout-flow wp-block-column-is-layout-flow\">\n<figure class=\"wp-block-video\"><video autoplay=\"\" controls=\"\" loop=\"\" muted=\"\" src=\"https:\/\/evolve-fitness.eu\/wp-content\/uploads\/2023\/08\/Evolve-Ultra-Series-Selectorized-pec-Fly-Rear-Delt-Ul-030-1.mp4\"><\/video><\/figure>\n<\/div>\n\n\n\n<div class=\"wp-block-column is-vertically-aligned-center is-layout-flow wp-block-column-is-layout-flow\">\n<h3 class=\"wp-block-heading\" style=\"margin-bottom:var(--wp--preset--spacing--h-3-bottom)\">Raumenys<\/h3>\n\n\n\n<p><strong><em>Ma\u0161ina leid\u017eia treniruoti kelias raumen\u0173 grupes<\/em><\/strong><\/p>\n\n\n\n<p><strong>Kr\u016btin\u0117s raumenys (kr\u016btin\u0117s l\u0105sta)<\/strong>: Kai rankenas suki\u0161ate prie\u0161ais kr\u016btin\u0119, pirmiausia dirba didieji kr\u016btin\u0117s raumenys. \u0160is pratimas padeda vystyti ir stiprinti kr\u016btin\u0119;  <strong>Priekinis deltinis raumuo (priekin\u0117 peties dalis)<\/strong>: Pe\u010diuko skryd\u017eio judesys \u012fdarbina priekinius pe\u010di\u0173 raumenis ir padeda bendrai vystyti pe\u010di\u0173 raumenis;  <strong>U\u017epakalinis deltinis raumuo (u\u017epakalin\u0117 peties dalis)<\/strong>: Kai atliekate galinio deltinio raumens pratim\u0105, judindami rankas atgal, treniruojate galinius deltinius raumenis, t. y. raumenis, esan\u010dius pe\u010di\u0173 gale. Tai padeda pagerinti pe\u010di\u0173 j\u0117g\u0105 ir laikysen\u0105;  <strong>Serratus Anterior<\/strong>: \u0160onkauli\u0173 kr\u016btin\u0117s l\u0105stos pus\u0117je esantis priekinis raumuo vaidina svarb\u0173 vaidmen\u012f stabilizuojant pe\u010di\u0173 a\u0161menis atliekant &#8222;pec fly&#8221; pratim\u0105;  <strong>Tricepsas Brachii<\/strong>: Spaud\u017eiant ar spaud\u017eiant pe\u010di\u0173 lanko judes\u012f yra \u012ftraukiami tricepso raumenys, esantys ant j\u016bs\u0173 rankos nugaros.<\/p>\n<\/div>\n<\/div>\n\n\n\n<div class=\"wp-block-columns alignwide mobile-reverse is-layout-flex wp-container-core-columns-is-layout-ca64bf2d wp-block-columns-is-layout-flex\" style=\"margin-bottom:var(--wp--preset--spacing--side-padding)\">\n<div class=\"wp-block-column is-vertically-aligned-center is-layout-flow wp-block-column-is-layout-flow\">\n<h3 class=\"wp-block-heading\" style=\"margin-bottom:var(--wp--preset--spacing--h-3-bottom)\">Dviguba funkcija<\/h3>\n\n\n\n<p><em>\n  <strong>Be vargo<\/strong>\n<\/em> <strong>\n  <em>mokymas<\/em>\n<\/strong><\/p>\n\n\n\n<p style=\"margin-bottom:var(--wp--preset--spacing--tb-section-padding)\">&#8222;Evolve Ultra Series&#8221; selektorinis &#8222;Pec Fly&#8221; \/ &#8222;Rear Delt&#8221; treniruoklis yra universali treniruokli\u0173 \u012franga, skirta dvejopai paskir\u010diai &#8211; kr\u016btin\u0117s l\u0105stos ir deltinio raumens treniruot\u0117ms. Eleganti\u0161ko ir modernaus dizaino treniruoklis yra patrauklus pasirinkimas \u012fvairaus lygio fitneso patirties ir geb\u0117jim\u0173 asmenims. Viena i\u0161 i\u0161skirtini\u0173 jo savybi\u0173 &#8211; \u0161e\u0161ios reguliuojamos kiekvienos rankos pad\u0117tys, kurios labai pagerina jo funkcionalum\u0105. \u0160is lankstumas leid\u017eia naudotojams lengvai pereiti nuo pratim\u0173, skirt\u0173 kr\u016btin\u0117s raumenims, prie pratim\u0173, skirt\u0173 deltiniams raumenims.<\/p>\n<\/div>\n\n\n\n<div class=\"wp-block-column is-vertically-aligned-center is-layout-flow wp-block-column-is-layout-flow\">\n<figure class=\"wp-block-video\"><video height=\"2560\" style=\"aspect-ratio: 1213 \/ 2560;\" width=\"1213\" autoplay=\"\" controls=\"\" loop=\"\" muted=\"\" src=\"https:\/\/evolve-fitness.eu\/wp-content\/uploads\/2023\/08\/EV-SC-UL-030-dual-function.mp4\"><\/video><\/figure>\n<\/div>\n<\/div>\n\n\n\n<div class=\"wp-block-columns alignwide mobile-reverse is-layout-flex wp-container-core-columns-is-layout-ca64bf2d wp-block-columns-is-layout-flex\" style=\"margin-bottom:var(--wp--preset--spacing--side-padding)\">\n<div class=\"wp-block-column is-vertically-aligned-center is-layout-flow wp-block-column-is-layout-flow\">\n<figure class=\"wp-block-image size-large\"><img decoding=\"async\" src=\"https:\/\/evolve-fitness.eu\/wp-content\/uploads\/2023\/08\/A7_08491-683x1024.jpg\" alt=\"\" class=\"wp-image-9102\"\/><\/figure>\n<\/div>\n\n\n\n<div class=\"wp-block-column is-vertically-aligned-center is-layout-flow wp-block-column-is-layout-flow\">\n<h3 class=\"wp-block-heading\" style=\"margin-bottom:var(--wp--preset--spacing--h-3-bottom)\">Keli\u0173 ranken\u0173 rankenos<\/h3>\n\n\n\n<p><strong><em>I\u0161ple\u010dia treniruo\u010di\u0173 galimybes<\/em><\/strong><\/p>\n\n\n\n<p style=\"margin-bottom:var(--wp--preset--spacing--tb-section-padding)\">&#8222;Evolve Ultra Series&#8221; selektorini\u0173 &#8222;Pec Fly&#8221; \/ &#8222;Rear Delt&#8221; treniruokli\u0173 rankenos su \u012fvairiomis rankenomis labai i\u0161ple\u010dia pratim\u0173 galimybes.Horizontalioji rankenos dalis sukurta taip, kad alk\u016bn\u0117 nesisukt\u0173 \u012f vid\u0173 ir pad\u0117t\u0173 i\u0161laikyti vienod\u0105 alk\u016bn\u0117s ir peties auk\u0161t\u012f. Tai suma\u017eina apatin\u0117s nugaros dalies raumen\u0173 apkrov\u0105 ir labiau stimuliuoja tricepso raumenis rankos gale. Apatin\u0117 vertikali rankenos dalis skirta tam, kad atliekant kr\u016btin\u0117s pratimus alk\u016bn\u0117 nesisukt\u0173 \u012f i\u0161or\u0119. Jis taip pat stabilizuoja mentes, neleid\u017eia per daug i\u0161tempti peties s\u0105nario atliekant tam tikrus judesius ir stimuliuoja kr\u016btin\u0117s raumenis.<\/p>\n<\/div>\n<\/div>\n\n\n\n<div class=\"wp-block-columns alignwide mobile-reverse is-layout-flex wp-container-core-columns-is-layout-ca64bf2d wp-block-columns-is-layout-flex\" style=\"margin-bottom:var(--wp--preset--spacing--side-padding)\">\n<div class=\"wp-block-column is-vertically-aligned-center is-layout-flow wp-block-column-is-layout-flow\">\n<h3 class=\"wp-block-heading\" style=\"margin-bottom:var(--wp--preset--spacing--h-3-bottom)\">Formuotos s\u0117dyn\u0117s ir tikslus s\u0117dyn\u0117s reguliavimas<\/h3>\n\n\n\n<p><strong><em>Ergonomi\u0161ka atrama<\/em><\/strong><\/p>\n\n\n\n<p style=\"margin-bottom:var(--wp--preset--spacing--tb-section-padding)\">&#8222;Evolve Ultra&#8221; serijos poliuretano s\u0117dyn\u0117s, pagamintos i\u0161 profiliuotos konstrukcijos ir dvigubai susi\u016bt\u0173 apmu\u0161al\u0173, u\u017etikrina i\u0161skirtin\u012f patvarum\u0105 ir patogum\u0105. Jie sukurti taip, kad u\u017etikrint\u0173 ergonomi\u0161k\u0105 stuburo atram\u0105, ir gali b\u016bti pritaikyti \u012fvairaus dyd\u017eio naudotojams. Be to, i\u0161 poliuretano pagamintos pagalv\u0117l\u0117s yra puikus pasirinkimas d\u0117l j\u0173 ilgaam\u017ei\u0161kumo, patogumo, paprastos prie\u017ei\u016bros ir ekonomi\u0161kumo. Jie gali atlaikyti j\u0117gos treniruo\u010di\u0173 reikalavimus ir kartu u\u017etikrinti patog\u0173 ir higieni\u0161k\u0105 treniruo\u010di\u0173 pavir\u0161i\u0173. Kadangi s\u0117dyn\u0117 paremta hidrauliniu strypu, s\u0117dyn\u0117s auk\u0161t\u012f reguliuoti paprasta ir tai galima atlikti tik viena ranka. S\u0117dyn\u0117 turi 18 reguliavimo pad\u0117\u010di\u0173;<\/p>\n<\/div>\n\n\n\n<div class=\"wp-block-column is-vertically-aligned-center is-layout-flow wp-block-column-is-layout-flow\">\n<figure class=\"wp-block-video\"><video height=\"1200\" style=\"aspect-ratio: 1200 \/ 1200;\" width=\"1200\" autoplay=\"\" controls=\"\" loop=\"\" muted=\"\" src=\"https:\/\/evolve-fitness.eu\/wp-content\/uploads\/2023\/08\/Evolve-UL-030-Moulded-Seats-Precise-Seat-Adjustments.mp4\"><\/video><\/figure>\n<\/div>\n<\/div>\n\n\n\n<div class=\"wp-block-columns alignwide mobile-reverse is-layout-flex wp-container-core-columns-is-layout-ca64bf2d wp-block-columns-is-layout-flex\" style=\"margin-bottom:var(--wp--preset--spacing--side-padding)\">\n<div class=\"wp-block-column is-vertically-aligned-center is-layout-flow wp-block-column-is-layout-flow\">\n<figure class=\"wp-block-video\"><video height=\"1213\" style=\"aspect-ratio: 2560 \/ 1213;\" width=\"2560\" autoplay=\"\" controls=\"\" loop=\"\" muted=\"\" src=\"https:\/\/evolve-fitness.eu\/wp-content\/uploads\/2023\/08\/EV-SC-UL-030-Adjustable-Back-and-Chest-Rest-1.mp4\"><\/video><\/figure>\n<\/div>\n\n\n\n<div class=\"wp-block-column is-vertically-aligned-center is-layout-flow wp-block-column-is-layout-flow\">\n<h3 class=\"wp-block-heading\" style=\"margin-bottom:var(--wp--preset--spacing--h-3-bottom)\">Reguliuojama nugaros ir kr\u016btin\u0117s atrama<\/h3>\n\n\n\n<p><strong><em>Raskite tobul\u0105 pozicij\u0105<\/em><\/strong><\/p>\n\n\n\n<p style=\"margin-bottom:var(--wp--preset--spacing--tb-section-padding)\">&#8222;Evolve Ultra Series&#8221; selektorinis &#8222;Pec Fly&#8221; \/ &#8222;Rear Delt&#8221; treniruoklis sukurtas patogiai ir labai efektyviai treniruotei. Jame yra 6 skirtingos atlo\u0161o ir kr\u016btin\u0117s atramos reguliavimo galimyb\u0117s, tod\u0117l galite pritaikyti treniruokl\u012f pagal savo k\u016bno proporcijas ir pageidavimus. Toks reguliavimo lygis u\u017etikrina, kad gal\u0117site rasti tobul\u0105 pad\u0117t\u012f, kurioje dirbsite su kr\u016btin\u0117s ir u\u017epakaliniais deltiniais raumenimis maksimaliai patogiai ir efektyviai.<\/p>\n<\/div>\n<\/div>\n\n\n\n<div class=\"wp-block-columns alignwide mobile-reverse is-layout-flex wp-container-core-columns-is-layout-ca64bf2d wp-block-columns-is-layout-flex\" style=\"margin-bottom:var(--wp--preset--spacing--side-padding)\">\n<div class=\"wp-block-column is-vertically-aligned-center is-layout-flow wp-block-column-is-layout-flow\">\n<h3 class=\"wp-block-heading\" style=\"margin-bottom:var(--wp--preset--spacing--h-3-bottom)\">Pried\u0173 saugykla<\/h3>\n\n\n\n<p><strong><em>Saugus ir lengvai pasiekiamas<\/em><\/strong><\/p>\n\n\n\n<p>Treniruo\u010di\u0173 metu vandens buteliuk\u0105, telefon\u0105 ir asmeninius daiktus galite patogiai laikyti &#8222;Evolve Ultra&#8221; serijos treniruokliuose \u012frengtuose laikikliuose, kurie skirti j\u016bs\u0173 patogumui. \u0160ie specialiai suprojektuoti skyriai skirti tam, kad treniruo\u010di\u0173 metu tur\u0117tum\u0117te saugi\u0105 ir lengvai pasiekiam\u0105 viet\u0105 savo daiktams laikyti.<\/p>\n\n\n\n<p><strong><em>Pratyb\u0173 lipdukas &#8211; j\u016bs\u0173 vaizdin\u0117 priemon\u0117<\/em><\/strong><\/p>\n\n\n\n<p>&#8222;Evolve Ultra&#8221; serijos treniruokliai turi informatyvius lipdukus, kurie padeda lengviau orientuotis treniruoklio funkcijose ir savyb\u0117se, o tai pagerina j\u016bs\u0173 treniruo\u010di\u0173 patirt\u012f. Be to, jame pateikiama verting\u0173 \u012f\u017evalg\u0173 apie \u012fvairias raumen\u0173 grupes, kurios gali b\u016bti efektyviai treniruojamos treniruokliu, tod\u0117l gal\u0117site maksimaliai i\u0161naudoti savo treniruo\u010di\u0173 rutin\u0105, orientuodamiesi \u012f konkre\u010dias dominan\u010dias sritis.<\/p>\n<\/div>\n\n\n\n<div class=\"wp-block-column is-vertically-aligned-center is-layout-flow wp-block-column-is-layout-flow\">\n<figure class=\"wp-block-video\"><video height=\"1213\" style=\"aspect-ratio: 2560 \/ 1213;\" width=\"2560\" autoplay=\"\" controls=\"\" loop=\"\" muted=\"\" src=\"https:\/\/evolve-fitness.eu\/wp-content\/uploads\/2023\/08\/EV-SC-UL-030-storage.mp4\"><\/video><\/figure>\n<\/div>\n<\/div>\n\n\n\n<div class=\"wp-block-columns alignwide mobile-reverse is-layout-flex wp-container-core-columns-is-layout-ca64bf2d wp-block-columns-is-layout-flex\" style=\"margin-bottom:var(--wp--preset--spacing--side-padding)\">\n<div class=\"wp-block-column is-vertically-aligned-center is-layout-flow wp-block-column-is-layout-flow\">\n<figure class=\"wp-block-image size-full\"><img decoding=\"async\" src=\"https:\/\/evolve-fitness.eu\/wp-content\/uploads\/2024\/01\/plate.webp\" alt=\"\" class=\"wp-image-9942\"\/><\/figure>\n<\/div>\n\n\n\n<div class=\"wp-block-column is-vertically-aligned-center is-layout-flow wp-block-column-is-layout-flow\">\n<h3 class=\"wp-block-heading\" style=\"margin-bottom:var(--wp--preset--spacing--h-3-bottom)\">Vir\u0161utin\u0117 svorio plok\u0161t\u0117<\/h3>\n\n\n\n<p><strong><em>Dar didesnis i\u0161\u0161\u016bkis sau<\/em><\/strong><\/p>\n\n\n\n<p>&#8222;Evolve Ultra Series&#8221; selektorinis &#8222;Pec Fly&#8221; \/ &#8222;Rear Delt&#8221; treniruoklis turi dvi papildomas 2,5 kg vir\u0161utinio svorio plok\u0161teles, kurios atlieka dvejop\u0105 funkcij\u0105 &#8211; pagerina treniruoklio na\u0161um\u0105. Pirma, jis padidina did\u017eiausi\u0105 galim\u0105 treniruoklio pasiprie\u0161inim\u0105, tod\u0117l naudotojai gali dar labiau padidinti treniruo\u010di\u0173 kr\u016bv\u012f.<br\/>Be to, \u0161ios papildomos svorio plok\u0161t\u0117s suteikia unikal\u0173 prana\u0161um\u0105, nes leid\u017eia naudotojams ma\u017eesniais ir tikslesniais \u017eingsniais reguliuoti pasiprie\u0161inim\u0105 &#8211; kiekviena plok\u0161t\u0117 padidina pasiprie\u0161inim\u0105 2,5 kg. Toks tikslus pasiprie\u0161inimo parinkimas leid\u017eia \u017emon\u0117ms tiksliai sureguliuoti treniruotes, kad jos atitikt\u0173 j\u0173 konkre\u010dius poreikius ir tikslus, u\u017etikrinant, kad kiekviena treniruot\u0117 b\u016bt\u0173 pritaikyta optimaliems rezultatams pasiekti.<\/p>\n<\/div>\n<\/div>\n\n\n\n<div class=\"wp-block-columns alignwide mobile-reverse is-layout-flex wp-container-core-columns-is-layout-ca64bf2d wp-block-columns-is-layout-flex\" style=\"margin-bottom:var(--wp--preset--spacing--side-padding)\">\n<div class=\"wp-block-column is-vertically-aligned-center is-layout-flow wp-block-column-is-layout-flow\">\n<h3 class=\"wp-block-heading\" style=\"margin-bottom:var(--wp--preset--spacing--h-3-bottom)\">Nepriklausomas rankos jud\u0117jimas<\/h3>\n\n\n\n<p><strong><em>Mokymo lankstumas<\/em><\/strong><\/p>\n\n\n\n<p style=\"margin-bottom:var(--wp--preset--spacing--tb-section-padding)\">&#8222;Evolve Ultra&#8221; serijos j\u0117gos treniruokliai leid\u017eia lanks\u010diai treniruoti kiekvien\u0105 rank\u0105 atskirai, atsi\u017evelgiant \u012f individualius poreikius. \u0160i unikali funkcija leid\u017eia i\u0161laikyti subalansuot\u0105 treniruot\u0119, net jei viena ranka yra silpnesn\u0117 ar susi\u017eeidusi. Savaranki\u0161kas jud\u0117jimas skatina subalansuot\u0105 j\u0117gos vystym\u0105si ir suteikia galimyb\u0119 rinktis \u012fvairias treniruo\u010di\u0173 galimybes.<\/p>\n<\/div>\n\n\n\n<div class=\"wp-block-column is-vertically-aligned-center is-layout-flow wp-block-column-is-layout-flow\">\n<figure class=\"wp-block-image size-large\"><img decoding=\"async\" src=\"https:\/\/evolve-fitness.eu\/wp-content\/uploads\/2023\/08\/EV-SC-UL-030-Moulded-Seats-Precise-Seat-Adjustments-1024x576.jpg\" alt=\"EV-SC-UL-030\" class=\"wp-image-9960\"\/><\/figure>\n<\/div>\n<\/div>\n\n\n\n<div class=\"wp-block-columns alignwide mobile-reverse is-layout-flex wp-container-core-columns-is-layout-ca64bf2d wp-block-columns-is-layout-flex\" style=\"margin-bottom:var(--wp--preset--spacing--side-padding)\">\n<div class=\"wp-block-column is-vertically-aligned-center is-layout-flow wp-block-column-is-layout-flow\">\n<figure class=\"wp-block-video\"><video height=\"1920\" style=\"aspect-ratio: 1920 \/ 1920;\" width=\"1920\" autoplay=\"\" controls=\"\" loop=\"\" muted=\"\" src=\"https:\/\/evolve-fitness.eu\/wp-content\/uploads\/2023\/10\/Evolve-Double-powder-coated-Frame.mp4\"><\/video><\/figure>\n<\/div>\n\n\n\n<div class=\"wp-block-column is-vertically-aligned-center is-layout-flow wp-block-column-is-layout-flow\">\n<h3 class=\"wp-block-heading\" style=\"margin-bottom:var(--wp--preset--spacing--h-3-bottom)\">Dvigubas milteliniu b\u016bdu dengtas r\u0117mas<\/h3>\n\n\n\n<p><strong><em>Elektrostatiniu milteliniu b\u016bdu dengtas perlamutras<\/em><\/strong><\/p>\n\n\n\n<p>&#8222;Evolve Ultra&#8221; serijos j\u0117gos ma\u0161inos su elektrostatiniu milteliniu b\u016bdu dengtu perlamutrin\u0117s juodos matin\u0117s spalvos r\u0117mu yra ir formos, ir funkcijos pavyzdys. Jos estetin\u012f patrauklum\u0105 sustiprina juoda matin\u0117 apdaila, o praktin\u0117s savyb\u0117s, \u012fskaitant atsparum\u0105 trin\u010diai, antikorozines savybes ir atsparum\u0105 \u012fbr\u0117\u017eimams, u\u017etikrina, kad ji b\u016bt\u0173 patikimas ir ilgaam\u017eis treniruo\u010di\u0173 palydovas.<\/p>\n<\/div>\n<\/div>\n\n\n\n<div class=\"wp-block-columns alignwide mobile-reverse is-layout-flex wp-container-core-columns-is-layout-ca64bf2d wp-block-columns-is-layout-flex\" style=\"margin-bottom:var(--wp--preset--spacing--side-padding)\">\n<div class=\"wp-block-column is-vertically-aligned-center is-layout-flow wp-block-column-is-layout-flow\">\n<h3 class=\"wp-block-heading\" style=\"margin-bottom:var(--wp--preset--spacing--h-3-bottom)\">Svorio kr\u016bva<\/h3>\n\n\n\n<p><strong><em>Sud\u0117tingesn\u0117 treniruot\u0117<\/em><\/strong><\/p>\n\n\n\n<p>&#8222;Evolve Ultra Series&#8221; selektorinis &#8222;Pec Fly&#8221; \/ &#8222;Rear Delt&#8221; treniruoklis turi 110 kg pasiprie\u0161inimo lyg\u012f, ta\u010diau taip pat turite galimyb\u0119 j\u012f pritaikyti ir prid\u0117ti iki 122,5 kg, kad treniruot\u0117 b\u016bt\u0173 dar sud\u0117tingesn\u0117. Jis gali pasigirti visi\u0161kai u\u017edara svori\u0173 kr\u016bva, u\u017etikrinan\u010dia pratim\u0173 saugum\u0105.<\/p>\n\n\n\n<p><strong><em>Sunkiasvor\u0117 guma<\/em><\/strong><\/p>\n\n\n\n<p>Tvirtos gumin\u0117s &#8222;Evolve Ultra Series&#8221; koj\u0173 kojel\u0117s tarnauja kaip apsauginiai skydai, kad b\u016bt\u0173 i\u0161vengta galim\u0173 grind\u0173 pa\u017eeidim\u0173. \u0160ios tvirtos gumin\u0117s kojel\u0117s sukurtos taip, kad apsaugot\u0173 grind\u0173 pavir\u0161i\u0173 nuo bet kokios \u017ealos, kuri gali atsirasti naudojant. Be to, \u0161ios gumin\u0117s kojel\u0117s ne tik apsaugo, bet ir padeda u\u017etikrinti stabilum\u0105.<\/p>\n<\/div>\n\n\n\n<div class=\"wp-block-column is-vertically-aligned-center is-layout-flow wp-block-column-is-layout-flow\">\n<figure class=\"wp-block-image size-full\"><img decoding=\"async\" src=\"https:\/\/evolve-fitness.eu\/wp-content\/uploads\/2024\/01\/stack.webp\" alt=\"\" class=\"wp-image-9940\"\/><\/figure>\n<\/div>\n<\/div>\n\n\n\n<div class=\"wp-block-columns alignwide mobile-reverse is-layout-flex wp-container-core-columns-is-layout-ca64bf2d wp-block-columns-is-layout-flex\" style=\"margin-bottom:var(--wp--preset--spacing--side-padding)\">\n<div class=\"wp-block-column is-vertically-aligned-center is-layout-flow wp-block-column-is-layout-flow\">\n<figure class=\"wp-block-image size-large\"><img decoding=\"async\" src=\"https:\/\/evolve-fitness.eu\/wp-content\/uploads\/2023\/08\/A7_08481-1024x683.jpg\" alt=\"\" class=\"wp-image-9109\"\/><\/figure>\n<\/div>\n\n\n\n<div class=\"wp-block-column is-vertically-aligned-center is-layout-flow wp-block-column-is-layout-flow\">\n<h3 class=\"wp-block-heading\" style=\"margin-bottom:var(--wp--preset--spacing--h-3-bottom)\">Kabelis<\/h3>\n\n\n\n<p><strong><em>Auk\u0161\u010diausia kokyb\u0117<\/em><\/strong><\/p>\n\n\n\n<p>&#8222;Evolve Ultra Series&#8221; ma\u0161inose naudojami auk\u0161\u010diausios kokyb\u0117s kabeliai, yra \u0161e\u0161ios pagrindin\u0117s gijos, o kiekvien\u0105 gij\u0105 sudaro 19 kartu susukt\u0173 laid\u0173, poliamido 12 (PA12) med\u017eiaga ir 5 mm skersmuo. \u0160ie trosai sukurti siekiant u\u017etikrinti tvirtum\u0105 ir ilgaam\u017ei\u0161kum\u0105, o j\u0173 atsparumo j\u0117ga siekia 9000 kN, tod\u0117l juos verta rinktis tais atvejais, kai reikia i\u0161skirtinio patikimumo, ilgaam\u017ei\u0161kumo ir na\u0161umo.Kai pereinate nuo vieno pratimo prie kito, nesvarbu, ar tai b\u016bt\u0173 bicepso lenkimas, kr\u016btin\u0117s spaudimas, lat\u0117s pritraukimas, ar bet koks kitas j\u0117gos stiprinimo pratimas, i\u0161skirtinis &#8222;Evolve Ultra&#8221; serijos troso na\u0161umas u\u017etikrina, kad judesiai b\u016bt\u0173 skland\u016bs, o pasiprie\u0161inimas &#8211; pastovus, tod\u0117l treniruot\u0117s bus ir veiksmingos, ir malonios.<\/p>\n<\/div>\n<\/div>\n<\/section>\n<\/section>\n","protected":false},"excerpt":{"rendered":"<p>Patirkite tikslingas ir efektyvias vir\u0161utin\u0117s k\u016bno dalies treniruotes su &#8222;Evolve Ultra Series&#8221; selektorizuotu &#8222;Pec Fly\/Rear Delt&#8221;, Ul-030 treniruokliu. Pagerinkite savo treniruo\u010di\u0173 rutin\u0105 naudodami \u0161i\u0105 universali\u0105 \u012frang\u0105, pasi\u017eymin\u010di\u0105 nepriklausomu rank\u0173 jud\u0117jimu, u\u017etikrinan\u010diu puik\u0173 \u012fsitraukim\u0105 ir simetrij\u0105. Visi\u0161kai u\u017edengtas svori\u0173 kr\u016bvos gaubtas u\u017etikrina saugum\u0105, ta\u010diau nekei\u010dia stiliaus, o s\u0117dyn\u0117s reguliavimas viena ranka padidina naudotojo patogum\u0105. \u0160is aparatas su optimaliomis rankenomis ir eleganti\u0161ka unikalia matine da\u017e\u0173 danga yra patogus, esteti\u0161kas ir patvarus. Pakeiskite savo sporto sal\u0119 naudodami \u0161\u012f naujovi\u0161k\u0105 pried\u0105, kuriame pirmenyb\u0117 teikiama komfortui, saugumui ir rezultatams.<\/p>\n","protected":false},"featured_media":75744,"template":"","meta":{"_acf_changed":false,"inline_featured_image":false},"product_cat":[117,166,167],"product_tag":[],"class_list":{"0":"post-7378","1":"product","2":"type-product","3":"status-publish","4":"has-post-thumbnail","6":"product_cat-pagrindinis-puslapis","7":"product_cat-pasirinktines-masinos","8":"product_cat-ultra-series-selektorizuoti-treniruokliai","10":"first","11":"outofstock","12":"shipping-taxable","13":"purchasable","14":"product-type-simple"},"acf":[],"_links":{"self":[{"href":"https:\/\/store.evolve-fitness.eu\/lt\/wp-json\/wp\/v2\/product\/7378","targetHints":{"allow":["GET"]}}],"collection":[{"href":"https:\/\/store.evolve-fitness.eu\/lt\/wp-json\/wp\/v2\/product"}],"about":[{"href":"https:\/\/store.evolve-fitness.eu\/lt\/wp-json\/wp\/v2\/types\/product"}],"wp:featuredmedia":[{"embeddable":true,"href":"https:\/\/store.evolve-fitness.eu\/lt\/wp-json\/wp\/v2\/media\/75744"}],"wp:attachment":[{"href":"https:\/\/store.evolve-fitness.eu\/lt\/wp-json\/wp\/v2\/media?parent=7378"}],"wp:term":[{"taxonomy":"product_cat","embeddable":true,"href":"https:\/\/store.evolve-fitness.eu\/lt\/wp-json\/wp\/v2\/product_cat?post=7378"},{"taxonomy":"product_tag","embeddable":true,"href":"https:\/\/store.evolve-fitness.eu\/lt\/wp-json\/wp\/v2\/product_tag?post=7378"}],"curies":[{"name":"wp","href":"https:\/\/api.w.org\/{rel}","templated":true}]}}