{"id":7377,"date":"2024-01-18T09:51:09","date_gmt":"2024-01-18T09:51:09","guid":{"rendered":"https:\/\/store.evolve-fitness.eu\/produktas\/evolve-urethane-competition-kettlebells\/"},"modified":"2026-04-01T12:00:40","modified_gmt":"2026-04-01T12:00:40","slug":"evolve-urethane-competition-kettlebells","status":"publish","type":"product","link":"https:\/\/store.evolve-fitness.eu\/lt\/produktas\/evolve-urethane-competition-kettlebells\/","title":{"rendered":"&#8222;Evolve Urethane Competition Kettlebells"},"content":{"rendered":"\n<section class=\"wp-block-group alignfull black-content has-white-color has-darkgray-background-color has-text-color has-background is-layout-constrained wp-block-group-is-layout-constrained\" style=\"padding-top:var(--wp--preset--spacing--section-bottom);padding-bottom:var(--wp--preset--spacing--section-bottom)\">\n<div class=\"wp-block-columns alignwide mobile-reverse is-layout-flex wp-container-core-columns-is-layout-ca64bf2d wp-block-columns-is-layout-flex\" style=\"margin-bottom:var(--wp--preset--spacing--side-padding)\">\n<div class=\"wp-block-column is-vertically-aligned-center is-layout-flow wp-block-column-is-layout-flow\">\n<h3 class=\"wp-block-heading\" style=\"margin-bottom:var(--wp--preset--spacing--h-3-bottom)\">Ypatingas patvarumas<\/h3>\n\n\n\n<p><strong><em><strong><em><strong><em>Atlaiko intensyvias treniruotes<\/em><\/strong><\/em><\/strong><\/em><\/strong><\/p>\n\n\n\n<p style=\"margin-bottom:var(--wp--preset--spacing--tb-section-padding)\">&#8222;Evolve&#8221; virbalai turi moderniausi\u0105 uretano dang\u0105, kuri pasi\u017eymi ypatingu atsparumu sm\u016bgiams ir ilgaam\u017ei\u0161kumu. Kitaip nei tradiciniai guminiai ar plieniniai svarmenys, m\u016bs\u0173 uretano modeliai atlaiko intensyvias treniruotes, nesuskilin\u0117ja, nesutr\u016bkin\u0117ja ir nepraranda ry\u0161kios spalvos.<\/p>\n\n\n\n<h3 class=\"wp-block-heading\" style=\"margin-bottom:var(--wp--preset--spacing--h-3-bottom)\">Nuoseklus technikos tobulinimas<\/h3>\n\n\n\n<p><strong><em><strong><em><strong><em>  Vienodo dyd\u017eio<\/em><\/strong><\/em><\/strong><\/em><\/strong><\/p>\n\n\n\n<p style=\"margin-bottom:var(--wp--preset--spacing--tb-section-padding)\">Visi &#8222;Evolve&#8221; svarmenys pagaminti pagal tarptautinius var\u017eyb\u0173 standartus, i\u0161laikant vienod\u0105 vis\u0173 svori\u0173 dyd\u012f ir skersmen\u012f. D\u0117l tokio vienodumo galima skland\u017eiai didinti svor\u012f, nekei\u010diant technikos, o tai skatina geresnius rezultatus ir pasitik\u0117jim\u0105 savimi.<\/p>\n<\/div>\n\n\n\n<div class=\"wp-block-column is-vertically-aligned-center is-layout-flow wp-block-column-is-layout-flow\">\n<figure class=\"wp-block-image alignright size-full is-resized is-style-rounded\"><img loading=\"lazy\" decoding=\"async\" width=\"1080\" height=\"1080\" src=\"https:\/\/store.evolve-fitness.eu\/wp-content\/uploads\/2024\/01\/Dizainas-be-pavadinimo-4-2.png\" alt=\"\" class=\"wp-image-95352\" style=\"object-fit:cover;width:680px;height:600px\" srcset=\"https:\/\/store.evolve-fitness.eu\/wp-content\/uploads\/2024\/01\/Dizainas-be-pavadinimo-4-2.png 1080w, https:\/\/store.evolve-fitness.eu\/wp-content\/uploads\/2024\/01\/Dizainas-be-pavadinimo-4-2-300x300.png 300w, https:\/\/store.evolve-fitness.eu\/wp-content\/uploads\/2024\/01\/Dizainas-be-pavadinimo-4-2-1024x1024.png 1024w, https:\/\/store.evolve-fitness.eu\/wp-content\/uploads\/2024\/01\/Dizainas-be-pavadinimo-4-2-150x150.png 150w, https:\/\/store.evolve-fitness.eu\/wp-content\/uploads\/2024\/01\/Dizainas-be-pavadinimo-4-2-768x768.png 768w, https:\/\/store.evolve-fitness.eu\/wp-content\/uploads\/2024\/01\/Dizainas-be-pavadinimo-4-2-600x600.png 600w, https:\/\/store.evolve-fitness.eu\/wp-content\/uploads\/2024\/01\/Dizainas-be-pavadinimo-4-2-100x100.png 100w\" sizes=\"auto, (max-width: 1080px) 100vw, 1080px\" \/><\/figure>\n<\/div>\n<\/div>\n\n\n\n<div class=\"wp-block-columns alignwide is-layout-flex wp-container-core-columns-is-layout-c45ee707 wp-block-columns-is-layout-flex\" style=\"margin-bottom:var(--wp--preset--spacing--side-padding);padding-top:var(--wp--preset--spacing--side-padding)\">\n<div class=\"wp-block-column is-vertically-aligned-center is-layout-flow wp-block-column-is-layout-flow\">\n<figure class=\"wp-block-video\"><video autoplay=\"\" controls=\"\" loop=\"\" muted=\"\" src=\"https:\/\/evolve-fitness.eu\/wp-content\/uploads\/2023\/12\/1-4.mp4\"><\/video><\/figure>\n<\/div>\n\n\n\n<div class=\"wp-block-column is-vertically-aligned-center is-layout-flow wp-block-column-is-layout-flow\">\n<h3 class=\"wp-block-heading\" style=\"margin-bottom:var(--wp--preset--spacing--h-3-bottom)\"><strong>Kettlebells padeda siekti bendr\u0173 fitneso ir sveikatos tiksl\u0173<\/strong><\/h3>\n\n\n\n<p><strong><em>Ideal\u016bs \u012frankiai j\u0117gai, i\u0161tvermei, pusiausvyrai ir bendram darbui gerinti<\/em><\/strong>.<\/p>\n\n\n\n<p style=\"margin-bottom:var(--wp--preset--spacing--tb-section-padding)\">M\u016bs\u0173 &#8222;Competition Kettlebells&#8221; gali labai pad\u0117ti siekti fitneso tiksl\u0173. Vienodo dyd\u017eio skirting\u0173 svori\u0173 kamuoliai u\u017etikrina nuosekli\u0105 technik\u0105, kuri labai svarbi tiek pradedantiesiems, tiek pa\u017eengusiems sportininkams. Patvari uretano danga ir tikslus liejimas u\u017etikrina subalansuot\u0105 ir stabili\u0105 treniruot\u0119, taip padidinant j\u0117gos treniruo\u010di\u0173 efektyvum\u0105. \u0160ie svarmenys tinka \u012fvairiems pratimams, skirtiems skirtingoms raumen\u0173 grup\u0117ms, tod\u0117l treniruo\u010di\u0173 rutina gali b\u016bti \u012fvairi.<\/p>\n<\/div>\n<\/div>\n\n\n\n<div class=\"wp-block-columns alignwide are-vertically-aligned-center mobile-reverse is-layout-flex wp-container-core-columns-is-layout-e8158c2f wp-block-columns-is-layout-flex\" style=\"padding-top:var(--wp--preset--spacing--side-padding)\">\n<div class=\"wp-block-column is-vertically-aligned-center is-layout-flow wp-block-column-is-layout-flow\">\n<h3 class=\"wp-block-heading\" style=\"margin-bottom:var(--wp--preset--spacing--h-3-bottom)\"><strong><strong>Universalumas ir pasirinkimas<\/strong><\/strong><\/h3>\n\n\n\n<p><strong><em><strong><em><strong>Kokyb\u0117 ir vert\u0117<\/strong><\/em><\/strong><\/em><\/strong><\/p>\n\n\n\n<p style=\"margin-bottom:var(--wp--preset--spacing--tb-section-padding)\">M\u016bs\u0173 kettlebells yra \u012fvairi\u0173 svori\u0173, tod\u0117l tinka visiems &#8211; nuo nam\u0173 fitneso entuziast\u0173 iki komercini\u0173 sporto sali\u0173. Tai universalus priedas karin\u0117se baz\u0117se, vie\u0161bu\u010diuose, reabilitacijos centruose ir kitur, pasi\u017eymintis neprilygstama kokybe ir verte.<\/p>\n\n\n\n<h3 class=\"wp-block-heading\" style=\"margin-bottom:var(--wp--preset--spacing--h-3-bottom)\"><strong><strong><strong>Technin\u0117 kompetencija<\/strong><\/strong><\/strong><\/h3>\n\n\n\n<p><strong><em><strong><em><strong>Did\u017eiausias likutis<\/strong><\/em><\/strong><\/em><\/strong><\/p>\n\n\n\n<p style=\"margin-bottom:var(--wp--preset--spacing--tb-section-padding)\">&#8222;Evolve&#8221; svarmenys yra tiksliai i\u0161lieti i\u0161 tvirto metalo lydinio, tod\u0117l u\u017etikrinamas maksimalus balansas ir matmen\u0173 tikslumas. Chromuota rankena suteikia elegancijos ir patogumo, o plok\u0161\u010dias pagrindas u\u017etikrina stabilum\u0105 atliekant visus pratimus.<\/p>\n<\/div>\n\n\n\n<div class=\"wp-block-column is-vertically-aligned-center is-layout-flow wp-block-column-is-layout-flow\">\n<figure class=\"wp-block-image alignright size-full is-resized is-style-rounded\"><img decoding=\"async\" src=\"https:\/\/evolve-fitness.eu\/wp-content\/uploads\/2023\/11\/Evolve-TPU-Kettlebell-3.png\" alt=\"\" class=\"wp-image-5594\" style=\"object-fit:cover;width:680px;height:600px\"\/><\/figure>\n<\/div>\n<\/div>\n\n\n\n<div class=\"wp-block-columns alignwide is-layout-flex wp-container-core-columns-is-layout-c45ee707 wp-block-columns-is-layout-flex\" style=\"margin-bottom:var(--wp--preset--spacing--side-padding);padding-top:var(--wp--preset--spacing--side-padding)\">\n<div class=\"wp-block-column is-vertically-aligned-center is-layout-flow wp-block-column-is-layout-flow\">\n<figure class=\"wp-block-image size-full is-resized is-style-rounded\"><img decoding=\"async\" src=\"https:\/\/evolve-fitness.eu\/wp-content\/uploads\/2023\/11\/TPU-kettlebell-6.png\" alt=\"\" class=\"wp-image-5592\" style=\"object-fit:cover;width:680px;height:600px\"\/><\/figure>\n<\/div>\n\n\n\n<div class=\"wp-block-column is-vertically-aligned-center is-layout-flow wp-block-column-is-layout-flow\">\n<h3 class=\"wp-block-heading\" style=\"margin-bottom:var(--wp--preset--spacing--h-3-bottom)\"><strong>Gars\u0105 sugerian\u010dios ir grindis apsaugan\u010dios med\u017eiagos<\/strong><\/h3>\n\n\n\n<p><strong><em><strong><em><strong><em>Uretanas<\/em><\/strong><\/em><\/strong><\/em><\/strong>s<strong><em><strong><em><strong><em> ilgaam\u017ei\u0161kumas<\/em><\/strong><\/em><\/strong><\/em><\/strong><\/p>\n\n\n\n<p style=\"margin-bottom:var(--wp--preset--spacing--tb-section-padding)\">Auk\u0161tos kokyb\u0117s uretano danga ne tik padidina patvarum\u0105, bet ir apsaugo treniruo\u010di\u0173 erdv\u0119. D\u0117l gars\u0105 sugerian\u010di\u0173 ir \u012fbr\u0117\u017eimams atspari\u0173 savybi\u0173 m\u016bs\u0173 virbalai yra idealus pasirinkimas tiek sporto sal\u0117je, tiek namuose.<\/p>\n\n\n\n<h3 class=\"wp-block-heading\" style=\"margin-bottom:var(--wp--preset--spacing--h-3-bottom)\"><strong><strong>Pritaikymas j\u016bs\u0173 prek\u0117s \u017eenklui<\/strong><\/strong><\/h3>\n\n\n\n<p><strong><em><strong><em><strong><em>Pritaikyta j\u016bs\u0173 prek\u0117s \u017eenklui<\/em><\/strong><\/em><\/strong><\/em><\/strong><\/p>\n\n\n\n<p style=\"margin-bottom:var(--wp--preset--spacing--tb-section-padding)\">Padidinkite savo patalp\u0173 estetik\u0105 naudodami &#8222;Evolve&#8221; pritaikymo parinktis. Si\u016blome spalv\u0105, atitinkan\u010di\u0105 j\u016bs\u0173 prek\u0117s \u017eenkl\u0105 ir interjer\u0105, taip pat pjaustym\u0105 lazeriu ir uretano infuzij\u0105 logotipams ir svorio nuorodoms, kad b\u016bt\u0173 u\u017etikrintas asmeninis ir profesionalus vaizdas.<\/p>\n<\/div>\n<\/div>\n\n\n\n<div class=\"wp-block-columns alignwide are-vertically-aligned-center mobile-reverse is-layout-flex wp-container-core-columns-is-layout-e8158c2f wp-block-columns-is-layout-flex\" style=\"padding-top:var(--wp--preset--spacing--side-padding)\">\n<div class=\"wp-block-column is-vertically-aligned-center is-layout-flow wp-block-column-is-layout-flow\">\n<h3 class=\"wp-block-heading\" style=\"margin-bottom:var(--wp--preset--spacing--h-3-bottom)\"><strong><strong>Sukurta didelio na\u0161umo treniruot\u0117ms<\/strong><\/strong><\/h3>\n\n\n\n<p>Sukurtas tiek j\u0117gos, tiek \u012fg\u016bd\u017ei\u0173 treniruot\u0117ms<\/p>\n\n\n\n<p style=\"margin-bottom:var(--wp--preset--spacing--tb-section-padding)\">&#8222;Evolve TPU Urethane Competition Kettlebells&#8221; taip pat puikiai tinka raumen\u0173 augimui. Kettlebell pratimai \u012ftraukia kelias raumen\u0173 grupes, skatina funkcin\u0119 j\u0117g\u0105 ir raumen\u0173 hipertrofij\u0105. \u012evairios svorio parinktys leid\u017eia pasiekti laipsni\u0161k\u0105 perkrov\u0105, kuri yra labai svarbi raumenims formuoti. Sud\u0117tiniai judesiai ir dinaminiai pratimai padeda veiksmingai skatinti raumen\u0173 augim\u0105 \u012fvairiose k\u016bno dalyse.<\/p>\n<\/div>\n\n\n\n<div class=\"wp-block-column is-vertically-aligned-center is-layout-flow wp-block-column-is-layout-flow\">\n<figure class=\"wp-block-video\"><video autoplay=\"\" controls=\"\" loop=\"\" muted=\"\" src=\"https:\/\/evolve-fitness.eu\/wp-content\/uploads\/2023\/12\/2-3.mp4\"><\/video><\/figure>\n<\/div>\n<\/div>\n\n\n\n<h4 class=\"wp-block-heading has-text-align-center\" style=\"padding-top:var(--wp--preset--spacing--tb-padding);padding-bottom:var(--wp--preset--spacing--tb-padding)\"><strong>Gaukite &#8222;Evolve TPU Urethane Competition Kettlebells&#8221; \u0161iandien<\/strong><\/h4>\n\n\n\n<p class=\"has-text-align-center has-medium-font-size\"><strong>Pasirinkite &#8222;Evolve&#8221; savo treniruo\u010di\u0173 poreikiams ir prisijunkite prie geriausi\u0173 sportinink\u0173, kurie renkasi tik tai, kas geriausia. Apsipirkite m\u016bs\u0173 kolekcijoje dabar ir pajuskite &#8222;Evolve&#8221; skirtum\u0105! <\/strong><\/p>\n<\/section>\n","protected":false},"excerpt":{"rendered":"<p>Sveiki atvyk\u0119 \u012f auk\u0161\u010diausio lygio j\u0117gos treniruotes su m\u016bs\u0173 &#8222;Evolve TPU Urethane Competition Kettlebells&#8221;. Sukurti sportininkams, reikalaujantiems geriausio, m\u016bs\u0173 svarmenys yra puikus ilgaam\u017ei\u0161kumo, pastovumo ir profesionalios kokyb\u0117s derinys. Nuo 8 kg iki 36 kg &#8211; atraskite i\u0161skirtin\u0117s \u012frangos, kuri atlaiko laiko ir intensyvumo i\u0161bandymus, gali\u0105.<\/p>\n","protected":false},"featured_media":95366,"template":"","meta":{"_acf_changed":false,"inline_featured_image":false},"product_cat":[127,162],"product_tag":[],"class_list":{"0":"post-7377","1":"product","2":"type-product","3":"status-publish","4":"has-post-thumbnail","6":"product_cat-laisvieji-svarmenys","7":"product_cat-giros","9":"first","10":"outofstock","11":"shipping-taxable","12":"purchasable","13":"product-type-variable"},"acf":[],"_links":{"self":[{"href":"https:\/\/store.evolve-fitness.eu\/lt\/wp-json\/wp\/v2\/product\/7377","targetHints":{"allow":["GET"]}}],"collection":[{"href":"https:\/\/store.evolve-fitness.eu\/lt\/wp-json\/wp\/v2\/product"}],"about":[{"href":"https:\/\/store.evolve-fitness.eu\/lt\/wp-json\/wp\/v2\/types\/product"}],"wp:featuredmedia":[{"embeddable":true,"href":"https:\/\/store.evolve-fitness.eu\/lt\/wp-json\/wp\/v2\/media\/95366"}],"wp:attachment":[{"href":"https:\/\/store.evolve-fitness.eu\/lt\/wp-json\/wp\/v2\/media?parent=7377"}],"wp:term":[{"taxonomy":"product_cat","embeddable":true,"href":"https:\/\/store.evolve-fitness.eu\/lt\/wp-json\/wp\/v2\/product_cat?post=7377"},{"taxonomy":"product_tag","embeddable":true,"href":"https:\/\/store.evolve-fitness.eu\/lt\/wp-json\/wp\/v2\/product_tag?post=7377"}],"curies":[{"name":"wp","href":"https:\/\/api.w.org\/{rel}","templated":true}]}}