{"id":7295,"date":"2024-01-24T10:00:51","date_gmt":"2024-01-24T10:00:51","guid":{"rendered":"https:\/\/store.evolve-fitness.eu\/produktas\/evolve-prime-series-klubu-traukos-suolelis\/"},"modified":"2025-10-07T06:05:34","modified_gmt":"2025-10-07T06:05:34","slug":"evolve-prime-series-klubu-traukos-suolelis","status":"publish","type":"product","link":"https:\/\/store.evolve-fitness.eu\/lt\/produktas\/evolve-prime-series-klubu-traukos-suolelis\/","title":{"rendered":"Evolve Prime Series s\u0117dmen\u0173 treniruo\u010di\u0173 suoliukas (PR-410)"},"content":{"rendered":"\n<section class=\"wp-block-group alignfull black-content has-white-color has-darkgray-background-color has-text-color has-background is-layout-constrained wp-block-group-is-layout-constrained\" style=\"padding-top:var(--wp--preset--spacing--section-bottom);padding-bottom:var(--wp--preset--spacing--section-bottom)\">\n<div class=\"wp-block-columns alignwide mobile-reverse is-layout-flex wp-container-core-columns-is-layout-ca64bf2d wp-block-columns-is-layout-flex\" style=\"margin-bottom:var(--wp--preset--spacing--side-padding)\">\n<div class=\"wp-block-column is-vertically-aligned-center is-layout-flow wp-block-column-is-layout-flow\">\n<h3 class=\"wp-block-heading\" style=\"margin-bottom:var(--wp--preset--spacing--h-3-bottom)\"><strong><strong><strong><strong><strong><strong><strong>Patvarus ir pritaikomas<\/strong><\/strong><\/strong><\/strong><\/strong><\/strong><\/strong><\/h3>\n\n\n\n<p><strong><em><strong><em><strong><strong><strong><strong><strong>Sporto suoliukai<\/strong><\/strong><\/strong><\/strong><\/strong><\/em><\/strong><\/em><\/strong><\/p>\n\n\n\n<p style=\"margin-bottom:var(--wp--preset--spacing--tb-section-padding)\">Pagerinkite savo treniruokli\u0173 sal\u0119 naudodami Evolve suoliukus. \u0160ie suolai pagaminti i\u0161 tvirto metalinio r\u0117mo, naudojant pa\u017eangiausi\u0105 termoreaktyvi\u0173j\u0173 milteli\u0173 elektrostatinio pur\u0161kimo technologij\u0105, tod\u0117l yra ilgaam\u017eiai. Tvirta konstrukcija u\u017etikrina, kad jie atlaikys nam\u0173 naudotoj\u0173, profesionali\u0173 sporto sali\u0173 ir komercini\u0173 treniruokli\u0173, \u012fskaitant karines bazes, vie\u0161bu\u010dius, nakvyn\u0117s namus ir reabilitacijos centrus, reikalavimus.<\/p>\n\n\n\n<h3 class=\"wp-block-heading\" style=\"margin-bottom:var(--wp--preset--spacing--h-3-bottom)\"><strong>Funkcinis<\/strong> <strong>Stabilumas<\/strong><\/h3>\n\n\n\n<p><strong><em><strong><em><strong><strong><strong><strong><strong>PVC dangteliai<\/strong><\/strong><\/strong><\/strong><\/strong><\/em><\/strong><\/em><\/strong><\/p>\n\n\n\n<p>M\u016bs\u0173 Evolve suoliukai turi mink\u0161tas PVC dangas ant koj\u0173, kurios apsaugo j\u016bs\u0173 grindis ir u\u017etikrina i\u0161skirtin\u012f stabilum\u0105 net intensyviausi\u0173 treniruo\u010di\u0173 metu. Galite pasikliauti, kad \u0161ie suoliukai u\u017etikrins maksimal\u0173 stabilum\u0105 ir leis treniruotis visam k\u016bnui. Mink\u0161ti ir patog\u016bs apmu\u0161alai u\u017epildyti tankiomis, elastingomis putomis, kurios laikui b\u0117gant nepraranda savo formos. Be to, jis padengtas auk\u0161tos kokyb\u0117s, tvirta PU oda, kad b\u016bt\u0173 ilgaam\u017eis.<\/p>\n<\/div>\n\n\n\n<div class=\"wp-block-column is-vertically-aligned-center is-layout-flow wp-block-column-is-layout-flow\">\n<figure class=\"wp-block-image size-full\"><img loading=\"lazy\" decoding=\"async\" width=\"680\" height=\"600\" src=\"https:\/\/store.evolve-fitness.eu\/wp-content\/uploads\/2024\/06\/EV-BN-PR-410-Evolve-Prime-Series-Hip-Thrust-Bench-1.png\" alt=\"\" class=\"wp-image-79007\" srcset=\"https:\/\/store.evolve-fitness.eu\/wp-content\/uploads\/2024\/06\/EV-BN-PR-410-Evolve-Prime-Series-Hip-Thrust-Bench-1.png 680w, https:\/\/store.evolve-fitness.eu\/wp-content\/uploads\/2024\/06\/EV-BN-PR-410-Evolve-Prime-Series-Hip-Thrust-Bench-1-300x265.png 300w, https:\/\/store.evolve-fitness.eu\/wp-content\/uploads\/2024\/06\/EV-BN-PR-410-Evolve-Prime-Series-Hip-Thrust-Bench-1-600x529.png 600w\" sizes=\"auto, (max-width: 680px) 100vw, 680px\" \/><\/figure>\n<\/div>\n<\/div>\n\n\n\n<div class=\"wp-block-columns alignwide is-layout-flex wp-container-core-columns-is-layout-c45ee707 wp-block-columns-is-layout-flex\" style=\"margin-bottom:var(--wp--preset--spacing--side-padding);padding-top:var(--wp--preset--spacing--side-padding)\">\n<div class=\"wp-block-column is-vertically-aligned-center is-layout-flow wp-block-column-is-layout-flow\">\n<h3 class=\"wp-block-heading\" style=\"margin-bottom:var(--wp--preset--spacing--h-3-bottom)\"><strong>Pritaikyta j\u016bs\u0173 prek\u0117s \u017eenklui<\/strong><\/h3>\n\n\n\n<p><strong><em><strong><em>Suderinkite savo interjero spalvin\u0119 schem\u0105<\/em><\/strong><\/em><\/strong><\/p>\n\n\n\n<p style=\"margin-bottom:var(--wp--preset--spacing--tb-section-padding)\">Pagerinkite savo sporto sal\u0117s \u012fvaizd\u012f pasirinkdami Evolve \u012frang\u0105. Si\u016blome pritaikymo galimybes, kad atitikt\u0173 j\u016bs\u0173 interjero spalvin\u0119 schem\u0105. Galite net pritaikyti r\u0117mo ir apmu\u0161al\u0173 spalvas, kad skland\u017eiai der\u0117t\u0173 prie j\u016bs\u0173 \u012fstaigos estetikos. \u012esigykite treniruokli\u0173 \u012frang\u0105, kurios lauk\u0117te &#8211; patvari\u0105, stiling\u0105 ir pritaikyt\u0105 konkretiems j\u016bs\u0173 poreikiams. Rinkit\u0117s Evolve, jei norite \u012fsigyti auk\u0161\u010diausios klas\u0117s treniruokli\u0173 \u012frang\u0105, kuri puikiai tinka komercin\u0117je aplinkoje ir papildo j\u016bs\u0173 dizaino vizij\u0105.<\/p>\n<\/div>\n<\/div>\n<\/section>\n","protected":false},"excerpt":{"rendered":"<p>Evolve Prime Series klub\u0173 tempimo suolelis yra novatori\u0161kas bet kokio treniruo\u010di\u0173 re\u017eimo papildymas, meistri\u0161kai sukurtas taip, kad pagerint\u0173 apatin\u0117s k\u016bno dalies treniruotes. \u0160is naujovi\u0161kas suoliukas specialiai skirtas s\u0117dmenims ir \u0161laun\u0173 raumenims, tod\u0117l yra tvirta platforma klub\u0173 st\u016bmimo pratimams &#8211; pagrindiniams pratimams, kurie padeda stiprinti j\u0117g\u0105, didinti darbingum\u0105 ir gerinti sportinius geb\u0117jimus. Tvirta konstrukcija ir patogus pamink\u0161tinimas u\u017etikrina maksimal\u0173 saugum\u0105 ir atram\u0105, tod\u0117l idealiai tinka vis\u0173 fizinio pasirengimo lygi\u0173 naudotojams. Evolve Prime serijos klub\u0173 tempimo suolelis yra ne tik funkcionalus, bet ir d\u0117l savo eleganti\u0161ko dizaino lengvai integruojamas \u012f bet koki\u0105 sporto sal\u0117s aplink\u0105. \u0160is suoliukas puikiai tinka nam\u0173 sporto sal\u0117ms, komerciniams sporto centrams ir reabilitacijos \u012fstaigoms, jis yra universalus \u012frankis visiems, kurie nori sutelkti d\u0117mes\u012f \u012f apatin\u0117s k\u016bno dalies j\u0117g\u0105 ir kondicionavim\u0105. \u012etraukdami Evolve Prime Series s\u0117dmen\u0173 suoliuk\u0105 (PR-410) \u012f savo treniruo\u010di\u0173 rutin\u0105, investuojate \u012f \u012frang\u0105, kuri \u017eada ilgaam\u017ei\u0161kum\u0105, veiksmingum\u0105 ir padeda siekti fitneso tiksl\u0173.<\/p>\n","protected":false},"featured_media":5096,"template":"","meta":{"_acf_changed":true,"inline_featured_image":false},"product_cat":[117,132,159],"product_tag":[],"class_list":{"0":"post-7295","1":"product","2":"type-product","3":"status-publish","4":"has-post-thumbnail","6":"product_cat-pagrindinis-puslapis","7":"product_cat-suoliukai","8":"product_cat-prime-series-suoliukai","10":"first","11":"outofstock","12":"shipping-taxable","13":"purchasable","14":"product-type-simple"},"acf":[],"_links":{"self":[{"href":"https:\/\/store.evolve-fitness.eu\/lt\/wp-json\/wp\/v2\/product\/7295","targetHints":{"allow":["GET"]}}],"collection":[{"href":"https:\/\/store.evolve-fitness.eu\/lt\/wp-json\/wp\/v2\/product"}],"about":[{"href":"https:\/\/store.evolve-fitness.eu\/lt\/wp-json\/wp\/v2\/types\/product"}],"wp:featuredmedia":[{"embeddable":true,"href":"https:\/\/store.evolve-fitness.eu\/lt\/wp-json\/wp\/v2\/media\/5096"}],"wp:attachment":[{"href":"https:\/\/store.evolve-fitness.eu\/lt\/wp-json\/wp\/v2\/media?parent=7295"}],"wp:term":[{"taxonomy":"product_cat","embeddable":true,"href":"https:\/\/store.evolve-fitness.eu\/lt\/wp-json\/wp\/v2\/product_cat?post=7295"},{"taxonomy":"product_tag","embeddable":true,"href":"https:\/\/store.evolve-fitness.eu\/lt\/wp-json\/wp\/v2\/product_tag?post=7295"}],"curies":[{"name":"wp","href":"https:\/\/api.w.org\/{rel}","templated":true}]}}