{"id":7292,"date":"2024-01-19T08:20:17","date_gmt":"2024-01-19T08:20:17","guid":{"rendered":"https:\/\/store.evolve-fitness.eu\/produktas\/evolve-cpu-urethane-curl-fixed-barbell\/"},"modified":"2026-03-13T13:00:23","modified_gmt":"2026-03-13T13:00:23","slug":"evolve-cpu-urethane-curl-fixed-barbell","status":"publish","type":"product","link":"https:\/\/store.evolve-fitness.eu\/lt\/produktas\/evolve-cpu-urethane-curl-fixed-barbell\/","title":{"rendered":"&#8222;Evolve CPU Urethane Curl Fixed Barbell"},"content":{"rendered":"\n<section class=\"wp-block-group alignfull black-content has-white-color has-darkgray-background-color has-text-color has-background is-layout-constrained wp-block-group-is-layout-constrained\" style=\"padding-top:var(--wp--preset--spacing--section-bottom);padding-bottom:var(--wp--preset--spacing--section-bottom)\">\n<div class=\"wp-block-columns alignwide is-layout-flex wp-container-core-columns-is-layout-c45ee707 wp-block-columns-is-layout-flex\" style=\"margin-bottom:var(--wp--preset--spacing--side-padding);padding-top:var(--wp--preset--spacing--side-padding)\">\n<div class=\"wp-block-column is-vertically-aligned-center is-layout-flow wp-block-column-is-layout-flow\">\n<h3 class=\"wp-block-heading\" style=\"margin-bottom:var(--wp--preset--spacing--h-3-bottom)\">Padidinkite savo sporto sal\u0119 su &#8222;Evolve<\/h3>\n\n\n\n<p><em><strong>Patvarus veikimas ir pritaikymas sporto sali\u0173 savininkams<\/strong><\/em><\/p>\n\n\n\n<p style=\"margin-bottom:var(--wp--preset--spacing--tb-section-padding)\">&#8222;Evolve Urethane&#8221; tiesi\u0173 arba susukt\u0173 fiksuoto svorio \u0161tang\u0173 rinkinys suteikia nauj\u0105 patvarumo ir universalumo lyg\u012f. \u0160is rinkinys, sukurtas taip, kad atitikt\u0173 komercini\u0173 sporto sali\u0173 ir nam\u0173 sporto entuziast\u0173 poreikius, i\u0161 naujo apibr\u0117\u017eia i\u0161tverm\u0119 d\u0117l auk\u0161\u010diausios kokyb\u0117s uretano med\u017eiagos. Atsisveikinkite su r\u016bpes\u010diais d\u0117l nusid\u0117v\u0117jimo, atplai\u0161\u0173 ar lupimosi, nes \u0161ie svareliai laikui b\u0117gant i\u0161laiko nepriekai\u0161ting\u0105 i\u0161vaizd\u0105 ir yra ekonomi\u0161kai efektyvus sprendimas, d\u0117l kurio nereikia j\u0173 da\u017enai keisti.<\/p>\n<\/div>\n\n\n\n<div class=\"wp-block-column is-vertically-aligned-center is-layout-flow wp-block-column-is-layout-flow\">\n<div class=\"wp-block-columns is-layout-flex wp-container-core-columns-is-layout-9d6595d7 wp-block-columns-is-layout-flex\">\n<div class=\"wp-block-column is-layout-flow wp-block-column-is-layout-flow\">\n<figure class=\"wp-block-video\"><video autoplay=\"\" controls=\"\" loop=\"\" muted=\"\" src=\"https:\/\/evolve-fitness.eu\/wp-content\/uploads\/2023\/12\/2-5.mp4\"><\/video><\/figure>\n<\/div>\n<\/div>\n<\/div>\n<\/div>\n\n\n\n<div class=\"wp-block-columns alignwide is-layout-flex wp-container-core-columns-is-layout-c45ee707 wp-block-columns-is-layout-flex\" style=\"margin-bottom:var(--wp--preset--spacing--side-padding);padding-top:var(--wp--preset--spacing--side-padding)\">\n<div class=\"wp-block-column is-vertically-aligned-center is-layout-flow wp-block-column-is-layout-flow\">\n<figure class=\"wp-block-image alignright size-large is-style-rounded\"><img decoding=\"async\" src=\"https:\/\/evolve-fitness.eu\/wp-content\/uploads\/2023\/08\/Dizainas-be-pavadinimo-1024x481.png\" alt=\"\" class=\"wp-image-988\"\/><\/figure>\n<\/div>\n\n\n\n<div class=\"wp-block-column is-vertically-aligned-center is-layout-constrained wp-block-column-is-layout-constrained\">\n<h3 class=\"wp-block-heading\" style=\"margin-bottom:var(--wp--preset--spacing--h-3-bottom)\">Pritaikomas ir stilingas<\/h3>\n\n\n\n<p><strong><em><strong><em>Pagerinkite savo sporto sal\u0117s prek\u0117s \u017eenkl\u0105<\/em><\/strong><\/em><\/strong><\/p>\n\n\n\n<p style=\"margin-bottom:var(--wp--preset--spacing--tb-section-padding)\">Be i\u0161skirtinio patvarumo, &#8222;Evolve Urethane&#8221; ties\u016bs arba susukti fiksuoto svorio svareliai suteikia galimyb\u0119 juos personalizuoti, tod\u0117l galite padidinti savo sporto sal\u0117s unikal\u0173 prek\u0117s \u017eenkl\u0105 ir vizualin\u012f poveik\u012f. \u012etraukite savo sporto sal\u0117s logotip\u0105 ir pasirinkite pasirinktines spalvas, taip i\u0161skirdami savo sporto sal\u0119 ir padarydami nei\u0161dildom\u0105 \u012fsp\u016bd\u012f savo nariams.<\/p>\n<\/div>\n<\/div>\n\n\n\n<div class=\"wp-block-columns alignwide is-layout-flex wp-container-core-columns-is-layout-c45ee707 wp-block-columns-is-layout-flex\" style=\"margin-bottom:var(--wp--preset--spacing--side-padding);padding-top:var(--wp--preset--spacing--side-padding)\">\n<div class=\"wp-block-column is-vertically-aligned-center is-layout-flow wp-block-column-is-layout-flow\">\n<h3 class=\"wp-block-heading\" style=\"margin-bottom:var(--wp--preset--spacing--h-3-bottom)\">Lazeriu i\u0161pjauti ir uretanu u\u017epildyti logotipai<\/h3>\n\n\n\n<p><strong><em>Pagerinkite estetik\u0105 nesuma\u017eindami na\u0161umo<\/em><\/strong><\/p>\n\n\n\n<p style=\"margin-bottom:var(--wp--preset--spacing--tb-section-padding)\">Lazeriu i\u0161pjautais logotipais ir ilgaam\u017e\u0117mis uretanu i\u0161teptomis svorio nuorodomis papuo\u0161tos &#8222;Evolve Urethane&#8221; tiesios arba susuktos fiksuoto svorio \u0161tangos puikiai suderina estetin\u012f patrauklum\u0105 ir prakti\u0161kum\u0105. Naudodami \u0161iuos ry\u0161kius \u017eenklus, treniruo\u010di\u0173 metu be vargo keiskite svorius, kad j\u016bs\u0173 gerbiami sporto klubo nariai gal\u0117t\u0173 skland\u017eiai ir efektyviai treniruotis.<\/p>\n<\/div>\n\n\n\n<div class=\"wp-block-column is-vertically-aligned-center is-layout-flow wp-block-column-is-layout-flow\">\n<div class=\"wp-block-columns is-layout-flex wp-container-core-columns-is-layout-9d6595d7 wp-block-columns-is-layout-flex\">\n<div class=\"wp-block-column is-layout-flow wp-block-column-is-layout-flow\">\n<figure class=\"wp-block-image size-full is-style-rounded\"><img decoding=\"async\" src=\"https:\/\/evolve-fitness.eu\/wp-content\/uploads\/2023\/08\/TPU-fixed-barbells-edited.jpg\" alt=\"\" class=\"wp-image-1010\"\/><\/figure>\n<\/div>\n<\/div>\n<\/div>\n<\/div>\n\n\n\n<div class=\"wp-block-columns alignwide is-layout-flex wp-container-core-columns-is-layout-c45ee707 wp-block-columns-is-layout-flex\" style=\"margin-bottom:var(--wp--preset--spacing--side-padding);padding-top:var(--wp--preset--spacing--side-padding)\">\n<div class=\"wp-block-column is-vertically-aligned-center is-layout-flow wp-block-column-is-layout-flow\">\n<figure class=\"wp-block-image size-full is-style-rounded\"><img loading=\"lazy\" decoding=\"async\" width=\"680\" height=\"600\" src=\"https:\/\/store.evolve-fitness.eu\/wp-content\/uploads\/2024\/01\/Evolve-Urethane-Fixed-Weight-Barbells-grip.png\" alt=\"\" class=\"wp-image-4992\" srcset=\"https:\/\/store.evolve-fitness.eu\/wp-content\/uploads\/2024\/01\/Evolve-Urethane-Fixed-Weight-Barbells-grip.png 680w, https:\/\/store.evolve-fitness.eu\/wp-content\/uploads\/2024\/01\/Evolve-Urethane-Fixed-Weight-Barbells-grip-300x265.png 300w, https:\/\/store.evolve-fitness.eu\/wp-content\/uploads\/2024\/01\/Evolve-Urethane-Fixed-Weight-Barbells-grip-600x529.png 600w\" sizes=\"auto, (max-width: 680px) 100vw, 680px\" \/><\/figure>\n<\/div>\n\n\n\n<div class=\"wp-block-column is-vertically-aligned-center is-layout-flow wp-block-column-is-layout-flow\">\n<h3 class=\"wp-block-heading\" style=\"margin-bottom:var(--wp--preset--spacing--h-3-bottom)\">Kietos chromuotos rankenos su \u012fbr\u0117\u017eimais<\/h3>\n\n\n\n<p><strong><em>Ilgalaikis sukibimas<\/em><\/strong><\/p>\n\n\n\n<p>Patirkite neprilygstam\u0105 sukibim\u0105 ir na\u0161um\u0105 su &#8222;Evolve Urethane&#8221; fiksuoto svorio svareliais. \u0160ios \u0161tangos su kietomis chromuotomis rauktomis rankenomis tvirtai laikosi net atliekant sud\u0117tingiausius pratimus. Rantytas dizainas u\u017etikrina tvirt\u0105 sukibim\u0105, o chromo danga ne tik pagerina sukibim\u0105, bet ir suteikia eleganti\u0161ko ilgaam\u017ei\u0161kumo.<\/p>\n<\/div>\n<\/div>\n\n\n\n<div class=\"wp-block-columns alignwide is-layout-flex wp-container-core-columns-is-layout-c45ee707 wp-block-columns-is-layout-flex\" style=\"margin-bottom:var(--wp--preset--spacing--side-padding);padding-top:var(--wp--preset--spacing--side-padding)\">\n<div class=\"wp-block-column is-vertically-aligned-center is-layout-flow wp-block-column-is-layout-flow\">\n<h3 class=\"wp-block-heading\" style=\"margin-bottom:var(--wp--preset--spacing--h-3-bottom)\">Precizi\u0161kai pagamintas<\/h3>\n\n\n\n<p><strong><em>Nuosekli tobulyb\u0117<\/em><\/strong><\/p>\n\n\n\n<p style=\"margin-bottom:var(--wp--preset--spacing--tb-section-padding)\">\u012esitikinkite nuolatine meistri\u0161kumo garantija su tiksliai pagamintais &#8222;Evolve Urethane&#8221; fiksuoto svorio svareliais. D\u0117l kruop\u0161\u010dios konstrukcijos \u0161ios \u0161tangos u\u017etikrina vienod\u0105 svor\u012f ir neabejotin\u0105 veikim\u0105, pranokdamos standartinius variantus, kuriuose gali b\u016bti svorio skirtum\u0173.<\/p>\n\n\n\n<h3 class=\"wp-block-heading\" style=\"margin-bottom:var(--wp--preset--spacing--h-3-bottom)\">Sauga ir patikimumas<\/h3>\n\n\n\n<p><strong><em>Nuosekli treniruo\u010di\u0173 patirtis<\/em><\/strong><\/p>\n\n\n\n<p>Svarbiausia u\u017etikrinti saugum\u0105 ir patikimum\u0105, o &#8222;Evolve Urethane Urethane Straight or Curled Fixed Weight Barbell Set&#8221; laikosi \u0161io \u012fsipareigojimo. \u0160ios \u0161tangos pagamintos i\u0161 auk\u0161tos kokyb\u0117s, netoksi\u0161kos ir bekvap\u0117s uretano med\u017eiagos, tod\u0117l sukuria saugi\u0105 ir sveikatai nekenksming\u0105 treniruo\u010di\u0173 aplink\u0105. Tvirta j\u0173 konstrukcija suma\u017eina l\u016b\u017eimo ar \u012fskilimo rizik\u0105, tod\u0117l suma\u017e\u0117ja traum\u0173 tikimyb\u0117 intensyvi\u0173 treniruo\u010di\u0173 metu.<\/p>\n<\/div>\n\n\n\n<div class=\"wp-block-column is-vertically-aligned-center is-layout-flow wp-block-column-is-layout-flow\">\n<div class=\"wp-block-columns is-layout-flex wp-container-core-columns-is-layout-9d6595d7 wp-block-columns-is-layout-flex\">\n<div class=\"wp-block-column is-layout-flow wp-block-column-is-layout-flow\">\n<figure class=\"wp-block-image size-full is-style-rounded\"><img decoding=\"async\" src=\"https:\/\/evolve-fitness.eu\/wp-content\/uploads\/2023\/08\/Fixed-barbells-3.jpg\" alt=\"\" class=\"wp-image-992\"\/><\/figure>\n<\/div>\n<\/div>\n<\/div>\n<\/div>\n<\/section>\n","protected":false},"excerpt":{"rendered":"<p>Pagerinkite savo sporto sal\u0117s kokyb\u0119 naudodami patvar\u0173 ir universal\u0173 &#8222;Evolve Urethane Urethane Straight or Curled Fixed Weight Barbell Set&#8221;. \u0160ios \u0161tangos pagamintos i\u0161 auk\u0161\u010diausios kokyb\u0117s uretano med\u017eiagos, tod\u0117l yra atsparios d\u0117v\u0117jimuisi ir i\u0161laiko savo i\u0161vaizd\u0105. Savo sporto sal\u0117s identitet\u0105 galite suasmeninti naudodami savo logotip\u0105 ir spalvas, kad j\u016bs\u0173 sporto sal\u0117 i\u0161siskirt\u0173 i\u0161 kit\u0173. Saugumas yra prioritetas, nes \u0161ios \u0161tangos pagamintos i\u0161 saugaus, bekvapio uretano. Rinkinyje yra \u012fvairi\u0173 svori\u0173 &#8211; nuo 10 kg iki 55 kg, tod\u0117l jis tinka \u012fvairiems fizinio pasirengimo lygiams. Galite pasikliauti j\u0173 pastoviu svoriu ir na\u0161umu, o ai\u0161k\u016bs logotipai suteikia stiliaus. Atnaujinkite savo sporto sal\u0117s pasi\u016bl\u0105 naudodami patikim\u0105 &#8222;Evolve Urethane Urethane Straight or Curled Fixed Weight Barbell Set&#8221;, pasi\u017eymint\u012f kokybe ir asmeniniu meistri\u0161kumu.      <\/p>\n","protected":false},"featured_media":95290,"template":"","meta":{"_acf_changed":false,"inline_featured_image":false},"product_cat":[117,127,161],"product_tag":[],"class_list":{"0":"post-7292","1":"product","2":"type-product","3":"status-publish","4":"has-post-thumbnail","6":"product_cat-pagrindinis-puslapis","7":"product_cat-laisvieji-svarmenys","8":"product_cat-fiksuoto-svorio-svareliai","10":"first","11":"instock","12":"shipping-taxable","13":"purchasable","14":"product-type-variable"},"acf":[],"_links":{"self":[{"href":"https:\/\/store.evolve-fitness.eu\/lt\/wp-json\/wp\/v2\/product\/7292","targetHints":{"allow":["GET"]}}],"collection":[{"href":"https:\/\/store.evolve-fitness.eu\/lt\/wp-json\/wp\/v2\/product"}],"about":[{"href":"https:\/\/store.evolve-fitness.eu\/lt\/wp-json\/wp\/v2\/types\/product"}],"wp:featuredmedia":[{"embeddable":true,"href":"https:\/\/store.evolve-fitness.eu\/lt\/wp-json\/wp\/v2\/media\/95290"}],"wp:attachment":[{"href":"https:\/\/store.evolve-fitness.eu\/lt\/wp-json\/wp\/v2\/media?parent=7292"}],"wp:term":[{"taxonomy":"product_cat","embeddable":true,"href":"https:\/\/store.evolve-fitness.eu\/lt\/wp-json\/wp\/v2\/product_cat?post=7292"},{"taxonomy":"product_tag","embeddable":true,"href":"https:\/\/store.evolve-fitness.eu\/lt\/wp-json\/wp\/v2\/product_tag?post=7292"}],"curies":[{"name":"wp","href":"https:\/\/api.w.org\/{rel}","templated":true}]}}