{"id":7291,"date":"2024-01-18T08:54:40","date_gmt":"2024-01-18T08:54:40","guid":{"rendered":"https:\/\/store.evolve-fitness.eu\/produktas\/evolve-ultra-series-selektorinis-krutines-presas\/"},"modified":"2024-06-05T12:41:19","modified_gmt":"2024-06-05T12:41:19","slug":"evolve-ultra-series-selektorinis-krutines-presas","status":"publish","type":"product","link":"https:\/\/store.evolve-fitness.eu\/lt\/produktas\/evolve-ultra-series-selektorinis-krutines-presas\/","title":{"rendered":"&#8222;Evolve Ultra Series&#8221; selektorinis kr\u016btin\u0117s presas"},"content":{"rendered":"\n<section class=\"wp-block-group alignfull black-content has-white-color has-darkgray-background-color has-text-color has-background is-layout-constrained wp-block-group-is-layout-constrained\" style=\"padding-top:var(--wp--preset--spacing--section-bottom);padding-bottom:var(--wp--preset--spacing--section-bottom)\">\n<section class=\"wp-block-group alignfull black-content has-white-color has-darkgray-background-color has-text-color has-background is-layout-constrained wp-block-group-is-layout-constrained\" style=\"padding-top:var(--wp--preset--spacing--section-bottom);padding-bottom:var(--wp--preset--spacing--section-bottom)\">\n<div class=\"wp-block-columns alignwide mobile-reverse is-layout-flex wp-container-core-columns-is-layout-ca64bf2d wp-block-columns-is-layout-flex\" style=\"margin-bottom:var(--wp--preset--spacing--side-padding)\">\n<div class=\"wp-block-column is-vertically-aligned-center is-layout-flow wp-block-column-is-layout-flow\">\n<h3 class=\"wp-block-heading\" style=\"margin-bottom:var(--wp--preset--spacing--h-3-bottom)\">Sveiki atvyk\u0119 \u012f &#8222;Ultra&#8221; serij\u0105<\/h3>\n\n\n\n<p><strong><em>Susipa\u017einkite su m\u016bs\u0173 &#8222;Ultra Series&#8221; \u012franga naudodamiesi moderniausia 3D 360 ekskursija<\/em><\/strong><\/p>\n\n\n\n<p>&#8222;Evolve Ultra Series&#8221; selektorinis kr\u016btin\u0117s presas, priklausantis &#8222;Evolve Ultra Series&#8221; serijai, sukurtas taip, kad b\u016bt\u0173 patogus ir na\u0161us. Treniruoklis sukurtas taip, kad j\u012f b\u016bt\u0173 galima pritaikyti \u012fvairiems naudotoj\u0173 dyd\u017eiams, jis b\u016bt\u0173 ergonomi\u0161kas ir lengvai pritaikomas. Dizainas yra esteti\u0161kas, o patvari, milteliniu b\u016bdu dengta apdaila ir naudojami auk\u0161tos kokyb\u0117s kabeliai u\u017etikrina skland\u0173 veikim\u0105.<\/p>\n<\/div>\n\n\n\n<div class=\"wp-block-column is-vertically-aligned-center is-layout-flow wp-block-column-is-layout-flow\">\n<figure class=\"wp-block-video\"><video height=\"1280\" style=\"aspect-ratio: 720 \/ 1280;\" width=\"720\" autoplay=\"\" controls=\"\" loop=\"\" muted=\"\" src=\"https:\/\/evolve-fitness.eu\/wp-content\/uploads\/2023\/08\/EV-SC-UL-010-3D.mp4\"><\/video><\/figure>\n<\/div>\n<\/div>\n\n\n\n<div class=\"wp-block-columns alignwide mobile-reverse is-layout-flex wp-container-core-columns-is-layout-ca64bf2d wp-block-columns-is-layout-flex\" style=\"margin-bottom:var(--wp--preset--spacing--side-padding)\">\n<div class=\"wp-block-column is-vertically-aligned-center is-layout-flow wp-block-column-is-layout-flow\">\n<figure class=\"wp-block-video\"><video height=\"546\" style=\"aspect-ratio: 1152 \/ 546;\" width=\"1152\" autoplay=\"\" controls=\"\" loop=\"\" muted=\"\" src=\"https:\/\/evolve-fitness.eu\/wp-content\/uploads\/2023\/08\/EV-SC-UL-010-Full.mp4\"><\/video><\/figure>\n<\/div>\n\n\n\n<div class=\"wp-block-column is-vertically-aligned-center is-layout-flow wp-block-column-is-layout-flow\">\n<h3 class=\"wp-block-heading\" style=\"margin-bottom:var(--wp--preset--spacing--h-3-bottom)\">RAUMENYS<\/h3>\n\n\n\n<p><strong><em>Sukurtas kr\u016btin\u0117s raumenims vystyti<\/em><\/strong><\/p>\n\n\n\n<p style=\"margin-bottom:var(--wp--preset--spacing--tb-section-padding)\">\u0160is kr\u016btin\u0117s spaudimo aparatas specialiai skirtas kr\u016btin\u0117s raumenims, ypa\u010d kr\u016btin\u0117s raumenims. Atliekant pratim\u0105 taip pat \u012ftraukiami atraminiai raumenys, pavyzd\u017eiui, tricepsai ir priekiniai deltiniai raumenys (pe\u010di\u0173 raumenys). Nepriklausomas rank\u0173 jud\u0117jimas leid\u017eia subalansuotai vystyti abiej\u0173 k\u016bno pusi\u0173 raumenis. Reguliarus naudojimas gali pagerinti raumen\u0173 apibr\u0117\u017et\u012f, padidinti vir\u0161utin\u0117s k\u016bno dalies j\u0117g\u0105 ir raumen\u0173 i\u0161tverm\u0119. \u0160is treniruoklis idealiai tinka tiek pradedantiesiems, tiek pa\u017eengusiems naudotojams, norintiems sutelkti d\u0117mes\u012f \u012f kr\u016btin\u0117s raumen\u0173 vystym\u0105si.<\/p>\n\n\n\n<p><strong><em>Mokymo lankstumas<\/em><\/strong><\/p>\n\n\n\n<p style=\"margin-bottom:var(--wp--preset--spacing--tb-section-padding)\">&#8222;Evolve Ultra&#8221; serijos j\u0117gos treniruokliai leid\u017eia lanks\u010diai treniruoti kiekvien\u0105 rank\u0105 atskirai, atsi\u017evelgiant \u012f individualius poreikius. \u0160i unikali funkcija leid\u017eia i\u0161laikyti subalansuot\u0105 treniruot\u0119, net jei viena ranka yra silpnesn\u0117 ar susi\u017eeidusi. Savaranki\u0161kas jud\u0117jimas skatina subalansuotos j\u0117gos vystym\u0105si ir suteikia galimyb\u0119 rinktis \u012fvairias treniruo\u010di\u0173 galimybes.<\/p>\n<\/div>\n<\/div>\n\n\n\n<div class=\"wp-block-columns alignwide mobile-reverse is-layout-flex wp-container-core-columns-is-layout-ca64bf2d wp-block-columns-is-layout-flex\" style=\"margin-bottom:var(--wp--preset--spacing--side-padding)\">\n<div class=\"wp-block-column is-vertically-aligned-center is-layout-flow wp-block-column-is-layout-flow\">\n<h3 class=\"wp-block-heading\" style=\"margin-bottom:var(--wp--preset--spacing--h-3-bottom)\">Keli\u0173 ranken\u0173 rankenos<\/h3>\n\n\n\n<p><em><strong>Kr\u016btin\u0117s treniruo\u010di\u0173 tobulinimas<\/strong><\/em><\/p>\n\n\n\n<p>&#8222;Evolve Ultra Series&#8221; kr\u016btin\u0117s spaudimo treniruoklio &#8222;Evolve Ultra Series Chest Press&#8221; \u012fvairios rankenos i\u0161ple\u010dia treniruo\u010di\u0173 galimybes. \u0160ios papildomos rankenos ne tik suteikia \u012fvairiapusi\u0161kumo treniruo\u010di\u0173 metu, bet ir yra vertinga pagalbin\u0117 priemon\u0117 asmenims, kuri\u0173 pe\u010di\u0173 judrumas ribotas, tod\u0117l pratimai tampa prieinamesni ir patogesni.<br\/><\/p>\n\n\n\n<p>Be to, \u0161ios rankenos leid\u017eia treniruo\u010di\u0173 metu \u012fvairiais kampais treniruoti skirtingas raumen\u0173 grupes. Jie pagerina treniruo\u010di\u0173 pritaikomum\u0105, u\u017etikrina, kad gal\u0117tum\u0117te tiksliai \u012fdarbinti konkre\u010dius raumenis ir optimizuoti savo treniruo\u010di\u0173 re\u017eim\u0105. Horizontali rankenos konstrukcija neleid\u017eia alk\u016bnei suktis \u012f i\u0161or\u0119, stabilizuoja ment\u0119 ir apriboja kr\u016btin\u0117s bei pe\u010di\u0173 judesius. Tai suma\u017eina tricepso ir deltinio raumens \u012fsitraukim\u0105, tod\u0117l geriau stimuliuojama kr\u016btin\u0117. Vertikali rankenos konstrukcija neleid\u017eia alk\u016bnei pasisukti \u012f vid\u0173, taip suma\u017einamas tricepso \u012fsitraukimas ir padedama treniruoti kr\u016btin\u0117s raumenis.<\/p>\n<\/div>\n\n\n\n<div class=\"wp-block-column is-vertically-aligned-center is-layout-flow wp-block-column-is-layout-flow\">\n<figure class=\"wp-block-video\"><video height=\"954\" style=\"aspect-ratio: 2016 \/ 954;\" width=\"2016\" autoplay=\"\" controls=\"\" loop=\"\" muted=\"\" src=\"https:\/\/evolve-fitness.eu\/wp-content\/uploads\/2023\/08\/EV-SC-UL-010-Handles.mp4\"><\/video><\/figure>\n<\/div>\n<\/div>\n\n\n\n<div class=\"wp-block-columns alignwide mobile-reverse is-layout-flex wp-container-core-columns-is-layout-ca64bf2d wp-block-columns-is-layout-flex\" style=\"margin-bottom:var(--wp--preset--spacing--side-padding)\">\n<div class=\"wp-block-column is-vertically-aligned-center is-layout-flow wp-block-column-is-layout-flow\">\n<figure class=\"wp-block-image size-large\"><img decoding=\"async\" src=\"https:\/\/evolve-fitness.eu\/wp-content\/uploads\/2023\/08\/Moulded-Seats-Precise-Seat-Adjustments-UL-010-1024x576.jpg\" alt=\"UL-010\" class=\"wp-image-9934\"\/><\/figure>\n<\/div>\n\n\n\n<div class=\"wp-block-column is-vertically-aligned-center is-layout-flow wp-block-column-is-layout-flow\">\n<h3 class=\"wp-block-heading\" style=\"margin-bottom:var(--wp--preset--spacing--h-3-bottom)\">Formuotos s\u0117dyn\u0117s ir tikslus s\u0117dyn\u0117s reguliavimas<\/h3>\n\n\n\n<p><strong><em>I\u0161skirtinis patvarumas ir patogumas<\/em><\/strong><\/p>\n\n\n\n<p style=\"margin-bottom:var(--wp--preset--spacing--tb-section-padding)\">&#8222;Evolve Ultra&#8221; serijos poliuretano s\u0117dyn\u0117s, pagamintos i\u0161 profiliuotos konstrukcijos ir dvigubai susi\u016bt\u0173 apmu\u0161al\u0173, u\u017etikrina i\u0161skirtin\u012f patvarum\u0105 ir patogum\u0105. Jie sukurti taip, kad u\u017etikrint\u0173 ergonomi\u0161k\u0105 stuburo atram\u0105, ir gali b\u016bti pritaikyti \u012fvairaus dyd\u017eio naudotojams. Be to, i\u0161 poliuretano pagamintos pagalv\u0117l\u0117s yra puikus pasirinkimas d\u0117l j\u0173 ilgaam\u017ei\u0161kumo, patogumo, paprastos prie\u017ei\u016bros ir ekonomi\u0161kumo. Jie gali atlaikyti j\u0117gos treniruo\u010di\u0173 reikalavimus ir kartu u\u017etikrinti patog\u0173 ir higieni\u0161k\u0105 treniruo\u010di\u0173 pavir\u0161i\u0173. Kadangi s\u0117dyn\u0117 paremta hidrauliniu strypu, s\u0117dyn\u0117s auk\u0161t\u012f reguliuoti paprasta ir tai galima atlikti tik viena ranka. S\u0117dyn\u0117 turi 18 reguliavimo pad\u0117\u010di\u0173.<\/p>\n<\/div>\n<\/div>\n\n\n\n<div class=\"wp-block-columns alignwide mobile-reverse is-layout-flex wp-container-core-columns-is-layout-ca64bf2d wp-block-columns-is-layout-flex\" style=\"margin-bottom:var(--wp--preset--spacing--side-padding)\">\n<div class=\"wp-block-column is-vertically-aligned-center is-layout-flow wp-block-column-is-layout-flow\">\n<h3 class=\"wp-block-heading\" style=\"margin-bottom:var(--wp--preset--spacing--h-3-bottom)\">Lengva prad\u017eia<\/h3>\n\n\n\n<p><strong><em>Fitneso patirties gerinimas<\/em><\/strong><\/p>\n\n\n\n<p style=\"margin-bottom:var(--wp--preset--spacing--tb-section-padding)\">&#8222;Evolve Ultra Series&#8221; kr\u016btin\u0117s spaudimo treniruoklyje &#8222;Effortless Start&#8221; su koj\u0173 pagalba u\u017etikrinamas prieinamumas visiems fizinio pasirengimo lygiams. \u0160i naujovi\u0161ka funkcija pa\u0161alina kli\u016btis, trukdan\u010dias naujokams patekti \u012f treniruokli\u0173 sal\u0119, ir u\u017etikrina, kad j\u016bs\u0173 sporto sal\u0117 b\u016bt\u0173 \u012ftrauki ir priimt\u0173 vis\u0173 geb\u0117jim\u0173 klientus. &#8222;Efortless&#8221; prad\u017eia naudinga kaip steb\u0117tojas, ma\u017einantis pastangas, pe\u010di\u0173 s\u0105nari\u0173 spaudim\u0105 pratimo prad\u017eioje arba pabaigoje.<\/p>\n\n\n\n<p><strong><em>Liejamos grind\u0173 apsaugos priemon\u0117s<\/em><\/strong><\/p>\n\n\n\n<p style=\"margin-bottom:var(--wp--preset--spacing--tb-section-padding)\">Treniruo\u010di\u0173 metu vandens buteliuk\u0105, telefon\u0105 ir asmeninius daiktus galite patogiai laikyti &#8222;Evolve Ultra&#8221; serijos treniruokliuose \u012frengtuose laikikliuose, kurie skirti j\u016bs\u0173 patogumui. \u0160ie specialiai suprojektuoti skyriai skirti tam, kad treniruo\u010di\u0173 metu tur\u0117tum\u0117te saugi\u0105 ir lengvai pasiekiam\u0105 viet\u0105 savo daiktams laikyti.<\/p>\n<\/div>\n\n\n\n<div class=\"wp-block-column is-vertically-aligned-center is-layout-flow wp-block-column-is-layout-flow\">\n<figure class=\"wp-block-video\"><video height=\"1920\" style=\"aspect-ratio: 1920 \/ 1920;\" width=\"1920\" autoplay=\"\" controls=\"\" loop=\"\" muted=\"\" src=\"https:\/\/evolve-fitness.eu\/wp-content\/uploads\/2023\/10\/ul-010-leg-assist.mp4\"><\/video><\/figure>\n<\/div>\n<\/div>\n\n\n\n<div class=\"wp-block-columns alignwide mobile-reverse is-layout-flex wp-container-core-columns-is-layout-ca64bf2d wp-block-columns-is-layout-flex\" style=\"margin-bottom:var(--wp--preset--spacing--side-padding)\">\n<div class=\"wp-block-column is-vertically-aligned-center is-layout-flow wp-block-column-is-layout-flow\">\n<figure class=\"wp-block-video\"><video autoplay=\"\" controls=\"\" loop=\"\" muted=\"\" src=\"https:\/\/evolve-fitness.eu\/wp-content\/uploads\/2023\/08\/EV-SC-UL-010-Storage-Phone.mp4\"><\/video><\/figure>\n<\/div>\n\n\n\n<div class=\"wp-block-column is-vertically-aligned-center is-layout-flow wp-block-column-is-layout-flow\">\n<h3 class=\"wp-block-heading\" style=\"margin-bottom:var(--wp--preset--spacing--h-3-bottom)\">Patogi pried\u0173 saugykla<\/h3>\n\n\n\n<p><strong><em>Pateikiama j\u016bs\u0173 patogumui<\/em><\/strong><\/p>\n\n\n\n<p style=\"margin-bottom:var(--wp--preset--spacing--tb-section-padding)\">Treniruo\u010di\u0173 metu vandens buteliuk\u0105, telefon\u0105 ir asmeninius daiktus galite patogiai laikyti &#8222;Evolve Ultra&#8221; serijos treniruokliuose \u012frengtuose laikikliuose, kurie skirti j\u016bs\u0173 patogumui. \u0160ie specialiai suprojektuoti skyriai skirti tam, kad treniruo\u010di\u0173 metu tur\u0117tum\u0117te saugi\u0105 ir lengvai pasiekiam\u0105 viet\u0105 savo daiktams laikyti.<\/p>\n\n\n\n<p><strong><em>J\u016bs\u0173 vaizdin\u0117 priemon\u0117<\/em><\/strong><\/p>\n\n\n\n<p style=\"margin-bottom:var(--wp--preset--spacing--tb-section-padding)\">&#8222;Evolve Ultra&#8221; serijos treniruokliai turi informatyvius lipdukus, kurie padeda lengviau orientuotis treniruoklio funkcijose ir savyb\u0117se, o tai pagerina j\u016bs\u0173 treniruo\u010di\u0173 patirt\u012f. Be to, jame pateikiama verting\u0173 \u012f\u017evalg\u0173 apie \u012fvairias raumen\u0173 grupes, kurios gali b\u016bti efektyviai treniruojamos treniruokliu, tod\u0117l gal\u0117site maksimaliai i\u0161naudoti savo treniruo\u010di\u0173 rutin\u0105, orientuodamiesi \u012f konkre\u010dias dominan\u010dias sritis.<\/p>\n<\/div>\n<\/div>\n\n\n\n<div class=\"wp-block-columns alignwide mobile-reverse is-layout-flex wp-container-core-columns-is-layout-ca64bf2d wp-block-columns-is-layout-flex\" style=\"margin-bottom:var(--wp--preset--spacing--side-padding)\">\n<div class=\"wp-block-column is-vertically-aligned-center is-layout-flow wp-block-column-is-layout-flow\">\n<h3 class=\"wp-block-heading\" style=\"margin-bottom:var(--wp--preset--spacing--h-3-bottom)\">Visi\u0161kai u\u017edengtas 110 kg svorio kaminas<\/h3>\n\n\n\n<p><strong><em>Su galimybe padidinti svor\u012f iki 122,5 kg<\/em><\/strong><\/p>\n\n\n\n<p style=\"margin-bottom:var(--wp--preset--spacing--tb-section-padding)\">&#8222;Evolve Ultra Series Chest Press&#8221; treniruoklyje \u012frengtas 105 kg pasiprie\u0161inimo lygis, ta\u010diau taip pat turite galimyb\u0119 j\u012f pritaikyti ir prid\u0117ti iki 122,5 kg, kad treniruot\u0117 b\u016bt\u0173 dar sud\u0117tingesn\u0117. Jis gali pasigirti visi\u0161kai u\u017edara svori\u0173 kr\u016bva, u\u017etikrinan\u010dia pratim\u0173 saugum\u0105.<\/p>\n<\/div>\n\n\n\n<div class=\"wp-block-column is-vertically-aligned-center is-layout-flow wp-block-column-is-layout-flow\">\n<figure class=\"wp-block-image size-full\"><img decoding=\"async\" src=\"https:\/\/evolve-fitness.eu\/wp-content\/uploads\/2024\/01\/stack.webp\" alt=\"\" class=\"wp-image-9940\"\/><\/figure>\n<\/div>\n<\/div>\n\n\n\n<div class=\"wp-block-columns alignwide mobile-reverse is-layout-flex wp-container-core-columns-is-layout-ca64bf2d wp-block-columns-is-layout-flex\" style=\"margin-bottom:var(--wp--preset--spacing--side-padding)\">\n<div class=\"wp-block-column is-vertically-aligned-center is-layout-flow wp-block-column-is-layout-flow\">\n<figure class=\"wp-block-video\"><video height=\"600\" style=\"aspect-ratio: 680 \/ 600;\" width=\"680\" autoplay=\"\" controls=\"\" loop=\"\" muted=\"\" src=\"https:\/\/evolve-fitness.eu\/wp-content\/uploads\/2023\/10\/Evolve-cable.mp4\"><\/video><\/figure>\n<\/div>\n\n\n\n<div class=\"wp-block-column is-vertically-aligned-center is-layout-flow wp-block-column-is-layout-flow\">\n<h3 class=\"wp-block-heading\" style=\"margin-bottom:var(--wp--preset--spacing--h-3-bottom)\">Kabelis<\/h3>\n\n\n\n<p>Auk\u0161\u010diausia kokyb\u0117<\/p>\n\n\n\n<p style=\"margin-bottom:var(--wp--preset--spacing--tb-section-padding)\">&#8222;Evolve Ultra Series&#8221; ma\u0161inose naudojami auk\u0161\u010diausios kokyb\u0117s kabeliai, yra \u0161e\u0161ios pagrindin\u0117s gijos, o kiekvien\u0105 gij\u0105 sudaro 19 kartu susukt\u0173 laid\u0173, poliamido 12 (PA12) med\u017eiaga ir 5 mm skersmuo. \u0160ie trosai sukurti siekiant u\u017etikrinti tvirtum\u0105 ir ilgaam\u017ei\u0161kum\u0105, o j\u0173 atsparumas tr\u016bkiui siekia 9000 kN, tod\u0117l juos verta rinktis tais atvejais, kai reikia i\u0161skirtinio patikimumo, ilgaam\u017ei\u0161kumo ir na\u0161umo.Kai pereinate nuo vieno pratimo prie kito, nesvarbu, ar tai b\u016bt\u0173 bicepso lenkimas, kr\u016btin\u0117s paspaudimai, lat\u0117s pritraukimai, ar bet koks kitas j\u0117gos stiprinimo pratimas, i\u0161skirtinis &#8222;Evolve Ultra&#8221; serijos troso na\u0161umas u\u017etikrina, kad judesiai b\u016bt\u0173 skland\u016bs, o pasiprie\u0161inimas &#8211; pastovus, tod\u0117l treniruot\u0117 bus ir veiksminga, ir maloni.<\/p>\n<\/div>\n<\/div>\n\n\n\n<div class=\"wp-block-columns alignwide mobile-reverse is-layout-flex wp-container-core-columns-is-layout-ca64bf2d wp-block-columns-is-layout-flex\" style=\"margin-bottom:var(--wp--preset--spacing--side-padding)\">\n<div class=\"wp-block-column is-vertically-aligned-center is-layout-flow wp-block-column-is-layout-flow\">\n<h3 class=\"wp-block-heading\" style=\"margin-bottom:var(--wp--preset--spacing--h-3-bottom)\">Dvigubas miltelinis padengimas<\/h3>\n\n\n\n<p><strong><em>Elektrostatiniu milteliniu b\u016bdu dengtas perlamutras<\/em><\/strong><\/p>\n\n\n\n<p style=\"margin-bottom:var(--wp--preset--spacing--tb-section-padding)\">&#8222;Evolve Ultra&#8221; serijos j\u0117gos ma\u0161inos su elektrostatiniu milteliniu b\u016bdu dengtu perlamutrin\u0117s juodos matin\u0117s spalvos r\u0117mu yra ir formos, ir funkcijos pavyzdys. Jos estetin\u012f patrauklum\u0105 sustiprina juoda matin\u0117 apdaila, o praktin\u0117s savyb\u0117s, \u012fskaitant atsparum\u0105 trin\u010diai, antikorozines savybes ir atsparum\u0105 \u012fbr\u0117\u017eimams, u\u017etikrina, kad ji b\u016bt\u0173 patikimas ir ilgaam\u017eis treniruo\u010di\u0173 palydovas.<\/p>\n<\/div>\n\n\n\n<div class=\"wp-block-column is-vertically-aligned-center is-layout-flow wp-block-column-is-layout-flow\">\n<figure class=\"wp-block-video\"><video height=\"1920\" style=\"aspect-ratio: 1920 \/ 1920;\" width=\"1920\" autoplay=\"\" controls=\"\" loop=\"\" muted=\"\" src=\"https:\/\/evolve-fitness.eu\/wp-content\/uploads\/2023\/10\/Evolve-Double-powder-coated-Frame.mp4\"><\/video><\/figure>\n<\/div>\n<\/div>\n\n\n\n<div class=\"wp-block-columns alignwide mobile-reverse is-layout-flex wp-container-core-columns-is-layout-ca64bf2d wp-block-columns-is-layout-flex\" style=\"margin-bottom:var(--wp--preset--spacing--side-padding)\">\n<div class=\"wp-block-column is-vertically-aligned-center is-layout-flow wp-block-column-is-layout-flow\">\n<figure class=\"wp-block-image size-full\"><img decoding=\"async\" src=\"https:\/\/evolve-fitness.eu\/wp-content\/uploads\/2024\/01\/plate.webp\" alt=\"\" class=\"wp-image-9942\"\/><\/figure>\n<\/div>\n\n\n\n<div class=\"wp-block-column is-vertically-aligned-center is-layout-flow wp-block-column-is-layout-flow\">\n<h3 class=\"wp-block-heading\">Vir\u0161utin\u0117 svorio plok\u0161t\u0117<\/h3>\n\n\n\n<p><strong><em>Geresniam veikimui<\/em><\/strong><\/p>\n\n\n\n<p>&#8222;Evolve Ultra Series&#8221; selektorinis koj\u0173 lenkimo treniruoklis turi dvi papildomas 2,5 kg vir\u0161utinio svorio plok\u0161teles, kurios atlieka dvejop\u0105 funkcij\u0105 &#8211; pagerina treniruoklio na\u0161um\u0105. Pirma, jis padidina did\u017eiausi\u0105 galim\u0105 treniruoklio pasiprie\u0161inim\u0105, tod\u0117l naudotojai gali dar labiau padidinti treniruo\u010di\u0173 kr\u016bv\u012f. Be to, \u0161ios papildomos svorio plok\u0161t\u0117s suteikia unikal\u0173 prana\u0161um\u0105, nes leid\u017eia naudotojams ma\u017eesniais ir tikslesniais \u017eingsniais reguliuoti pasiprie\u0161inim\u0105 &#8211; kiekviena plok\u0161t\u0117 padidina pasiprie\u0161inim\u0105 2,5 kg. Toks tikslus pasiprie\u0161inimo parinkimas leid\u017eia \u017emon\u0117ms tiksliai sureguliuoti treniruotes, kad jos atitikt\u0173 j\u0173 konkre\u010dius poreikius ir tikslus, u\u017etikrinant, kad kiekviena treniruot\u0117 b\u016bt\u0173 pritaikyta optimaliems rezultatams pasiekti.<\/p>\n<\/div>\n<\/div>\n<\/section>\n<\/section>\n","protected":false},"excerpt":{"rendered":"<p>Pagerinkite kr\u016btin\u0117s treniruotes naudodami &#8222;Evolve Ultra Series&#8221; selektorin\u012f kr\u016btin\u0117s pres\u0105, UL-010. Suprojektuotas taip, kad b\u016bt\u0173 patogus ir na\u0161us, jis turi profiliuotas s\u0117dynes, nepriklausom\u0105 rank\u0173 judes\u012f ir u\u017edengt\u0105 svorio kr\u016bvio gaubt\u0105. UL-010 su eleganti\u0161ka matine apdaila, optimaliomis rankenomis ir lengvai reguliuojama s\u0117dyne &#8211; tai inovacij\u0173 vir\u0161\u016bn\u0117 j\u016bs\u0173 sporto sal\u0117je.<\/p>\n","protected":false},"featured_media":75719,"template":"","meta":{"_acf_changed":false,"inline_featured_image":false},"product_cat":[117,166,167],"product_tag":[],"class_list":{"0":"post-7291","1":"product","2":"type-product","3":"status-publish","4":"has-post-thumbnail","6":"product_cat-pagrindinis-puslapis","7":"product_cat-pasirinktines-masinos","8":"product_cat-ultra-series-selektorizuoti-treniruokliai","10":"first","11":"instock","12":"shipping-taxable","13":"purchasable","14":"product-type-simple"},"acf":[],"_links":{"self":[{"href":"https:\/\/store.evolve-fitness.eu\/lt\/wp-json\/wp\/v2\/product\/7291","targetHints":{"allow":["GET"]}}],"collection":[{"href":"https:\/\/store.evolve-fitness.eu\/lt\/wp-json\/wp\/v2\/product"}],"about":[{"href":"https:\/\/store.evolve-fitness.eu\/lt\/wp-json\/wp\/v2\/types\/product"}],"wp:featuredmedia":[{"embeddable":true,"href":"https:\/\/store.evolve-fitness.eu\/lt\/wp-json\/wp\/v2\/media\/75719"}],"wp:attachment":[{"href":"https:\/\/store.evolve-fitness.eu\/lt\/wp-json\/wp\/v2\/media?parent=7291"}],"wp:term":[{"taxonomy":"product_cat","embeddable":true,"href":"https:\/\/store.evolve-fitness.eu\/lt\/wp-json\/wp\/v2\/product_cat?post=7291"},{"taxonomy":"product_tag","embeddable":true,"href":"https:\/\/store.evolve-fitness.eu\/lt\/wp-json\/wp\/v2\/product_tag?post=7291"}],"curies":[{"name":"wp","href":"https:\/\/api.w.org\/{rel}","templated":true}]}}