{"id":7287,"date":"2024-01-24T10:56:55","date_gmt":"2024-01-24T10:56:55","guid":{"rendered":"https:\/\/store.evolve-fitness.eu\/produktas\/evolve-prime-series-traukimo-suolelis\/"},"modified":"2025-09-25T17:12:58","modified_gmt":"2025-09-25T17:12:58","slug":"evolve-prime-series-traukimo-suolelis","status":"publish","type":"product","link":"https:\/\/store.evolve-fitness.eu\/lt\/produktas\/evolve-prime-series-traukimo-suolelis\/","title":{"rendered":"Evolve Prime Series traukos gulint suoliukas"},"content":{"rendered":"\n<section class=\"wp-block-group alignfull black-content has-white-color has-darkgray-background-color has-text-color has-background is-layout-constrained wp-block-group-is-layout-constrained\" style=\"padding-top:var(--wp--preset--spacing--section-bottom);padding-bottom:var(--wp--preset--spacing--section-bottom)\">\n<div class=\"wp-block-columns alignwide mobile-reverse is-layout-flex wp-container-core-columns-is-layout-ca64bf2d wp-block-columns-is-layout-flex\" style=\"margin-bottom:var(--wp--preset--spacing--side-padding)\">\n<div class=\"wp-block-column is-vertically-aligned-center is-layout-flow wp-block-column-is-layout-flow\">\n<h3 class=\"wp-block-heading\" style=\"margin-bottom:var(--wp--preset--spacing--h-3-bottom)\"><strong><strong><strong><strong><strong><strong><strong>Patvarus ir pritaikomas<\/strong><\/strong><\/strong><\/strong><\/strong><\/strong><\/strong><\/h3>\n\n\n\n<p><strong><em><strong><em><strong><strong><strong><strong><strong>Sporto suoliukai<\/strong><\/strong><\/strong><\/strong><\/strong><\/em><\/strong><\/em><\/strong><\/p>\n\n\n\n<p style=\"margin-bottom:var(--wp--preset--spacing--tb-section-padding)\">Pagerinkite savo treniruokli\u0173 sal\u0119 naudodami &#8222;Evolve&#8221; suoliukus. \u0160ie suolai pagaminti i\u0161 tvirto metalinio r\u0117mo, naudojant pa\u017eangiausi\u0105 termoreaktyvi\u0173j\u0173 milteli\u0173 elektrostatinio pur\u0161kimo technologij\u0105, tod\u0117l yra ilgaam\u017eiai. Tvirta konstrukcija u\u017etikrina, kad jie atlaikys nam\u0173 naudotoj\u0173, profesionali\u0173 sporto sali\u0173 ir komercini\u0173 treniruokli\u0173, \u012fskaitant karines bazes, vie\u0161bu\u010dius, nakvyn\u0117s namus ir reabilitacijos centrus, reikalavimus.<\/p>\n\n\n\n<h3 class=\"wp-block-heading\" style=\"margin-bottom:var(--wp--preset--spacing--h-3-bottom)\"><strong>Funkcinis<\/strong> <strong>Stabilumas<\/strong><\/h3>\n\n\n\n<p><strong><em><strong><em><strong><strong><strong><strong><strong>PVC dangteliai<\/strong><\/strong><\/strong><\/strong><\/strong><\/em><\/strong><\/em><\/strong><\/p>\n\n\n\n<p>M\u016bs\u0173 &#8222;Evolve&#8221; suoliukai turi mink\u0161tas PVC dangas ant koj\u0173, kurios apsaugo j\u016bs\u0173 grindis ir u\u017etikrina i\u0161skirtin\u012f stabilum\u0105 net intensyviausi\u0173 treniruo\u010di\u0173 metu. Galite pasikliauti, kad \u0161ie suoliukai u\u017etikrins maksimal\u0173 stabilum\u0105 ir leis treniruotis visam k\u016bnui. Mink\u0161ti ir patog\u016bs apmu\u0161alai u\u017epildyti tankiomis, elastingomis putomis, kurios laikui b\u0117gant nepraranda savo formos. Be to, jis padengtas auk\u0161tos kokyb\u0117s, tvirta PU oda, kad b\u016bt\u0173 ilgaam\u017eis.<\/p>\n<\/div>\n\n\n\n<div class=\"wp-block-column is-vertically-aligned-center is-layout-flow wp-block-column-is-layout-flow\">\n<figure class=\"wp-block-image size-large\"><img decoding=\"async\" src=\"https:\/\/evolve-fitness.eu\/wp-content\/uploads\/2023\/09\/A7_07059-683x1024.jpg\" alt=\"\" class=\"wp-image-8273\"\/><\/figure>\n<\/div>\n<\/div>\n\n\n\n<div class=\"wp-block-columns alignwide is-layout-flex wp-container-core-columns-is-layout-c45ee707 wp-block-columns-is-layout-flex\" style=\"margin-bottom:var(--wp--preset--spacing--side-padding);padding-top:var(--wp--preset--spacing--side-padding)\">\n<div class=\"wp-block-column is-vertically-aligned-center is-layout-flow wp-block-column-is-layout-flow\">\n<figure class=\"wp-block-image size-large\"><img loading=\"lazy\" decoding=\"async\" width=\"1024\" height=\"1024\" src=\"https:\/\/store.evolve-fitness.eu\/wp-content\/uploads\/2024\/06\/Dizainas-be-pavadinimo-26-3-1024x1024.png\" alt=\"\" class=\"wp-image-78904\" srcset=\"https:\/\/store.evolve-fitness.eu\/wp-content\/uploads\/2024\/06\/Dizainas-be-pavadinimo-26-3-1024x1024.png 1024w, https:\/\/store.evolve-fitness.eu\/wp-content\/uploads\/2024\/06\/Dizainas-be-pavadinimo-26-3-300x300.png 300w, https:\/\/store.evolve-fitness.eu\/wp-content\/uploads\/2024\/06\/Dizainas-be-pavadinimo-26-3-150x150.png 150w, https:\/\/store.evolve-fitness.eu\/wp-content\/uploads\/2024\/06\/Dizainas-be-pavadinimo-26-3-768x768.png 768w, https:\/\/store.evolve-fitness.eu\/wp-content\/uploads\/2024\/06\/Dizainas-be-pavadinimo-26-3-600x600.png 600w, https:\/\/store.evolve-fitness.eu\/wp-content\/uploads\/2024\/06\/Dizainas-be-pavadinimo-26-3-100x100.png 100w, https:\/\/store.evolve-fitness.eu\/wp-content\/uploads\/2024\/06\/Dizainas-be-pavadinimo-26-3.png 1080w\" sizes=\"auto, (max-width: 1024px) 100vw, 1024px\" \/><\/figure>\n<\/div>\n\n\n\n<div class=\"wp-block-column is-vertically-aligned-center is-layout-flow wp-block-column-is-layout-flow\">\n<h3 class=\"wp-block-heading\" style=\"margin-bottom:var(--wp--preset--spacing--h-3-bottom)\"><strong>Pritaikyta j\u016bs\u0173 prek\u0117s \u017eenklui<\/strong><\/h3>\n\n\n\n<p><strong><em><strong><em>Suderinkite savo interjero spalvin\u0119 schem\u0105<\/em><\/strong><\/em><\/strong><\/p>\n\n\n\n<p style=\"margin-bottom:var(--wp--preset--spacing--tb-section-padding)\">Pagerinkite savo sporto sal\u0117s \u012fvaizd\u012f pasirinkdami &#8222;Evolve&#8221; \u012frang\u0105. Si\u016blome pritaikymo galimybes, kad atitikt\u0173 j\u016bs\u0173 interjero spalvin\u0119 schem\u0105. Galite net pritaikyti r\u0117mo ir apmu\u0161al\u0173 spalvas, kad skland\u017eiai der\u0117t\u0173 prie j\u016bs\u0173 \u012fstaigos estetikos. \u012esigykite treniruokli\u0173 \u012frang\u0105, kurios lauk\u0117te &#8211; patvari\u0105, stiling\u0105 ir pritaikyt\u0105 konkretiems j\u016bs\u0173 poreikiams. Rinkit\u0117s &#8222;Evolve&#8221;, jei norite \u012fsigyti auk\u0161\u010diausios klas\u0117s treniruokli\u0173 \u012frang\u0105, kuri puikiai tinka komercin\u0117je aplinkoje ir papildo j\u016bs\u0173 dizaino vizij\u0105.<\/p>\n<\/div>\n<\/div>\n<\/section>\n","protected":false},"excerpt":{"rendered":"<p>Evolve Prime serijos traukos gulint suoliukas, EV-BN-PR-233. Evolve Prime serijos traukos suoliukas \u2013 tai patikimas ir funkcionalus sprendimas i\u0161 Evolve treniruo\u010di\u0173 \u012frangos asortimento, sukurtas intensyvioms treniruot\u0117ms. Suoliukas sveria 130 kg ir pasi\u017eymi tvirta konstrukcija, u\u017etikrinan\u010dia stabilum\u0105 net esant didel\u0117ms apkrovoms. Jo matmenys \u2013 1845 x 1239 x 913 mm \u2013 suteikia pakankamai erdv\u0117s patogiai treniruotei. \u0160is suoliukas puikiai tinka tiek profesionalioms sporto sal\u0117ms, tiek nam\u0173 treniruo\u010di\u0173 erdv\u0117ms. Pridedama 2 met\u0173 garantija atspindi Evolve \u012fsipareigojim\u0105 kokybei ir klient\u0173 pasitenkinimui. Ie\u0161kantiems ilgalaik\u0117s ir patikimos \u012frangos j\u0117gos treniruot\u0117ms \u2013 tai puikus pasirinkimas.<\/p>\n","protected":false},"featured_media":5110,"template":"","meta":{"_acf_changed":true,"inline_featured_image":false},"product_cat":[117,132,159],"product_tag":[],"class_list":{"0":"post-7287","1":"product","2":"type-product","3":"status-publish","4":"has-post-thumbnail","6":"product_cat-pagrindinis-puslapis","7":"product_cat-suoliukai","8":"product_cat-prime-series-suoliukai","10":"first","11":"outofstock","12":"shipping-taxable","13":"purchasable","14":"product-type-simple"},"acf":[],"_links":{"self":[{"href":"https:\/\/store.evolve-fitness.eu\/lt\/wp-json\/wp\/v2\/product\/7287","targetHints":{"allow":["GET"]}}],"collection":[{"href":"https:\/\/store.evolve-fitness.eu\/lt\/wp-json\/wp\/v2\/product"}],"about":[{"href":"https:\/\/store.evolve-fitness.eu\/lt\/wp-json\/wp\/v2\/types\/product"}],"wp:featuredmedia":[{"embeddable":true,"href":"https:\/\/store.evolve-fitness.eu\/lt\/wp-json\/wp\/v2\/media\/5110"}],"wp:attachment":[{"href":"https:\/\/store.evolve-fitness.eu\/lt\/wp-json\/wp\/v2\/media?parent=7287"}],"wp:term":[{"taxonomy":"product_cat","embeddable":true,"href":"https:\/\/store.evolve-fitness.eu\/lt\/wp-json\/wp\/v2\/product_cat?post=7287"},{"taxonomy":"product_tag","embeddable":true,"href":"https:\/\/store.evolve-fitness.eu\/lt\/wp-json\/wp\/v2\/product_tag?post=7287"}],"curies":[{"name":"wp","href":"https:\/\/api.w.org\/{rel}","templated":true}]}}