{"id":7230,"date":"2024-01-24T11:41:16","date_gmt":"2024-01-24T11:41:16","guid":{"rendered":"https:\/\/store.evolve-fitness.eu\/produktas\/evolve-prime-series-hipereksitencijos-suoliukas-2\/"},"modified":"2026-03-09T12:00:28","modified_gmt":"2026-03-09T12:00:28","slug":"evolve-prime-series-hipereksitencijos-suoliukas-2","status":"publish","type":"product","link":"https:\/\/store.evolve-fitness.eu\/lt\/produktas\/evolve-prime-series-hipereksitencijos-suoliukas-2\/","title":{"rendered":"Evolve Prime Series rom\u0117ni\u0161kas nugaros suoliukas (PR-220)"},"content":{"rendered":"\n<section class=\"wp-block-group alignfull black-content has-white-color has-darkgray-background-color has-text-color has-background is-layout-constrained wp-block-group-is-layout-constrained\" style=\"padding-top:var(--wp--preset--spacing--section-bottom);padding-bottom:var(--wp--preset--spacing--section-bottom)\">\n<div class=\"wp-block-columns alignwide mobile-reverse is-layout-flex wp-container-core-columns-is-layout-ca64bf2d wp-block-columns-is-layout-flex\" style=\"margin-bottom:var(--wp--preset--spacing--side-padding)\">\n<div class=\"wp-block-column is-vertically-aligned-center is-layout-flow wp-block-column-is-layout-flow\">\n<h3 class=\"wp-block-heading\" style=\"margin-bottom:var(--wp--preset--spacing--h-3-bottom)\"><strong><strong><strong><strong><strong><strong><strong>Patvarus ir pritaikomas<\/strong><\/strong><\/strong><\/strong><\/strong><\/strong><\/strong><\/h3>\n\n\n\n<p><strong><em><strong><em><strong><strong><strong><strong><strong>Sporto suoliukai<\/strong><\/strong><\/strong><\/strong><\/strong><\/em><\/strong><\/em><\/strong><\/p>\n\n\n\n<p style=\"margin-bottom:var(--wp--preset--spacing--tb-section-padding)\">Pagerinkite savo treniruokli\u0173 sal\u0119 naudodami Evolve suoliukus. \u0160ie suolai pagaminti i\u0161 tvirto metalinio r\u0117mo, naudojant pa\u017eangiausi\u0105 termoreaktyvi\u0173j\u0173 milteli\u0173 elektrostatinio pur\u0161kimo technologij\u0105, tod\u0117l yra ilgaam\u017eiai. Tvirta konstrukcija u\u017etikrina, kad jie atlaikys nam\u0173 naudotoj\u0173, profesionali\u0173 sporto sali\u0173 ir komercini\u0173 treniruokli\u0173, \u012fskaitant karines bazes, vie\u0161bu\u010dius, nakvyn\u0117s namus ir reabilitacijos centrus, reikalavimus.<\/p>\n\n\n\n<h3 class=\"wp-block-heading\" style=\"margin-bottom:var(--wp--preset--spacing--h-3-bottom)\"><strong>Funkcinis<\/strong> <strong>Stabilumas<\/strong><\/h3>\n\n\n\n<p><strong><em><strong><em><strong><strong><strong><strong><strong>PVC <\/strong><\/strong><\/strong><\/strong><\/strong><\/em><\/strong><\/em><\/strong><em>danga<\/em><\/p>\n\n\n\n<p>M\u016bs\u0173 Evolve suoliukai turi mink\u0161tas PVC dangas ant koj\u0173, kurios apsaugo j\u016bs\u0173 grindis ir u\u017etikrina i\u0161skirtin\u012f stabilum\u0105 net intensyviausi\u0173 treniruo\u010di\u0173 metu. Galite pasikliauti, kad \u0161ie suoliukai u\u017etikrins maksimal\u0173 stabilum\u0105 ir leis treniruotis visam k\u016bnui. Mink\u0161ti ir patog\u016bs apmu\u0161alai u\u017epildyti tankiomis, elastingomis putomis, kurios laikui b\u0117gant nepraranda savo formos. Be to, jis padengtas auk\u0161tos kokyb\u0117s, tvirta PU oda, kad b\u016bt\u0173 ilgaam\u017eis.<\/p>\n<\/div>\n\n\n\n<div class=\"wp-block-column is-vertically-aligned-center is-layout-flow wp-block-column-is-layout-flow\">\n<figure class=\"wp-block-image size-large\"><img loading=\"lazy\" decoding=\"async\" width=\"683\" height=\"1024\" src=\"https:\/\/store.evolve-fitness.eu\/wp-content\/uploads\/2024\/06\/EV-BN-PR-220-Evolve-Prime-Series-Hyperextension-Bench-683x1024.jpg\" alt=\"\" class=\"wp-image-78751\" srcset=\"https:\/\/store.evolve-fitness.eu\/wp-content\/uploads\/2024\/06\/EV-BN-PR-220-Evolve-Prime-Series-Hyperextension-Bench-683x1024.jpg 683w, https:\/\/store.evolve-fitness.eu\/wp-content\/uploads\/2024\/06\/EV-BN-PR-220-Evolve-Prime-Series-Hyperextension-Bench-200x300.jpg 200w, https:\/\/store.evolve-fitness.eu\/wp-content\/uploads\/2024\/06\/EV-BN-PR-220-Evolve-Prime-Series-Hyperextension-Bench-768x1152.jpg 768w, https:\/\/store.evolve-fitness.eu\/wp-content\/uploads\/2024\/06\/EV-BN-PR-220-Evolve-Prime-Series-Hyperextension-Bench-1024x1536.jpg 1024w, https:\/\/store.evolve-fitness.eu\/wp-content\/uploads\/2024\/06\/EV-BN-PR-220-Evolve-Prime-Series-Hyperextension-Bench-1365x2048.jpg 1365w, https:\/\/store.evolve-fitness.eu\/wp-content\/uploads\/2024\/06\/EV-BN-PR-220-Evolve-Prime-Series-Hyperextension-Bench-600x900.jpg 600w, https:\/\/store.evolve-fitness.eu\/wp-content\/uploads\/2024\/06\/EV-BN-PR-220-Evolve-Prime-Series-Hyperextension-Bench.jpg 1373w\" sizes=\"auto, (max-width: 683px) 100vw, 683px\" \/><\/figure>\n<\/div>\n<\/div>\n\n\n\n<div class=\"wp-block-columns alignwide is-layout-flex wp-container-core-columns-is-layout-c45ee707 wp-block-columns-is-layout-flex\" style=\"margin-bottom:var(--wp--preset--spacing--side-padding);padding-top:var(--wp--preset--spacing--side-padding)\">\n<div class=\"wp-block-column is-vertically-aligned-center is-layout-flow wp-block-column-is-layout-flow\">\n<figure class=\"wp-block-image size-full\"><img loading=\"lazy\" decoding=\"async\" width=\"680\" height=\"600\" src=\"https:\/\/store.evolve-fitness.eu\/wp-content\/uploads\/2024\/06\/EV-BN-PR-220-Evolve-Prime-Series-Hyperextension-Bench-1.png\" alt=\"\" class=\"wp-image-78726\" srcset=\"https:\/\/store.evolve-fitness.eu\/wp-content\/uploads\/2024\/06\/EV-BN-PR-220-Evolve-Prime-Series-Hyperextension-Bench-1.png 680w, https:\/\/store.evolve-fitness.eu\/wp-content\/uploads\/2024\/06\/EV-BN-PR-220-Evolve-Prime-Series-Hyperextension-Bench-1-300x265.png 300w, https:\/\/store.evolve-fitness.eu\/wp-content\/uploads\/2024\/06\/EV-BN-PR-220-Evolve-Prime-Series-Hyperextension-Bench-1-600x529.png 600w\" sizes=\"auto, (max-width: 680px) 100vw, 680px\" \/><\/figure>\n<\/div>\n\n\n\n<div class=\"wp-block-column is-vertically-aligned-center is-layout-flow wp-block-column-is-layout-flow\">\n<h3 class=\"wp-block-heading\" style=\"margin-bottom:var(--wp--preset--spacing--h-3-bottom)\"><strong>Pritaikyta j\u016bs\u0173 prek\u0117s \u017eenklui<\/strong><\/h3>\n\n\n\n<p><strong><em><strong><em>Suderinkite savo interjero spalvin\u0119 schem\u0105<\/em><\/strong><\/em><\/strong><\/p>\n\n\n\n<p style=\"margin-bottom:var(--wp--preset--spacing--tb-section-padding)\">Pagerinkite savo sporto sal\u0117s \u012fvaizd\u012f pasirinkdami Evolve \u012frang\u0105. Si\u016blome pritaikymo galimybes, kad atitikt\u0173 j\u016bs\u0173 interjero spalvin\u0119 schem\u0105. Galite net pritaikyti r\u0117mo ir apmu\u0161al\u0173 spalvas, kad skland\u017eiai der\u0117t\u0173 prie j\u016bs\u0173 \u012fstaigos estetikos. \u012esigykite treniruokli\u0173 \u012frang\u0105, kurios lauk\u0117te &#8211; patvari\u0105, stiling\u0105 ir pritaikyt\u0105 konkretiems j\u016bs\u0173 poreikiams. Rinkit\u0117s Evolve, jei norite \u012fsigyti auk\u0161\u010diausios klas\u0117s treniruokli\u0173 \u012frang\u0105, kuri puikiai tinka komercin\u0117je aplinkoje ir papildo j\u016bs\u0173 dizaino vizij\u0105.<\/p>\n<\/div>\n<\/div>\n<\/section>\n","protected":false},"excerpt":{"rendered":"<p>Pristatome &#8222;Evolve Prime Series&#8221; hiperekstenzijos suoliuk\u0105 &#8211; pagrindin\u012f \u012frengin\u012f, skirt\u0105 pagrindinei j\u0117gai stiprinti ir apatin\u0117s nugaros dalies sveikatai gerinti. Specialiai sukurtas tiek komercin\u0117ms, tiek nam\u0173 sporto sal\u0117ms, \u0161is suoliukas puikiai tinka atliekant hiperekstenzijos pratimus, skirtus apatinei nugaros daliai, str\u0117noms ir s\u0117dmenims. &#8222;Evolve Prime&#8221; serijos suolelis pasi\u017eymi neprilygstamu stabilumu ir patogumu d\u0117l tvirtos konstrukcijos ir ergonomi\u0161ko pamink\u0161tinimo, u\u017etikrinan\u010dio saugi\u0105 ir efektyvi\u0105 treniruot\u0119. D\u0117l reguliuojamo auk\u0161\u010dio ir kampo nustatym\u0173 treniruoklis tinka vis\u0173 fizinio pasirengimo lygi\u0173 naudotojams &#8211; nuo pradedan\u010di\u0173j\u0173 iki pa\u017eengusi\u0173 sportinink\u0173. &#8222;Evolve Prime Series Hyperextension Bench&#8221; idealiai tinka tiems, kurie nori pagerinti laikysen\u0105, suma\u017einti nugaros skausmus ir sustiprinti pagrindin\u0119 j\u0117g\u0105. Eleganti\u0161kas dizainas ne tik pagerina j\u016bs\u0173 treniruo\u010di\u0173 erdv\u0117s estetik\u0105, bet ir \u017eada ilgalaik\u012f patvarum\u0105 bei na\u0161um\u0105.<\/p>\n","protected":false},"featured_media":5129,"template":"","meta":{"_acf_changed":true,"inline_featured_image":false},"product_cat":[117,132,159],"product_tag":[],"class_list":{"0":"post-7230","1":"product","2":"type-product","3":"status-publish","4":"has-post-thumbnail","6":"product_cat-pagrindinis-puslapis","7":"product_cat-suoliukai","8":"product_cat-prime-series-suoliukai","10":"first","11":"outofstock","12":"shipping-taxable","13":"purchasable","14":"product-type-simple"},"acf":[],"_links":{"self":[{"href":"https:\/\/store.evolve-fitness.eu\/lt\/wp-json\/wp\/v2\/product\/7230","targetHints":{"allow":["GET"]}}],"collection":[{"href":"https:\/\/store.evolve-fitness.eu\/lt\/wp-json\/wp\/v2\/product"}],"about":[{"href":"https:\/\/store.evolve-fitness.eu\/lt\/wp-json\/wp\/v2\/types\/product"}],"wp:featuredmedia":[{"embeddable":true,"href":"https:\/\/store.evolve-fitness.eu\/lt\/wp-json\/wp\/v2\/media\/5129"}],"wp:attachment":[{"href":"https:\/\/store.evolve-fitness.eu\/lt\/wp-json\/wp\/v2\/media?parent=7230"}],"wp:term":[{"taxonomy":"product_cat","embeddable":true,"href":"https:\/\/store.evolve-fitness.eu\/lt\/wp-json\/wp\/v2\/product_cat?post=7230"},{"taxonomy":"product_tag","embeddable":true,"href":"https:\/\/store.evolve-fitness.eu\/lt\/wp-json\/wp\/v2\/product_tag?post=7230"}],"curies":[{"name":"wp","href":"https:\/\/api.w.org\/{rel}","templated":true}]}}