{"id":7211,"date":"2024-01-24T11:59:57","date_gmt":"2024-01-24T11:59:57","guid":{"rendered":"https:\/\/store.evolve-fitness.eu\/produktas\/evolve-prime-series-ab-bench-suoliukas\/"},"modified":"2025-10-09T11:07:01","modified_gmt":"2025-10-09T11:07:01","slug":"evolve-prime-series-ab-bench-suoliukas","status":"publish","type":"product","link":"https:\/\/store.evolve-fitness.eu\/lt\/produktas\/evolve-prime-series-ab-bench-suoliukas\/","title":{"rendered":"Evolve Prime Series atsilenkim\u0173 suoliukas  (PR-218)"},"content":{"rendered":"\n<section class=\"wp-block-group alignfull black-content has-white-color has-darkgray-background-color has-text-color has-background is-layout-constrained wp-block-group-is-layout-constrained\" style=\"padding-top:var(--wp--preset--spacing--section-bottom);padding-bottom:var(--wp--preset--spacing--section-bottom)\">\n<div class=\"wp-block-columns alignwide is-layout-flex wp-container-core-columns-is-layout-c45ee707 wp-block-columns-is-layout-flex\" style=\"margin-bottom:var(--wp--preset--spacing--side-padding);padding-top:var(--wp--preset--spacing--side-padding)\">\n<div class=\"wp-block-column is-vertically-aligned-center is-layout-flow wp-block-column-is-layout-flow\">\n<figure class=\"wp-block-image size-large\"><img decoding=\"async\" src=\"https:\/\/evolve-fitness.eu\/wp-content\/uploads\/2023\/12\/A7_06437-1024x683.jpg\" alt=\"EV-BN-PR-228\" class=\"wp-image-8599\"\/><\/figure>\n<\/div>\n\n\n\n<div class=\"wp-block-column is-vertically-aligned-center is-layout-constrained wp-block-column-is-layout-constrained\">\n<h3 class=\"wp-block-heading\" style=\"margin-bottom:var(--wp--preset--spacing--h-3-bottom)\"><strong><strong>Pagrindini\u0173 raumen\u0173 stiprinimas<\/strong><\/strong> <\/h3>\n\n\n\n<p><\/p>\n\n\n\n<p style=\"margin-bottom:var(--wp--preset--spacing--tb-section-padding)\">Sukurtas specialiai s\u0117d\u0117jimo pratimams, skirtiems pagrindin\u0117ms raumen\u0173 grup\u0117ms. Jis padeda ugdyti pilvo raumen\u0173 j\u0117g\u0105 ir i\u0161tverm\u0119, o tai labai svarbu bendrai fizinei b\u016bklei.<\/p>\n<\/div>\n<\/div>\n\n\n\n<div class=\"wp-block-columns alignwide is-layout-flex wp-container-core-columns-is-layout-c45ee707 wp-block-columns-is-layout-flex\" style=\"margin-bottom:var(--wp--preset--spacing--side-padding);padding-top:var(--wp--preset--spacing--side-padding)\">\n<div class=\"wp-block-column is-vertically-aligned-center is-layout-flow wp-block-column-is-layout-flow\">\n<h3 class=\"wp-block-heading\" style=\"margin-bottom:var(--wp--preset--spacing--h-3-bottom)\"><strong><strong>Reguliuojamos funkcijos<\/strong><\/strong> <strong><strong><strong>d\u0117l universalumo<\/strong><\/strong><\/strong><\/h3>\n\n\n\n<p><\/p>\n\n\n\n<p>D\u0117l reguliuojamo nuolyd\u017eio \u0161is suoliukas pritaikytas \u012fvairaus k\u016bno sud\u0117jimo ir treniruo\u010di\u0173 intensyvumo treniruot\u0117ms. \u0160is pritaikomumas padidina jo naudingum\u0105 \u012fvairiems naudotojams.<\/p>\n<\/div>\n\n\n\n<div class=\"wp-block-column is-vertically-aligned-center is-layout-flow wp-block-column-is-layout-flow\">\n<div class=\"wp-block-columns is-layout-flex wp-container-core-columns-is-layout-9d6595d7 wp-block-columns-is-layout-flex\">\n<div class=\"wp-block-column is-layout-flow wp-block-column-is-layout-flow\">\n<figure class=\"wp-block-image size-large\"><img decoding=\"async\" src=\"https:\/\/evolve-fitness.eu\/wp-content\/uploads\/2023\/12\/A7_06425-1-683x1024.jpg\" alt=\"EV-BN-PR-228\" class=\"wp-image-8621\"\/><\/figure>\n<\/div>\n<\/div>\n<\/div>\n<\/div>\n\n\n\n<div class=\"wp-block-columns alignwide is-layout-flex wp-container-core-columns-is-layout-c45ee707 wp-block-columns-is-layout-flex\" style=\"margin-bottom:var(--wp--preset--spacing--side-padding);padding-top:var(--wp--preset--spacing--side-padding)\">\n<div class=\"wp-block-column is-vertically-aligned-center is-layout-flow wp-block-column-is-layout-flow\">\n<figure class=\"wp-block-image size-large\"><img decoding=\"async\" src=\"https:\/\/evolve-fitness.eu\/wp-content\/uploads\/2023\/12\/A7_06439-1024x683.jpg\" alt=\"EV-BN-PR-228\" class=\"wp-image-8605\"\/><\/figure>\n<\/div>\n\n\n\n<div class=\"wp-block-column is-vertically-aligned-center is-layout-flow wp-block-column-is-layout-flow\">\n<h3 class=\"wp-block-heading\" style=\"margin-bottom:var(--wp--preset--spacing--h-3-bottom)\"><strong><strong><strong>Tvirtas ir saugus dizainas<\/strong><\/strong><\/strong><\/h3>\n\n\n\n<p><\/p>\n\n\n\n<p>Suoliukas pagamintas taip, kad atlaikyt\u0173 grie\u017et\u0105 naudojim\u0105, tod\u0117l treniruo\u010di\u0173 metu u\u017etikrina saugum\u0105 ir stabilum\u0105, tod\u0117l tinka tiek sporto sal\u0117je, tiek namuose.<\/p>\n<\/div>\n<\/div>\n\n\n\n<div class=\"wp-block-columns alignwide is-layout-flex wp-container-core-columns-is-layout-c45ee707 wp-block-columns-is-layout-flex\" style=\"margin-bottom:var(--wp--preset--spacing--side-padding);padding-top:var(--wp--preset--spacing--side-padding)\">\n<div class=\"wp-block-column is-vertically-aligned-center is-layout-flow wp-block-column-is-layout-flow\">\n<h3 class=\"wp-block-heading\" style=\"margin-bottom:var(--wp--preset--spacing--h-3-bottom)\"><strong><strong>Patogus ir ergonomi\u0161kas<\/strong><\/strong><\/h3>\n\n\n\n<p><\/p>\n\n\n\n<p>Evolve atsilenkian\u010diame suole pabr\u0117\u017eiamas naudotojo patogumas, nes jo pamink\u0161tinimas ir ergonomi\u0161kas dizainas padeda palaikyti tinkam\u0105 treniruo\u010di\u0173 form\u0105 ir ma\u017eina traum\u0173 rizik\u0105.<\/p>\n<\/div>\n\n\n\n<div class=\"wp-block-column is-vertically-aligned-center is-layout-flow wp-block-column-is-layout-flow\">\n<div class=\"wp-block-columns is-layout-flex wp-container-core-columns-is-layout-9d6595d7 wp-block-columns-is-layout-flex\">\n<div class=\"wp-block-column is-layout-flow wp-block-column-is-layout-flow\">\n<figure class=\"wp-block-image size-large\"><img decoding=\"async\" src=\"https:\/\/evolve-fitness.eu\/wp-content\/uploads\/2023\/12\/A7_06448-683x1024.jpg\" alt=\"EV-BN-PR-228\" class=\"wp-image-8603\"\/><\/figure>\n<\/div>\n<\/div>\n<\/div>\n<\/div>\n<\/section>\n","protected":false},"excerpt":{"rendered":"<p>&#8222;Evolve Prime Series AB Bench&#8221; yra \u017einomas d\u0117l savo tvirtos konstrukcijos ir funkcionalumo. 57 kg sveriantis treniruoklis yra pakankamai tvirtas, kad gal\u0117tum\u0117te intensyviai treniruotis, ta\u010diau j\u012f galima naudoti sporto sal\u0117je. \u0160iam suoliukui suteikiama 2 met\u0173 garantija, tod\u0117l tiek sporto sali\u0173 savininkai, tiek fitneso entuziastai gali b\u016bti ram\u016bs. Tai idealus pasirinkimas tiems, kurie ie\u0161ko patikimo ir patvaraus suolo pilvo presui, atspindintis &#8222;Evolve&#8221; \u012fsipareigojim\u0105 u\u017etikrinti kokyb\u0119 ir naudotoj\u0173 pasitenkinim\u0105 &#8222;Prime&#8221; serijoje.<\/p>\n","protected":false},"featured_media":6331,"template":"","meta":{"_acf_changed":true,"inline_featured_image":false},"product_cat":[117,132,159],"product_tag":[],"class_list":{"0":"post-7211","1":"product","2":"type-product","3":"status-publish","4":"has-post-thumbnail","6":"product_cat-pagrindinis-puslapis","7":"product_cat-suoliukai","8":"product_cat-prime-series-suoliukai","10":"first","11":"instock","12":"shipping-taxable","13":"purchasable","14":"product-type-simple"},"acf":[],"_links":{"self":[{"href":"https:\/\/store.evolve-fitness.eu\/lt\/wp-json\/wp\/v2\/product\/7211","targetHints":{"allow":["GET"]}}],"collection":[{"href":"https:\/\/store.evolve-fitness.eu\/lt\/wp-json\/wp\/v2\/product"}],"about":[{"href":"https:\/\/store.evolve-fitness.eu\/lt\/wp-json\/wp\/v2\/types\/product"}],"wp:featuredmedia":[{"embeddable":true,"href":"https:\/\/store.evolve-fitness.eu\/lt\/wp-json\/wp\/v2\/media\/6331"}],"wp:attachment":[{"href":"https:\/\/store.evolve-fitness.eu\/lt\/wp-json\/wp\/v2\/media?parent=7211"}],"wp:term":[{"taxonomy":"product_cat","embeddable":true,"href":"https:\/\/store.evolve-fitness.eu\/lt\/wp-json\/wp\/v2\/product_cat?post=7211"},{"taxonomy":"product_tag","embeddable":true,"href":"https:\/\/store.evolve-fitness.eu\/lt\/wp-json\/wp\/v2\/product_tag?post=7211"}],"curies":[{"name":"wp","href":"https:\/\/api.w.org\/{rel}","templated":true}]}}