{"id":7205,"date":"2024-01-24T11:28:55","date_gmt":"2024-01-24T11:28:55","guid":{"rendered":"https:\/\/store.evolve-fitness.eu\/produktas\/evolve-prime-series-hipereksitencijos-suoliukas\/"},"modified":"2026-01-14T12:00:31","modified_gmt":"2026-01-14T12:00:31","slug":"evolve-prime-series-hipereksitencijos-suoliukas","status":"publish","type":"product","link":"https:\/\/store.evolve-fitness.eu\/lt\/produktas\/evolve-prime-series-hipereksitencijos-suoliukas\/","title":{"rendered":"Evolve Prime Series reguliuojamo pasvirimo kampo rom\u0117ni\u0161kas nugaros suoliukas (PR-224)"},"content":{"rendered":"\n<section class=\"wp-block-group alignfull black-content has-white-color has-darkgray-background-color has-text-color has-background is-layout-constrained wp-block-group-is-layout-constrained\" style=\"padding-top:var(--wp--preset--spacing--section-bottom);padding-bottom:var(--wp--preset--spacing--section-bottom)\">\n<div class=\"wp-block-columns alignwide is-layout-flex wp-container-core-columns-is-layout-c45ee707 wp-block-columns-is-layout-flex\" style=\"margin-bottom:var(--wp--preset--spacing--side-padding);padding-top:var(--wp--preset--spacing--side-padding)\">\n<div class=\"wp-block-column is-vertically-aligned-center is-layout-flow wp-block-column-is-layout-flow\">\n<figure class=\"wp-block-image size-large\"><img decoding=\"async\" src=\"https:\/\/evolve-fitness.eu\/wp-content\/uploads\/2023\/12\/EV-BN-PR-224-Evolve-Prime-Series-Adjustable-Hyperextension-Bench-8-683x1024.jpg\" alt=\"\" class=\"wp-image-129583\"\/><\/figure>\n<\/div>\n\n\n\n<div class=\"wp-block-column is-vertically-aligned-center is-layout-constrained wp-block-column-is-layout-constrained\">\n<h3 class=\"wp-block-heading\" style=\"margin-bottom:var(--wp--preset--spacing--h-3-bottom)\"><strong>Patobulinta<\/strong><\/h3>\n\n\n\n<p><strong>Pagrindin\u0117 treniruot\u0117<\/strong><\/p>\n\n\n\n<p style=\"margin-bottom:var(--wp--preset--spacing--tb-section-padding)\">Treniruoklis Evolve PR-224 skirtas apatinei nugaros daliai, s\u0117dmenims ir pilvo raumenims stiprinti, tod\u0117l si\u016bloma kryptinga \u0161erdies treniruot\u0117. Jo konstrukcija u\u017etikrina tiksling\u0105 raumen\u0173 \u012fsitraukim\u0105 ir veiksming\u0105 j\u0117gos stiprinim\u0105.<\/p>\n<\/div>\n<\/div>\n\n\n\n<div class=\"wp-block-columns alignwide is-layout-flex wp-container-core-columns-is-layout-c45ee707 wp-block-columns-is-layout-flex\" style=\"margin-bottom:var(--wp--preset--spacing--side-padding);padding-top:var(--wp--preset--spacing--side-padding)\">\n<div class=\"wp-block-column is-vertically-aligned-center is-layout-flow wp-block-column-is-layout-flow\">\n<h3 class=\"wp-block-heading\" style=\"margin-bottom:var(--wp--preset--spacing--h-3-bottom)\"><strong><strong>Pritaikomas<\/strong><\/strong> <strong><strong><strong>individualiems poreikiams<\/strong><\/strong><\/strong><\/h3>\n\n\n\n<p>\u0160is rom\u0117ni\u0161kas suoliukas turi reguliuojamus nustatymus, tod\u0117l naudotojai gali j\u0105 keisti pagal savo \u016bg\u012f ir treniruo\u010di\u0173 intensyvum\u0105. D\u0117l \u0161i\u0173 pritaikymo galimybi\u0173 jis tinka \u012fvairaus fizinio pasirengimo lygio naudotojams.<\/p>\n<\/div>\n\n\n\n<div class=\"wp-block-column is-vertically-aligned-center is-layout-flow wp-block-column-is-layout-flow\">\n<div class=\"wp-block-columns is-layout-flex wp-container-core-columns-is-layout-9d6595d7 wp-block-columns-is-layout-flex\">\n<div class=\"wp-block-column is-layout-flow wp-block-column-is-layout-flow\">\n<figure class=\"wp-block-image size-large\"><img decoding=\"async\" src=\"https:\/\/evolve-fitness.eu\/wp-content\/uploads\/2023\/12\/EV-BN-PR-224-Evolve-Prime-Series-Adjustable-Hyperextension-Bench-7-1024x683.jpg\" alt=\"EV-BN-PR-224\" class=\"wp-image-129609\"\/><\/figure>\n<\/div>\n<\/div>\n<\/div>\n<\/div>\n\n\n\n<div class=\"wp-block-columns alignwide is-layout-flex wp-container-core-columns-is-layout-c45ee707 wp-block-columns-is-layout-flex\" style=\"margin-bottom:var(--wp--preset--spacing--side-padding);padding-top:var(--wp--preset--spacing--side-padding)\">\n<div class=\"wp-block-column is-vertically-aligned-center is-layout-flow wp-block-column-is-layout-flow\">\n<figure class=\"wp-block-image size-large\"><img decoding=\"async\" src=\"https:\/\/evolve-fitness.eu\/wp-content\/uploads\/2023\/12\/EV-BN-PR-224-Evolve-Prime-Series-Adjustable-Hyperextension-Bench-2-1024x683.jpg\" alt=\"EV-BN-PR-224\" class=\"wp-image-129634\"\/><\/figure>\n<\/div>\n\n\n\n<div class=\"wp-block-column is-vertically-aligned-center is-layout-flow wp-block-column-is-layout-flow\">\n<h3 class=\"wp-block-heading\" style=\"margin-bottom:var(--wp--preset--spacing--h-3-bottom)\"><strong><strong><strong>Tvirtas ir patikimas<\/strong><\/strong><\/strong><\/h3>\n\n\n\n<p>Ilgaam\u017eis Evolve reguliuojamo pasvirimo rom\u0117ni\u0161kas suoliukas atlaiko da\u017en\u0105 naudojim\u0105 profesionaliose sporto sal\u0117se ir u\u017etikrina ilgalaik\u012f patikimum\u0105 bei saugum\u0105 treniruo\u010di\u0173 metu.<\/p>\n<\/div>\n<\/div>\n\n\n\n<div class=\"wp-block-columns alignwide is-layout-flex wp-container-core-columns-is-layout-c45ee707 wp-block-columns-is-layout-flex\" style=\"margin-bottom:var(--wp--preset--spacing--side-padding);padding-top:var(--wp--preset--spacing--side-padding)\">\n<div class=\"wp-block-column is-vertically-aligned-center is-layout-flow wp-block-column-is-layout-flow\">\n<h3 class=\"wp-block-heading\" style=\"margin-bottom:var(--wp--preset--spacing--h-3-bottom)\"><strong><strong>Ergonomi\u0161kas dizainas<\/strong><\/strong><\/h3>\n\n\n\n<p>Pirmenyb\u0119 teikiant naudotojo patogumui, jis ergonomi\u0161kai suprojektuotas taip, kad atliekant pratimus k\u016bnas b\u016bt\u0173 tinkamai prilaikomas, suma\u017e\u0117t\u0173 traum\u0173 rizika ir padid\u0117t\u0173 treniruo\u010di\u0173 efektyvumas.<\/p>\n<\/div>\n\n\n\n<div class=\"wp-block-column is-vertically-aligned-center is-layout-flow wp-block-column-is-layout-flow\">\n<div class=\"wp-block-columns is-layout-flex wp-container-core-columns-is-layout-9d6595d7 wp-block-columns-is-layout-flex\">\n<div class=\"wp-block-column is-layout-flow wp-block-column-is-layout-flow\">\n<figure class=\"wp-block-image size-large\"><img decoding=\"async\" src=\"https:\/\/evolve-fitness.eu\/wp-content\/uploads\/2023\/12\/EV-BN-PR-224-Evolve-Prime-Series-Adjustable-Hyperextension-Bench-3-683x1024.jpg\" alt=\"EV-BN-PR-224\" class=\"wp-image-129659\"\/><\/figure>\n<\/div>\n<\/div>\n<\/div>\n<\/div>\n<\/section>\n","protected":false},"excerpt":{"rendered":"<p>Reguliuojamo pasvirimo Evolve nugaros suoliukas \u2013 tai profesionalaus lygio \u012frenginys, skirtas apatin\u0117s nugaros, s\u0117dmen\u0173 ir pilvo preso raumen\u0173 treniruot\u0117ms. Sukurtas siekiant u\u017etikrinti patvarum\u0105 ir stabilum\u0105, \u0161is suoliukas puikiai tinka tiek komercin\u0117ms sporto sal\u0117ms, tiek nam\u0173 treniruo\u010di\u0173 zonoms. Patogus ir tvirtas dizainas leid\u017eia atlikti \u012fvairius pratimus, o reguliuojamos dalys suteikia galimyb\u0119 pritaikyti \u012frengin\u012f pagal naudotojo \u016bg\u012f ir treniruo\u010di\u0173 poreikius. Tai efektyvus ir individualiai pritaikomas sprendimas visapusi\u0161kam fiziniam pasirengimui.<\/p>\n","protected":false},"featured_media":5123,"template":"","meta":{"_acf_changed":false,"inline_featured_image":false},"product_cat":[117,132,159],"product_tag":[],"class_list":{"0":"post-7205","1":"product","2":"type-product","3":"status-publish","4":"has-post-thumbnail","6":"product_cat-pagrindinis-puslapis","7":"product_cat-suoliukai","8":"product_cat-prime-series-suoliukai","10":"first","11":"outofstock","12":"shipping-taxable","13":"purchasable","14":"product-type-simple"},"acf":[],"_links":{"self":[{"href":"https:\/\/store.evolve-fitness.eu\/lt\/wp-json\/wp\/v2\/product\/7205","targetHints":{"allow":["GET"]}}],"collection":[{"href":"https:\/\/store.evolve-fitness.eu\/lt\/wp-json\/wp\/v2\/product"}],"about":[{"href":"https:\/\/store.evolve-fitness.eu\/lt\/wp-json\/wp\/v2\/types\/product"}],"wp:featuredmedia":[{"embeddable":true,"href":"https:\/\/store.evolve-fitness.eu\/lt\/wp-json\/wp\/v2\/media\/5123"}],"wp:attachment":[{"href":"https:\/\/store.evolve-fitness.eu\/lt\/wp-json\/wp\/v2\/media?parent=7205"}],"wp:term":[{"taxonomy":"product_cat","embeddable":true,"href":"https:\/\/store.evolve-fitness.eu\/lt\/wp-json\/wp\/v2\/product_cat?post=7205"},{"taxonomy":"product_tag","embeddable":true,"href":"https:\/\/store.evolve-fitness.eu\/lt\/wp-json\/wp\/v2\/product_tag?post=7205"}],"curies":[{"name":"wp","href":"https:\/\/api.w.org\/{rel}","templated":true}]}}