{"id":7193,"date":"2024-01-18T09:23:12","date_gmt":"2024-01-18T09:23:12","guid":{"rendered":"https:\/\/store.evolve-fitness.eu\/produktas\/evolve-ketaus-kettlebells\/"},"modified":"2026-03-27T12:01:00","modified_gmt":"2026-03-27T12:01:00","slug":"evolve-ketaus-kettlebells","status":"publish","type":"product","link":"https:\/\/store.evolve-fitness.eu\/lt\/produktas\/evolve-ketaus-kettlebells\/","title":{"rendered":"&#8222;Evolve&#8221; ketaus kettlebells"},"content":{"rendered":"\n<section class=\"wp-block-group alignfull black-content has-white-color has-darkgray-background-color has-text-color has-background is-layout-constrained wp-block-group-is-layout-constrained\" style=\"padding-top:var(--wp--preset--spacing--section-bottom);padding-bottom:var(--wp--preset--spacing--section-bottom)\">\n<div class=\"wp-block-columns alignwide mobile-reverse is-layout-flex wp-container-core-columns-is-layout-ca64bf2d wp-block-columns-is-layout-flex\" style=\"margin-bottom:var(--wp--preset--spacing--side-padding)\">\n<div class=\"wp-block-column is-vertically-aligned-center is-layout-flow wp-block-column-is-layout-flow\">\n<h3 class=\"wp-block-heading\" style=\"margin-bottom:var(--wp--preset--spacing--h-3-bottom)\"><strong>I\u0161skirtinis patvarumas<\/strong><\/h3>\n\n\n\n<p><strong><em><strong><em><strong><em>Sukurta, kad tarnaut\u0173 ilgai<\/em><\/strong><\/em><\/strong><\/em><\/strong><\/p>\n\n\n\n<p>&#8222;Evolve&#8221; svarmenys pagaminti i\u0161 tvirto gele\u017eies lydinio, u\u017etikrinan\u010dio i\u0161skirtin\u012f ilgaam\u017ei\u0161kum\u0105 ir atsparum\u0105 deformacijai. J\u0173 gamybai naudojama vientiso liejimo technika garantuoja ne tik pusiausvyros tikslum\u0105 ir tvirt\u0105 konstrukcij\u0105, bet ir ilgaam\u017ei\u0161kum\u0105. \u0160ie svarmenys yra atspar\u016bs nusid\u0117v\u0117jimui, tod\u0117l tinka naudoti profesionaliose sporto sal\u0117se, karin\u0117se baz\u0117se, reabilitacijos centruose ir nam\u0173 sporto sal\u0117se.<\/p>\n<\/div>\n\n\n\n<div class=\"wp-block-column is-vertically-aligned-center is-layout-flow wp-block-column-is-layout-flow\">\n<figure class=\"wp-block-video\"><video height=\"954\" style=\"aspect-ratio: 2000 \/ 954;\" width=\"2000\" autoplay=\"\" controls=\"\" loop=\"\" muted=\"\" src=\"https:\/\/evolve-fitness.eu\/wp-content\/uploads\/2023\/11\/EVOLVE-CAST-IRON-KETTLEBELLS.mp4\"><\/video><\/figure>\n<\/div>\n<\/div>\n\n\n\n<div class=\"wp-block-columns alignwide is-layout-flex wp-container-core-columns-is-layout-c45ee707 wp-block-columns-is-layout-flex\" style=\"margin-bottom:var(--wp--preset--spacing--side-padding);padding-top:var(--wp--preset--spacing--side-padding)\">\n<div class=\"wp-block-column is-vertically-aligned-center is-layout-flow wp-block-column-is-layout-flow\">\n<figure class=\"wp-block-image size-full is-resized is-style-rounded\"><img decoding=\"async\" src=\"https:\/\/evolve-fitness.eu\/wp-content\/uploads\/2023\/11\/EVOLVE-CAST-IRON-KETTLEBELLS.png\" alt=\"\" class=\"wp-image-5735\" style=\"object-fit:cover;width:680px;height:600px\"\/><\/figure>\n<\/div>\n\n\n\n<div class=\"wp-block-column is-vertically-aligned-center is-layout-flow wp-block-column-is-layout-flow\">\n<h3 class=\"wp-block-heading\" style=\"margin-bottom:var(--wp--preset--spacing--h-3-bottom)\"><strong><strong>Funkcionalumas<\/strong><\/strong><\/h3>\n\n\n\n<p><strong><em>Sukurta na\u0161umui u\u017etikrinti<\/em><\/strong><\/p>\n\n\n\n<p>Kiekvienas &#8222;Evolve&#8221; treniruoklis turi \u0161velniai i\u0161lenkt\u0105, neslystan\u010di\u0105 tekst\u016bruot\u0105 ranken\u0105, kuri u\u017etikrina tvirt\u0105 ir stabil\u0173 su\u0117mim\u0105. \u0160i konstrukcija labai svarbi atliekant pratimus, kuriems reikia staigi\u0173 ir staigi\u0173 judesi\u0173, tod\u0117l jie idealiai tinka individualioms, grupin\u0117ms, funkcin\u0117ms ar CrossFit treniruot\u0117ms. \u0160iurk\u0161tus ranken\u0173 pavir\u0161ius yra palankus magnio laikymui, tod\u0117l jas galima tvirtai laikyti net ir intensyviausi\u0173 treniruo\u010di\u0173 metu.<\/p>\n<\/div>\n<\/div>\n\n\n\n<div class=\"wp-block-columns alignwide are-vertically-aligned-center mobile-reverse is-layout-flex wp-container-core-columns-is-layout-e8158c2f wp-block-columns-is-layout-flex\" style=\"padding-top:var(--wp--preset--spacing--side-padding)\">\n<div class=\"wp-block-column is-vertically-aligned-center is-layout-flow wp-block-column-is-layout-flow\">\n<h3 class=\"wp-block-heading\" style=\"margin-bottom:var(--wp--preset--spacing--h-3-bottom)\"><strong><strong><strong>Puikus pasirinkimas  <\/strong><\/strong><\/strong><\/h3>\n\n\n\n<p><strong><em><strong><em><strong><strong><strong><strong>\u012evairiems mokymo poreikiams<\/strong><\/strong><\/strong><\/strong><\/em><\/strong><\/em><\/strong><\/p>\n\n\n\n<p>&#8222;Evolve Kettlebells&#8221; &#8211; tai ne tik j\u0117ga, bet ir universalumas. \u0160i\u0173 svarmen\u0173 svoris svyruoja nuo 4 kg iki 32 kg, tod\u0117l jie tinka \u012fvairiems fizinio pasirengimo lygiams ir treniruo\u010di\u0173 stiliams. Plok\u0161\u010dias kiekvieno kettlebell pagrindas u\u017etikrina maksimal\u0173 stabilum\u0105, apsaugo nuo klib\u0117jimo ir leid\u017eia saugiai atlikti \u012fvairius pratimus.<\/p>\n<\/div>\n\n\n\n<div class=\"wp-block-column is-vertically-aligned-center is-layout-flow wp-block-column-is-layout-flow\">\n<figure class=\"wp-block-image alignright size-full is-resized is-style-rounded\"><img decoding=\"async\" src=\"https:\/\/evolve-fitness.eu\/wp-content\/uploads\/2023\/11\/EVOLVE-CAST-IRON-KETTLEBELLS-2.png\" alt=\"\" class=\"wp-image-5731\" style=\"object-fit:cover;width:680px;height:600px\"\/><\/figure>\n<\/div>\n<\/div>\n\n\n\n<div class=\"wp-block-columns alignwide are-vertically-aligned-center mobile-reverse is-layout-flex wp-container-core-columns-is-layout-e8158c2f wp-block-columns-is-layout-flex\" style=\"padding-top:var(--wp--preset--spacing--side-padding)\">\n<div class=\"wp-block-column is-vertically-aligned-center is-layout-flow wp-block-column-is-layout-flow\">\n<figure class=\"wp-block-image alignright size-full is-resized is-style-rounded\"><img decoding=\"async\" src=\"https:\/\/evolve-fitness.eu\/wp-content\/uploads\/2023\/11\/EVOLVE-CAST-IRON-KETTLEBELLS-3.png\" alt=\"\" class=\"wp-image-5733\" style=\"object-fit:cover;width:680px;height:600px\"\/><\/figure>\n<\/div>\n\n\n\n<div class=\"wp-block-column is-vertically-aligned-center is-layout-flow wp-block-column-is-layout-flow\">\n<h3 class=\"wp-block-heading\" style=\"margin-bottom:var(--wp--preset--spacing--h-3-bottom)\"><strong><strong><strong>Lengvai kei\u010diamas pasiprie\u0161inimas<\/strong><\/strong><\/strong><\/h3>\n\n\n\n<p><strong><em><strong><em><strong><strong><strong><strong>Spalvomis \u017eymimas patogumas<\/strong><\/strong><\/strong><\/strong><\/em><\/strong><\/em><\/strong><\/p>\n\n\n\n<p>Kad naudotojams b\u016bt\u0173 patogiau, &#8222;Evolve&#8221; kettlebells yra su spalvotomis rankenomis, tod\u0117l naudotojai gali lengvai atpa\u017einti skirtingus svorius i\u0161 pirmo \u017evilgsnio. \u0160i funkcija ypa\u010d naudinga greito tempo treniruo\u010di\u0173 aplinkoje, kur da\u017enai tenka greitai keisti svor\u012f.<\/p>\n<\/div>\n<\/div>\n\n\n\n<p class=\"has-text-align-center has-medium-font-size\"><strong>&#8222;Evolve&#8221; ketaus svarmenys yra kokyb\u0117s ir funkcionalumo \u012fsik\u016bnijimas. Nesvarbu, ar esate fitneso entuziastas, profesionalus sportininkas, ar sporto sal\u0117s savininkas, \u0161ie svarmenys yra puikus pasirinkimas \u012fvairiems treniruo\u010di\u0173 poreikiams tenkinti, nes viename i\u0161skirtiniame treniruo\u010di\u0173 \u012frankyje suderintas patvarumas, funkcionalumas ir paprastas naudojimas.<\/strong><\/p>\n<\/section>\n","protected":false},"excerpt":{"rendered":"<p>I\u0161laisvinkite savo fitneso potencial\u0105 su &#8222;Evolve&#8221; ketaus svarmenimis<br \/>\nDinami\u0161kame fitneso pasaulyje &#8222;Evolve&#8221; ketaus svarmenys yra ilgaam\u017ei\u0161kumo, funkcionalumo ir stiliaus simbolis, pritaikytas \u012fvairiems fitneso entuziast\u0173 poreikiams. Nesvarbu, ar \u012frengin\u0117jate profesionali\u0105 treniruokli\u0173 sal\u0119, ar ruo\u0161iat\u0117s treniruotis namuose, ar komplektuojate komercin\u0119 treniruokli\u0173 sal\u0119, &#8222;Evolve&#8221; si\u016blom\u0173 svarmen\u0173 asortimentas yra sukurtas taip, kad pagerint\u0173 j\u016bs\u0173 treniruo\u010di\u0173 patirt\u012f.<\/p>\n","protected":false},"featured_media":95341,"template":"","meta":{"_acf_changed":false,"inline_featured_image":false},"product_cat":[2405,127,162],"product_tag":[],"class_list":{"0":"post-7193","1":"product","2":"type-product","3":"status-publish","4":"has-post-thumbnail","6":"product_cat-hyrox-gear","7":"product_cat-laisvieji-svarmenys","8":"product_cat-giros","10":"first","11":"instock","12":"shipping-taxable","13":"purchasable","14":"product-type-variable"},"acf":[],"_links":{"self":[{"href":"https:\/\/store.evolve-fitness.eu\/lt\/wp-json\/wp\/v2\/product\/7193","targetHints":{"allow":["GET"]}}],"collection":[{"href":"https:\/\/store.evolve-fitness.eu\/lt\/wp-json\/wp\/v2\/product"}],"about":[{"href":"https:\/\/store.evolve-fitness.eu\/lt\/wp-json\/wp\/v2\/types\/product"}],"wp:featuredmedia":[{"embeddable":true,"href":"https:\/\/store.evolve-fitness.eu\/lt\/wp-json\/wp\/v2\/media\/95341"}],"wp:attachment":[{"href":"https:\/\/store.evolve-fitness.eu\/lt\/wp-json\/wp\/v2\/media?parent=7193"}],"wp:term":[{"taxonomy":"product_cat","embeddable":true,"href":"https:\/\/store.evolve-fitness.eu\/lt\/wp-json\/wp\/v2\/product_cat?post=7193"},{"taxonomy":"product_tag","embeddable":true,"href":"https:\/\/store.evolve-fitness.eu\/lt\/wp-json\/wp\/v2\/product_tag?post=7193"}],"curies":[{"name":"wp","href":"https:\/\/api.w.org\/{rel}","templated":true}]}}