{"id":7173,"date":"2024-01-25T07:35:51","date_gmt":"2024-01-25T07:35:51","guid":{"rendered":"https:\/\/store.evolve-fitness.eu\/produktas\/evolve-chrome-hanteliu-rinkinys-2-x-1-10-kg\/"},"modified":"2024-07-29T13:51:08","modified_gmt":"2024-07-29T13:51:08","slug":"evolve-chrome-hanteliu-rinkinys-2-x-1-10-kg","status":"publish","type":"product","link":"https:\/\/store.evolve-fitness.eu\/lt\/produktas\/evolve-chrome-hanteliu-rinkinys-2-x-1-10-kg\/","title":{"rendered":"&#8222;Evolve Chrome&#8221; hanteli\u0173 rinkinys 2 x 1-10 kg"},"content":{"rendered":"\n<section class=\"wp-block-group alignfull black-content has-white-color has-darkgray-background-color has-text-color has-background is-layout-constrained wp-block-group-is-layout-constrained\" style=\"padding-top:var(--wp--preset--spacing--section-bottom);padding-bottom:var(--wp--preset--spacing--section-bottom)\">\n<div class=\"wp-block-columns alignwide mobile-reverse is-layout-flex wp-container-core-columns-is-layout-ca64bf2d wp-block-columns-is-layout-flex\" style=\"margin-bottom:var(--wp--preset--spacing--side-padding)\">\n<div class=\"wp-block-column is-vertically-aligned-center is-layout-flow wp-block-column-is-layout-flow\">\n<h3 class=\"wp-block-heading\" style=\"margin-bottom:var(--wp--preset--spacing--h-3-bottom)\"><strong>CHROMUOTAS PAVIR\u0160IUS<\/strong><\/h3>\n\n\n\n<p><em><strong>Patvarus ir eleganti\u0161kas<\/strong><\/em><\/p>\n\n\n\n<p style=\"margin-bottom:var(--wp--preset--spacing--tb-section-padding)\">Pagerinkite savo sporto sal\u0117s estetin\u012f vaizd\u0105 naudodami patvari\u0105 ir eleganti\u0161k\u0105 chromuoto pavir\u0161iaus \u012frang\u0105. M\u016bs\u0173 atspindinti chromuota danga, sukurta siekiant patenkinti dvejopus stiliaus ir ilgaam\u017ei\u0161kumo reikalavimus, ne tik suteikia j\u016bs\u0173 sporto salei \u0161iuolaiki\u0161kumo, bet ir u\u017etikrina optimali\u0105 apsaug\u0105 nuo r\u016bd\u017ei\u0173 ir aplinkos poveikio. M\u016bs\u0173 gaminiai idealiai tinka namams ir profesionaliems darbams, jie i\u0161laiko nepriekai\u0161ting\u0105 i\u0161vaizd\u0105 ir yra atspar\u016bs skilin\u0117jimui, \u012ftr\u016bkimams ar lupimuisi, tod\u0117l j\u016bs\u0173 investicija ilgus metus atrodys kaip nauja. Pagerinkite savo treniruo\u010di\u0173 patirt\u012f sporto sal\u0117je, kuri spindi taip pat, kaip ir j\u016bs\u0173 sveikatingumo kelion\u0117.<\/p>\n<\/div>\n\n\n\n<div class=\"wp-block-column is-vertically-aligned-center is-layout-flow wp-block-column-is-layout-flow\">\n<figure class=\"wp-block-image alignright size-large is-resized is-style-rounded\"><img decoding=\"async\" src=\"https:\/\/evolve-fitness.eu\/wp-content\/uploads\/2023\/11\/Chrome-Dumbbells-1024x1024.png\" alt=\"\" class=\"wp-image-4885\" style=\"object-fit:cover;width:680px;height:600px\"\/><\/figure>\n<\/div>\n<\/div>\n\n\n\n<div class=\"wp-block-columns alignwide is-layout-flex wp-container-core-columns-is-layout-c45ee707 wp-block-columns-is-layout-flex\" style=\"margin-bottom:var(--wp--preset--spacing--side-padding);padding-top:var(--wp--preset--spacing--side-padding)\">\n<div class=\"wp-block-column is-vertically-aligned-center is-layout-flow wp-block-column-is-layout-flow\">\n<figure class=\"wp-block-image size-full is-resized\"><img decoding=\"async\" src=\"https:\/\/evolve-fitness.eu\/wp-content\/uploads\/2023\/11\/Chrome-Dumbbells-whole-2.png\" alt=\"\" class=\"wp-image-4893\" style=\"object-fit:cover;width:680px;height:600px\"\/><\/figure>\n<\/div>\n\n\n\n<div class=\"wp-block-column is-vertically-aligned-center is-layout-constrained wp-block-column-is-layout-constrained\">\n<h3 class=\"wp-block-heading\" style=\"margin-bottom:var(--wp--preset--spacing--h-3-bottom)\">I\u0160SKIRTINIS PATVARUMAS<\/h3>\n\n\n\n<p><strong><em><strong><em>&#8222;Pro-Grade&#8221; chromuoti hanteliai<\/em><\/strong><\/em><\/strong><\/p>\n\n\n\n<p style=\"margin-bottom:var(--wp--preset--spacing--tb-section-padding)\">Atraskite neprilygstam\u0105 tvirtum\u0105 ir atsparum\u0105 su &#8222;Evolve&#8221; chromuotais hanteliais, meistri\u0161kai pagamintais i\u0161 tvirto metalo lydinio, u\u017etikrinan\u010dio did\u017eiausi\u0105 patvarum\u0105. D\u0117l atsparumo dilimui, korozijai ir deformacijai jie yra protinga investicija \u012f didelio fizinio kr\u016bvio patalpas. \u0160ie hanteliai yra tiksliai suprojektuoti siekiant u\u017etikrinti pusiausvyr\u0105 ir matmen\u0173 tikslum\u0105, tod\u0117l puikiai tinka karin\u0117ms baz\u0117ms, vie\u0161bu\u010di\u0173 sporto sal\u0117ms, nakvyn\u0117s namams, reabilitacijos centrams ir nam\u0173 fitneso entuziastams, kuriems reikia profesionalios \u012frangos. Rinkit\u0117s &#8222;Evolve&#8221; sporto \u012frang\u0105, kuri atlaiko laiko i\u0161bandym\u0105 ir na\u0161um\u0105.<\/p>\n<\/div>\n<\/div>\n\n\n\n<div class=\"wp-block-columns alignwide is-layout-flex wp-container-core-columns-is-layout-c45ee707 wp-block-columns-is-layout-flex\" style=\"margin-bottom:var(--wp--preset--spacing--side-padding);padding-top:var(--wp--preset--spacing--side-padding)\">\n<div class=\"wp-block-column is-vertically-aligned-center is-layout-flow wp-block-column-is-layout-flow\">\n<h3 class=\"wp-block-heading\" style=\"margin-bottom:var(--wp--preset--spacing--h-3-bottom)\">LOGOTIPAS IR SVORIO NUORODA<\/h3>\n\n\n\n<p><strong><em>Kai patvarumas dera su dizainu<\/em><\/strong><\/p>\n\n\n\n<p>Padidinkite savo prek\u0117s \u017eenklo estetik\u0105 naudodami m\u016bs\u0173 nuolatinio logotipo ir svorio nuorod\u0173 graviravimo paslaug\u0105. M\u016bs\u0173 precizi\u0161ka graviravimo technika, skirta i\u0161liekamajai kokybei u\u017etikrinti, j\u016bs\u0173 prek\u0117s \u017eenklo logotip\u0105 ir svorio matmenis atspausdina tiesiai ant gamini\u0173, u\u017etikrindama eleganti\u0161k\u0105 apdail\u0105 be negra\u017ei\u0173 atplai\u0161\u0173. \u0160is laikui nepavaldus b\u016bdas ne tik pabr\u0117\u017eia j\u016bs\u0173 gaminio rafinuotum\u0105, bet ir \u017eada, kad dizainas i\u0161liks nepakit\u0119s ir ilgus metus atrodys naujai. M\u016bs\u0173 graviravimo paslauga idealiai tinka treniruokli\u0173 \u012frangai, komerciniams svarmenims ir pagal u\u017esakym\u0105 gaminamiems daiktams, nes u\u017etikrina profesional\u0173 meistri\u0161kum\u0105 ir stiling\u0105 stili\u0173, atspar\u0173 blukimui ir nusid\u0117v\u0117jimui.<\/p>\n<\/div>\n\n\n\n<div class=\"wp-block-column is-vertically-aligned-center is-layout-flow wp-block-column-is-layout-flow\">\n<div class=\"wp-block-columns is-layout-flex wp-container-core-columns-is-layout-9d6595d7 wp-block-columns-is-layout-flex\">\n<div class=\"wp-block-column is-layout-flow wp-block-column-is-layout-flow\">\n<figure class=\"wp-block-image size-full is-style-rounded\"><img decoding=\"async\" src=\"https:\/\/evolve-fitness.eu\/wp-content\/uploads\/2023\/11\/Chrome-Dumbbells-2.png\" alt=\"\" class=\"wp-image-4897\"\/><\/figure>\n<\/div>\n<\/div>\n<\/div>\n<\/div>\n\n\n\n<div class=\"wp-block-columns alignwide is-layout-flex wp-container-core-columns-is-layout-c45ee707 wp-block-columns-is-layout-flex\" style=\"margin-bottom:var(--wp--preset--spacing--side-padding);padding-top:var(--wp--preset--spacing--side-padding)\">\n<div class=\"wp-block-column is-vertically-aligned-center is-layout-flow wp-block-column-is-layout-flow\">\n<div class=\"wp-block-columns is-layout-flex wp-container-core-columns-is-layout-9d6595d7 wp-block-columns-is-layout-flex\">\n<div class=\"wp-block-column is-layout-flow wp-block-column-is-layout-flow\">\n<figure class=\"wp-block-image size-full is-resized is-style-rounded\"><img decoding=\"async\" src=\"https:\/\/evolve-fitness.eu\/wp-content\/uploads\/2023\/11\/Evolve-CHROME-DUMBBELL-SETS-1.png\" alt=\"\" class=\"wp-image-4926\" style=\"object-fit:cover;width:680px;height:600px\"\/><\/figure>\n<\/div>\n<\/div>\n<\/div>\n\n\n\n<div class=\"wp-block-column is-vertically-aligned-center is-layout-flow wp-block-column-is-layout-flow\">\n<h3 class=\"wp-block-heading\" style=\"margin-bottom:var(--wp--preset--spacing--h-3-bottom)\">Kietos chromuotos rankenos su \u012fbr\u0117\u017eimais<\/h3>\n\n\n\n<p><strong><em><strong><em>Ilgalaikis sukibimas<\/em><\/strong><\/em><\/strong><\/p>\n\n\n\n<p style=\"margin-bottom:var(--wp--preset--spacing--tb-section-padding)\">Pagerinkite savo treniruotes su m\u016bs\u0173 auk\u0161\u010diausios kokyb\u0117s hanteliais, kuri\u0173 ergonomi\u0161kai i\u0161lenktos rankenos nat\u016braliai priglunda prie rankos ir u\u017etikrina patog\u0173 laikym\u0105 atliekant \u012fvairius pratimus. D\u0117l meistri\u0161kai suprojektuoto rauk\u0161l\u0117to ra\u0161to u\u017etikrinamas patikimas laikymas, suma\u017einama slydimo rizika ir padidinamas saugumas treniruo\u010di\u0173 metu. \u0160ie hanteliai idealiai tinka tiek pradedantiesiems, tiek patyrusiems sportininkams, nes jie u\u017etikrina maksimal\u0173 komfort\u0105 ir apsaug\u0105, tod\u0117l galite sutelkti d\u0117mes\u012f \u012f optimal\u0173 rezultat\u0105 su kiekvienu pakartojimu. Nesvarbu, ar treniruojat\u0117s namuose, ar bandote \u012fveikti ribas profesionalioje sporto sal\u0117je, m\u016bs\u0173 hanteliai yra puikus priedas prie bet kokios treniruo\u010di\u0173 rutinos.<\/p>\n<\/div>\n<\/div>\n\n\n\n<div class=\"wp-block-columns alignwide is-layout-flex wp-container-core-columns-is-layout-c45ee707 wp-block-columns-is-layout-flex\" style=\"margin-bottom:var(--wp--preset--spacing--side-padding);padding-top:var(--wp--preset--spacing--side-padding)\">\n<div class=\"wp-block-column is-vertically-aligned-center is-layout-flow wp-block-column-is-layout-flow\">\n<h3 class=\"wp-block-heading\" style=\"margin-bottom:var(--wp--preset--spacing--h-3-bottom)\">Chromuotos rankenos<\/h3>\n\n\n\n<p><strong><em>Puikus dydis<\/em><\/strong><\/p>\n\n\n\n<p style=\"margin-bottom:var(--wp--preset--spacing--tb-section-padding)\">&#8222;Evolve&#8221; chromuotos hantelio rankenos ilgis &#8211; 120 mm, o storis pla\u010diausioje dalyje &#8211; 32 mm, su rauk\u0161l\u0117tu ra\u0161tu. Visas hantelis yra padengtas blizgiu, patvariu ir dilimui atspariu 50 mikrometr\u0173 (\u00b5m) storio chromo sluoksniu.<\/p>\n<\/div>\n\n\n\n<div class=\"wp-block-column is-vertically-aligned-center is-layout-flow wp-block-column-is-layout-flow\">\n<div class=\"wp-block-columns is-layout-flex wp-container-core-columns-is-layout-9d6595d7 wp-block-columns-is-layout-flex\">\n<div class=\"wp-block-column is-layout-flow wp-block-column-is-layout-flow\">\n<figure class=\"wp-block-image size-full is-resized is-style-rounded\"><img decoding=\"async\" src=\"https:\/\/evolve-fitness.eu\/wp-content\/uploads\/2023\/11\/Evolve-CHROME-DUMBBELL-SETS-handle-mesurments.png\" alt=\"\" class=\"wp-image-4931\" style=\"object-fit:cover;width:680px;height:600px\"\/><\/figure>\n<\/div>\n<\/div>\n<\/div>\n<\/div>\n<\/section>\n","protected":false},"excerpt":{"rendered":"<p>Padidinkite treniruo\u010di\u0173 efektyvum\u0105 naudodami &#8222;Evolve Evolve Chrome&#8221; hanteli\u0173 rinkin\u012f, kuris puikiai tinka vartotojams, ie\u0161kantiems profesionalios \u012frangos. \u0160ie hanteliai su blizgan\u010dia chromo apdaila, atsparia r\u016bdims, ir 2 x 1-10 kg svorio diapazonu idealiai tinka laipsni\u0161kam mokymui ir \u012fvairiems pratimams atlikti. Ergonomi\u0161kos rankenos su rakteliais u\u017etikrina tvirt\u0105 sukibim\u0105, o precizi\u0161kai i\u0161graviruotas logotipas ir svorio klas\u0117s papildo eleganti\u0161k\u0105 ir modern\u0173 dizain\u0105. \u0160ie hanteliai tinka tiek nam\u0173, tiek komercin\u0117ms sporto sal\u0117ms, tod\u0117l garantuoja, kad jie atlaikys laiko ir naudojimo i\u0161bandym\u0105.<\/p>\n","protected":false},"featured_media":95014,"template":"","meta":{"_acf_changed":false,"inline_featured_image":false},"product_cat":[117,127,131],"product_tag":[],"class_list":{"0":"post-7173","1":"product","2":"type-product","3":"status-publish","4":"has-post-thumbnail","6":"product_cat-pagrindinis-puslapis","7":"product_cat-laisvieji-svarmenys","8":"product_cat-hanteliai","10":"first","11":"instock","12":"shipping-taxable","13":"purchasable","14":"product-type-simple"},"acf":[],"_links":{"self":[{"href":"https:\/\/store.evolve-fitness.eu\/lt\/wp-json\/wp\/v2\/product\/7173","targetHints":{"allow":["GET"]}}],"collection":[{"href":"https:\/\/store.evolve-fitness.eu\/lt\/wp-json\/wp\/v2\/product"}],"about":[{"href":"https:\/\/store.evolve-fitness.eu\/lt\/wp-json\/wp\/v2\/types\/product"}],"wp:featuredmedia":[{"embeddable":true,"href":"https:\/\/store.evolve-fitness.eu\/lt\/wp-json\/wp\/v2\/media\/95014"}],"wp:attachment":[{"href":"https:\/\/store.evolve-fitness.eu\/lt\/wp-json\/wp\/v2\/media?parent=7173"}],"wp:term":[{"taxonomy":"product_cat","embeddable":true,"href":"https:\/\/store.evolve-fitness.eu\/lt\/wp-json\/wp\/v2\/product_cat?post=7173"},{"taxonomy":"product_tag","embeddable":true,"href":"https:\/\/store.evolve-fitness.eu\/lt\/wp-json\/wp\/v2\/product_tag?post=7173"}],"curies":[{"name":"wp","href":"https:\/\/api.w.org\/{rel}","templated":true}]}}