{"id":7168,"date":"2024-01-24T15:36:22","date_gmt":"2024-01-24T15:36:22","guid":{"rendered":"https:\/\/store.evolve-fitness.eu\/produktas\/evolve-econ-serijos-olimpinis-kritimo-suolelis\/"},"modified":"2025-10-07T12:15:36","modified_gmt":"2025-10-07T12:15:36","slug":"evolve-econ-serijos-olimpinis-kritimo-suolelis","status":"publish","type":"product","link":"https:\/\/store.evolve-fitness.eu\/lt\/produktas\/evolve-econ-serijos-olimpinis-kritimo-suolelis\/","title":{"rendered":"Evolve Econ Series nuolaidus kr\u016btin\u0117s spaudimo suoliukas (EC-511)"},"content":{"rendered":"\n<section class=\"wp-block-group alignfull black-content has-white-color has-darkgray-background-color has-text-color has-background is-layout-constrained wp-block-group-is-layout-constrained\" style=\"padding-top:var(--wp--preset--spacing--section-bottom);padding-bottom:var(--wp--preset--spacing--section-bottom)\">\n<h3 class=\"wp-block-heading has-text-align-center\" style=\"margin-bottom:var(--wp--preset--spacing--tb-section-padding)\"><strong><br>  <strong><br>   <\/strong><\/strong> Evolve Econ serijos suoliukai<\/h3>\n\n\n\n<div class=\"wp-block-columns alignwide mobile-reverse is-layout-flex wp-container-core-columns-is-layout-ca64bf2d wp-block-columns-is-layout-flex\" style=\"margin-bottom:var(--wp--preset--spacing--side-padding)\">\n<div class=\"wp-block-column is-vertically-aligned-center is-layout-flow wp-block-column-is-layout-flow\">\n<h3 class=\"wp-block-heading\" style=\"margin-bottom:var(--wp--preset--spacing--h-3-bottom)\"><strong><strong><strong><strong><strong><strong>Auk\u0161tos kokyb\u0117s<\/strong><\/strong><\/strong><\/strong><\/strong><\/strong><\/h3>\n\n\n\n<p><strong><em><strong><strong><strong><strong>Patvarus dizainas<\/strong><\/strong><\/strong><\/strong><\/em><\/strong><\/p>\n\n\n\n<p style=\"margin-bottom:var(--wp--preset--spacing--tb-padding)\">M\u016bs\u0173 treniruokli\u0173 suoliukai pagaminti taip, kad b\u016bt\u0173 ilgaam\u017eiai, j\u0173 tvirtas metalinis r\u0117mas. Pa\u017eangi termoreaktyvi\u0173j\u0173 milteli\u0173 elektrostatinio pur\u0161kimo technologija ne tik suteikia pavir\u0161iui eleganti\u0161k\u0105 i\u0161vaizd\u0105, bet ir puikiai apsaugo nuo r\u016bd\u017ei\u0173. M\u016bs\u0173 Evolve suoliukai sukurti taip, kad atitikt\u0173 j\u016bs\u0173 poreikius, nesvarbu, ar sportuojate namuose, ar profesionalioje sporto sal\u0117je. Jie taip pat puikiai tinka komercin\u0117ms treniruokli\u0173 sal\u0117ms karin\u0117se baz\u0117se, vie\u0161bu\u010diuose, nakvyn\u0117s namuose ir reabilitacijos centruose.<\/p>\n\n\n\n<h3 class=\"wp-block-heading\" style=\"margin-bottom:var(--wp--preset--spacing--h-3-bottom)\"><strong><strong><strong><strong><strong><strong><strong><strong>I\u0161skirtinis funkcionalumas<\/strong><\/strong><\/strong><\/strong><\/strong><\/strong><\/strong><\/strong><\/h3>\n\n\n\n<p><strong><em><strong><strong><strong><strong><strong>PVC dangteliai<\/strong><\/strong><\/strong><\/strong><\/strong><\/em><\/strong><\/p>\n\n\n\n<p>M\u016bs\u0173 suoliukai yra ne tik patvar\u016bs, bet ir maksimaliai funkcional\u016bs. Mink\u0161ti PVC dangteliai ant koj\u0173 apsaugo grindis ir u\u017etikrina stabilum\u0105 net ir intensyviausi\u0173 treniruo\u010di\u0173 metu. Evolve kr\u016btin\u0117s spaudimo suoliukas su nuokalne yra stabili platforma viso k\u016bno treniruot\u0117ms. Mink\u0161ti ir patog\u016bs apmu\u0161alai u\u017epildyti tankiomis, ilgaam\u017e\u0117mis putomis, kurios nepraranda savo formos. Be to, jis padengtas auk\u0161\u010diausios kokyb\u0117s, stipria PU oda, kad b\u016bt\u0173 patvaresnis.<\/p>\n<\/div>\n\n\n\n<div class=\"wp-block-column is-vertically-aligned-center is-layout-flow wp-block-column-is-layout-flow\">\n<figure class=\"wp-block-image size-full is-style-rounded\"><img loading=\"lazy\" decoding=\"async\" width=\"1080\" height=\"1080\" src=\"https:\/\/store.evolve-fitness.eu\/wp-content\/uploads\/2024\/06\/Dizainas-be-pavadinimo-4-3.png\" alt=\"\" class=\"wp-image-78271\" style=\"object-fit:cover\" srcset=\"https:\/\/store.evolve-fitness.eu\/wp-content\/uploads\/2024\/06\/Dizainas-be-pavadinimo-4-3.png 1080w, https:\/\/store.evolve-fitness.eu\/wp-content\/uploads\/2024\/06\/Dizainas-be-pavadinimo-4-3-300x300.png 300w, https:\/\/store.evolve-fitness.eu\/wp-content\/uploads\/2024\/06\/Dizainas-be-pavadinimo-4-3-1024x1024.png 1024w, https:\/\/store.evolve-fitness.eu\/wp-content\/uploads\/2024\/06\/Dizainas-be-pavadinimo-4-3-150x150.png 150w, https:\/\/store.evolve-fitness.eu\/wp-content\/uploads\/2024\/06\/Dizainas-be-pavadinimo-4-3-768x768.png 768w, https:\/\/store.evolve-fitness.eu\/wp-content\/uploads\/2024\/06\/Dizainas-be-pavadinimo-4-3-600x600.png 600w, https:\/\/store.evolve-fitness.eu\/wp-content\/uploads\/2024\/06\/Dizainas-be-pavadinimo-4-3-100x100.png 100w\" sizes=\"auto, (max-width: 1080px) 100vw, 1080px\" \/><\/figure>\n<\/div>\n<\/div>\n<\/section>\n","protected":false},"excerpt":{"rendered":"<p>Evolve Econ serijos EC-511 olimpinis nuolaidus suoliukas sukurtas siekiant u\u017etikrinti maksimali\u0105 treniruo\u010di\u0173 kokyb\u0119 ir patikimum\u0105 komercin\u0117se sporto sal\u0117se. Tvirtas plieninis r\u0117mas su antikorozine milteline danga garantuoja ilgaam\u017ei\u0161kum\u0105 net esant intensyviam naudojimui. Suoliukas apr\u016bpintas keliais \u0161tangos laikikliais, integruotais svori\u0173 laikikliais, neslystan\u010diomis PVC apsaugomis kojel\u0117se bei patogiu, i\u0161 tankios putos pagamintu pamink\u0161tinimu, padengtu patvaria PU oda. Maksimali apkrova \u2013 300 kg. Tai idealus sprendimas efektyvioms kr\u016btin\u0117s ir vir\u0161utin\u0117s k\u016bno dalies treniruot\u0117ms nuolaidioje pad\u0117tyje.<\/p>\n","protected":false},"featured_media":5186,"template":"","meta":{"_acf_changed":true,"inline_featured_image":false},"product_cat":[117,132,133],"product_tag":[],"class_list":{"0":"post-7168","1":"product","2":"type-product","3":"status-publish","4":"has-post-thumbnail","6":"product_cat-pagrindinis-puslapis","7":"product_cat-suoliukai","8":"product_cat-econ-serijos-suoliukai","10":"first","11":"instock","12":"shipping-taxable","13":"purchasable","14":"product-type-simple"},"acf":[],"_links":{"self":[{"href":"https:\/\/store.evolve-fitness.eu\/lt\/wp-json\/wp\/v2\/product\/7168","targetHints":{"allow":["GET"]}}],"collection":[{"href":"https:\/\/store.evolve-fitness.eu\/lt\/wp-json\/wp\/v2\/product"}],"about":[{"href":"https:\/\/store.evolve-fitness.eu\/lt\/wp-json\/wp\/v2\/types\/product"}],"wp:featuredmedia":[{"embeddable":true,"href":"https:\/\/store.evolve-fitness.eu\/lt\/wp-json\/wp\/v2\/media\/5186"}],"wp:attachment":[{"href":"https:\/\/store.evolve-fitness.eu\/lt\/wp-json\/wp\/v2\/media?parent=7168"}],"wp:term":[{"taxonomy":"product_cat","embeddable":true,"href":"https:\/\/store.evolve-fitness.eu\/lt\/wp-json\/wp\/v2\/product_cat?post=7168"},{"taxonomy":"product_tag","embeddable":true,"href":"https:\/\/store.evolve-fitness.eu\/lt\/wp-json\/wp\/v2\/product_tag?post=7168"}],"curies":[{"name":"wp","href":"https:\/\/api.w.org\/{rel}","templated":true}]}}