{"id":7155,"date":"2024-01-25T08:14:16","date_gmt":"2024-01-25T08:14:16","guid":{"rendered":"https:\/\/store.evolve-fitness.eu\/produktas\/evolve-prime-series-olimpinis-pasvires-suoliukas\/"},"modified":"2025-10-06T08:05:25","modified_gmt":"2025-10-06T08:05:25","slug":"evolve-prime-series-olimpinis-pasvires-suoliukas","status":"publish","type":"product","link":"https:\/\/store.evolve-fitness.eu\/lt\/produktas\/evolve-prime-series-olimpinis-pasvires-suoliukas\/","title":{"rendered":"Evolve Prime Series \u0161tangos spaudimo suoliukas su \u012fkalne (PR-210)"},"content":{"rendered":"\n<section class=\"wp-block-group alignfull black-content has-white-color has-darkgray-background-color has-text-color has-background is-layout-constrained wp-block-group-is-layout-constrained\" style=\"padding-top:var(--wp--preset--spacing--section-bottom);padding-bottom:var(--wp--preset--spacing--section-bottom)\">\n<div class=\"wp-block-columns alignwide mobile-reverse is-layout-flex wp-container-core-columns-is-layout-ca64bf2d wp-block-columns-is-layout-flex\" style=\"margin-bottom:var(--wp--preset--spacing--side-padding)\">\n<div class=\"wp-block-column is-vertically-aligned-center is-layout-flow wp-block-column-is-layout-flow\">\n<h3 class=\"wp-block-heading\" style=\"margin-bottom:var(--wp--preset--spacing--h-3-bottom)\"><strong><strong><strong><strong><strong><strong><strong><strong>Stiprumas, tikslumas ir patogumas<\/strong><\/strong><\/strong><\/strong><\/strong><\/strong><\/strong><\/strong><\/h3>\n\n\n\n<p><strong><em><strong><em><strong><strong><strong><strong><strong>Naujo lygio suoliuko spaudimas su  <strong>Evolve olimpiniu pasvirusiu suoliuku<\/strong><\/strong><\/strong><\/strong><\/strong><\/strong><\/em><\/strong><\/em><\/strong><\/p>\n\n\n\n<p style=\"margin-bottom:var(--wp--preset--spacing--tb-section-padding)\">Sukurtas tiems, kurie rimtai \u017ei\u016bri \u012f savo svori\u0173 kilnojim\u0105, \u0161is suoliukas yra ne tik \u012franga, bet ir j\u016bs\u0173 j\u0117gos treniruo\u010di\u0173 re\u017eimo kertinis akmuo. Patirkite tobul\u0105 kamp\u0105, kad maksimaliai \u012fdarbintum\u0117te raumenis. Evolve olimpinis nuo\u017eulnusis suolelis sukurtas taip, kad efektyviau veikt\u0173 vir\u0161utin\u0119 kr\u016btin\u0117s dal\u012f ir pe\u010dius, tod\u0117l treniruo\u010di\u0173 su nuo\u017eulniuoju presu metu pasieksite geriausi\u0173 rezultat\u0173.<\/p>\n<\/div>\n\n\n\n<div class=\"wp-block-column is-vertically-aligned-center is-layout-flow wp-block-column-is-layout-flow\">\n<figure class=\"wp-block-video\"><video height=\"891\" style=\"aspect-ratio: 750 \/ 891;\" width=\"750\" autoplay controls loop muted src=\"https:\/\/evolve-fitness.eu\/wp-content\/uploads\/2023\/12\/1-23.mp4\"><\/video><\/figure>\n<\/div>\n<\/div>\n\n\n\n<div class=\"wp-block-columns alignwide is-layout-flex wp-container-core-columns-is-layout-c45ee707 wp-block-columns-is-layout-flex\" style=\"margin-bottom:var(--wp--preset--spacing--side-padding);padding-top:var(--wp--preset--spacing--side-padding)\">\n<div class=\"wp-block-column is-vertically-aligned-center is-layout-flow wp-block-column-is-layout-flow\">\n<figure class=\"wp-block-video\"><video height=\"871\" style=\"aspect-ratio: 750 \/ 871;\" width=\"750\" autoplay controls loop muted src=\"https:\/\/evolve-fitness.eu\/wp-content\/uploads\/2023\/12\/3-9.mp4\"><\/video><\/figure>\n<\/div>\n\n\n\n<div class=\"wp-block-column is-vertically-aligned-center is-layout-flow wp-block-column-is-layout-flow\">\n<h3 class=\"wp-block-heading\" style=\"margin-bottom:var(--wp--preset--spacing--h-3-bottom)\"><strong><strong>Auk\u0161\u010diausias komfortas ir palaikymas<\/strong><\/strong><\/h3>\n\n\n\n<p><strong><em>Sutelkite d\u0117mes\u012f \u012f savo liftus<\/em><\/strong><\/p>\n\n\n\n<p style=\"margin-bottom:var(--wp--preset--spacing--tb-section-padding)\">M\u016bs\u0173 suolelis turi didelio tankio put\u0173 pamink\u0161tinim\u0105, kuris u\u017etikrina neprilygstam\u0105 komfort\u0105 ir tinkam\u0105 atram\u0105 bei i\u0161lyginim\u0105. Tai rei\u0161kia ilgesnes ir efektyvesnes treniruotes be nereikalingos \u012ftampos.<\/p>\n<\/div>\n<\/div>\n\n\n\n<div class=\"wp-block-columns alignwide is-layout-flex wp-container-core-columns-is-layout-c45ee707 wp-block-columns-is-layout-flex\" style=\"margin-bottom:var(--wp--preset--spacing--side-padding);padding-top:var(--wp--preset--spacing--side-padding)\">\n<div class=\"wp-block-column is-vertically-aligned-center is-layout-flow wp-block-column-is-layout-flow\">\n<h3 class=\"wp-block-heading\" style=\"margin-bottom:var(--wp--preset--spacing--h-3-bottom)\"><strong><strong><strong><strong><strong><strong><strong><strong><strong>Patvari ir tvirta konstrukcija<\/strong><\/strong><\/strong><\/strong><\/strong><\/strong><\/strong><\/strong><\/strong><\/h3>\n\n\n\n<p><strong><em>Ilgalaikis patikimumas<\/em><\/strong><\/p>\n\n\n\n<p style=\"margin-bottom:var(--wp--preset--spacing--tb-section-padding)\">Evolve Olympic Incline Bench pagamintas taip, kad b\u016bt\u0173 ilgaam\u017eis, turi tvirt\u0105 plienin\u012f r\u0117m\u0105. I\u0161skirtinis ilgaam\u017ei\u0161kumas gali atlaikyti intensyvaus kasdienio naudojimo sunkumus, tod\u0117l tai patikimas pasirinkimas tiek komercin\u0117ms sporto sal\u0117ms, tiek nam\u0173 treniruo\u010di\u0173 erdv\u0117ms.<\/p>\n<\/div>\n\n\n\n<div class=\"wp-block-column is-vertically-aligned-center is-layout-flow wp-block-column-is-layout-flow\">\n<figure class=\"wp-block-video\"><video height=\"600\" style=\"aspect-ratio: 680 \/ 600;\" width=\"680\" autoplay controls loop muted src=\"https:\/\/evolve-fitness.eu\/wp-content\/uploads\/2023\/12\/4-4.mp4\"><\/video><\/figure>\n<\/div>\n<\/div>\n<\/section>\n","protected":false},"excerpt":{"rendered":"<p>Pakelkite vir\u0161utin\u0117s k\u016bno dalies treniruotes \u012f naujas auk\u0161tumas naudodami Evolve Prime Series olimpin\u012f nuo\u017euln\u0173j\u012f suolel\u012f PR-210. \u0160is suoliukas yra tiksliai suprojektuotas, kad b\u016bt\u0173 tvirtas ir ilgaam\u017eis, tod\u0117l yra bet kurios rimtos nam\u0173 sporto sal\u0117s pagrindas. PR-210 sukurtas taip, kad b\u016bt\u0173 galima treniruoti ir lavinti kr\u016btin\u0117s, pe\u010di\u0173 ir vir\u0161utin\u0117s k\u016bno dalies raumenis, nes yra optimalaus nuolyd\u017eio kampas, u\u017etikrinantis stabili\u0105 ir patogi\u0105 platform\u0105 olimpinio pakreipto suolo spaudimo pratimams atlikti. D\u0117l tvirtos konstrukcijos ir \u012f naudotoj\u0105 orientuot\u0173 funkcij\u0173 \u0161is suoliukas u\u017etikrina saugi\u0105 ir efektyvi\u0105 treniruot\u0119. Su Evolve Prime serijos treniruokliais patobulinsite savo nam\u0173 fitneso re\u017eim\u0105, nes jie pad\u0117s suformuoti galing\u0105 ir gerai i\u0161ry\u0161kint\u0105 vir\u0161utin\u0119 k\u016bno dal\u012f, kad pasiektum\u0117te ilgalaiki\u0173 rezultat\u0173.<\/p>\n","protected":false},"featured_media":5329,"template":"","meta":{"_acf_changed":true,"inline_featured_image":false},"product_cat":[117,132,159],"product_tag":[],"class_list":{"0":"post-7155","1":"product","2":"type-product","3":"status-publish","4":"has-post-thumbnail","6":"product_cat-pagrindinis-puslapis","7":"product_cat-suoliukai","8":"product_cat-prime-series-suoliukai","10":"first","11":"outofstock","12":"shipping-taxable","13":"purchasable","14":"product-type-simple"},"acf":[],"_links":{"self":[{"href":"https:\/\/store.evolve-fitness.eu\/lt\/wp-json\/wp\/v2\/product\/7155","targetHints":{"allow":["GET"]}}],"collection":[{"href":"https:\/\/store.evolve-fitness.eu\/lt\/wp-json\/wp\/v2\/product"}],"about":[{"href":"https:\/\/store.evolve-fitness.eu\/lt\/wp-json\/wp\/v2\/types\/product"}],"wp:featuredmedia":[{"embeddable":true,"href":"https:\/\/store.evolve-fitness.eu\/lt\/wp-json\/wp\/v2\/media\/5329"}],"wp:attachment":[{"href":"https:\/\/store.evolve-fitness.eu\/lt\/wp-json\/wp\/v2\/media?parent=7155"}],"wp:term":[{"taxonomy":"product_cat","embeddable":true,"href":"https:\/\/store.evolve-fitness.eu\/lt\/wp-json\/wp\/v2\/product_cat?post=7155"},{"taxonomy":"product_tag","embeddable":true,"href":"https:\/\/store.evolve-fitness.eu\/lt\/wp-json\/wp\/v2\/product_tag?post=7155"}],"curies":[{"name":"wp","href":"https:\/\/api.w.org\/{rel}","templated":true}]}}