{"id":7121,"date":"2024-01-25T09:12:14","date_gmt":"2024-01-25T09:12:14","guid":{"rendered":"https:\/\/store.evolve-fitness.eu\/produktas\/evolve-medicininis-kamuolys-1-5-kg\/"},"modified":"2025-11-07T11:21:19","modified_gmt":"2025-11-07T11:21:19","slug":"evolve-medicininis-kamuolys-1-5-kg","status":"publish","type":"product","link":"https:\/\/store.evolve-fitness.eu\/lt\/produktas\/evolve-medicininis-kamuolys-1-5-kg\/","title":{"rendered":"&#8222;Evolve&#8221; medicininis kamuolys 1 &#8211; 5 kg"},"content":{"rendered":"\n<section class=\"wp-block-group alignfull black-content has-white-color has-darkgray-background-color has-text-color has-background is-layout-constrained wp-block-group-is-layout-constrained\" style=\"padding-top:var(--wp--preset--spacing--section-bottom);padding-bottom:var(--wp--preset--spacing--section-bottom)\">\n<section class=\"wp-block-group alignfull black-content has-white-color has-darkgray-background-color has-text-color has-background is-layout-constrained wp-block-group-is-layout-constrained\" style=\"margin-bottom:0;padding-top:var(--wp--preset--spacing--tb-padding);padding-bottom:var(--wp--preset--spacing--tb-padding)\">\n<div class=\"wp-block-columns alignwide mobile-reverse is-layout-flex wp-container-core-columns-is-layout-7a02faa9 wp-block-columns-is-layout-flex\" style=\"margin-bottom:var(--wp--preset--spacing--tb-section-padding)\">\n<div class=\"wp-block-column is-vertically-aligned-center is-layout-flow wp-block-column-is-layout-flow\">\n<h3 class=\"wp-block-heading\" style=\"margin-bottom:var(--wp--preset--spacing--h-3-bottom)\"><strong><strong><strong><strong><strong><strong><strong><strong><strong><strong><strong><strong><strong><strong><strong>galima pasirinkti svor\u012f<\/strong><\/strong><\/strong><\/strong><\/strong><\/strong><\/strong><\/strong><\/strong><\/strong><\/strong><\/strong><\/strong><\/strong><\/strong> <strong><strong><strong><strong><strong><strong><strong><strong><strong><strong><strong><strong><strong><strong><strong>nuo 1 kg iki 5 kg<\/strong><\/strong><\/strong><\/strong><\/strong><\/strong><\/strong><\/strong><\/strong><\/strong><\/strong><\/strong><\/strong><\/strong><\/strong><\/h3>\n\n\n\n<p><strong><em>Sukurtas universaliam ir funkcionaliam mokymui<\/em><\/strong><\/p>\n\n\n\n<p style=\"margin-bottom:var(--wp--preset--spacing--tb-section-padding)\">Jis sukurtas taip, kad atlaikyt\u0173 intensyvius u\u017esi\u0117mimus, tod\u0117l j\u012f patogu laikyti atliekant \u012fvairius pratimus. \u0160is medicininis kamuolys yra &#8222;Evolve&#8221; patvarios daugiafunkcin\u0117s \u012frangos, skirtos j\u0117gai ir koordinacijai stiprinti, dalis, idealiai tinkanti bet kokiam fitneso re\u017eimui pagerinti. Tai neatsiejama gerai \u012frengtos treniruo\u010di\u0173 erdv\u0117s dalis, kurioje daugiausia d\u0117mesio skiriama \u012f naudotoj\u0105 orientuotam dizainui, kad treniruot\u0117s b\u016bt\u0173 veiksmingos ir saugios.<\/p>\n<\/div>\n\n\n\n<div class=\"wp-block-column is-vertically-aligned-center is-layout-flow wp-block-column-is-layout-flow\">\n<figure class=\"wp-block-video\"><video height=\"1920\" style=\"aspect-ratio: 2560 \/ 1920;\" width=\"2560\" autoplay=\"\" controls=\"\" loop=\"\" muted=\"\" src=\"https:\/\/evolve-fitness.eu\/wp-content\/uploads\/2024\/01\/Evolve-Medicine-Ball-1-5-kg.mp4\"><\/video><\/figure>\n<\/div>\n<\/div>\n\n\n\n<div class=\"wp-block-columns alignwide mobile-reverse is-layout-flex wp-container-core-columns-is-layout-7a02faa9 wp-block-columns-is-layout-flex\" style=\"margin-bottom:var(--wp--preset--spacing--tb-section-padding)\">\n<div class=\"wp-block-column is-vertically-aligned-center is-layout-flow wp-block-column-is-layout-flow\">\n<figure class=\"wp-block-image size-large\"><img decoding=\"async\" src=\"https:\/\/evolve-fitness.eu\/wp-content\/uploads\/2024\/01\/Evolve-Medicine-Ball-1-kg-1-683x1024.jpg\" alt=\"EV-BL-MB\" class=\"wp-image-9759\"\/><\/figure>\n<\/div>\n\n\n\n<div class=\"wp-block-column is-vertically-aligned-center is-layout-flow wp-block-column-is-layout-flow\">\n<h3 class=\"wp-block-heading\" style=\"margin-bottom:var(--wp--preset--spacing--h-3-bottom)\"><strong><strong><strong><strong><strong>Pagaminta i\u0161 auk\u0161tos kokyb\u0117s, patvari\u0173 med\u017eiag\u0173<\/strong><\/strong><\/strong><\/strong><\/strong><\/h3>\n\n\n\n<p><strong><em>Sukurtas taip, kad atlaikyt\u0173 intensyvi\u0173 treniruo\u010di\u0173 sunkumus<\/em><\/strong><\/p>\n\n\n\n<p style=\"margin-bottom:var(--wp--preset--spacing--tb-section-padding)\">Jo nauda &#8211; stiprina j\u0117g\u0105, koordinacij\u0105 ir lankstum\u0105. Jis pakankamai universalus, kad b\u016bt\u0173 galima atlikti \u012fvairius pratimus, tod\u0117l yra vertingas \u012frankis tiek nam\u0173, tiek sporto sal\u0117s treniruot\u0117ms.<\/p>\n<\/div>\n<\/div>\n\n\n\n<div class=\"wp-block-columns alignwide mobile-reverse is-layout-flex wp-container-core-columns-is-layout-035fa626 wp-block-columns-is-layout-flex\" style=\"margin-bottom:var(--wp--preset--spacing--side-padding);padding-top:var(--wp--preset--spacing--tb-padding);padding-bottom:var(--wp--preset--spacing--tb-padding)\">\n<div class=\"wp-block-column is-vertically-aligned-center is-layout-flow wp-block-column-is-layout-flow\">\n<h3 class=\"wp-block-heading\" style=\"margin-bottom:var(--wp--preset--spacing--h-3-bottom)\"><strong><strong><strong><strong><strong><strong><strong><strong>labai svarbus produktas pusiausvyrai ir koordinacijai gerinti<\/strong><\/strong><\/strong><\/strong><\/strong><\/strong><\/strong><\/strong><\/h3>\n\n\n\n<p><strong><em>Idealiai tinka reabilitacijai ir sporto treniruot\u0117ms<\/em><\/strong><\/p>\n\n\n\n<p style=\"margin-bottom:var(--wp--preset--spacing--tb-section-padding)\">&#8222;Evolve Medicine Ball&#8221; yra veiksminga priemon\u0117 propriocepcijai, t. y. k\u016bno geb\u0117jimui suvokti savo pad\u0117t\u012f erdv\u0117je, stiprinti. Tai ypa\u010d naudinga sportininkams ir asmenims, atsigaunantiems po traum\u0173, nes padeda atgauti j\u0117gas ir stabilum\u0105.<\/p>\n<\/div>\n\n\n\n<div class=\"wp-block-column is-vertically-aligned-center is-layout-flow wp-block-column-is-layout-flow\">\n<figure class=\"wp-block-image size-large\"><img decoding=\"async\" src=\"https:\/\/evolve-fitness.eu\/wp-content\/uploads\/2024\/01\/Evolve-Medicine-Ball-3-kg-1-1024x683.jpg\" alt=\"EV-BL-MB\" class=\"wp-image-9761\"\/><\/figure>\n<\/div>\n<\/div>\n\n\n\n<div class=\"wp-block-columns alignwide mobile-reverse is-layout-flex wp-container-core-columns-is-layout-7a02faa9 wp-block-columns-is-layout-flex\" style=\"margin-bottom:var(--wp--preset--spacing--tb-section-padding)\">\n<div class=\"wp-block-column is-vertically-aligned-center is-layout-flow wp-block-column-is-layout-flow\">\n<figure class=\"wp-block-video\"><video autoplay=\"\" controls=\"\" loop=\"\" muted=\"\" src=\"https:\/\/evolve-fitness.eu\/wp-content\/uploads\/2023\/12\/2-12.mp4\"><\/video><\/figure>\n<\/div>\n\n\n\n<div class=\"wp-block-column is-vertically-aligned-center is-layout-flow wp-block-column-is-layout-flow\">\n<h3 class=\"wp-block-heading\" style=\"margin-bottom:var(--wp--preset--spacing--h-3-bottom)\"><strong><strong><strong><strong><strong><strong>\u012erangos paketai<\/strong><\/strong><\/strong><\/strong><\/strong><\/strong><\/h3>\n\n\n\n<p style=\"margin-bottom:var(--wp--preset--spacing--tb-section-padding)\">I\u0161nagrin\u0117kite m\u016bs\u0173 i\u0161samius \u012frangos paketus, kurie supaprastina nuosavos sporto sal\u0117s \u012frengimo proces\u0105. Su viskuo, ko reikia kry\u017emin\u0117ms ar funkcin\u0117ms treniruot\u0117ms, dar niekada nebuvo taip lengva pasiekti savo fitneso tiksl\u0173.<\/p>\n<\/div>\n<\/div>\n\n\n\n<p class=\"has-text-align-center\"><strong>Atnaujinkite savo treniruo\u010di\u0173 erdv\u0119 ir pasiekite nauj\u0105 fizinio pasirengimo lyg\u012f su m\u016bs\u0173 patikima ir patogia naudoti daugiafunkcine \u012franga.<\/strong><\/p>\n<\/section>\n<\/section>\n\n<section class=\"wp-block-group alignfull has-lightgray-background-color has-background is-layout-constrained wp-block-group-is-layout-constrained\">\n<div class=\"wp-block-columns alignwide is-layout-flex wp-container-core-columns-is-layout-2edb0647 wp-block-columns-is-layout-flex\" style=\"margin-top:0;margin-bottom:0\">\n<div class=\"wp-block-column is-layout-flow wp-block-column-is-layout-flow\" style=\"flex-basis:33.33%\"><\/div>\n\n\n\n<div class=\"wp-block-column is-layout-flow wp-block-column-is-layout-flow\" style=\"flex-basis:66.66%\"><\/div>\n<\/div>\n<\/section>\n","protected":false},"excerpt":{"rendered":"<p>Pristatome &#8222;Evolve&#8221; medicinini\u0173 kamuoli\u0173 asortiment\u0105, kurio svoris svyruoja nuo 1 kg iki 5 kg. \u0160ie medicininiai kamuoliai, sukurti siekiant universalumo ir funkcionalumo, yra b\u016btini norint treniruotes papildyti dinaminiu pasiprie\u0161inimu. Kiekvienas tiksliai ir tvirtai pagamintas kamuolys yra patogus laikyti ir tinka \u012fvairiems pratimams, stiprinantiems j\u0117g\u0105 ir koordinacij\u0105. Pagerinkite savo treniruo\u010di\u0173 re\u017eim\u0105 su &#8222;Evolve Medicine Balls&#8221; &#8211; tai visapusi\u0161kas sprendimas veiksmingoms ir \u012fdomioms viso k\u016bno treniruot\u0117ms. Pasirinkite norim\u0105 svor\u012f ir pakelkite treniruotes \u012f auk\u0161tesn\u012f lyg\u012f.<\/p>\n","protected":false},"featured_media":5416,"template":"","meta":{"_acf_changed":false,"inline_featured_image":false},"product_cat":[119,120],"product_tag":[],"class_list":{"0":"post-7121","1":"product","2":"type-product","3":"status-publish","4":"has-post-thumbnail","6":"product_cat-kryzminis-ir-funkcinis","7":"product_cat-funkcine-iranga","9":"first","10":"instock","11":"shipping-taxable","12":"purchasable","13":"product-type-variable"},"acf":[],"_links":{"self":[{"href":"https:\/\/store.evolve-fitness.eu\/lt\/wp-json\/wp\/v2\/product\/7121","targetHints":{"allow":["GET"]}}],"collection":[{"href":"https:\/\/store.evolve-fitness.eu\/lt\/wp-json\/wp\/v2\/product"}],"about":[{"href":"https:\/\/store.evolve-fitness.eu\/lt\/wp-json\/wp\/v2\/types\/product"}],"wp:featuredmedia":[{"embeddable":true,"href":"https:\/\/store.evolve-fitness.eu\/lt\/wp-json\/wp\/v2\/media\/5416"}],"wp:attachment":[{"href":"https:\/\/store.evolve-fitness.eu\/lt\/wp-json\/wp\/v2\/media?parent=7121"}],"wp:term":[{"taxonomy":"product_cat","embeddable":true,"href":"https:\/\/store.evolve-fitness.eu\/lt\/wp-json\/wp\/v2\/product_cat?post=7121"},{"taxonomy":"product_tag","embeddable":true,"href":"https:\/\/store.evolve-fitness.eu\/lt\/wp-json\/wp\/v2\/product_tag?post=7121"}],"curies":[{"name":"wp","href":"https:\/\/api.w.org\/{rel}","templated":true}]}}