{"id":7114,"date":"2024-01-25T13:09:16","date_gmt":"2024-01-25T13:09:16","guid":{"rendered":"https:\/\/store.evolve-fitness.eu\/produktas\/evolve-bar-pad\/"},"modified":"2024-07-16T11:14:26","modified_gmt":"2024-07-16T11:14:26","slug":"evolve-bar-pad","status":"publish","type":"product","link":"https:\/\/store.evolve-fitness.eu\/lt\/produktas\/evolve-bar-pad\/","title":{"rendered":"&#8222;Evolve Bar Pad"},"content":{"rendered":"","protected":false},"excerpt":{"rendered":"<p>&#8222;Evolve Bar Pad&#8221; &#8211; tai sporto entuziastams, kurie treniruo\u010di\u0173 metu ie\u0161ko patogumo ir apsaugos. \u0160is auk\u0161\u010diausios kokyb\u0117s stryp\u0173 kilim\u0117lis, puikiai pritaikytas standartin\u0117ms ir olimpin\u0117ms \u0161tangoms, maksimaliai apsaugo kakl\u0105 ir pe\u010dius, suma\u017eina traum\u0173 ir diskomforto rizik\u0105 atliekant prit\u016bpimus ir \u0161uolius. &#8222;Evolve Bar Pad&#8221;, pagamintas i\u0161 didelio tankio porolono su neslystan\u010diu pavir\u0161iumi, u\u017etikrina stabilum\u0105 ir ilgaam\u017ei\u0161kum\u0105, tod\u0117l pagerina j\u016bs\u0173 sunkiosios atletikos patirt\u012f. Lengvai naudojamas dizainas su saugiu &#8222;Velcro&#8221; u\u017esegimu paver\u010dia j\u012f privalomu aksesuaru tiek pradedantiesiems, tiek patyrusiems sportininkams. Pagerinkite savo treniruotes sporto sal\u0117je su &#8222;Evolve Bar Pad&#8221; &#8211; geriausiu sprendimu saugesnei ir patogesnei j\u0117gos treniruo\u010di\u0173 kelionei. \u0160is stryp\u0173 kilim\u0117lis idealiai tinka tiems, kurie treniruo\u010di\u0173 metu teikia pirmenyb\u0119 saugumui ir patogumui, tod\u0117l tai yra pagrindinis j\u016bs\u0173 treniruo\u010di\u0173 \u012frangos priedas.<\/p>\n","protected":false},"featured_media":92711,"template":"","meta":{"_acf_changed":false,"inline_featured_image":false},"product_cat":[117,127,158],"product_tag":[],"class_list":{"0":"post-7114","1":"product","2":"type-product","3":"status-publish","4":"has-post-thumbnail","6":"product_cat-pagrindinis-puslapis","7":"product_cat-laisvieji-svarmenys","8":"product_cat-barai-ir-priedai","10":"first","11":"instock","12":"sale","13":"shipping-taxable","14":"purchasable","15":"product-type-simple"},"acf":[],"_links":{"self":[{"href":"https:\/\/store.evolve-fitness.eu\/lt\/wp-json\/wp\/v2\/product\/7114","targetHints":{"allow":["GET"]}}],"collection":[{"href":"https:\/\/store.evolve-fitness.eu\/lt\/wp-json\/wp\/v2\/product"}],"about":[{"href":"https:\/\/store.evolve-fitness.eu\/lt\/wp-json\/wp\/v2\/types\/product"}],"wp:featuredmedia":[{"embeddable":true,"href":"https:\/\/store.evolve-fitness.eu\/lt\/wp-json\/wp\/v2\/media\/92711"}],"wp:attachment":[{"href":"https:\/\/store.evolve-fitness.eu\/lt\/wp-json\/wp\/v2\/media?parent=7114"}],"wp:term":[{"taxonomy":"product_cat","embeddable":true,"href":"https:\/\/store.evolve-fitness.eu\/lt\/wp-json\/wp\/v2\/product_cat?post=7114"},{"taxonomy":"product_tag","embeddable":true,"href":"https:\/\/store.evolve-fitness.eu\/lt\/wp-json\/wp\/v2\/product_tag?post=7114"}],"curies":[{"name":"wp","href":"https:\/\/api.w.org\/{rel}","templated":true}]}}