{"id":7113,"date":"2024-01-24T12:22:35","date_gmt":"2024-01-24T12:22:35","guid":{"rendered":"https:\/\/store.evolve-fitness.eu\/produktas\/evolve-prime-series-dip-station\/"},"modified":"2025-10-09T12:13:20","modified_gmt":"2025-10-09T12:13:20","slug":"evolve-prime-series-dip-station","status":"publish","type":"product","link":"https:\/\/store.evolve-fitness.eu\/lt\/produktas\/evolve-prime-series-dip-station\/","title":{"rendered":"Evolve Prime Series lygiagre\u010di\u0173 treniruoklis (PR-215)"},"content":{"rendered":"\n<section class=\"wp-block-group alignfull black-content has-white-color has-darkgray-background-color has-text-color has-background is-layout-constrained wp-block-group-is-layout-constrained\" style=\"padding-top:var(--wp--preset--spacing--section-bottom);padding-bottom:var(--wp--preset--spacing--section-bottom)\">\n<div class=\"wp-block-columns alignwide mobile-reverse is-layout-flex wp-container-core-columns-is-layout-ca64bf2d wp-block-columns-is-layout-flex\" style=\"margin-bottom:var(--wp--preset--spacing--side-padding)\">\n<div class=\"wp-block-column is-vertically-aligned-center is-layout-flow wp-block-column-is-layout-flow\">\n<h3 class=\"wp-block-heading\" style=\"margin-bottom:var(--wp--preset--spacing--h-3-bottom)\">Tvirtas dizainas, i\u0161skirtiniai rezultatai<strong><strong><strong> <\/strong><br><\/strong><\/strong><\/h3>\n\n\n\n<p>Tvirtas ir saugus<\/p>\n\n\n\n<p style=\"margin-bottom:var(--wp--preset--spacing--tb-section-padding)\">Evolve Prime Series lygiagre\u010di\u0173 treniruoklis pagamintas i\u0161 didelio atsparumo plieno, tod\u0117l u\u017etikrina neprilygstam\u0105 stabilum\u0105 ir saugum\u0105. Dr\u0105siai treniruokit\u0117s \u017einodami, kad j\u016bs\u0173 \u012franga yra tokia pat stipri, kaip ir j\u016bs\u0173 ambicijos.<\/p>\n<\/div>\n\n\n\n<div class=\"wp-block-column is-vertically-aligned-center is-layout-flow wp-block-column-is-layout-flow\">\n<figure class=\"wp-block-image size-large\"><img decoding=\"async\" src=\"https:\/\/evolve-fitness.eu\/wp-content\/uploads\/2023\/12\/A7_06383-1-683x1024.jpg\" alt=\"\" class=\"wp-image-8351\"\/><\/figure>\n<\/div>\n<\/div>\n\n\n\n<div class=\"wp-block-columns alignwide is-layout-flex wp-container-core-columns-is-layout-c45ee707 wp-block-columns-is-layout-flex\" style=\"margin-bottom:var(--wp--preset--spacing--side-padding);padding-top:var(--wp--preset--spacing--side-padding)\">\n<div class=\"wp-block-column is-vertically-aligned-center is-layout-flow wp-block-column-is-layout-flow\">\n<figure class=\"wp-block-image size-large\"><img decoding=\"async\" src=\"https:\/\/evolve-fitness.eu\/wp-content\/uploads\/2023\/12\/A7_06387-1024x683.jpg\" alt=\"\" class=\"wp-image-8353\"\/><\/figure>\n<\/div>\n\n\n\n<div class=\"wp-block-column is-vertically-aligned-center is-layout-flow wp-block-column-is-layout-flow\">\n<h3 class=\"wp-block-heading\" style=\"margin-bottom:var(--wp--preset--spacing--h-3-bottom)\"><strong>Ergonomi\u0161kas ir patogus<\/strong><\/h3>\n\n\n\n<p style=\"margin-bottom:var(--wp--preset--spacing--tb-section-padding)\">\u0160is treniruoklis turi ergonomi\u0161kas rankenas, tod\u0117l j\u0105 patogu laikyti, o tai suma\u017eina rank\u0173 ir rie\u0161\u0173 apkrov\u0105 intensyvi\u0173 treniruo\u010di\u0173 metu. \u0160i stotel\u0117 idealiai tinka \u012fvairiems pratimams, \u012fskaitant tri\u0161akius \u012ft\u016bpstus, k\u016bno rovimus ir koj\u0173 pak\u0117limus, tod\u0117l puikiai tinka \u012fvairioms raumen\u0173 grup\u0117ms.<\/p>\n<\/div>\n<\/div>\n\n\n\n<div class=\"wp-block-columns alignwide is-layout-flex wp-container-core-columns-is-layout-c45ee707 wp-block-columns-is-layout-flex\" style=\"margin-bottom:var(--wp--preset--spacing--side-padding);padding-top:var(--wp--preset--spacing--side-padding)\">\n<div class=\"wp-block-column is-vertically-aligned-center is-layout-flow wp-block-column-is-layout-flow\">\n<h3 class=\"wp-block-heading\" style=\"margin-bottom:var(--wp--preset--spacing--h-3-bottom)\"><strong><strong><strong><strong><strong><strong><strong><strong>Kompakti\u0161kas ir efektyviai i\u0161naudojantis erdv\u0119<\/strong><\/strong><\/strong><\/strong><\/strong><\/strong><\/strong><\/strong><\/h3>\n\n\n\n<p><strong><em>Sukurtas taip, kad puikiai der\u0117t\u0173 prie bet kurios nam\u0173 sporto sal\u0117s ar profesionalios treniruo\u010di\u0173 erdv\u0117s<\/em><\/strong><\/p>\n\n\n\n<p style=\"margin-bottom:var(--wp--preset--spacing--tb-section-padding)\">Tvirta konstrukcija ir auk\u0161tos kokyb\u0117s med\u017eiagos garantuoja, kad \u0161i panardinimo stotel\u0117 atlaikys kasdienio naudojimo sunkumus ir taps ilgalaike investicija \u012f j\u016bs\u0173 sveikatingumo kelion\u0119. Pagerinkite savo treniruo\u010di\u0173 \u017eaidim\u0105 su Evolve Prime Series lygiagre\u010di\u0173 treniruokliu. Nesvarbu, ar norite auginti raumenis, didinti i\u0161tverm\u0119, ar papras\u010diausiai pa\u012fvairinti treniruotes, \u0161i panardinimo stotel\u0117 yra puikus partneris.<\/p>\n<\/div>\n\n\n\n<div class=\"wp-block-column is-vertically-aligned-center is-layout-flow wp-block-column-is-layout-flow\">\n<figure class=\"wp-block-image size-large\"><img decoding=\"async\" src=\"https:\/\/evolve-fitness.eu\/wp-content\/uploads\/2023\/12\/A7_06401-1024x683.jpg\" alt=\"\" class=\"wp-image-8355\"\/><\/figure>\n<\/div>\n<\/div>\n<\/section>\n","protected":false},"excerpt":{"rendered":"<p>Evolve Prime serijos atsispaudim\u0173 treniruoklis \u2013 tai moderni ir efektyvi treniruo\u010di\u0173 priemon\u0117, skirta vir\u0161utin\u0117s k\u016bno dalies stiprinimui ir formavimui. \u0160is \u012frenginys yra nepakei\u010diamas pasirinkimas sporto entuziastams ir atletams, siekiantiems auk\u0161\u010diausi\u0173 rezultat\u0173. Tvirta konstrukcija u\u017etikrina maksimal\u0173 stabilum\u0105 ir saugum\u0105 treniruot\u0117s metu, tod\u0117l galite treniruotis u\u017etikrintai \u2013 su \u012franga, kuri tokia pat stipri, kaip ir j\u016bs\u0173 siekiai.<\/p>\n","protected":false},"featured_media":5147,"template":"","meta":{"_acf_changed":true,"inline_featured_image":false},"product_cat":[117,132,159],"product_tag":[],"class_list":{"0":"post-7113","1":"product","2":"type-product","3":"status-publish","4":"has-post-thumbnail","6":"product_cat-pagrindinis-puslapis","7":"product_cat-suoliukai","8":"product_cat-prime-series-suoliukai","10":"first","11":"outofstock","12":"shipping-taxable","13":"purchasable","14":"product-type-simple"},"acf":[],"_links":{"self":[{"href":"https:\/\/store.evolve-fitness.eu\/lt\/wp-json\/wp\/v2\/product\/7113","targetHints":{"allow":["GET"]}}],"collection":[{"href":"https:\/\/store.evolve-fitness.eu\/lt\/wp-json\/wp\/v2\/product"}],"about":[{"href":"https:\/\/store.evolve-fitness.eu\/lt\/wp-json\/wp\/v2\/types\/product"}],"wp:featuredmedia":[{"embeddable":true,"href":"https:\/\/store.evolve-fitness.eu\/lt\/wp-json\/wp\/v2\/media\/5147"}],"wp:attachment":[{"href":"https:\/\/store.evolve-fitness.eu\/lt\/wp-json\/wp\/v2\/media?parent=7113"}],"wp:term":[{"taxonomy":"product_cat","embeddable":true,"href":"https:\/\/store.evolve-fitness.eu\/lt\/wp-json\/wp\/v2\/product_cat?post=7113"},{"taxonomy":"product_tag","embeddable":true,"href":"https:\/\/store.evolve-fitness.eu\/lt\/wp-json\/wp\/v2\/product_tag?post=7113"}],"curies":[{"name":"wp","href":"https:\/\/api.w.org\/{rel}","templated":true}]}}