{"id":7070,"date":"2024-01-25T13:50:43","date_gmt":"2024-01-25T13:50:43","guid":{"rendered":"https:\/\/store.evolve-fitness.eu\/produktas\/evolve-barbell-jack\/"},"modified":"2024-07-16T11:32:47","modified_gmt":"2024-07-16T11:32:47","slug":"evolve-barbell-jack","status":"publish","type":"product","link":"https:\/\/store.evolve-fitness.eu\/lt\/produktas\/evolve-barbell-jack\/","title":{"rendered":"&#8222;Evolve Barbell Jack"},"content":{"rendered":"","protected":false},"excerpt":{"rendered":"<p>&#8222;Evolve Barbell Jack&#8221; yra specializuota treniruokli\u0173 \u012franga. Jis skirtas pad\u0117ti kelti ir keisti svorius ant \u0161tang\u0173, taip padidinant sunkiosios atletikos treniruo\u010di\u0173 efektyvum\u0105 ir saugum\u0105.<\/p>\n","protected":false},"featured_media":92890,"template":"","meta":{"_acf_changed":false,"inline_featured_image":false},"product_cat":[117,127,158],"product_tag":[],"class_list":{"0":"post-7070","1":"product","2":"type-product","3":"status-publish","4":"has-post-thumbnail","6":"product_cat-pagrindinis-puslapis","7":"product_cat-laisvieji-svarmenys","8":"product_cat-barai-ir-priedai","10":"first","11":"outofstock","12":"shipping-taxable","13":"purchasable","14":"product-type-simple"},"acf":[],"_links":{"self":[{"href":"https:\/\/store.evolve-fitness.eu\/lt\/wp-json\/wp\/v2\/product\/7070","targetHints":{"allow":["GET"]}}],"collection":[{"href":"https:\/\/store.evolve-fitness.eu\/lt\/wp-json\/wp\/v2\/product"}],"about":[{"href":"https:\/\/store.evolve-fitness.eu\/lt\/wp-json\/wp\/v2\/types\/product"}],"wp:featuredmedia":[{"embeddable":true,"href":"https:\/\/store.evolve-fitness.eu\/lt\/wp-json\/wp\/v2\/media\/92890"}],"wp:attachment":[{"href":"https:\/\/store.evolve-fitness.eu\/lt\/wp-json\/wp\/v2\/media?parent=7070"}],"wp:term":[{"taxonomy":"product_cat","embeddable":true,"href":"https:\/\/store.evolve-fitness.eu\/lt\/wp-json\/wp\/v2\/product_cat?post=7070"},{"taxonomy":"product_tag","embeddable":true,"href":"https:\/\/store.evolve-fitness.eu\/lt\/wp-json\/wp\/v2\/product_tag?post=7070"}],"curies":[{"name":"wp","href":"https:\/\/api.w.org\/{rel}","templated":true}]}}