{"id":7050,"date":"2024-01-25T09:35:23","date_gmt":"2024-01-25T09:35:23","guid":{"rendered":"https:\/\/store.evolve-fitness.eu\/produktas\/evolve-ultra-series-reguliuojamo-svorio-hanteliai-3-32-kg\/"},"modified":"2026-04-05T12:00:22","modified_gmt":"2026-04-05T12:00:22","slug":"evolve-ultra-series-reguliuojamo-svorio-hanteliai-3-32-kg","status":"publish","type":"product","link":"https:\/\/store.evolve-fitness.eu\/lt\/produktas\/evolve-ultra-series-reguliuojamo-svorio-hanteliai-3-32-kg\/","title":{"rendered":"&#8222;Evolve Ultra Series&#8221; reguliuojamo svorio hanteliai (4-23,5 \/ 32,5 \/ 41,5 kg)"},"content":{"rendered":"\n<section class=\"wp-block-group alignfull black-content has-white-color has-darkgray-background-color has-text-color has-background is-layout-constrained wp-block-group-is-layout-constrained\" style=\"padding-top:var(--wp--preset--spacing--section-bottom);padding-bottom:var(--wp--preset--spacing--section-bottom)\">\n<div class=\"wp-block-columns alignwide is-layout-flex wp-container-core-columns-is-layout-c45ee707 wp-block-columns-is-layout-flex\" style=\"margin-bottom:var(--wp--preset--spacing--side-padding);padding-top:var(--wp--preset--spacing--side-padding)\">\n<div class=\"wp-block-column is-vertically-aligned-center is-layout-flow wp-block-column-is-layout-flow\">\n<figure class=\"wp-block-image size-full is-resized is-style-rounded\"><a href=\"https:\/\/evolve-fitness.eu\/?attachment_id=195580\"><img decoding=\"async\" src=\"https:\/\/evolve-fitness.eu\/wp-content\/uploads\/2025\/04\/EV-DB-AD-415-18.jpg\" alt=\"\" class=\"wp-image-195580\" style=\"object-fit:cover;width:680px;height:600px\"\/><\/a><\/figure>\n<\/div>\n\n\n\n<div class=\"wp-block-column is-vertically-aligned-center is-layout-constrained wp-block-column-is-layout-constrained\">\n<h3 class=\"wp-block-heading\" style=\"margin-bottom:var(--wp--preset--spacing--h-3-bottom)\">Tikslinis raumen\u0173 vystymasis<\/h3>\n\n\n\n<p><strong><em><strong><em>Tiksliai formuokite skulpt\u016bras<\/em><\/strong><\/em><\/strong><\/p>\n\n\n\n<p style=\"margin-bottom:var(--wp--preset--spacing--tb-section-padding)\">\u0160ie chromuoti hanteliai leid\u017eia tiksliai treniruoti rank\u0173, pe\u010di\u0173, kr\u016btin\u0117s ir \u0161erdies raumenis. Jie idealiai tinka tiek pavieniams, tiek sud\u0117tiniams pratimams atlikti, tod\u0117l tinka laipsni\u0161kam raumen\u0173 vystymuisi visuose fizinio pasirengimo lygiuose. <\/p>\n\n\n\n<p><strong><em><strong>Sukurta kiekvienam pakartojimui<\/strong><\/em><\/strong><\/p>\n\n\n\n<p>Chromuotos rankenos su \u012fbr\u0117\u017eimais u\u017etikrina patikim\u0105, neslystan\u010di\u0105 ranken\u0105, kuri pagerina naudotojo kontrol\u0119 ir saugum\u0105 treniruo\u010di\u0173 metu. Tvirta plienin\u0117 konstrukcija u\u017etikrina ilgalaik\u012f atsparum\u0105 nusid\u0117v\u0117jimui net ir da\u017enai naudojant. <\/p>\n<\/div>\n<\/div>\n\n\n\n<div class=\"wp-block-columns alignwide is-layout-flex wp-container-core-columns-is-layout-c45ee707 wp-block-columns-is-layout-flex\" style=\"margin-bottom:var(--wp--preset--spacing--side-padding);padding-top:var(--wp--preset--spacing--side-padding)\">\n<div class=\"wp-block-column is-vertically-aligned-center is-layout-flow wp-block-column-is-layout-flow\">\n<h3 class=\"wp-block-heading\" style=\"margin-bottom:var(--wp--preset--spacing--h-3-bottom)\">Ergonomi\u0161kas ir prisitaikantis dizainas<\/h3>\n\n\n\n<p><strong><em><strong>Rafinuotas taip, kad tikt\u0173 kiekvienai rankai<\/strong><\/em><\/strong><\/p>\n\n\n\n<p>Sukurtas optimaliai subalansuotas ir vienodo skersmens, tod\u0117l kiekvienas hantelis u\u017etikrina vienod\u0105 poj\u016bt\u012f atliekant pak\u0117limus. J\u0173 poliruoto chromo apdaila ne tik padidina ilgaam\u017ei\u0161kum\u0105, bet ir yra atspari korozijai bei pa\u017eeidimams, atsirandantiems d\u0117l nuolatinio naudojimo. <\/p>\n<\/div>\n\n\n\n<div class=\"wp-block-column is-vertically-aligned-center is-layout-flow wp-block-column-is-layout-flow\">\n<figure class=\"wp-block-image size-large is-style-rounded\"><a href=\"https:\/\/evolve-fitness.eu\/?attachment_id=195605\"><img decoding=\"async\" src=\"https:\/\/evolve-fitness.eu\/wp-content\/uploads\/2025\/04\/EV-DB-AD-415-13-1024x683.jpg\" alt=\"\" class=\"wp-image-195605\"\/><\/a><\/figure>\n<\/div>\n<\/div>\n\n\n\n<div class=\"wp-block-columns alignwide is-layout-flex wp-container-core-columns-is-layout-c45ee707 wp-block-columns-is-layout-flex\" style=\"margin-bottom:var(--wp--preset--spacing--side-padding);padding-top:var(--wp--preset--spacing--side-padding)\">\n<div class=\"wp-block-column is-vertically-aligned-center is-layout-flow wp-block-column-is-layout-flow\">\n<div class=\"wp-block-columns is-layout-flex wp-container-core-columns-is-layout-9d6595d7 wp-block-columns-is-layout-flex\">\n<div class=\"wp-block-column is-layout-flow wp-block-column-is-layout-flow\">\n<figure class=\"wp-block-image size-large is-style-rounded\"><a href=\"https:\/\/evolve-fitness.eu\/?attachment_id=195631\"><img decoding=\"async\" src=\"https:\/\/evolve-fitness.eu\/wp-content\/uploads\/2025\/04\/EV-DB-AD-415-17-1024x683.jpg\" alt=\"\" class=\"wp-image-195631\"\/><\/a><\/figure>\n<\/div>\n<\/div>\n<\/div>\n\n\n\n<div class=\"wp-block-column is-vertically-aligned-center is-layout-flow wp-block-column-is-layout-flow\">\n<h3 class=\"wp-block-heading\" style=\"margin-bottom:var(--wp--preset--spacing--h-3-bottom)\">J\u0117gos treniruo\u010di\u0173 ateitis<\/h3>\n\n\n\n<p><em><strong>Elegancija atitinka na\u0161um\u0105<\/strong><\/em><\/p>\n\n\n\n<p>&#8222;Evolve&#8221; chromuoti hanteliai yra auk\u0161\u010diausios kokyb\u0117s priedas prie bet kokio j\u0117gos treniruo\u010di\u0173 komplekto. Nesenstantis dizainas ir profesionali konstrukcija padeda treniruotis ir pagerina bet kokios treniruo\u010di\u0173 aplinkos i\u0161vaizd\u0105 ir funkcionalum\u0105. <\/p>\n<\/div>\n<\/div>\n\n\n\n<div class=\"wp-block-columns alignwide is-layout-flex wp-container-core-columns-is-layout-c45ee707 wp-block-columns-is-layout-flex\" style=\"margin-bottom:var(--wp--preset--spacing--side-padding);padding-top:var(--wp--preset--spacing--side-padding)\">\n<div class=\"wp-block-column is-vertically-aligned-center is-layout-flow wp-block-column-is-layout-flow\">\n<h3 class=\"wp-block-heading\" style=\"margin-bottom:var(--wp--preset--spacing--h-3-bottom)\">Universalus svorio diapazonas<\/h3>\n\n\n\n<p><strong><em><strong>Keletas pakop\u0173 laipsni\u0161kam mokymui<\/strong><\/em><\/strong><\/p>\n\n\n\n<p>Kiekviename reguliuojamame hantelio svoryje yra tikslus vidinis mechanizmas, leid\u017eiantis skland\u017eiai pasirinkti svor\u012f. 23,5 kg modelis pakei\u010dia 13 atskir\u0173 svori\u0173, 32,5 kg modelis &#8211; 19, o 41,5 kg versija &#8211; 25 atskirus svorius, tod\u0117l yra daugyb\u0117 galimybi\u0173, padedan\u010di\u0173 palaipsniui didinti j\u0117g\u0105 ir pritaikyt\u0173 \u012fvairaus fizinio pasirengimo naudotojams. <\/p>\n<\/div>\n\n\n\n<div class=\"wp-block-column is-vertically-aligned-center is-layout-flow wp-block-column-is-layout-flow\">\n<figure class=\"wp-block-image size-full is-style-rounded\"><img decoding=\"async\" src=\"https:\/\/evolve-fitness.eu\/wp-content\/uploads\/2025\/04\/Compare.jpg\" alt=\"\" class=\"wp-image-196316\"\/><\/figure>\n<\/div>\n<\/div>\n\n\n\n<div class=\"wp-block-columns alignwide is-layout-flex wp-container-core-columns-is-layout-c45ee707 wp-block-columns-is-layout-flex\" style=\"margin-bottom:var(--wp--preset--spacing--side-padding);padding-top:var(--wp--preset--spacing--side-padding)\">\n<div class=\"wp-block-column is-vertically-aligned-center is-layout-flow wp-block-column-is-layout-flow\">\n<figure class=\"wp-block-gallery has-nested-images columns-default is-cropped wp-block-gallery-1 is-layout-flex wp-block-gallery-is-layout-flex\">\n<figure data-wp-context=\"{&quot;imageId&quot;:&quot;69d2a2e6d1b33&quot;}\" data-wp-interactive=\"core\/image\" data-wp-key=\"69d2a2e6d1b33\" class=\"wp-block-image size-large is-style-rounded wp-lightbox-container\"><img decoding=\"async\" data-wp-class--hide=\"state.isContentHidden\" data-wp-class--show=\"state.isContentVisible\" data-wp-init=\"callbacks.setButtonStyles\" data-wp-on--click=\"actions.showLightbox\" data-wp-on--load=\"callbacks.setButtonStyles\" data-wp-on-window--resize=\"callbacks.setButtonStyles\" data-id=\"196038\" src=\"https:\/\/evolve-fitness.eu\/wp-content\/uploads\/2025\/04\/EV-RS-DR-03-3-1024x683.jpg\" alt=\"\" class=\"wp-image-196038\"\/><button\n\t\t\tclass=\"lightbox-trigger\"\n\t\t\ttype=\"button\"\n\t\t\taria-haspopup=\"dialog\"\n\t\t\taria-label=\"Padidinti\"\n\t\t\tdata-wp-init=\"callbacks.initTriggerButton\"\n\t\t\tdata-wp-on--click=\"actions.showLightbox\"\n\t\t\tdata-wp-style--right=\"state.imageButtonRight\"\n\t\t\tdata-wp-style--top=\"state.imageButtonTop\"\n\t\t>\n\t\t\t<svg xmlns=\"http:\/\/www.w3.org\/2000\/svg\" width=\"12\" height=\"12\" fill=\"none\" viewBox=\"0 0 12 12\">\n\t\t\t\t<path fill=\"#fff\" d=\"M2 0a2 2 0 0 0-2 2v2h1.5V2a.5.5 0 0 1 .5-.5h2V0H2Zm2 10.5H2a.5.5 0 0 1-.5-.5V8H0v2a2 2 0 0 0 2 2h2v-1.5ZM8 12v-1.5h2a.5.5 0 0 0 .5-.5V8H12v2a2 2 0 0 1-2 2H8Zm2-12a2 2 0 0 1 2 2v2h-1.5V2a.5.5 0 0 0-.5-.5H8V0h2Z\" \/>\n\t\t\t<\/svg>\n\t\t<\/button><\/figure>\n\n\n\n<figure data-wp-context=\"{&quot;imageId&quot;:&quot;69d2a2e6d23e4&quot;}\" data-wp-interactive=\"core\/image\" data-wp-key=\"69d2a2e6d23e4\" class=\"wp-block-image size-large is-style-rounded wp-lightbox-container\"><img decoding=\"async\" data-wp-class--hide=\"state.isContentHidden\" data-wp-class--show=\"state.isContentVisible\" data-wp-init=\"callbacks.setButtonStyles\" data-wp-on--click=\"actions.showLightbox\" data-wp-on--load=\"callbacks.setButtonStyles\" data-wp-on-window--resize=\"callbacks.setButtonStyles\" data-id=\"196063\" src=\"https:\/\/evolve-fitness.eu\/wp-content\/uploads\/2025\/04\/EV-RS-DR-03-10-1024x683.jpg\" alt=\"\" class=\"wp-image-196063\"\/><button\n\t\t\tclass=\"lightbox-trigger\"\n\t\t\ttype=\"button\"\n\t\t\taria-haspopup=\"dialog\"\n\t\t\taria-label=\"Padidinti\"\n\t\t\tdata-wp-init=\"callbacks.initTriggerButton\"\n\t\t\tdata-wp-on--click=\"actions.showLightbox\"\n\t\t\tdata-wp-style--right=\"state.imageButtonRight\"\n\t\t\tdata-wp-style--top=\"state.imageButtonTop\"\n\t\t>\n\t\t\t<svg xmlns=\"http:\/\/www.w3.org\/2000\/svg\" width=\"12\" height=\"12\" fill=\"none\" viewBox=\"0 0 12 12\">\n\t\t\t\t<path fill=\"#fff\" d=\"M2 0a2 2 0 0 0-2 2v2h1.5V2a.5.5 0 0 1 .5-.5h2V0H2Zm2 10.5H2a.5.5 0 0 1-.5-.5V8H0v2a2 2 0 0 0 2 2h2v-1.5ZM8 12v-1.5h2a.5.5 0 0 0 .5-.5V8H12v2a2 2 0 0 1-2 2H8Zm2-12a2 2 0 0 1 2 2v2h-1.5V2a.5.5 0 0 0-.5-.5H8V0h2Z\" \/>\n\t\t\t<\/svg>\n\t\t<\/button><\/figure>\n\n\n\n<figure data-wp-context=\"{&quot;imageId&quot;:&quot;69d2a2e6d2c66&quot;}\" data-wp-interactive=\"core\/image\" data-wp-key=\"69d2a2e6d2c66\" class=\"wp-block-image size-large is-style-rounded wp-lightbox-container\"><img decoding=\"async\" data-wp-class--hide=\"state.isContentHidden\" data-wp-class--show=\"state.isContentVisible\" data-wp-init=\"callbacks.setButtonStyles\" data-wp-on--click=\"actions.showLightbox\" data-wp-on--load=\"callbacks.setButtonStyles\" data-wp-on-window--resize=\"callbacks.setButtonStyles\" data-id=\"196088\" src=\"https:\/\/evolve-fitness.eu\/wp-content\/uploads\/2025\/04\/EV-RS-DR-03-13-1024x683.jpg\" alt=\"\" class=\"wp-image-196088\"\/><button\n\t\t\tclass=\"lightbox-trigger\"\n\t\t\ttype=\"button\"\n\t\t\taria-haspopup=\"dialog\"\n\t\t\taria-label=\"Padidinti\"\n\t\t\tdata-wp-init=\"callbacks.initTriggerButton\"\n\t\t\tdata-wp-on--click=\"actions.showLightbox\"\n\t\t\tdata-wp-style--right=\"state.imageButtonRight\"\n\t\t\tdata-wp-style--top=\"state.imageButtonTop\"\n\t\t>\n\t\t\t<svg xmlns=\"http:\/\/www.w3.org\/2000\/svg\" width=\"12\" height=\"12\" fill=\"none\" viewBox=\"0 0 12 12\">\n\t\t\t\t<path fill=\"#fff\" d=\"M2 0a2 2 0 0 0-2 2v2h1.5V2a.5.5 0 0 1 .5-.5h2V0H2Zm2 10.5H2a.5.5 0 0 1-.5-.5V8H0v2a2 2 0 0 0 2 2h2v-1.5ZM8 12v-1.5h2a.5.5 0 0 0 .5-.5V8H12v2a2 2 0 0 1-2 2H8Zm2-12a2 2 0 0 1 2 2v2h-1.5V2a.5.5 0 0 0-.5-.5H8V0h2Z\" \/>\n\t\t\t<\/svg>\n\t\t<\/button><\/figure>\n\n\n\n<figure class=\"wp-block-image size-large\"><img decoding=\"async\" data-id=\"196113\" src=\"https:\/\/evolve-fitness.eu\/wp-content\/uploads\/2025\/04\/EV-RS-DR-03-PNG-1-1024x1024.png\" alt=\"\" class=\"wp-image-196113\"\/><\/figure>\n<\/figure>\n<\/div>\n\n\n\n<div class=\"wp-block-column is-vertically-aligned-center is-layout-flow wp-block-column-is-layout-flow\">\n<h3 class=\"wp-block-heading\" style=\"margin-bottom:var(--wp--preset--spacing--h-3-bottom)\">Neprivalomas hanteli\u0173 stovas<\/h3>\n\n\n\n<p><strong><em><strong>Padidinkite hanteli\u0173 rinkin\u012f<\/strong><\/em><\/strong><\/p>\n\n\n\n<p>Papildomas metalinis metalinis hanteli\u0173 stovas, skirtas &#8222;Evolve Ultra Series&#8221; reguliuojamo svorio hanteliams, yra skirtas padidinti treniruo\u010di\u0173 erdv\u0117s funkcionalum\u0105 ir estetik\u0105. Pagamintas i\u0161 patvaraus metalo, jis yra stabili ir saugi reguliuojam\u0173 hanteli\u0173 platforma, u\u017etikrinanti, kad jie b\u016bt\u0173 saugiai laikomi ir lengvai pasiekiami. Ergonomi\u0161ka stovo konstrukcija skatina taisykling\u0105 k\u0117limo poz\u0105, ma\u017eina \u012ftamp\u0105 treniruo\u010di\u0173 metu. Kompakti\u0161kas stovas padeda palaikyti tvark\u0105 ir netvark\u0105, tod\u0117l jis puikiai tinka tiek nam\u0173 sporto sal\u0117ms, tiek profesionaliems sporto centrams.   <\/p>\n<\/div>\n<\/div>\n<\/section>\n","protected":false},"excerpt":{"rendered":"<p>&#8222;Evolve Ultra Series&#8221; reguliuojamo svorio chromuoti hanteliai pasi\u017eymi auk\u0161\u010diausios kokyb\u0117s ilgaam\u017ei\u0161kumu ir funkcionalumu. Sukurti taip, kad atitikt\u0173 \u012fvairi\u0173 treniruo\u010di\u0173 erdvi\u0173 reikalavimus, jie pasi\u017eymi poliruota apdaila ir ergonomi\u0161ka rankena, tod\u0117l yra patikimas ir stilingas bet kurios \u0161iuolaikin\u0117s treniruo\u010di\u0173 aplinkos priedas. <\/p>\n","protected":false},"featured_media":148445,"template":"","meta":{"_acf_changed":false,"inline_featured_image":false},"product_cat":[117,127,131],"product_tag":[],"class_list":{"0":"post-7050","1":"product","2":"type-product","3":"status-publish","4":"has-post-thumbnail","6":"product_cat-pagrindinis-puslapis","7":"product_cat-laisvieji-svarmenys","8":"product_cat-hanteliai","10":"first","11":"instock","12":"sale","13":"shipping-taxable","14":"purchasable","15":"product-type-variable"},"acf":[],"_links":{"self":[{"href":"https:\/\/store.evolve-fitness.eu\/lt\/wp-json\/wp\/v2\/product\/7050","targetHints":{"allow":["GET"]}}],"collection":[{"href":"https:\/\/store.evolve-fitness.eu\/lt\/wp-json\/wp\/v2\/product"}],"about":[{"href":"https:\/\/store.evolve-fitness.eu\/lt\/wp-json\/wp\/v2\/types\/product"}],"wp:featuredmedia":[{"embeddable":true,"href":"https:\/\/store.evolve-fitness.eu\/lt\/wp-json\/wp\/v2\/media\/148445"}],"wp:attachment":[{"href":"https:\/\/store.evolve-fitness.eu\/lt\/wp-json\/wp\/v2\/media?parent=7050"}],"wp:term":[{"taxonomy":"product_cat","embeddable":true,"href":"https:\/\/store.evolve-fitness.eu\/lt\/wp-json\/wp\/v2\/product_cat?post=7050"},{"taxonomy":"product_tag","embeddable":true,"href":"https:\/\/store.evolve-fitness.eu\/lt\/wp-json\/wp\/v2\/product_tag?post=7050"}],"curies":[{"name":"wp","href":"https:\/\/api.w.org\/{rel}","templated":true}]}}