{"id":7047,"date":"2024-01-25T08:08:41","date_gmt":"2024-01-25T08:08:41","guid":{"rendered":"https:\/\/store.evolve-fitness.eu\/produktas\/evolve-prime-series-olimpinis-plokscias-suolelis\/"},"modified":"2025-09-26T12:11:03","modified_gmt":"2025-09-26T12:11:03","slug":"evolve-prime-series-olimpinis-plokscias-suolelis","status":"publish","type":"product","link":"https:\/\/store.evolve-fitness.eu\/lt\/produktas\/evolve-prime-series-olimpinis-plokscias-suolelis\/","title":{"rendered":"&#8222;Evolve Prime Series&#8221; olimpinis plok\u0161\u010dias suolelis"},"content":{"rendered":"\n<section class=\"wp-block-group alignfull black-content has-white-color has-darkgray-background-color has-text-color has-background is-layout-constrained wp-block-group-is-layout-constrained\" style=\"padding-top:var(--wp--preset--spacing--section-bottom);padding-bottom:var(--wp--preset--spacing--section-bottom)\">\n<div class=\"wp-block-columns alignwide mobile-reverse is-layout-flex wp-container-core-columns-is-layout-ca64bf2d wp-block-columns-is-layout-flex\" style=\"margin-bottom:var(--wp--preset--spacing--side-padding)\">\n<div class=\"wp-block-column is-vertically-aligned-center is-layout-flow wp-block-column-is-layout-flow\">\n<h3 class=\"wp-block-heading\" style=\"margin-bottom:var(--wp--preset--spacing--h-3-bottom)\"><strong><strong><strong><strong><strong><strong><strong><strong>Stiprumas, tikslumas ir patogumas<\/strong><\/strong><\/strong><\/strong><\/strong><\/strong><\/strong><\/strong><\/h3>\n\n\n\n<p><strong><em><strong><em><strong><strong><strong><strong><strong>Naujo lygio suoliuko spaudimas su &#8221; <strong>Evolve&#8221; olimpiniu pasvirusiu suoliuku<\/strong><\/strong><\/strong><\/strong><\/strong><\/strong><\/em><\/strong><\/em><\/strong><\/p>\n\n\n\n<p style=\"margin-bottom:var(--wp--preset--spacing--tb-section-padding)\">Sukurtas tiems, kurie rimtai \u017ei\u016bri \u012f savo svori\u0173 kilnojim\u0105, \u0161is suoliukas yra ne tik \u012franga, bet ir j\u016bs\u0173 j\u0117gos treniruo\u010di\u0173 re\u017eimo kertinis akmuo. Patirkite tobul\u0105 kamp\u0105, kad maksimaliai \u012fdarbintum\u0117te raumenis. &#8222;Evolve&#8221; olimpinis nuo\u017eulnusis suolelis sukurtas taip, kad efektyviau veikt\u0173 vir\u0161utin\u0119 kr\u016btin\u0117s dal\u012f ir pe\u010dius, tod\u0117l treniruo\u010di\u0173 su nuo\u017eulniuoju presu metu pasieksite geriausi\u0173 rezultat\u0173.<\/p>\n<\/div>\n\n\n\n<div class=\"wp-block-column is-vertically-aligned-center is-layout-flow wp-block-column-is-layout-flow\">\n<figure class=\"wp-block-video\"><video height=\"600\" style=\"aspect-ratio: 680 \/ 600;\" width=\"680\" autoplay=\"\" controls=\"\" loop=\"\" muted=\"\" src=\"https:\/\/evolve-fitness.eu\/wp-content\/uploads\/2023\/12\/1-26.mp4\"><\/video><\/figure>\n<\/div>\n<\/div>\n\n\n\n<div class=\"wp-block-columns alignwide is-layout-flex wp-container-core-columns-is-layout-c45ee707 wp-block-columns-is-layout-flex\" style=\"margin-bottom:var(--wp--preset--spacing--side-padding);padding-top:var(--wp--preset--spacing--side-padding)\">\n<div class=\"wp-block-column is-vertically-aligned-center is-layout-flow wp-block-column-is-layout-flow\">\n<figure class=\"wp-block-image size-large\"><img decoding=\"async\" src=\"https:\/\/evolve-fitness.eu\/wp-content\/uploads\/2023\/12\/A7_06741-683x1024.jpg\" alt=\"\" class=\"wp-image-8422\"\/><\/figure>\n<\/div>\n\n\n\n<div class=\"wp-block-column is-vertically-aligned-center is-layout-flow wp-block-column-is-layout-flow\">\n<h3 class=\"wp-block-heading\" style=\"margin-bottom:var(--wp--preset--spacing--h-3-bottom)\"><strong><strong>Auk\u0161\u010diausias komfortas ir palaikymas<\/strong><\/strong><\/h3>\n\n\n\n<p><strong><em>Sutelkite d\u0117mes\u012f \u012f savo liftus<\/em><\/strong><\/p>\n\n\n\n<p style=\"margin-bottom:var(--wp--preset--spacing--tb-section-padding)\">M\u016bs\u0173 suolelis turi didelio tankio put\u0173 pamink\u0161tinim\u0105, kuris u\u017etikrina neprilygstam\u0105 komfort\u0105 ir tinkam\u0105 atram\u0105 bei i\u0161lyginim\u0105. Tai rei\u0161kia ilgesnes ir efektyvesnes treniruotes be nereikalingos \u012ftampos.<\/p>\n<\/div>\n<\/div>\n\n\n\n<div class=\"wp-block-columns alignwide is-layout-flex wp-container-core-columns-is-layout-c45ee707 wp-block-columns-is-layout-flex\" style=\"margin-bottom:var(--wp--preset--spacing--side-padding);padding-top:var(--wp--preset--spacing--side-padding)\">\n<div class=\"wp-block-column is-vertically-aligned-center is-layout-flow wp-block-column-is-layout-flow\">\n<h3 class=\"wp-block-heading\" style=\"margin-bottom:var(--wp--preset--spacing--h-3-bottom)\"><strong><strong><strong><strong><strong><strong><strong><strong><strong>Patvari ir tvirta konstrukcija<\/strong><\/strong><\/strong><\/strong><\/strong><\/strong><\/strong><\/strong><\/strong><\/h3>\n\n\n\n<p><strong><em>Ilgalaikis patikimumas<\/em><\/strong><\/p>\n\n\n\n<p style=\"margin-bottom:var(--wp--preset--spacing--tb-section-padding)\">&#8222;Evolve Olympic Incline Bench&#8221; pagamintas taip, kad b\u016bt\u0173 ilgaam\u017eis, turi tvirt\u0105 plienin\u012f r\u0117m\u0105. I\u0161skirtinis ilgaam\u017ei\u0161kumas gali atlaikyti intensyvaus kasdienio naudojimo sunkumus, tod\u0117l tai patikimas pasirinkimas tiek komercin\u0117ms sporto sal\u0117ms, tiek nam\u0173 treniruo\u010di\u0173 erdv\u0117ms.<\/p>\n<\/div>\n\n\n\n<div class=\"wp-block-column is-vertically-aligned-center is-layout-flow wp-block-column-is-layout-flow\">\n<figure class=\"wp-block-image size-large\"><img decoding=\"async\" src=\"https:\/\/evolve-fitness.eu\/wp-content\/uploads\/2023\/12\/A7_06747-683x1024.jpg\" alt=\"\" class=\"wp-image-8424\"\/><\/figure>\n<\/div>\n<\/div>\n<\/section>\n","protected":false},"excerpt":{"rendered":"<p>Auk\u0161tos kokyb\u0117s &#8222;Evolve&#8221; olimpinis plok\u0161\u010dias suoliukas yra puikus pasirinkimas komerciniam naudojimui. Storas apmu\u0161alas, patvarus milteliniu b\u016bdu dengtas r\u0117mas suteikia stabili\u0105 ir ilgalaik\u0119 platform\u0105 veiksmingoms treniruot\u0117ms ir gali atlaikyti nuolatines intensyvias treniruotes. Kompakti\u0161kas, ergonomi\u0161kas dizainas, atviras r\u0117mas, 2 poros stryp\u0173 laikikli\u0173 ir daugyb\u0117 kit\u0173 funkcini\u0173 savybi\u0173 &#8211; \u0161is &#8222;Evolve&#8221; plok\u0161\u010dias suoliukas idealiai tinka \u012fvairaus dyd\u017eio ir fizinio pasirengimo naudotojams.<\/p>\n","protected":false},"featured_media":5292,"template":"","meta":{"_acf_changed":false,"inline_featured_image":false},"product_cat":[117,132,159],"product_tag":[],"class_list":{"0":"post-7047","1":"product","2":"type-product","3":"status-publish","4":"has-post-thumbnail","6":"product_cat-pagrindinis-puslapis","7":"product_cat-suoliukai","8":"product_cat-prime-series-suoliukai","10":"first","11":"outofstock","12":"shipping-taxable","13":"purchasable","14":"product-type-simple"},"acf":[],"_links":{"self":[{"href":"https:\/\/store.evolve-fitness.eu\/lt\/wp-json\/wp\/v2\/product\/7047","targetHints":{"allow":["GET"]}}],"collection":[{"href":"https:\/\/store.evolve-fitness.eu\/lt\/wp-json\/wp\/v2\/product"}],"about":[{"href":"https:\/\/store.evolve-fitness.eu\/lt\/wp-json\/wp\/v2\/types\/product"}],"wp:featuredmedia":[{"embeddable":true,"href":"https:\/\/store.evolve-fitness.eu\/lt\/wp-json\/wp\/v2\/media\/5292"}],"wp:attachment":[{"href":"https:\/\/store.evolve-fitness.eu\/lt\/wp-json\/wp\/v2\/media?parent=7047"}],"wp:term":[{"taxonomy":"product_cat","embeddable":true,"href":"https:\/\/store.evolve-fitness.eu\/lt\/wp-json\/wp\/v2\/product_cat?post=7047"},{"taxonomy":"product_tag","embeddable":true,"href":"https:\/\/store.evolve-fitness.eu\/lt\/wp-json\/wp\/v2\/product_tag?post=7047"}],"curies":[{"name":"wp","href":"https:\/\/api.w.org\/{rel}","templated":true}]}}