{"id":7038,"date":"2024-01-25T13:50:49","date_gmt":"2024-01-25T13:50:49","guid":{"rendered":"https:\/\/store.evolve-fitness.eu\/produktas\/evolve-speed-virve-300-cm\/"},"modified":"2026-03-17T12:00:43","modified_gmt":"2026-03-17T12:00:43","slug":"evolve-speed-virve-300-cm","status":"publish","type":"product","link":"https:\/\/store.evolve-fitness.eu\/lt\/produktas\/evolve-speed-virve-300-cm\/","title":{"rendered":"&#8222;Evolve Speed&#8221; virv\u0117 &#8211; 300 cm"},"content":{"rendered":"\n<section class=\"wp-block-group alignfull has-lightgray-background-color has-background is-layout-constrained wp-block-group-is-layout-constrained\">\n<div class=\"wp-block-columns alignwide is-layout-flex wp-container-core-columns-is-layout-2edb0647 wp-block-columns-is-layout-flex\" style=\"margin-top:0;margin-bottom:0\">\n<div class=\"wp-block-column is-layout-flow wp-block-column-is-layout-flow\" style=\"flex-basis:33.33%\"><\/div>\n\n\n\n<div class=\"wp-block-column is-layout-flow wp-block-column-is-layout-flow\" style=\"flex-basis:66.66%\"><\/div>\n<\/div>\n<\/section>\n","protected":false},"excerpt":{"rendered":"<p>300 cm ilgio &#8222;Evolve Speed Rope&#8221; virv\u0117 skirta \u0161irdies ir kraujagysli\u0173 sistemos fizinei b\u016bklei ir koordinacijai gerinti. \u0160i greitoji virv\u0117 tinka \u012fvairaus lygio \u012fg\u016bd\u017eiams ir fiziniam pasirengimui &#8211; nuo pradedan\u010di\u0173j\u0173 iki pa\u017eengusi\u0173 sportinink\u0173. Tai veiksminga priemon\u0117 \u012fvairioms treniruot\u0117ms, \u012fskaitant didelio intensyvumo intervalines treniruotes ir kondicionavimo pratimus.<\/p>\n","protected":false},"featured_media":5520,"template":"","meta":{"_acf_changed":false,"inline_featured_image":false},"product_cat":[119,120],"product_tag":[],"class_list":{"0":"post-7038","1":"product","2":"type-product","3":"status-publish","4":"has-post-thumbnail","6":"product_cat-kryzminis-ir-funkcinis","7":"product_cat-funkcine-iranga","9":"first","10":"instock","11":"shipping-taxable","12":"purchasable","13":"product-type-simple"},"acf":[],"_links":{"self":[{"href":"https:\/\/store.evolve-fitness.eu\/lt\/wp-json\/wp\/v2\/product\/7038","targetHints":{"allow":["GET"]}}],"collection":[{"href":"https:\/\/store.evolve-fitness.eu\/lt\/wp-json\/wp\/v2\/product"}],"about":[{"href":"https:\/\/store.evolve-fitness.eu\/lt\/wp-json\/wp\/v2\/types\/product"}],"wp:featuredmedia":[{"embeddable":true,"href":"https:\/\/store.evolve-fitness.eu\/lt\/wp-json\/wp\/v2\/media\/5520"}],"wp:attachment":[{"href":"https:\/\/store.evolve-fitness.eu\/lt\/wp-json\/wp\/v2\/media?parent=7038"}],"wp:term":[{"taxonomy":"product_cat","embeddable":true,"href":"https:\/\/store.evolve-fitness.eu\/lt\/wp-json\/wp\/v2\/product_cat?post=7038"},{"taxonomy":"product_tag","embeddable":true,"href":"https:\/\/store.evolve-fitness.eu\/lt\/wp-json\/wp\/v2\/product_tag?post=7038"}],"curies":[{"name":"wp","href":"https:\/\/api.w.org\/{rel}","templated":true}]}}