{"id":7027,"date":"2024-01-26T06:27:35","date_gmt":"2024-01-26T06:27:35","guid":{"rendered":"https:\/\/store.evolve-fitness.eu\/produktas\/evolve-horizontalus-bamperio-ploksciu-laikiklis\/"},"modified":"2025-09-25T17:16:59","modified_gmt":"2025-09-25T17:16:59","slug":"evolve-horizontalus-bamperio-ploksciu-laikiklis","status":"publish","type":"product","link":"https:\/\/store.evolve-fitness.eu\/lt\/produktas\/evolve-horizontalus-bamperio-ploksciu-laikiklis\/","title":{"rendered":"&#8222;Evolve&#8221; horizontalus bamperio plok\u0161\u010di\u0173 laikiklis"},"content":{"rendered":"\n<section class=\"wp-block-group alignfull black-content has-white-color has-darkgray-background-color has-text-color has-background is-layout-constrained wp-block-group-is-layout-constrained\" style=\"padding-top:var(--wp--preset--spacing--section-bottom);padding-bottom:var(--wp--preset--spacing--section-bottom)\">\n<div class=\"wp-block-columns alignwide mobile-reverse is-layout-flex wp-container-core-columns-is-layout-ca64bf2d wp-block-columns-is-layout-flex\" style=\"margin-bottom:var(--wp--preset--spacing--side-padding)\">\n<div class=\"wp-block-column is-vertically-aligned-center is-layout-flow wp-block-column-is-layout-flow\">\n<h3 class=\"wp-block-heading\" style=\"margin-bottom:var(--wp--preset--spacing--h-3-bottom)\"><strong><strong><strong><strong><strong><strong>Mobili ir patogi saugykla<\/strong><\/strong><\/strong><\/strong><\/strong><\/strong><\/h3>\n\n\n\n<p>&#8222;Evolve&#8221; horizontalusis plok\u0161\u010di\u0173 stovas su bamperiu, turintis transportavimo ratukus ir neslystan\u010di\u0105 ranken\u0105, palengvina svorio plok\u0161\u010di\u0173 perk\u0117lim\u0105 erdv\u0117je. Nesvarbu, ar pertvarkote sporto sal\u0119, ar tiesiog perkeliate \u012frang\u0105 konkre\u010diai treniruotei, \u0161is stovas u\u017etikrina neprilygstam\u0105 mobilum\u0105.<\/p>\n\n\n\n<h3 class=\"wp-block-heading\" style=\"margin-bottom:var(--wp--preset--spacing--h-3-bottom)\"><strong><strong><strong><strong><strong>Patvarus dizainas, u\u017etikrinantis ilgaam\u017ei\u0161kum\u0105<\/strong><\/strong><\/strong><\/strong><\/strong><\/h3>\n\n\n\n<p>Stovo r\u0117mas, padengtas milteliniu b\u016bdu, ne tik suteikia eleganti\u0161k\u0105, profesionali\u0105 i\u0161vaizd\u0105, bet ir u\u017etikrina atsparum\u0105 r\u016bdims ir nusid\u0117v\u0117jimui. Tai rei\u0161kia, kad j\u016bs\u0173 investicija i\u0161liks geriausios b\u016bkl\u0117s net ir at\u0161iauriausiomis sporto sal\u0117s s\u0105lygomis.<\/p>\n<\/div>\n\n\n\n<div class=\"wp-block-column is-vertically-aligned-center is-layout-flow wp-block-column-is-layout-flow\">\n<figure class=\"wp-block-image alignright size-full is-resized is-style-rounded\"><img decoding=\"async\" src=\"https:\/\/evolve-fitness.eu\/wp-content\/uploads\/2023\/11\/Evolve-Horizontal-Bumper-Plate-Rack-1.1.png\" alt=\"\" class=\"wp-image-5966\" style=\"object-fit:cover;width:680px;height:600px\"\/><\/figure>\n<\/div>\n<\/div>\n\n\n\n<div class=\"wp-block-columns alignwide is-layout-flex wp-container-core-columns-is-layout-c45ee707 wp-block-columns-is-layout-flex\" style=\"margin-bottom:var(--wp--preset--spacing--side-padding);padding-top:var(--wp--preset--spacing--side-padding)\">\n<div class=\"wp-block-column is-vertically-aligned-center is-layout-flow wp-block-column-is-layout-flow\">\n<figure class=\"wp-block-image size-full is-resized is-style-rounded\"><img decoding=\"async\" src=\"https:\/\/evolve-fitness.eu\/wp-content\/uploads\/2023\/11\/Evolve-Horizontal-Bumper-Plate-Rack.png\" alt=\"\" class=\"wp-image-5962\" style=\"object-fit:cover;width:680px;height:600px\"\/><\/figure>\n<\/div>\n\n\n\n<div class=\"wp-block-column is-vertically-aligned-center is-layout-constrained wp-block-column-is-layout-constrained\">\n<h3 class=\"wp-block-heading\" style=\"margin-bottom:var(--wp--preset--spacing--h-3-bottom)\"><strong><strong><strong><strong><strong><strong>Efektyvus organizavimas, kad b\u016bt\u0173 lengva pasiekti<\/strong><\/strong><\/strong><\/strong><\/strong><\/strong><\/h3>\n\n\n\n<p>Stiprus stovo r\u0117mas gali i\u0161laikyti kelias buferio svorio plok\u0161tes, tod\u0117l tai yra veiksmingas saugojimo sprendimas. Tvarkingai sud\u0117jus ir sur\u016b\u0161iavus l\u0117k\u0161tes, naudotojams lengviau rasti ir pasirinkti reikiamus svorius, taip supaprastinant treniruo\u010di\u0173 patirt\u012f.<\/p>\n\n\n\n<h3 class=\"wp-block-heading\" style=\"margin-bottom:var(--wp--preset--spacing--h-3-bottom)\"><strong><strong><strong><strong><strong><strong>Saugos ir stabilumo apsauginiai elementai<\/strong><\/strong><\/strong><\/strong><\/strong><\/strong><\/h3>\n\n\n\n<p>D\u0117l apsaugin\u0117s PVC kojeli\u0173 dangos &#8222;Evolve&#8221; horizontalusis plok\u0161\u010di\u0173 stovas su buferiu saugiai stovi savo vietoje ir u\u017etikrina saugum\u0105 bei stabilum\u0105 naudojant. \u0160i funkcija padeda apsaugoti grindis nuo \u012fbr\u0117\u017eim\u0173 ir pa\u017eeidim\u0173, tod\u0117l treniruokli\u0173 sal\u0117s b\u016bkl\u0117 i\u0161lieka nepriekai\u0161tinga.<\/p>\n<\/div>\n<\/div>\n\n\n\n<div class=\"wp-block-columns alignwide is-layout-flex wp-container-core-columns-is-layout-c45ee707 wp-block-columns-is-layout-flex\" style=\"margin-bottom:var(--wp--preset--spacing--side-padding);padding-top:var(--wp--preset--spacing--side-padding)\">\n<div class=\"wp-block-column is-vertically-aligned-center is-layout-constrained wp-block-column-is-layout-constrained\">\n<h3 class=\"wp-block-heading\" style=\"margin-bottom:var(--wp--preset--spacing--h-3-bottom)\"><strong><strong><strong><strong><strong><strong><strong>Pagrindiniai &#8222;Evolve Rack&#8221; pasirinkimo privalumai<\/strong><\/strong><\/strong><\/strong><\/strong><\/strong><\/strong><\/h3>\n\n\n\n<ul class=\"wp-block-list\">\n<li><strong>Milteliais dengtas r\u0117mas<\/strong>: Atsparus r\u016bdims.<\/li>\n\n\n\n<li><strong>Transporto ratai<\/strong>: Padeda lengvai jud\u0117ti erdv\u0117je.<\/li>\n\n\n\n<li><strong>Neslystanti rankena<\/strong>: U\u017etikrina tvirt\u0105 sukibim\u0105 perkeliant stela\u017e\u0105.<\/li>\n\n\n\n<li><strong>Apsaugin\u0117 PVC koj\u0173 danga<\/strong>: apsaugo grind\u0173 vientisum\u0105 ir suteikia stabilumo.<\/li>\n<\/ul>\n<\/div>\n\n\n\n<div class=\"wp-block-column is-vertically-aligned-center is-layout-flow wp-block-column-is-layout-flow\">\n<figure class=\"wp-block-image size-full is-resized is-style-rounded\"><img decoding=\"async\" src=\"https:\/\/evolve-fitness.eu\/wp-content\/uploads\/2023\/11\/Evolve-Horizontal-Bumper-Plate-Rack-1.0.png\" alt=\"\" class=\"wp-image-5968\" style=\"object-fit:cover;width:680px;height:600px\"\/><\/figure>\n<\/div>\n<\/div>\n\n\n\n<p class=\"has-text-align-center has-medium-2-font-size\" style=\"padding-top:var(--wp--preset--spacing--tb-padding);padding-bottom:var(--wp--preset--spacing--tb-padding)\">T<strong>&#8222;Evolve&#8221; horizontalus bamperio plok\u0161\u010di\u0173 stovas yra b\u016btinas bet kurios treniruokli\u0173 sal\u0117s papildymas, si\u016blantis prakti\u0161k\u0105 svorio plok\u0161\u010di\u0173 laikymo ir transportavimo sprendim\u0105. D\u0117l tvirtos konstrukcijos ir patogi\u0173 funkcij\u0173 tai yra investicija, kuri pagerina treniruo\u010di\u0173 erdv\u0117s funkcionalum\u0105 ir organizuotum\u0105.<\/strong><\/p>\n<\/section>\n","protected":false},"excerpt":{"rendered":"<p>&#8222;Evolve&#8221; horizontalus &#8222;Bumper Plate Rack&#8221; stovas yra i\u0161skirtinis sporto sali\u0173, gara\u017e\u0173 ir treniruokli\u0173 centr\u0173 laikymo sprendimas, skirtas svori\u0173 plok\u0161t\u0117ms laikyti tvarkingai ir lengvai pasiekiamai. \u0160is patvarus stovas turi milteliniu b\u016bdu padengt\u0105 r\u0117m\u0105, atspar\u0173 r\u016bdims, transportavimo ratukus ir neslystan\u010di\u0105 ranken\u0105, kad gal\u0117tum\u0117te lengvai jud\u0117ti. Efektyvi konstrukcija su apsaugine PVC koj\u0173 danga u\u017etikrina saugum\u0105, stabilum\u0105 ir erdv\u0117s optimizavim\u0105, tod\u0117l yra idealus pasirinkimas tvarkingai ir profesionaliai treniruo\u010di\u0173 aplinkai palaikyti. \u0160is stovas ne tik prakti\u0161kai papildo bet koki\u0105 treniruokli\u0173 sal\u0119, bet ir pagerina naudotoj\u0173 patirt\u012f, nes \u012franga yra tvarkingai i\u0161d\u0117styta ir lengvai pasiekiama.<\/p>\n","protected":false},"featured_media":5595,"template":"","meta":{"_acf_changed":false,"inline_featured_image":false},"product_cat":[117,127,153],"product_tag":[],"class_list":{"0":"post-7027","1":"product","2":"type-product","3":"status-publish","4":"has-post-thumbnail","6":"product_cat-pagrindinis-puslapis","7":"product_cat-laisvieji-svarmenys","8":"product_cat-stelazai-ir-saugojimo-sprendimai","10":"first","11":"instock","12":"shipping-taxable","13":"purchasable","14":"product-type-simple"},"acf":[],"_links":{"self":[{"href":"https:\/\/store.evolve-fitness.eu\/lt\/wp-json\/wp\/v2\/product\/7027","targetHints":{"allow":["GET"]}}],"collection":[{"href":"https:\/\/store.evolve-fitness.eu\/lt\/wp-json\/wp\/v2\/product"}],"about":[{"href":"https:\/\/store.evolve-fitness.eu\/lt\/wp-json\/wp\/v2\/types\/product"}],"wp:featuredmedia":[{"embeddable":true,"href":"https:\/\/store.evolve-fitness.eu\/lt\/wp-json\/wp\/v2\/media\/5595"}],"wp:attachment":[{"href":"https:\/\/store.evolve-fitness.eu\/lt\/wp-json\/wp\/v2\/media?parent=7027"}],"wp:term":[{"taxonomy":"product_cat","embeddable":true,"href":"https:\/\/store.evolve-fitness.eu\/lt\/wp-json\/wp\/v2\/product_cat?post=7027"},{"taxonomy":"product_tag","embeddable":true,"href":"https:\/\/store.evolve-fitness.eu\/lt\/wp-json\/wp\/v2\/product_tag?post=7027"}],"curies":[{"name":"wp","href":"https:\/\/api.w.org\/{rel}","templated":true}]}}