{"id":7023,"date":"2024-01-26T08:50:51","date_gmt":"2024-01-26T08:50:51","guid":{"rendered":"https:\/\/store.evolve-fitness.eu\/produktas\/evolve-gym-rankenu-stovas\/"},"modified":"2025-03-10T11:54:27","modified_gmt":"2025-03-10T11:54:27","slug":"evolve-gym-rankenu-stovas","status":"publish","type":"product","link":"https:\/\/store.evolve-fitness.eu\/lt\/produktas\/evolve-gym-rankenu-stovas\/","title":{"rendered":"&#8222;Evolve Gym&#8221; ranken\u0173 stovas"},"content":{"rendered":"\n<section class=\"wp-block-group alignfull black-content has-white-color has-darkgray-background-color has-text-color has-background is-layout-constrained wp-block-group-is-layout-constrained\" style=\"padding-top:var(--wp--preset--spacing--section-bottom);padding-bottom:var(--wp--preset--spacing--section-bottom)\">\n<div class=\"wp-block-columns alignwide mobile-reverse is-layout-flex wp-container-core-columns-is-layout-ca64bf2d wp-block-columns-is-layout-flex\" style=\"margin-bottom:var(--wp--preset--spacing--side-padding)\">\n<div class=\"wp-block-column is-vertically-aligned-center is-layout-flow wp-block-column-is-layout-flow\">\n<h3 class=\"wp-block-heading\" style=\"margin-bottom:var(--wp--preset--spacing--h-3-bottom)\"><strong>Tvirta konstrukcija ir ilgaam\u017ei\u0161kumas<\/strong><\/h3>\n\n\n\n<p><strong><em>Padidinkite savo sporto sal\u0117s patrauklum\u0105<\/em><\/strong><\/p>\n\n\n\n<p style=\"margin-bottom:var(--wp--preset--spacing--tb-section-padding)\">&#8222;Evolve Gym&#8221; ranken\u0173 stovas, GH-010, pasi\u017eymi ilgaam\u017ei\u0161kumu ir tvirta konstrukcija. \u0160is stovas pagamintas i\u0161 auk\u0161tos kokyb\u0117s med\u017eiag\u0173, tod\u0117l yra ilgaam\u017eis ir atsparus nusid\u0117v\u0117jimui, tod\u0117l idealiai tinka tiek komercin\u0117ms sporto sal\u0117ms, tiek nam\u0173 treniruo\u010di\u0173 erdv\u0117ms. Tvirta konstrukcija u\u017etikrina saug\u0173 treniruokli\u0173 \u012frangos laikym\u0105, tod\u0117l galite b\u016bti ram\u016bs ir ilgam laikui investuoti \u012f savo sveikatingumo kelion\u0119. \u0160\u012f patvar\u0173 sporto \u012frangos stov\u0105 b\u016btina tur\u0117ti, kad i\u0161laikytum\u0117te savo treniruokli\u0173 kokyb\u0119.<\/p>\n<\/div>\n\n\n\n<div class=\"wp-block-column is-vertically-aligned-center is-layout-flow wp-block-column-is-layout-flow\">\n<figure class=\"wp-block-image size-large\"><img decoding=\"async\" src=\"https:\/\/evolve-fitness.eu\/wp-content\/uploads\/2024\/01\/Evolve-Gym-Handles-Rack-C1-1024x683.jpg\" alt=\"EV-RS-GH-010\" class=\"wp-image-10638\"\/><\/figure>\n<\/div>\n<\/div>\n\n\n\n<div class=\"wp-block-columns alignwide is-layout-flex wp-container-core-columns-is-layout-c45ee707 wp-block-columns-is-layout-flex\" style=\"margin-bottom:var(--wp--preset--spacing--side-padding);padding-top:var(--wp--preset--spacing--side-padding)\">\n<div class=\"wp-block-column is-vertically-aligned-center is-layout-flow wp-block-column-is-layout-flow\">\n<figure class=\"wp-block-image size-large\"><img decoding=\"async\" src=\"https:\/\/evolve-fitness.eu\/wp-content\/uploads\/2024\/01\/Evolve-Gym-Handles-Rack-C2-1024x683.jpg\" alt=\"EV-RS-GH-010\" class=\"wp-image-10642\"\/><\/figure>\n<\/div>\n\n\n\n<div class=\"wp-block-column is-vertically-aligned-center is-layout-flow wp-block-column-is-layout-flow\">\n<h3 class=\"wp-block-heading\" style=\"margin-bottom:var(--wp--preset--spacing--h-3-bottom)\"><strong>Erdv\u0119 taupantis ir efektyvus dizainas<\/strong><\/h3>\n\n\n\n<p><strong><em>Maksimaliai padidinkite treniruo\u010di\u0173 erdv\u0119<\/em><\/strong><\/p>\n\n\n\n<p>Suprojektuota taip, kad b\u016bt\u0173 pakankamai vietos saugojimui ir neu\u017eimt\u0173 per daug vietos. D\u0117l kompakti\u0161k\u0173 gabarit\u0173 jis puikiai tinka ma\u017eesn\u0117se sporto sal\u0117se ar nam\u0173 sporto sal\u0117se, kur vietos yra nedaug. D\u0117l i\u0161maniosios \u0161io stovo konstrukcijos ne tik sutaupoma vietos, bet ir efektyviai sutvarkomos sporto rankenos, kad jos b\u016bt\u0173 lengvai pasiekiamos ir suma\u017e\u0117t\u0173 netvarkos.<\/p>\n<\/div>\n<\/div>\n\n\n\n<div class=\"wp-block-columns alignwide is-layout-flex wp-container-core-columns-is-layout-c45ee707 wp-block-columns-is-layout-flex\" style=\"margin-bottom:var(--wp--preset--spacing--side-padding);padding-top:var(--wp--preset--spacing--side-padding)\">\n<div class=\"wp-block-column is-vertically-aligned-center is-layout-flow wp-block-column-is-layout-flow\">\n<h3 class=\"wp-block-heading\" style=\"margin-bottom:var(--wp--preset--spacing--h-3-bottom)\"><strong>Naudojimo paprastumas ir prieinamumas<\/strong><\/h3>\n\n\n\n<p><strong><em>I\u0161laikyti sraut\u0105 per didelio intensyvumo treniruotes ar \u012ftemptas sporto sal\u0117s valandas<\/em><\/strong><\/p>\n\n\n\n<p style=\"margin-bottom:var(--wp--preset--spacing--tb-section-padding)\">Patogus &#8222;Evolve Gym&#8221; ranken\u0173 stovo dizainas u\u017etikrina, kad prie sporto sal\u0117s \u012frangos gal\u0117tum\u0117te prieiti be vargo ir patogiai. D\u0117l i\u0161d\u0117stymo, kuriame pirmenyb\u0117 teikiama paprastam naudojimui, vis\u0173 lygi\u0173 sporto entuziastai gali greitai surasti ir pakeisti sporto rankenas, taip supaprastindami savo treniruo\u010di\u0173 rutin\u0105. D\u0117l apgalvoto dizaino ir paprasto naudojimo jis puikiai tinka tiems, kurie vertina treniruo\u010di\u0173 re\u017eimo efektyvum\u0105.<\/p>\n<\/div>\n\n\n\n<div class=\"wp-block-column is-vertically-aligned-center is-layout-flow wp-block-column-is-layout-flow\">\n<figure class=\"wp-block-image size-full\"><img decoding=\"async\" src=\"https:\/\/evolve-fitness.eu\/wp-content\/uploads\/2024\/01\/Evolve-Gym-Handles-Rack-C3.jpg\" alt=\"EV-RS-GH-010\" class=\"wp-image-10644\"\/><\/figure>\n<\/div>\n<\/div>\n\n\n\n<div class=\"wp-block-columns alignwide is-layout-flex wp-container-core-columns-is-layout-c45ee707 wp-block-columns-is-layout-flex\" style=\"margin-bottom:var(--wp--preset--spacing--side-padding);padding-top:var(--wp--preset--spacing--side-padding)\">\n<div class=\"wp-block-column is-vertically-aligned-center is-layout-flow wp-block-column-is-layout-flow\">\n<figure class=\"wp-block-image size-large\"><img decoding=\"async\" src=\"https:\/\/evolve-fitness.eu\/wp-content\/uploads\/2024\/01\/Evolve-Gym-Handles-Rack-C4-683x1024.jpg\" alt=\"EV-RS-GH-010\" class=\"wp-image-10646\"\/><\/figure>\n<\/div>\n\n\n\n<div class=\"wp-block-column is-vertically-aligned-center is-layout-flow wp-block-column-is-layout-flow\">\n<h3 class=\"wp-block-heading\" style=\"margin-bottom:var(--wp--preset--spacing--h-3-bottom)\"><strong><strong><strong><strong>Estetinis patrauklumas<\/strong><\/strong><\/strong><\/strong><\/h3>\n\n\n\n<p><strong><em>Puikus stiliaus ir prakti\u0161kumo derinys<\/em><\/strong><\/p>\n\n\n\n<p>&#8222;Evolve Gym Handles Rack&#8221; yra ne tik funkcionalus, bet ir pasi\u017eymi eleganti\u0161ku bei moderniu dizainu, kuris pagerina estetin\u012f bet kurios treniruokli\u0173 sal\u0117s aplinkos patrauklum\u0105. \u0160iuolaiki\u0161ka i\u0161vaizda, \u0161vari ir profesionali apdaila papildo bet kurios modernios sporto sal\u0117s ar nam\u0173 treniruo\u010di\u0173 erdv\u0117s interjer\u0105. \u0160is stela\u017eas yra ne tik saugojimo sprendimas, bet ir stiliaus elementas, pagerinantis bendr\u0105 treniruokli\u0173 sal\u0117s atmosfer\u0105.<\/p>\n<\/div>\n<\/div>\n\n\n\n<div class=\"wp-block-columns alignwide is-layout-flex wp-container-core-columns-is-layout-c45ee707 wp-block-columns-is-layout-flex\" style=\"margin-bottom:var(--wp--preset--spacing--side-padding);padding-top:var(--wp--preset--spacing--side-padding)\">\n<div class=\"wp-block-column is-vertically-aligned-center is-layout-flow wp-block-column-is-layout-flow\">\n<h3 class=\"wp-block-heading\" style=\"margin-bottom:var(--wp--preset--spacing--h-3-bottom)\"><strong>Saugumas ir stabilumas<\/strong><\/h3>\n\n\n\n<p><strong><em>Prisid\u0117jimas prie saugesn\u0117s treniruo\u010di\u0173 aplinkos<\/em><\/strong><\/p>\n\n\n\n<p style=\"margin-bottom:var(--wp--preset--spacing--tb-section-padding)\">Sauga yra svarbiausia bet kurioje treniruokli\u0173 sal\u0117je, tod\u0117l &#8222;Evolve Gym&#8221; ranken\u0173 stovas sukurtas atsi\u017evelgiant \u012f tai. Stabilus pagrindas ir saugi konstrukcija yra patikimas sand\u0117liavimo sprendimas, suma\u017einantis nelaiming\u0173 atsitikim\u0173 ar \u012frangos sugadinimo rizik\u0105. Stovo konstrukcija u\u017etikrina, kad treniruokli\u0173 rankenos b\u016bt\u0173 saugiai laikomos ir lengvai pasiekiamos.<\/p>\n<\/div>\n\n\n\n<div class=\"wp-block-column is-vertically-aligned-center is-layout-flow wp-block-column-is-layout-flow\">\n<figure class=\"wp-block-image size-large\"><img decoding=\"async\" src=\"https:\/\/evolve-fitness.eu\/wp-content\/uploads\/2024\/01\/Evolve-Gym-Handles-Rack-C5-683x1024.jpg\" alt=\"EV-RS-GH-010\" class=\"wp-image-10648\"\/><\/figure>\n<\/div>\n<\/div>\n<\/section>\n","protected":false},"excerpt":{"rendered":"<p>Atraskite geriausi\u0105 sporto sal\u0117s organizavimo ir efektyvumo sprendim\u0105 su &#8222;Evolve Gym Handles Rack&#8221;, GH-010. \u0160is \u012frangos stovas yra meistri\u0161kai suprojektuotas taip, kad atitikt\u0173 tiek fitneso entuziast\u0173, tiek treniruokli\u0173 sali\u0173 savinink\u0173 poreikius. D\u0117l patvarumo ir patogumo naudoti pagamintas &#8222;Evolve&#8221; treniruokli\u0173 ranken\u0173 stovas u\u017etikrina, kad aplinkoje neb\u016bt\u0173 netvarkos, nes vienoje patogioje vietoje tvarkingai laikomos \u012fvairios treniruokli\u0173 rankenos. D\u0117l tvirtos konstrukcijos ir eleganti\u0161kos estetikos jis puikiai tinka bet kuriai moderniai sporto salei. Pagerinkite savo treniruo\u010di\u0173 erdv\u0119 \u0161iuo svarbiu laikymo sprendimu ir pajuskite, kaip skland\u017eiai dera funkcionalumas ir stilius.<\/p>\n","protected":false},"featured_media":5642,"template":"","meta":{"_acf_changed":false,"inline_featured_image":false},"product_cat":[117,127,153],"product_tag":[],"class_list":{"0":"post-7023","1":"product","2":"type-product","3":"status-publish","4":"has-post-thumbnail","6":"product_cat-pagrindinis-puslapis","7":"product_cat-laisvieji-svarmenys","8":"product_cat-stelazai-ir-saugojimo-sprendimai","10":"first","11":"instock","12":"shipping-taxable","13":"purchasable","14":"product-type-simple"},"acf":[],"_links":{"self":[{"href":"https:\/\/store.evolve-fitness.eu\/lt\/wp-json\/wp\/v2\/product\/7023","targetHints":{"allow":["GET"]}}],"collection":[{"href":"https:\/\/store.evolve-fitness.eu\/lt\/wp-json\/wp\/v2\/product"}],"about":[{"href":"https:\/\/store.evolve-fitness.eu\/lt\/wp-json\/wp\/v2\/types\/product"}],"wp:featuredmedia":[{"embeddable":true,"href":"https:\/\/store.evolve-fitness.eu\/lt\/wp-json\/wp\/v2\/media\/5642"}],"wp:attachment":[{"href":"https:\/\/store.evolve-fitness.eu\/lt\/wp-json\/wp\/v2\/media?parent=7023"}],"wp:term":[{"taxonomy":"product_cat","embeddable":true,"href":"https:\/\/store.evolve-fitness.eu\/lt\/wp-json\/wp\/v2\/product_cat?post=7023"},{"taxonomy":"product_tag","embeddable":true,"href":"https:\/\/store.evolve-fitness.eu\/lt\/wp-json\/wp\/v2\/product_tag?post=7023"}],"curies":[{"name":"wp","href":"https:\/\/api.w.org\/{rel}","templated":true}]}}