{"id":7022,"date":"2024-01-26T09:49:28","date_gmt":"2024-01-26T09:49:28","guid":{"rendered":"https:\/\/store.evolve-fitness.eu\/produktas\/evolve-v-rankena\/"},"modified":"2024-01-26T09:49:28","modified_gmt":"2024-01-26T09:49:28","slug":"evolve-v-rankena","status":"publish","type":"product","link":"https:\/\/store.evolve-fitness.eu\/lt\/produktas\/evolve-v-rankena\/","title":{"rendered":"&#8222;Evolve V&#8221; rankena"},"content":{"rendered":"","protected":false},"excerpt":{"rendered":"<p>Atnaujinkite savo treniruo\u010di\u0173 arsenal\u0105 naudodami &#8222;Evolve V&#8221; ranken\u0105 GH-060, kuri\u0105 b\u016btina tur\u0117ti tiems, kurie rimtai \u017ei\u016bri \u012f treniruotes su laidu. \u0160is V formos rankenos tvirtinimo \u012ftaisas, meistri\u0161kai sukurtas optimaliam veikimui, skirtas sustiprinti traukimus, eilutes ir kitus pratimus su trosu. Unikali V formos konstrukcija u\u017etikrina subalansuot\u0105 svorio pasiskirstym\u0105, tod\u0117l tikslingiau ir veiksmingiau \u012ftraukiami raumenys. I\u0161 auk\u0161\u010diausios kokyb\u0117s med\u017eiag\u0173 pagaminta &#8222;Evolve V Handle&#8221; rankena yra patvari ir patogi laikyti, tod\u0117l atlaiko intensyvias treniruotes. D\u0117l suderinamumo su \u012fvairiais kabeliniais treniruokliais jis yra universalus ir b\u016btinas \u012frankis tiek nam\u0173 sporto sal\u0117se, tiek profesionaliuose sporto centruose. Idealiai tinka sportininkams ir fitneso entuziastams, norintiems padidinti savo j\u0117g\u0105 ir sustiprinti raumenis, tod\u0117l &#8222;Evolve V Handle&#8221; yra raktas \u012f veiksmingesn\u0119 ir efektyvesn\u0119 treniruot\u0119.<\/p>\n","protected":false},"featured_media":5714,"template":"","meta":{"_acf_changed":false,"inline_featured_image":false},"product_cat":[117,150],"product_tag":[],"class_list":{"0":"post-7022","1":"product","2":"type-product","3":"status-publish","4":"has-post-thumbnail","6":"product_cat-pagrindinis-puslapis","7":"product_cat-priedai-lt","9":"first","10":"instock","11":"shipping-taxable","12":"purchasable","13":"product-type-simple"},"acf":[],"_links":{"self":[{"href":"https:\/\/store.evolve-fitness.eu\/lt\/wp-json\/wp\/v2\/product\/7022","targetHints":{"allow":["GET"]}}],"collection":[{"href":"https:\/\/store.evolve-fitness.eu\/lt\/wp-json\/wp\/v2\/product"}],"about":[{"href":"https:\/\/store.evolve-fitness.eu\/lt\/wp-json\/wp\/v2\/types\/product"}],"wp:featuredmedia":[{"embeddable":true,"href":"https:\/\/store.evolve-fitness.eu\/lt\/wp-json\/wp\/v2\/media\/5714"}],"wp:attachment":[{"href":"https:\/\/store.evolve-fitness.eu\/lt\/wp-json\/wp\/v2\/media?parent=7022"}],"wp:term":[{"taxonomy":"product_cat","embeddable":true,"href":"https:\/\/store.evolve-fitness.eu\/lt\/wp-json\/wp\/v2\/product_cat?post=7022"},{"taxonomy":"product_tag","embeddable":true,"href":"https:\/\/store.evolve-fitness.eu\/lt\/wp-json\/wp\/v2\/product_tag?post=7022"}],"curies":[{"name":"wp","href":"https:\/\/api.w.org\/{rel}","templated":true}]}}