{"id":7021,"date":"2024-01-26T09:29:29","date_gmt":"2024-01-26T09:29:29","guid":{"rendered":"https:\/\/store.evolve-fitness.eu\/produktas\/evolve-triceps-bar\/"},"modified":"2024-01-26T09:29:29","modified_gmt":"2024-01-26T09:29:29","slug":"evolve-triceps-bar","status":"publish","type":"product","link":"https:\/\/store.evolve-fitness.eu\/lt\/produktas\/evolve-triceps-bar\/","title":{"rendered":"&#8222;Evolve Triceps Bar"},"content":{"rendered":"","protected":false},"excerpt":{"rendered":"<p>Atraskite tiksling\u0173 rank\u0173 treniruo\u010di\u0173 gali\u0105 su &#8222;Evolve Triceps Bar&#8221;, EV-AC-GH-150. \u0160is strypas, specialiai sukurtas tricepso pratimams pagerinti, kei\u010dia \u017eaidimo taisykles visiems, norintiems intensyviau treniruoti rankas. &#8222;Evolve Triceps Bar&#8221; turi tvirt\u0105 ir ilgaam\u017e\u0119 konstrukcij\u0105, tod\u0117l gali atlaikyti pa\u010dias grie\u017e\u010diausias treniruotes. Unikalios konstrukcijos rankena yra neutrali, o tai padeda suma\u017einti rie\u0161\u0173 ir alk\u016bni\u0173 apkrov\u0105, kartu veiksmingai izoliuojant ir stiprinant tricepso raumenis. \u0160is strypas puikiai tinka \u012fvairiems pratimams, \u012fskaitant kaukol\u0117s gniu\u017edymo, tricepso spaudimo ir plaktuko rankenos pak\u0117limo vir\u0161 galvos pratimus, tod\u0117l yra universalus rank\u0173 treniruot\u0117ms. D\u0117l suderinamumo su standartin\u0117mis svorio plok\u0161t\u0117mis jis puikiai tinka tiek nam\u0173, tiek komercin\u0117se sporto sal\u0117se. Nesvarbu, ar esate fitneso entuziastas, ar profesionalus sportininkas, &#8222;Evolve Triceps Bar&#8221; yra esminis \u012frankis vir\u0161utin\u0117s k\u016bno dalies j\u0117gai stiprinti, raumen\u0173 tonusui gerinti ir bendram rank\u0173 apibr\u0117\u017eimui didinti.<\/p>\n","protected":false},"featured_media":128288,"template":"","meta":{"_acf_changed":false,"inline_featured_image":false},"product_cat":[117,150],"product_tag":[],"class_list":{"0":"post-7021","1":"product","2":"type-product","3":"status-publish","4":"has-post-thumbnail","6":"product_cat-pagrindinis-puslapis","7":"product_cat-priedai-lt","9":"first","10":"instock","11":"shipping-taxable","12":"purchasable","13":"product-type-simple"},"acf":[],"_links":{"self":[{"href":"https:\/\/store.evolve-fitness.eu\/lt\/wp-json\/wp\/v2\/product\/7021","targetHints":{"allow":["GET"]}}],"collection":[{"href":"https:\/\/store.evolve-fitness.eu\/lt\/wp-json\/wp\/v2\/product"}],"about":[{"href":"https:\/\/store.evolve-fitness.eu\/lt\/wp-json\/wp\/v2\/types\/product"}],"wp:featuredmedia":[{"embeddable":true,"href":"https:\/\/store.evolve-fitness.eu\/lt\/wp-json\/wp\/v2\/media\/128288"}],"wp:attachment":[{"href":"https:\/\/store.evolve-fitness.eu\/lt\/wp-json\/wp\/v2\/media?parent=7021"}],"wp:term":[{"taxonomy":"product_cat","embeddable":true,"href":"https:\/\/store.evolve-fitness.eu\/lt\/wp-json\/wp\/v2\/product_cat?post=7021"},{"taxonomy":"product_tag","embeddable":true,"href":"https:\/\/store.evolve-fitness.eu\/lt\/wp-json\/wp\/v2\/product_tag?post=7021"}],"curies":[{"name":"wp","href":"https:\/\/api.w.org\/{rel}","templated":true}]}}