{"id":7020,"date":"2024-01-25T14:27:31","date_gmt":"2024-01-25T14:27:31","guid":{"rendered":"https:\/\/store.evolve-fitness.eu\/produktas\/evolve-pro-funkciniai-dirzai\/"},"modified":"2026-04-03T12:00:41","modified_gmt":"2026-04-03T12:00:41","slug":"evolve-pro-funkciniai-dirzai","status":"publish","type":"product","link":"https:\/\/store.evolve-fitness.eu\/lt\/produktas\/evolve-pro-funkciniai-dirzai\/","title":{"rendered":"&#8222;Evolve Pro&#8221; funkciniai dir\u017eai"},"content":{"rendered":"\n<section class=\"wp-block-group alignfull black-content has-white-color has-darkgray-background-color has-text-color has-background is-layout-constrained wp-block-group-is-layout-constrained\" style=\"padding-top:var(--wp--preset--spacing--section-bottom);padding-bottom:var(--wp--preset--spacing--section-bottom)\">\n<div class=\"wp-block-columns alignwide mobile-reverse is-layout-flex wp-container-core-columns-is-layout-ca64bf2d wp-block-columns-is-layout-flex\" style=\"margin-bottom:var(--wp--preset--spacing--side-padding)\">\n<div class=\"wp-block-column is-vertically-aligned-center is-layout-flow wp-block-column-is-layout-flow\">\n<h3 class=\"wp-block-heading\" style=\"margin-bottom:var(--wp--preset--spacing--h-3-bottom)\">specialios savyb\u0117s<\/h3>\n\n\n\n<p><strong><em>kurie pagerina treniruokli\u0173 funkcionalum\u0105 fitneso treniruot\u0117se<\/em><\/strong><\/p>\n\n\n\n<p style=\"margin-bottom:var(--wp--preset--spacing--tb-section-padding)\">Tai patvarios med\u017eiagos, u\u017etikrinan\u010dios ilgaam\u017ei\u0161kum\u0105, reguliuojamas dydis, kad b\u016bt\u0173 patogu d\u0117v\u0117ti, ir ergonomi\u0161kas dizainas, padedantis atlikti \u012fvairius judesius. Funkciniai dir\u017eai skirti k\u016bno svor\u012f naudojantiems pratimams. \u0160ie dir\u017eai naudojami norint padidinti pasiprie\u0161inim\u0105 arba param\u0105 atliekant \u012fvairius pratimus, pavyzd\u017eiui, prisitraukimus, atsilenkimus ir raumen\u0173 pak\u0117limus. Jie padeda didinti j\u0117g\u0105 ir i\u0161tverm\u0119, nes suteikia papildom\u0105 svorio pasiprie\u0161inim\u0105, taip padidindami treniruot\u0117s intensyvum\u0105. \u0160ie dir\u017eai idealiai tinka tiems, kurie nori patobulinti k\u016bno svorio treniruo\u010di\u0173 program\u0105.<\/p>\n<\/div>\n\n\n\n<div class=\"wp-block-column is-vertically-aligned-center is-layout-flow wp-block-column-is-layout-flow\">\n<figure class=\"wp-block-image size-large\"><img decoding=\"async\" src=\"https:\/\/evolve-fitness.eu\/wp-content\/uploads\/2023\/12\/A7_08160-2-683x1024.jpg\" alt=\"\" class=\"wp-image-9141\"\/><\/figure>\n<\/div>\n<\/div>\n\n\n\n<div class=\"wp-block-columns alignwide is-layout-flex wp-container-core-columns-is-layout-c45ee707 wp-block-columns-is-layout-flex\" style=\"margin-bottom:var(--wp--preset--spacing--side-padding);padding-top:var(--wp--preset--spacing--side-padding)\">\n<div class=\"wp-block-column is-vertically-aligned-center is-layout-flow wp-block-column-is-layout-flow\">\n<figure class=\"wp-block-image size-large\"><img decoding=\"async\" src=\"https:\/\/evolve-fitness.eu\/wp-content\/uploads\/2023\/11\/A7_08076-1024x683.jpg\" alt=\"\" class=\"wp-image-9123\"\/><\/figure>\n<\/div>\n\n\n\n<div class=\"wp-block-column is-vertically-aligned-center is-layout-flow wp-block-column-is-layout-flow\">\n<h3 class=\"wp-block-heading\" style=\"margin-bottom:var(--wp--preset--spacing--h-3-bottom)\"><strong><strong><strong>Sukurta taip, kad b\u016bt\u0173 suderinama su &#8222;Evolve&#8221; platformomis<\/strong><\/strong><\/strong><\/h3>\n\n\n\n<p><strong><em>Palengvina \u012fvairius pratimus grupin\u0117ms treniruot\u0117ms arba individualioms sesijoms<\/em><\/strong><\/p>\n\n\n\n<p style=\"margin-bottom:var(--wp--preset--spacing--tb-section-padding)\">Ilgas tvirtinimas &#8211; idealus priedas funkcinei treniruotei ir CrossFit. \u0160is patogus tvirtinimo \u012ftaisas padidina j\u016bs\u0173 \u012frenginio universalum\u0105, nes prie jo galima prijungti \u012fvairius priedus. Tai esminis \u012frankis, kuris pagerins j\u016bs\u0173 treniruo\u010di\u0173 rutin\u0105 ir suteiks nauj\u0173 galimybi\u0173 treniruotis.<\/p>\n<\/div>\n<\/div>\n\n\n\n<div class=\"wp-block-columns alignwide is-layout-flex wp-container-core-columns-is-layout-c45ee707 wp-block-columns-is-layout-flex\" style=\"margin-bottom:var(--wp--preset--spacing--side-padding);padding-top:var(--wp--preset--spacing--side-padding)\">\n<div class=\"wp-block-column is-vertically-aligned-center is-layout-flow wp-block-column-is-layout-flow\">\n<h3 class=\"wp-block-heading\" style=\"margin-bottom:var(--wp--preset--spacing--h-3-bottom)\">sukurtas atsi\u017evelgiant \u012f ilgaam\u017ei\u0161kum\u0105<\/h3>\n\n\n\n<p><strong><em>Auk\u0161tos kokyb\u0117s med\u017eiagos, kad atlaikyt\u0173 grie\u017etas treniruotes<\/em><\/strong><\/p>\n\n\n\n<p style=\"margin-bottom:var(--wp--preset--spacing--tb-section-padding)\">J\u0173 konstrukcija pritaikyta atlaikyti da\u017eno ir intensyvaus naudojimo \u012ftamp\u0105, tod\u0117l jos yra patikimas pasirinkimas tiek profesionaliems sportininkams, tiek fitneso entuziastams.<\/p>\n<\/div>\n\n\n\n<div class=\"wp-block-column is-vertically-aligned-center is-layout-flow wp-block-column-is-layout-flow\">\n<figure class=\"wp-block-image size-large\"><img decoding=\"async\" src=\"https:\/\/evolve-fitness.eu\/wp-content\/uploads\/2023\/12\/A7_08161-1024x683.jpg\" alt=\"\" class=\"wp-image-9144\"\/><\/figure>\n<\/div>\n<\/div>\n<\/section>\n\n<section class=\"wp-block-group alignfull has-lightgray-background-color has-background is-layout-constrained wp-block-group-is-layout-constrained\">\n<div class=\"wp-block-columns alignwide is-layout-flex wp-container-core-columns-is-layout-2edb0647 wp-block-columns-is-layout-flex\" style=\"margin-top:0;margin-bottom:0\">\n<div class=\"wp-block-column is-layout-flow wp-block-column-is-layout-flow\" style=\"flex-basis:33.33%\"><\/div>\n\n\n\n<div class=\"wp-block-column is-layout-flow wp-block-column-is-layout-flow\" style=\"flex-basis:66.66%\"><\/div>\n<\/div>\n<\/section>\n","protected":false},"excerpt":{"rendered":"<p>Treniruokit\u0117s bet kur ir bet kada su stilingais ir universaliais funkciniais dir\u017eais &#8222;Evolve&#8221;. \u0160ios savyb\u0117s, pagamintos i\u0161 patvaraus audinio, su neslystan\u010diomis, elastingomis, guma dengtomis rankenomis ir reguliuojamomis kilpomis kojoms, u\u017etikrina ilgaam\u017ei\u0161kum\u0105 ir patogum\u0105 treniruo\u010di\u0173 metu. Naudojant specialius priedus, \u0161iuos dir\u017eus galima pakabinti ant sijos, sienos ar dur\u0173. Patogus, ne\u0161iojamas dizainas apima krep\u0161\u012f, \u012f kur\u012f telpa visas rinkinys. &#8222;Evolve TRX&#8221; treniruoklis yra universalus, tinkamas naudoti namuose ir sporto sal\u0117je. Jo paprastas, bet eleganti\u0161kas dizainas leid\u017eia treniruoti viso k\u016bno raumenis. &#8222;Evolve TRX&#8221; dir\u017eai pagaminti i\u0161 auk\u0161tos kokyb\u0117s med\u017eiag\u0173, juos lengva pri\u017ei\u016br\u0117ti ir valyti, jie patikimai veikia net profesionaliuose sporto klubuose.<\/p>\n","protected":false},"featured_media":5539,"template":"","meta":{"_acf_changed":false,"inline_featured_image":false},"product_cat":[119,120],"product_tag":[],"class_list":{"0":"post-7020","1":"product","2":"type-product","3":"status-publish","4":"has-post-thumbnail","6":"product_cat-kryzminis-ir-funkcinis","7":"product_cat-funkcine-iranga","9":"first","10":"instock","11":"shipping-taxable","12":"purchasable","13":"product-type-simple"},"acf":[],"_links":{"self":[{"href":"https:\/\/store.evolve-fitness.eu\/lt\/wp-json\/wp\/v2\/product\/7020","targetHints":{"allow":["GET"]}}],"collection":[{"href":"https:\/\/store.evolve-fitness.eu\/lt\/wp-json\/wp\/v2\/product"}],"about":[{"href":"https:\/\/store.evolve-fitness.eu\/lt\/wp-json\/wp\/v2\/types\/product"}],"wp:featuredmedia":[{"embeddable":true,"href":"https:\/\/store.evolve-fitness.eu\/lt\/wp-json\/wp\/v2\/media\/5539"}],"wp:attachment":[{"href":"https:\/\/store.evolve-fitness.eu\/lt\/wp-json\/wp\/v2\/media?parent=7020"}],"wp:term":[{"taxonomy":"product_cat","embeddable":true,"href":"https:\/\/store.evolve-fitness.eu\/lt\/wp-json\/wp\/v2\/product_cat?post=7020"},{"taxonomy":"product_tag","embeddable":true,"href":"https:\/\/store.evolve-fitness.eu\/lt\/wp-json\/wp\/v2\/product_tag?post=7020"}],"curies":[{"name":"wp","href":"https:\/\/api.w.org\/{rel}","templated":true}]}}