{"id":6982,"date":"2024-01-26T09:39:44","date_gmt":"2024-01-26T09:39:44","guid":{"rendered":"https:\/\/store.evolve-fitness.eu\/produktas\/evolve-triceps-rope\/"},"modified":"2024-01-26T09:39:44","modified_gmt":"2024-01-26T09:39:44","slug":"evolve-triceps-rope","status":"publish","type":"product","link":"https:\/\/store.evolve-fitness.eu\/lt\/produktas\/evolve-triceps-rope\/","title":{"rendered":"Evolve Triceps Rope"},"content":{"rendered":"","protected":false},"excerpt":{"rendered":"<p>Pristatome &#8222;Evolve Triceps Rope&#8221; &#8211; auk\u0161\u010diausios kokyb\u0117s treniruokli\u0173 kolekcijos papildym\u0105, kur\u012f dabar galite \u012fsigyti m\u016bs\u0173 internetin\u0117je parduotuv\u0117je. \u0160is specialus virv\u0117s priedas skirtas triceps\u0173 treniruot\u0117ms pagerinti, nes suteikia puiki\u0105 galimyb\u0119 atlikti atsispaudimus, prat\u0119simus ir kitus rank\u0173 pratimus. &#8222;Evolve Triceps Rope&#8221; virv\u0117 pagaminta i\u0161 auk\u0161tos kokyb\u0117s ir patvari\u0173 med\u017eiag\u0173, tod\u0117l ji u\u017etikrina ilgaam\u017ei\u0161kum\u0105 ir atsparum\u0105 grie\u017etoms treniruot\u0117ms. Unikalus, storas pintas dizainas u\u017etikrina patog\u0173 su\u0117mim\u0105, leid\u017eia optimaliai kontroliuoti ir efektyviai treniruoti tricepso raumenis. \u0160is universalus priedas, suderinamas su \u012fvairiais kabeliniais treniruokliais, idealiai tinka tiek nam\u0173, tiek komercin\u0117ms sporto sal\u0117ms. Nesvarbu, ar norite sustiprinti rankas, padidinti raumen\u0173 j\u0117g\u0105, ar pa\u012fvairinti treniruo\u010di\u0173 rutin\u0105, &#8222;Evolve Triceps Rope&#8221; yra puikus \u012frankis. Pagerinkite savo treniruo\u010di\u0173 re\u017eim\u0105 naudodami \u0161i\u0105 b\u016btin\u0105 \u012frang\u0105, kad gal\u0117tum\u0117te intensyviau ir tikslingiau treniruoti rankas. Pirkite dabar ir \u017eenkite pirm\u0105 \u017eingsn\u012f link savo triceps\u0173 tiksl\u0173.<\/p>\n","protected":false},"featured_media":5696,"template":"","meta":{"_acf_changed":false,"inline_featured_image":false},"product_cat":[117,150],"product_tag":[],"class_list":{"0":"post-6982","1":"product","2":"type-product","3":"status-publish","4":"has-post-thumbnail","6":"product_cat-pagrindinis-puslapis","7":"product_cat-priedai-lt","9":"first","10":"instock","11":"shipping-taxable","12":"purchasable","13":"product-type-simple"},"acf":[],"_links":{"self":[{"href":"https:\/\/store.evolve-fitness.eu\/lt\/wp-json\/wp\/v2\/product\/6982","targetHints":{"allow":["GET"]}}],"collection":[{"href":"https:\/\/store.evolve-fitness.eu\/lt\/wp-json\/wp\/v2\/product"}],"about":[{"href":"https:\/\/store.evolve-fitness.eu\/lt\/wp-json\/wp\/v2\/types\/product"}],"wp:featuredmedia":[{"embeddable":true,"href":"https:\/\/store.evolve-fitness.eu\/lt\/wp-json\/wp\/v2\/media\/5696"}],"wp:attachment":[{"href":"https:\/\/store.evolve-fitness.eu\/lt\/wp-json\/wp\/v2\/media?parent=6982"}],"wp:term":[{"taxonomy":"product_cat","embeddable":true,"href":"https:\/\/store.evolve-fitness.eu\/lt\/wp-json\/wp\/v2\/product_cat?post=6982"},{"taxonomy":"product_tag","embeddable":true,"href":"https:\/\/store.evolve-fitness.eu\/lt\/wp-json\/wp\/v2\/product_tag?post=6982"}],"curies":[{"name":"wp","href":"https:\/\/api.w.org\/{rel}","templated":true}]}}