{"id":6981,"date":"2024-01-26T06:45:55","date_gmt":"2024-01-26T06:45:55","guid":{"rendered":"https:\/\/store.evolve-fitness.eu\/produktas\/evolve-horizontalus-stangu-laikiklis-10-vnt\/"},"modified":"2025-09-25T17:17:09","modified_gmt":"2025-09-25T17:17:09","slug":"evolve-horizontalus-stangu-laikiklis-10-vnt","status":"publish","type":"product","link":"https:\/\/store.evolve-fitness.eu\/lt\/produktas\/evolve-horizontalus-stangu-laikiklis-10-vnt\/","title":{"rendered":"&#8222;Evolve&#8221; horizontalus \u0161tang\u0173 laikiklis (10 vnt.)"},"content":{"rendered":"","protected":false},"excerpt":{"rendered":"<p>Pristatome &#8222;Evolve&#8221; horizontal\u0173j\u012f \u0161tang\u0173 laikikl\u012f, kuris yra b\u016btinas priedas kiekvienai sporto salei, ie\u0161kan\u010diai i\u0161manaus ir erdv\u0119 taupan\u010dio \u0161tang\u0173 laikymo sprendimo. \u0160is tvirtas ir eleganti\u0161kas laikiklis sukurtas taip, kad sporto sal\u0117s grindys b\u016bt\u0173 \u0161varios, o \u0161tangos tvarkingos, prieinamos ir nepriekai\u0161tingos b\u016bkl\u0117s. &#8222;Evolve&#8221; horizontalus \u0161tang\u0173 laikiklis puikiai tinka tiek nam\u0173, tiek komercin\u0117ms sporto sal\u0117ms, nes si\u016blo kompakti\u0161k\u0105 ir eleganti\u0161k\u0105 b\u016bd\u0105 horizontaliai laikyti kelias \u0161tangas, taip maksimaliai padidindamas erdv\u0119 ir pagerindamas bendr\u0105 treniruo\u010di\u0173 vietos \u0161var\u0105 ir organizuotum\u0105. Pagamintas atsi\u017evelgiant \u012f patvarum\u0105, jis atlaiko nuolatinio naudojimo d\u0117v\u0117jim\u0105si, tod\u0117l yra patikima ir ilgaam\u017e\u0117 investicija. Patogus dizainas leid\u017eia lengvai u\u017ed\u0117ti ir paimti \u0161tangas, tod\u0117l treniruot\u0117s vyksta skland\u017eiai. Pasirink\u0119 &#8222;Evolve&#8221; horizontal\u0173 \u0161tang\u0173 laikikl\u012f ne tik optimizuosite savo erdv\u0119, bet ir padidinsite savo treniruo\u010di\u0173 aplinkos funkcionalum\u0105 ir profesionalum\u0105.     <\/p>\n","protected":false},"featured_media":5602,"template":"","meta":{"_acf_changed":false,"inline_featured_image":false},"product_cat":[117,127,153],"product_tag":[],"class_list":{"0":"post-6981","1":"product","2":"type-product","3":"status-publish","4":"has-post-thumbnail","6":"product_cat-pagrindinis-puslapis","7":"product_cat-laisvieji-svarmenys","8":"product_cat-stelazai-ir-saugojimo-sprendimai","10":"first","11":"instock","12":"shipping-taxable","13":"purchasable","14":"product-type-simple"},"acf":[],"_links":{"self":[{"href":"https:\/\/store.evolve-fitness.eu\/lt\/wp-json\/wp\/v2\/product\/6981","targetHints":{"allow":["GET"]}}],"collection":[{"href":"https:\/\/store.evolve-fitness.eu\/lt\/wp-json\/wp\/v2\/product"}],"about":[{"href":"https:\/\/store.evolve-fitness.eu\/lt\/wp-json\/wp\/v2\/types\/product"}],"wp:featuredmedia":[{"embeddable":true,"href":"https:\/\/store.evolve-fitness.eu\/lt\/wp-json\/wp\/v2\/media\/5602"}],"wp:attachment":[{"href":"https:\/\/store.evolve-fitness.eu\/lt\/wp-json\/wp\/v2\/media?parent=6981"}],"wp:term":[{"taxonomy":"product_cat","embeddable":true,"href":"https:\/\/store.evolve-fitness.eu\/lt\/wp-json\/wp\/v2\/product_cat?post=6981"},{"taxonomy":"product_tag","embeddable":true,"href":"https:\/\/store.evolve-fitness.eu\/lt\/wp-json\/wp\/v2\/product_tag?post=6981"}],"curies":[{"name":"wp","href":"https:\/\/api.w.org\/{rel}","templated":true}]}}