{"id":6980,"date":"2024-01-26T09:53:49","date_gmt":"2024-01-26T09:53:49","guid":{"rendered":"https:\/\/store.evolve-fitness.eu\/produktas\/evolve-sigle-rankena\/"},"modified":"2024-01-26T09:53:49","modified_gmt":"2024-01-26T09:53:49","slug":"evolve-sigle-rankena","status":"publish","type":"product","link":"https:\/\/store.evolve-fitness.eu\/lt\/produktas\/evolve-sigle-rankena\/","title":{"rendered":"&#8222;Evolve Sigle&#8221; rankena"},"content":{"rendered":"","protected":false},"excerpt":{"rendered":"<p>Pristatome &#8222;Evolve&#8221; vien\u0105 ranken\u0105, GH-010 &#8211; puik\u0173 papildym\u0105 j\u016bs\u0173 treniruo\u010di\u0173 su kabeliu re\u017eimui. \u0160is auk\u0161\u010diausios klas\u0117s vienos rankenos tvirtinimo \u012ftaisas, specialiai sukurtas siekiant tikslumo ir patvarumo, puikiai tinka konkre\u010dioms raumen\u0173 grup\u0117ms treniruoti. Ergonomi\u0161kas dizainas u\u017etikrina patog\u0173 ir saug\u0173 laikym\u0105, tod\u0117l treniruot\u0117s tampa efektyvesn\u0117s. I\u0161 auk\u0161tos kokyb\u0117s med\u017eiag\u0173 pagaminta &#8222;Evolve&#8221; viena rankena yra tvirta ir ilgaam\u017e\u0117, idealiai tinka intensyviam ir da\u017enam naudojimui. D\u0117l suderinamumo su \u012fvairiais kabeliniais treniruokliais jis yra universalus \u012frankis tiek nam\u0173, tiek komercin\u0117se sporto sal\u0117se. Pagerinkite savo treniruo\u010di\u0173 rutin\u0105 ir pasiekite puiki\u0173 rezultat\u0173 su &#8222;Evolve&#8221; vienguba rankena, kuri\u0105 b\u016btina tur\u0117ti fitneso entuziastams, norintiems pagerinti savo j\u0117gos ir kondicionavimo treniruotes.<\/p>\n","protected":false},"featured_media":5717,"template":"","meta":{"_acf_changed":false,"inline_featured_image":false},"product_cat":[117,150],"product_tag":[],"class_list":{"0":"post-6980","1":"product","2":"type-product","3":"status-publish","4":"has-post-thumbnail","6":"product_cat-pagrindinis-puslapis","7":"product_cat-priedai-lt","9":"first","10":"instock","11":"shipping-taxable","12":"purchasable","13":"product-type-simple"},"acf":[],"_links":{"self":[{"href":"https:\/\/store.evolve-fitness.eu\/lt\/wp-json\/wp\/v2\/product\/6980","targetHints":{"allow":["GET"]}}],"collection":[{"href":"https:\/\/store.evolve-fitness.eu\/lt\/wp-json\/wp\/v2\/product"}],"about":[{"href":"https:\/\/store.evolve-fitness.eu\/lt\/wp-json\/wp\/v2\/types\/product"}],"wp:featuredmedia":[{"embeddable":true,"href":"https:\/\/store.evolve-fitness.eu\/lt\/wp-json\/wp\/v2\/media\/5717"}],"wp:attachment":[{"href":"https:\/\/store.evolve-fitness.eu\/lt\/wp-json\/wp\/v2\/media?parent=6980"}],"wp:term":[{"taxonomy":"product_cat","embeddable":true,"href":"https:\/\/store.evolve-fitness.eu\/lt\/wp-json\/wp\/v2\/product_cat?post=6980"},{"taxonomy":"product_tag","embeddable":true,"href":"https:\/\/store.evolve-fitness.eu\/lt\/wp-json\/wp\/v2\/product_tag?post=6980"}],"curies":[{"name":"wp","href":"https:\/\/api.w.org\/{rel}","templated":true}]}}