{"id":6979,"date":"2024-01-26T09:22:47","date_gmt":"2024-01-26T09:22:47","guid":{"rendered":"https:\/\/store.evolve-fitness.eu\/produktas\/evolve-bicepsu-tricepsu-rankena-50-cm\/"},"modified":"2024-01-26T09:22:47","modified_gmt":"2024-01-26T09:22:47","slug":"evolve-bicepsu-tricepsu-rankena-50-cm","status":"publish","type":"product","link":"https:\/\/store.evolve-fitness.eu\/lt\/produktas\/evolve-bicepsu-tricepsu-rankena-50-cm\/","title":{"rendered":"&#8222;Evolve&#8221; biceps\u0173 \/ triceps\u0173 rankena &#8211; 50 cm"},"content":{"rendered":"","protected":false},"excerpt":{"rendered":"<p>Pristatome &#8222;Evolve Biceps\/Triceps Handle&#8221; &#8211; 50 cm, GH-160 &#8211; dinami\u0161k\u0105 ir universal\u0173 pried\u0105, kur\u012f dabar galite \u012fsigyti m\u016bs\u0173 internetin\u0117je parduotuv\u0117je ir kuris specialiai sukurtas taip, kad i\u0161 esm\u0117s pakeist\u0173 j\u016bs\u0173 rank\u0173 treniruotes. \u0160i naujovi\u0161ka 50 cm ilgio rankena idealiai tinka \u012fvairiems pratimams, skirtiems bicepsui ir tricepsui. Jis pagamintas i\u0161 auk\u0161tos kokyb\u0117s ir patvari\u0173 med\u017eiag\u0173, tod\u0117l gali atlaikyti intensyvaus ir nuolatinio naudojimo reikalavimus. D\u0117l rankenos ilgio rankena gali b\u016bti \u012fvairiai suimama, tod\u0117l galite atlikti \u012fvairias raumen\u0173 grupes ir atlikti \u012fvairius pratimus, pvz., bicepso lenkimus, tricepso prat\u0119simus ir kt. Ergonomi\u0161ka rankenos konstrukcija u\u017etikrina patog\u0173 ir saug\u0173 laikym\u0105, ma\u017eina rank\u0173 nuovarg\u012f ir leid\u017eia ilgiau ir efektyviau treniruotis. &#8222;Evolve Biceps\/Triceps Handle&#8221; &#8211; 50 cm rankena, suderinama su \u012fvairiomis kabeli\u0173 sistemomis, yra fantasti\u0161kas bet kurios nam\u0173 sporto sal\u0117s ar profesionalios treniruokli\u0173 sal\u0117s priedas. Tai b\u016btinas \u012frankis visiems, norintiems sustiprinti rank\u0173 j\u0117g\u0105, raumen\u0173 tonus\u0105 ir bendr\u0105 vir\u0161utin\u0117s k\u016bno dalies b\u016bkl\u0119.<\/p>\n","protected":false},"featured_media":128078,"template":"","meta":{"_acf_changed":false,"inline_featured_image":false},"product_cat":[117,150],"product_tag":[],"class_list":{"0":"post-6979","1":"product","2":"type-product","3":"status-publish","4":"has-post-thumbnail","6":"product_cat-pagrindinis-puslapis","7":"product_cat-priedai-lt","9":"first","10":"instock","11":"shipping-taxable","12":"purchasable","13":"product-type-simple"},"acf":[],"_links":{"self":[{"href":"https:\/\/store.evolve-fitness.eu\/lt\/wp-json\/wp\/v2\/product\/6979","targetHints":{"allow":["GET"]}}],"collection":[{"href":"https:\/\/store.evolve-fitness.eu\/lt\/wp-json\/wp\/v2\/product"}],"about":[{"href":"https:\/\/store.evolve-fitness.eu\/lt\/wp-json\/wp\/v2\/types\/product"}],"wp:featuredmedia":[{"embeddable":true,"href":"https:\/\/store.evolve-fitness.eu\/lt\/wp-json\/wp\/v2\/media\/128078"}],"wp:attachment":[{"href":"https:\/\/store.evolve-fitness.eu\/lt\/wp-json\/wp\/v2\/media?parent=6979"}],"wp:term":[{"taxonomy":"product_cat","embeddable":true,"href":"https:\/\/store.evolve-fitness.eu\/lt\/wp-json\/wp\/v2\/product_cat?post=6979"},{"taxonomy":"product_tag","embeddable":true,"href":"https:\/\/store.evolve-fitness.eu\/lt\/wp-json\/wp\/v2\/product_tag?post=6979"}],"curies":[{"name":"wp","href":"https:\/\/api.w.org\/{rel}","templated":true}]}}