{"id":6970,"date":"2024-01-26T09:33:28","date_gmt":"2024-01-26T09:33:28","guid":{"rendered":"https:\/\/store.evolve-fitness.eu\/produktas\/evolve-triceps-rankena-75-cm\/"},"modified":"2024-01-26T09:33:28","modified_gmt":"2024-01-26T09:33:28","slug":"evolve-triceps-rankena-75-cm","status":"publish","type":"product","link":"https:\/\/store.evolve-fitness.eu\/lt\/produktas\/evolve-triceps-rankena-75-cm\/","title":{"rendered":"&#8222;Evolve Triceps&#8221; rankena &#8211; 75 cm"},"content":{"rendered":"","protected":false},"excerpt":{"rendered":"<p>Pristatome &#8222;Evolve Triceps&#8221; ranken\u0105 &#8211; 75 cm, GH-130. Specialiai sukurtas tricepso treniruot\u0117ms stiprinti. \u0160i pailginta 75 cm ilgio rankena suteikia treniruotei nauj\u0105 dimensij\u0105, leid\u017eian\u010di\u0105 atlikti daugiau judesi\u0173 ir \u012fvairesni\u0173 pratim\u0173, pvz., vir\u0161ugalvio tempimus ir atsispaudimus. &#8222;Evolve Triceps Handle&#8221; rankena pagaminta i\u0161 auk\u0161\u010diausios kokyb\u0117s med\u017eiag\u0173, tod\u0117l ji yra ilgaam\u017e\u0117 ir atspari da\u017enoms ir intensyvioms treniruot\u0117ms. Ergonomi\u0161kas dizainas u\u017etikrina patog\u0173 ir saug\u0173 laikym\u0105, ma\u017eina rank\u0173 nuovarg\u012f ir leid\u017eia ilgai treniruotis. D\u0117l rankenos ilgio vienu metu \u012ftempiamos kelios raumen\u0173 grup\u0117s, tod\u0117l tai yra ideali priemon\u0117 visapusi\u0161kam vir\u0161utin\u0117s k\u016bno dalies j\u0117gos ugdymui. Jis suderinamas su \u012fvairiomis kabeli\u0173 sistemomis, tod\u0117l yra universalus priedas tiek nam\u0173 sporto sal\u0117se, tiek profesionaliose treniruokli\u0173 sal\u0117se. Nesvarbu, ar siekiate sustiprinti, i\u0161ry\u0161kinti, ar apskritai i\u0161vystyti rank\u0173 raumenis, &#8222;Evolve&#8221; triceps\u0173 rankena &#8211; 75 cm &#8211; nepakei\u010diamas \u012frankis j\u016bs\u0173 treniruo\u010di\u0173 arsenale.<\/p>\n","protected":false},"featured_media":128317,"template":"","meta":{"_acf_changed":false,"inline_featured_image":false},"product_cat":[117,150],"product_tag":[],"class_list":{"0":"post-6970","1":"product","2":"type-product","3":"status-publish","4":"has-post-thumbnail","6":"product_cat-pagrindinis-puslapis","7":"product_cat-priedai-lt","9":"first","10":"instock","11":"shipping-taxable","12":"purchasable","13":"product-type-simple"},"acf":[],"_links":{"self":[{"href":"https:\/\/store.evolve-fitness.eu\/lt\/wp-json\/wp\/v2\/product\/6970","targetHints":{"allow":["GET"]}}],"collection":[{"href":"https:\/\/store.evolve-fitness.eu\/lt\/wp-json\/wp\/v2\/product"}],"about":[{"href":"https:\/\/store.evolve-fitness.eu\/lt\/wp-json\/wp\/v2\/types\/product"}],"wp:featuredmedia":[{"embeddable":true,"href":"https:\/\/store.evolve-fitness.eu\/lt\/wp-json\/wp\/v2\/media\/128317"}],"wp:attachment":[{"href":"https:\/\/store.evolve-fitness.eu\/lt\/wp-json\/wp\/v2\/media?parent=6970"}],"wp:term":[{"taxonomy":"product_cat","embeddable":true,"href":"https:\/\/store.evolve-fitness.eu\/lt\/wp-json\/wp\/v2\/product_cat?post=6970"},{"taxonomy":"product_tag","embeddable":true,"href":"https:\/\/store.evolve-fitness.eu\/lt\/wp-json\/wp\/v2\/product_tag?post=6970"}],"curies":[{"name":"wp","href":"https:\/\/api.w.org\/{rel}","templated":true}]}}