{"id":6949,"date":"2024-01-26T09:44:25","date_gmt":"2024-01-26T09:44:25","guid":{"rendered":"https:\/\/store.evolve-fitness.eu\/produktas\/evolve-single-rope\/"},"modified":"2024-01-26T09:44:25","modified_gmt":"2024-01-26T09:44:25","slug":"evolve-single-rope","status":"publish","type":"product","link":"https:\/\/store.evolve-fitness.eu\/lt\/produktas\/evolve-single-rope\/","title":{"rendered":"&#8222;Evolve Single Rope"},"content":{"rendered":"","protected":false},"excerpt":{"rendered":"<p>Pagerinkite savo pratimus su virve, naudodami &#8222;Evolve Single Rope&#8221;, GH-070, pritaikyt\u0105 tiems, kurie nori patobulinti savo treniruo\u010di\u0173 rutin\u0105. \u0160is meistri\u0161kai suprojektuotas priedas yra pagrindinis tri\u0161aki\u0173 atsispaudim\u0173, veido traukim\u0173 ir kit\u0173 virv\u0117s pratim\u0173 elementas, suteikiantis nauj\u0105 treniruo\u010di\u0173 universalumo lyg\u012f. &#8222;Evolve&#8221; vienguba virv\u0117, sukurta atsi\u017evelgiant \u012f ilgaam\u017ei\u0161kum\u0105 ir funkcionalum\u0105, pasi\u017eymi auk\u0161tos kokyb\u0117s ir tvirta konstrukcija, tod\u0117l atlaiko net intensyviausias treniruotes. Ergonomi\u0161kas dizainas u\u017etikrina patog\u0173 ir saug\u0173 laikym\u0105, tod\u0117l pratimus galima maksimaliai kontroliuoti ir efektyviai atlikti. &#8222;Evolve Single Rope&#8221; yra suderinama su \u012fvairiais kabeliniais treniruokliais, tod\u0117l ji yra universalus priedas tiek nam\u0173 sporto sal\u0117se, tiek komercin\u0117se treniruokli\u0173 sal\u0117se. &#8222;Evolve Single Rope&#8221; puikiai tinka sportininkams ir fitneso entuziastams, siekiantiems padidinti vir\u0161utin\u0117s k\u016bno dalies j\u0117g\u0105 ir raumen\u0173 apibr\u0117\u017etum\u0105, nes tai yra esminis visapusi\u0161kos ir veiksmingos treniruot\u0117s \u012frankis. \u0160iandien papildykite juo savo sporto sal\u0117s \u012frang\u0105 ir patirkite nauj\u0105 j\u0117gos treniruo\u010di\u0173 lyg\u012f.<\/p>\n","protected":false},"featured_media":128262,"template":"","meta":{"_acf_changed":false,"inline_featured_image":false},"product_cat":[117,150],"product_tag":[],"class_list":{"0":"post-6949","1":"product","2":"type-product","3":"status-publish","4":"has-post-thumbnail","6":"product_cat-pagrindinis-puslapis","7":"product_cat-priedai-lt","9":"first","10":"instock","11":"shipping-taxable","12":"purchasable","13":"product-type-simple"},"acf":[],"_links":{"self":[{"href":"https:\/\/store.evolve-fitness.eu\/lt\/wp-json\/wp\/v2\/product\/6949","targetHints":{"allow":["GET"]}}],"collection":[{"href":"https:\/\/store.evolve-fitness.eu\/lt\/wp-json\/wp\/v2\/product"}],"about":[{"href":"https:\/\/store.evolve-fitness.eu\/lt\/wp-json\/wp\/v2\/types\/product"}],"wp:featuredmedia":[{"embeddable":true,"href":"https:\/\/store.evolve-fitness.eu\/lt\/wp-json\/wp\/v2\/media\/128262"}],"wp:attachment":[{"href":"https:\/\/store.evolve-fitness.eu\/lt\/wp-json\/wp\/v2\/media?parent=6949"}],"wp:term":[{"taxonomy":"product_cat","embeddable":true,"href":"https:\/\/store.evolve-fitness.eu\/lt\/wp-json\/wp\/v2\/product_cat?post=6949"},{"taxonomy":"product_tag","embeddable":true,"href":"https:\/\/store.evolve-fitness.eu\/lt\/wp-json\/wp\/v2\/product_tag?post=6949"}],"curies":[{"name":"wp","href":"https:\/\/api.w.org\/{rel}","templated":true}]}}