{"id":6947,"date":"2024-01-26T08:26:50","date_gmt":"2024-01-26T08:26:50","guid":{"rendered":"https:\/\/store.evolve-fitness.eu\/produktas\/evolve-kampinis-sedmenu-dezute\/"},"modified":"2026-03-09T16:01:25","modified_gmt":"2026-03-09T16:01:25","slug":"evolve-kampinis-sedmenu-dezute","status":"publish","type":"product","link":"https:\/\/store.evolve-fitness.eu\/lt\/produktas\/evolve-kampinis-sedmenu-dezute\/","title":{"rendered":"&#8222;Evolve&#8221; kampinis s\u0117dmen\u0173 d\u0117\u017eut\u0117"},"content":{"rendered":"\n<section class=\"wp-block-group alignfull black-content has-white-color has-darkgray-background-color has-text-color has-background is-layout-constrained wp-block-group-is-layout-constrained\" style=\"padding-top:var(--wp--preset--spacing--section-bottom);padding-bottom:var(--wp--preset--spacing--section-bottom)\">\n<div class=\"wp-block-columns alignwide mobile-reverse is-layout-flex wp-container-core-columns-is-layout-ca64bf2d wp-block-columns-is-layout-flex\" style=\"margin-bottom:var(--wp--preset--spacing--side-padding)\">\n<div class=\"wp-block-column is-vertically-aligned-center is-layout-flow wp-block-column-is-layout-flow\">\n<h3 class=\"wp-block-heading\" style=\"margin-bottom:var(--wp--preset--spacing--h-3-bottom)\"><strong>Naujovi\u0161kas kampinis dizainas<\/strong><\/h3>\n\n\n\n<p><strong><em>Stiprina raumen\u0173 aktyvacij\u0105, taip pat padeda palaikyti taisykling\u0105 form\u0105 ir ma\u017eina traum\u0173 rizik\u0105.<\/em><\/strong><\/p>\n\n\n\n<p style=\"margin-bottom:var(--wp--preset--spacing--tb-section-padding)\">Pakeiskite savo s\u0117dmen\u0173 treniruotes naudodami &#8222;Evolve&#8221; kampin\u0119 s\u0117dmen\u0173 d\u0117\u017e\u0119, GB-050. \u0160is unikalus dizainas sukurtas taip, kad optimaliai \u012fdarbint\u0173 s\u0117dmen\u0173 raumenis ir u\u017etikrint\u0173 maksimal\u0173 kiekvienos treniruot\u0117s efektyvum\u0105. Jis pritaikytas \u012fvairiems pratimams, tod\u0117l treniruot\u0117s gali b\u016bti tikslingos ir duoti geresni\u0173 rezultat\u0173. \u0160is s\u0117dmen\u0173 treniruoklis puikiai tinka naudoti tiek sporto sal\u0117je, tiek namuose, tod\u0117l j\u012f b\u016btina tur\u0117ti tiems, kurie rimtai r\u016bpinasi apatin\u0117s k\u016bno dalies fitnesu.<\/p>\n<\/div>\n\n\n\n<div class=\"wp-block-column is-vertically-aligned-center is-layout-flow wp-block-column-is-layout-flow\">\n<figure class=\"wp-block-image size-large\"><img decoding=\"async\" src=\"https:\/\/evolve-fitness.eu\/wp-content\/uploads\/2024\/01\/Evolve-Angled-Glute-Box-C1-1024x683.jpg\" alt=\"EV-PF-GB-050\" class=\"wp-image-10669\"\/><\/figure>\n<\/div>\n<\/div>\n\n\n\n<div class=\"wp-block-columns alignwide is-layout-flex wp-container-core-columns-is-layout-c45ee707 wp-block-columns-is-layout-flex\" style=\"margin-bottom:var(--wp--preset--spacing--side-padding);padding-top:var(--wp--preset--spacing--side-padding)\">\n<div class=\"wp-block-column is-vertically-aligned-center is-layout-flow wp-block-column-is-layout-flow\">\n<figure class=\"wp-block-image size-large\"><img decoding=\"async\" src=\"https:\/\/evolve-fitness.eu\/wp-content\/uploads\/2024\/01\/Evolve-Angled-Glute-Box-C2-1024x683.jpg\" alt=\"EV-PF-GB-050\" class=\"wp-image-10671\"\/><\/figure>\n<\/div>\n\n\n\n<div class=\"wp-block-column is-vertically-aligned-center is-layout-flow wp-block-column-is-layout-flow\">\n<h3 class=\"wp-block-heading\" style=\"margin-bottom:var(--wp--preset--spacing--h-3-bottom)\"><strong>Patvarumas ir kokyb\u0117<\/strong><\/h3>\n\n\n\n<p><strong><em>  Pagamintas i\u0161 auk\u0161tos kokyb\u0117s med\u017eiag\u0173<\/em><\/strong><\/p>\n\n\n\n<p>&#8222;Evolve&#8221; kampin\u0117 s\u0117dmen\u0173 d\u0117\u017e\u0117 atlaiko intensyvias treniruotes ir u\u017etikrina ilgaam\u017ei\u0161kum\u0105 bei pastov\u0173 veikim\u0105. \u0160is tvirtas treniruoklis atlaiko intensyv\u0173 naudojim\u0105, tod\u0117l idealiai tinka tiek komercin\u0117ms sporto sal\u0117ms, tiek asmenin\u0117ms nam\u0173 sporto sal\u0117ms. Tvirta konstrukcija u\u017etikrina stabili\u0105 platform\u0105 visiems s\u0117dmen\u0173 pratimams, tod\u0117l treniruot\u0117s bus saugios ir veiksmingos.<\/p>\n<\/div>\n<\/div>\n\n\n\n<div class=\"wp-block-columns alignwide is-layout-flex wp-container-core-columns-is-layout-c45ee707 wp-block-columns-is-layout-flex\" style=\"margin-bottom:var(--wp--preset--spacing--side-padding);padding-top:var(--wp--preset--spacing--side-padding)\">\n<div class=\"wp-block-column is-vertically-aligned-center is-layout-flow wp-block-column-is-layout-flow\">\n<h3 class=\"wp-block-heading\" style=\"margin-bottom:var(--wp--preset--spacing--h-3-bottom)\"><strong>Komfortas ir saugumas<\/strong><\/h3>\n\n\n\n<p><strong><em>Sukurta atsi\u017evelgiant \u012f naudotoj\u0173 gerov\u0119<\/em><\/strong><\/p>\n\n\n\n<p style=\"margin-bottom:var(--wp--preset--spacing--tb-section-padding)\">Patogus pamink\u0161tinimas suma\u017eina pratim\u0173 metu koj\u0173 ir klub\u0173 apkrov\u0105, tod\u0117l u\u017esi\u0117mimai tampa ilgesni ir produktyvesni. Neslystantis pavir\u0161ius u\u017etikrina stabilum\u0105 ir saugum\u0105 net ir intensyviausi\u0173 treniruo\u010di\u0173 metu. \u0160is s\u0117dmen\u0173 treniruoklis puikiai tinka vis\u0173 lygi\u0173 naudotojams &#8211; nuo pradedan\u010di\u0173j\u0173 iki pa\u017eengusi\u0173 sportinink\u0173, nes u\u017etikrina saugi\u0105 ir patogi\u0105 treniruo\u010di\u0173 patirt\u012f.<\/p>\n<\/div>\n\n\n\n<div class=\"wp-block-column is-vertically-aligned-center is-layout-flow wp-block-column-is-layout-flow\">\n<figure class=\"wp-block-video\"><video autoplay=\"\" controls=\"\" loop=\"\" muted=\"\" src=\"https:\/\/evolve-fitness.eu\/wp-content\/uploads\/2024\/07\/6.mp4\"><\/video><\/figure>\n<\/div>\n<\/div>\n\n\n\n<div class=\"wp-block-columns alignwide is-layout-flex wp-container-core-columns-is-layout-c45ee707 wp-block-columns-is-layout-flex\" style=\"margin-bottom:var(--wp--preset--spacing--side-padding);padding-top:var(--wp--preset--spacing--side-padding)\">\n<div class=\"wp-block-column is-vertically-aligned-center is-layout-flow wp-block-column-is-layout-flow\">\n<figure class=\"wp-block-video\"><video autoplay=\"\" controls=\"\" loop=\"\" muted=\"\" src=\"https:\/\/evolve-fitness.eu\/wp-content\/uploads\/2024\/07\/2-1.mp4\"><\/video><\/figure>\n<\/div>\n\n\n\n<div class=\"wp-block-column is-vertically-aligned-center is-layout-flow wp-block-column-is-layout-flow\">\n<h3 class=\"wp-block-heading\" style=\"margin-bottom:var(--wp--preset--spacing--h-3-bottom)\"><strong><strong><strong><strong>Universali mokymo priemon\u0117<\/strong><\/strong><\/strong><\/strong><\/h3>\n\n\n\n<p><strong><em>Suteikite nauj\u0105 dimensij\u0105 savo treniruo\u010di\u0173 re\u017eimui<\/em><\/strong><\/p>\n\n\n\n<p>Su &#8222;Evolve Angled Glute Box&#8221; padidinsite treniruo\u010di\u0173 universalum\u0105. D\u0117l pritaikomos konstrukcijos jis tinka \u012fvairiems pratimams, o ne tik s\u0117dmen\u0173 treniruot\u0117ms. \u0160is \u012frankis pa\u012fvairina j\u016bs\u0173 treniruo\u010di\u0173 rutin\u0105 &#8211; nuo klub\u0173 st\u016bmimo iki pakop\u0173 ir kit\u0173 &#8211; padeda i\u0161vengti plok\u0161\u010diap\u0117dyst\u0117s ir i\u0161laikyti pa\u017eang\u0105.<\/p>\n<\/div>\n<\/div>\n\n\n\n<div class=\"wp-block-columns alignwide is-layout-flex wp-container-core-columns-is-layout-c45ee707 wp-block-columns-is-layout-flex\" style=\"margin-bottom:var(--wp--preset--spacing--side-padding);padding-top:var(--wp--preset--spacing--side-padding)\">\n<div class=\"wp-block-column is-vertically-aligned-center is-layout-flow wp-block-column-is-layout-flow\">\n<h3 class=\"wp-block-heading\" style=\"margin-bottom:var(--wp--preset--spacing--h-3-bottom)\"><strong>U\u017eima nedaug vietos ir yra lengvai saugomas<\/strong><\/h3>\n\n\n\n<p><strong><em>Galingas treniruo\u010di\u0173 \u012frankis, neu\u017eimantis per daug vietos<\/em><\/strong><\/p>\n\n\n\n<p style=\"margin-bottom:var(--wp--preset--spacing--tb-section-padding)\">&#8222;Evolve Angled Glute Box&#8221; idealiai tinka daug vietos u\u017eimantiems fitneso entuziastams, nes yra sukurta taip, kad j\u0105 b\u016bt\u0173 lengva laikyti ir u\u017eimt\u0173 ma\u017eiau vietos. D\u0117l kompakti\u0161ko dyd\u017eio jis puikiai tinka ma\u017eesn\u0117ms treniruo\u010di\u0173 vietoms, \u012fskaitant nam\u0173 sporto sales. Nepaisant to, kad jo dizainas taupo viet\u0105, jis nesuma\u017eina funkcionalumo ir suteikia visas treniruo\u010di\u0173 galimybes.<\/p>\n<\/div>\n\n\n\n<div class=\"wp-block-column is-vertically-aligned-center is-layout-flow wp-block-column-is-layout-flow\">\n<figure class=\"wp-block-image size-large\"><img decoding=\"async\" src=\"https:\/\/evolve-fitness.eu\/wp-content\/uploads\/2024\/01\/Evolve-Angled-Glute-Box-C5-1024x683.jpg\" alt=\"EV-PF-GB-050\" class=\"wp-image-10677\"\/><\/figure>\n<\/div>\n<\/div>\n<\/section>\n","protected":false},"excerpt":{"rendered":"<p>Pagerinkite apatin\u0117s k\u016bno dalies treniruotes naudodami naujovi\u0161k\u0105 &#8222;Evolve&#8221; kampin\u0119 s\u0117dmen\u0173 d\u0117\u017e\u0119 GB-050. \u0160is auk\u0161\u010diausios kokyb\u0117s fitneso reikmuo yra specialiai sukurtas s\u0117dmen\u0173 treniruot\u0117ms ir j\u0173 gerinimui, nes suteikia neprilygstam\u0105 atram\u0105 ir efektyvum\u0105. Unikali kampin\u0117 konstrukcija maksimaliai padidina raumen\u0173 \u012fsitraukim\u0105 ir u\u017etikrina taisykling\u0105 laikysen\u0105, tod\u0117l sportininkams ir fitneso entuziastams, siekiantiems pasiekti optimali\u0105 apatin\u0117s k\u016bno dalies j\u0117g\u0105 ir apibr\u0117\u017etum\u0105, ji kei\u010dia \u017eaidimo taisykles. &#8222;Evolve Angled Glute Box&#8221;, sukurtas atsi\u017evelgiant \u012f ilgaam\u017ei\u0161kum\u0105 ir patogum\u0105, yra puikus sporto sal\u0117s ar nam\u0173 treniruo\u010di\u0173 erdv\u0117s papildymas. Pagerinkite savo treniruo\u010di\u0173 re\u017eim\u0105 naudodami \u0161i\u0105 moderni\u0105 s\u0117dmen\u0173 treniruoklio priemon\u0119 ir pajuskite nauj\u0105 treniruo\u010di\u0173 intensyvumo ir efektyvumo lyg\u012f.<\/p>\n","protected":false},"featured_media":96490,"template":"","meta":{"_acf_changed":false,"inline_featured_image":false},"product_cat":[119,120],"product_tag":[],"class_list":{"0":"post-6947","1":"product","2":"type-product","3":"status-publish","4":"has-post-thumbnail","6":"product_cat-kryzminis-ir-funkcinis","7":"product_cat-funkcine-iranga","9":"first","10":"instock","11":"sale","12":"shipping-taxable","13":"purchasable","14":"product-type-simple"},"acf":[],"_links":{"self":[{"href":"https:\/\/store.evolve-fitness.eu\/lt\/wp-json\/wp\/v2\/product\/6947","targetHints":{"allow":["GET"]}}],"collection":[{"href":"https:\/\/store.evolve-fitness.eu\/lt\/wp-json\/wp\/v2\/product"}],"about":[{"href":"https:\/\/store.evolve-fitness.eu\/lt\/wp-json\/wp\/v2\/types\/product"}],"wp:featuredmedia":[{"embeddable":true,"href":"https:\/\/store.evolve-fitness.eu\/lt\/wp-json\/wp\/v2\/media\/96490"}],"wp:attachment":[{"href":"https:\/\/store.evolve-fitness.eu\/lt\/wp-json\/wp\/v2\/media?parent=6947"}],"wp:term":[{"taxonomy":"product_cat","embeddable":true,"href":"https:\/\/store.evolve-fitness.eu\/lt\/wp-json\/wp\/v2\/product_cat?post=6947"},{"taxonomy":"product_tag","embeddable":true,"href":"https:\/\/store.evolve-fitness.eu\/lt\/wp-json\/wp\/v2\/product_tag?post=6947"}],"curies":[{"name":"wp","href":"https:\/\/api.w.org\/{rel}","templated":true}]}}