{"id":6942,"date":"2024-01-26T09:26:44","date_gmt":"2024-01-26T09:26:44","guid":{"rendered":"https:\/\/store.evolve-fitness.eu\/produktas\/evolve-row-rankena\/"},"modified":"2024-01-26T09:26:44","modified_gmt":"2024-01-26T09:26:44","slug":"evolve-row-rankena","status":"publish","type":"product","link":"https:\/\/store.evolve-fitness.eu\/lt\/produktas\/evolve-row-rankena\/","title":{"rendered":"&#8222;Evolve Row&#8221; rankena"},"content":{"rendered":"","protected":false},"excerpt":{"rendered":"<p>Pagerinkite irklavimo pratimus naudodami &#8222;Evolve&#8221; irklavimo ranken\u0105 GH-240. \u0160is auk\u0161tos kokyb\u0117s aksesuaras sukurtas taip, kad optimizuot\u0173 irklavimo treniruotes ir tiksliai treniruot\u0173 nugaros, pe\u010di\u0173 ir rank\u0173 raumenis. &#8222;Evolve Row Handle&#8221; rankena pagaminta i\u0161 tvirt\u0173 med\u017eiag\u0173, tod\u0117l gali atlaikyti intensyviausias treniruotes. Ergonomi\u0161kas dizainas skatina nat\u016bral\u0173 su\u0117mim\u0105, ma\u017eina rank\u0173 ir rie\u0161\u0173 apkrov\u0105 ir leid\u017eia efektyviau ir patogiau treniruotis. \u0160i rankena idealiai tinka naudoti su \u012fvairiomis kabeli\u0173 treniruokliais ir puikiai tinka tokiems pratimams, kaip s\u0117dimos, lenktos ir stovimos virv\u0117s, tod\u0117l yra universali j\u016bs\u0173 j\u0117gos treniruo\u010di\u0173 rutinoje.<\/p>\n","protected":false},"featured_media":128235,"template":"","meta":{"_acf_changed":false,"inline_featured_image":false},"product_cat":[117,150],"product_tag":[],"class_list":{"0":"post-6942","1":"product","2":"type-product","3":"status-publish","4":"has-post-thumbnail","6":"product_cat-pagrindinis-puslapis","7":"product_cat-priedai-lt","9":"first","10":"instock","11":"shipping-taxable","12":"purchasable","13":"product-type-simple"},"acf":[],"_links":{"self":[{"href":"https:\/\/store.evolve-fitness.eu\/lt\/wp-json\/wp\/v2\/product\/6942","targetHints":{"allow":["GET"]}}],"collection":[{"href":"https:\/\/store.evolve-fitness.eu\/lt\/wp-json\/wp\/v2\/product"}],"about":[{"href":"https:\/\/store.evolve-fitness.eu\/lt\/wp-json\/wp\/v2\/types\/product"}],"wp:featuredmedia":[{"embeddable":true,"href":"https:\/\/store.evolve-fitness.eu\/lt\/wp-json\/wp\/v2\/media\/128235"}],"wp:attachment":[{"href":"https:\/\/store.evolve-fitness.eu\/lt\/wp-json\/wp\/v2\/media?parent=6942"}],"wp:term":[{"taxonomy":"product_cat","embeddable":true,"href":"https:\/\/store.evolve-fitness.eu\/lt\/wp-json\/wp\/v2\/product_cat?post=6942"},{"taxonomy":"product_tag","embeddable":true,"href":"https:\/\/store.evolve-fitness.eu\/lt\/wp-json\/wp\/v2\/product_tag?post=6942"}],"curies":[{"name":"wp","href":"https:\/\/api.w.org\/{rel}","templated":true}]}}