{"id":6935,"date":"2024-01-26T07:00:09","date_gmt":"2024-01-26T07:00:09","guid":{"rendered":"https:\/\/store.evolve-fitness.eu\/produktas\/evolve-magnio-stovas\/"},"modified":"2024-07-31T13:31:24","modified_gmt":"2024-07-31T13:31:24","slug":"evolve-magnio-stovas","status":"publish","type":"product","link":"https:\/\/store.evolve-fitness.eu\/lt\/produktas\/evolve-magnio-stovas\/","title":{"rendered":"&#8222;Evolve&#8221; magnio stovas"},"content":{"rendered":"","protected":false},"excerpt":{"rendered":"<p>&#8222;Evolve Magnesium Rack&#8221; yra tvirtas ir universalus treniruokli\u0173 \u012frenginys, skirtas saugiai ir efektyviai laikyti magn\u012f arba kreid\u0105, naudojam\u0105 sunkiojoje atletikoje ir gimnastikoje. \u0160ie stela\u017eai suprojektuoti atsi\u017evelgiant \u012f naudotoj\u0173 patogum\u0105, tod\u0117l juos galima lengvai pasiekti ir \u0161variai laikyti sporto sal\u0117se ir treniruokli\u0173 centruose. Jis pasi\u017eymi patvaria konstrukcija, kad atlaikyt\u0173 intensyv\u0173 naudojim\u0105 sporto sal\u0117je.<\/p>\n","protected":false},"featured_media":5607,"template":"","meta":{"_acf_changed":false,"inline_featured_image":false},"product_cat":[117,127,153],"product_tag":[],"class_list":{"0":"post-6935","1":"product","2":"type-product","3":"status-publish","4":"has-post-thumbnail","6":"product_cat-pagrindinis-puslapis","7":"product_cat-laisvieji-svarmenys","8":"product_cat-stelazai-ir-saugojimo-sprendimai","10":"first","11":"instock","12":"shipping-taxable","13":"purchasable","14":"product-type-simple"},"acf":[],"_links":{"self":[{"href":"https:\/\/store.evolve-fitness.eu\/lt\/wp-json\/wp\/v2\/product\/6935","targetHints":{"allow":["GET"]}}],"collection":[{"href":"https:\/\/store.evolve-fitness.eu\/lt\/wp-json\/wp\/v2\/product"}],"about":[{"href":"https:\/\/store.evolve-fitness.eu\/lt\/wp-json\/wp\/v2\/types\/product"}],"wp:featuredmedia":[{"embeddable":true,"href":"https:\/\/store.evolve-fitness.eu\/lt\/wp-json\/wp\/v2\/media\/5607"}],"wp:attachment":[{"href":"https:\/\/store.evolve-fitness.eu\/lt\/wp-json\/wp\/v2\/media?parent=6935"}],"wp:term":[{"taxonomy":"product_cat","embeddable":true,"href":"https:\/\/store.evolve-fitness.eu\/lt\/wp-json\/wp\/v2\/product_cat?post=6935"},{"taxonomy":"product_tag","embeddable":true,"href":"https:\/\/store.evolve-fitness.eu\/lt\/wp-json\/wp\/v2\/product_tag?post=6935"}],"curies":[{"name":"wp","href":"https:\/\/api.w.org\/{rel}","templated":true}]}}