{"id":6933,"date":"2024-01-26T09:19:38","date_gmt":"2024-01-26T09:19:38","guid":{"rendered":"https:\/\/store.evolve-fitness.eu\/produktas\/evolve-istraukiama-rankena-120-cm\/"},"modified":"2024-01-26T09:19:38","modified_gmt":"2024-01-26T09:19:38","slug":"evolve-istraukiama-rankena-120-cm","status":"publish","type":"product","link":"https:\/\/store.evolve-fitness.eu\/lt\/produktas\/evolve-istraukiama-rankena-120-cm\/","title":{"rendered":"&#8222;Evolve&#8221; i\u0161traukiama rankena &#8211; 120 cm"},"content":{"rendered":"","protected":false},"excerpt":{"rendered":"<p>Pagerinkite vir\u0161utin\u0117s k\u016bno dalies treniruot\u0119 naudodami &#8222;Evolve Pull Down Handle&#8221;, GH-200. \u0160is i\u0161skirtinis priedas specialiai sukurtas taip, kad maksimaliai padidint\u0173 prisitraukimo pratim\u0173 efektyvum\u0105 ir pad\u0117t\u0173 treniruoti pagrindines nugaros, pe\u010di\u0173 ir rank\u0173 raumen\u0173 grupes. &#8222;Evolve Pull Down Handle&#8221; pagaminta i\u0161 auk\u0161tos kokyb\u0117s ir patvari\u0173 med\u017eiag\u0173, tod\u0117l ji yra patikimas pasirinkimas tiek nam\u0173 sporto sal\u0117ms, tiek komerciniams fitneso centrams. Ergonomi\u0161kas dizainas u\u017etikrina patog\u0173 ir saug\u0173 laikym\u0105, tod\u0117l suma\u017e\u0117ja pavojus \u012fsitempti ir treniruot\u0117 tampa tikslingesn\u0117 ir veiksmingesn\u0117. Rankenos suderinamumas su \u012fvairiais kabeliniais treniruokliais suteikia treniruo\u010di\u0173 rutinai universalumo, tod\u0117l ji puikiai tinka \u012fvairiems pratimams, \u012fskaitant tiesiaeigius ir tiesiaeigius prisitraukimus. &#8222;Evolve Pull Down Handle&#8221; &#8211; nepakei\u010diama priemon\u0117, skirta pagerinti vir\u0161utin\u0117s k\u016bno dalies raumen\u0173 apibr\u0117\u017et\u012f ir j\u0117g\u0105, kad pasiektum\u0117te savo fitneso tikslus.<\/p>\n","protected":false},"featured_media":128181,"template":"","meta":{"_acf_changed":false,"inline_featured_image":false},"product_cat":[117,150],"product_tag":[],"class_list":{"0":"post-6933","1":"product","2":"type-product","3":"status-publish","4":"has-post-thumbnail","6":"product_cat-pagrindinis-puslapis","7":"product_cat-priedai-lt","9":"first","10":"instock","11":"shipping-taxable","12":"purchasable","13":"product-type-simple"},"acf":[],"_links":{"self":[{"href":"https:\/\/store.evolve-fitness.eu\/lt\/wp-json\/wp\/v2\/product\/6933","targetHints":{"allow":["GET"]}}],"collection":[{"href":"https:\/\/store.evolve-fitness.eu\/lt\/wp-json\/wp\/v2\/product"}],"about":[{"href":"https:\/\/store.evolve-fitness.eu\/lt\/wp-json\/wp\/v2\/types\/product"}],"wp:featuredmedia":[{"embeddable":true,"href":"https:\/\/store.evolve-fitness.eu\/lt\/wp-json\/wp\/v2\/media\/128181"}],"wp:attachment":[{"href":"https:\/\/store.evolve-fitness.eu\/lt\/wp-json\/wp\/v2\/media?parent=6933"}],"wp:term":[{"taxonomy":"product_cat","embeddable":true,"href":"https:\/\/store.evolve-fitness.eu\/lt\/wp-json\/wp\/v2\/product_cat?post=6933"},{"taxonomy":"product_tag","embeddable":true,"href":"https:\/\/store.evolve-fitness.eu\/lt\/wp-json\/wp\/v2\/product_tag?post=6933"}],"curies":[{"name":"wp","href":"https:\/\/api.w.org\/{rel}","templated":true}]}}