{"id":6927,"date":"2024-01-26T09:36:09","date_gmt":"2024-01-26T09:36:09","guid":{"rendered":"https:\/\/store.evolve-fitness.eu\/produktas\/evolve-keliu-eiluciu-rankena\/"},"modified":"2024-01-26T09:36:09","modified_gmt":"2024-01-26T09:36:09","slug":"evolve-keliu-eiluciu-rankena","status":"publish","type":"product","link":"https:\/\/store.evolve-fitness.eu\/lt\/produktas\/evolve-keliu-eiluciu-rankena\/","title":{"rendered":"&#8222;Evolve&#8221; keli\u0173 eilu\u010di\u0173 rankena"},"content":{"rendered":"","protected":false},"excerpt":{"rendered":"<p>Pagerinkite irklavimo treniruotes naudodami universal\u0173 ir b\u016btin\u0105 pried\u0105 &#8222;Evolve Multi Row Handle&#8221;, GH-110. \u0160i naujovi\u0161ka rankena yra puikiai suprojektuota taip, kad padidint\u0173 eiliavimo pratim\u0173 veiksmingum\u0105, nesvarbu, ar naudojate kabelin\u012f treniruokl\u012f, ar nam\u0173 sporto sal\u0117je. &#8222;Evolve Multi Row Handle&#8221; i\u0161siskiria daugialyp\u0117s rankenos konstrukcija, leid\u017eian\u010dia naudoti \u012fvairias rank\u0173 pad\u0117tis ir kampus, tod\u0117l treniruojamos skirtingos raumen\u0173 grup\u0117s, kad b\u016bt\u0173 visapusi\u0161kai treniruojama vir\u0161utin\u0117 k\u016bno dalis. Pagaminta i\u0161 auk\u0161tos kokyb\u0117s ir patvari\u0173 med\u017eiag\u0173, tod\u0117l atlaiko kasdien\u012f intensyv\u0173 ir intensyv\u0173 naudojim\u0105, tod\u0117l yra patikimas \u012frankis tiek m\u0117g\u0117jams, tiek profesionaliems sportininkams. Ergonomi\u0161ka rankena u\u017etikrina patogum\u0105 ir ma\u017eina rank\u0173 apkrov\u0105, tod\u0117l treniruot\u0117s trunka ilgiau ir produktyviau. &#8222;Evolve Multi Row Handle&#8221; idealiai tinka tiems, kurie nori sustiprinti nugaros, pe\u010di\u0173 ir rank\u0173 j\u0117g\u0105. \u012esigykite j\u012f jau \u0161iandien ir pajuskite nauj\u0105 treniruo\u010di\u0173 re\u017eimo universalumo ir efektyvumo lyg\u012f.<\/p>\n","protected":false},"featured_media":130069,"template":"","meta":{"_acf_changed":false,"inline_featured_image":false},"product_cat":[117,150],"product_tag":[],"class_list":{"0":"post-6927","1":"product","2":"type-product","3":"status-publish","4":"has-post-thumbnail","6":"product_cat-pagrindinis-puslapis","7":"product_cat-priedai-lt","9":"first","10":"instock","11":"shipping-taxable","12":"purchasable","13":"product-type-simple"},"acf":[],"_links":{"self":[{"href":"https:\/\/store.evolve-fitness.eu\/lt\/wp-json\/wp\/v2\/product\/6927","targetHints":{"allow":["GET"]}}],"collection":[{"href":"https:\/\/store.evolve-fitness.eu\/lt\/wp-json\/wp\/v2\/product"}],"about":[{"href":"https:\/\/store.evolve-fitness.eu\/lt\/wp-json\/wp\/v2\/types\/product"}],"wp:featuredmedia":[{"embeddable":true,"href":"https:\/\/store.evolve-fitness.eu\/lt\/wp-json\/wp\/v2\/media\/130069"}],"wp:attachment":[{"href":"https:\/\/store.evolve-fitness.eu\/lt\/wp-json\/wp\/v2\/media?parent=6927"}],"wp:term":[{"taxonomy":"product_cat","embeddable":true,"href":"https:\/\/store.evolve-fitness.eu\/lt\/wp-json\/wp\/v2\/product_cat?post=6927"},{"taxonomy":"product_tag","embeddable":true,"href":"https:\/\/store.evolve-fitness.eu\/lt\/wp-json\/wp\/v2\/product_tag?post=6927"}],"curies":[{"name":"wp","href":"https:\/\/api.w.org\/{rel}","templated":true}]}}