{"id":6920,"date":"2024-01-25T14:04:02","date_gmt":"2024-01-25T14:04:02","guid":{"rendered":"https:\/\/store.evolve-fitness.eu\/produktas\/evolve-home-pakabos-dirzai\/"},"modified":"2026-02-07T18:40:12","modified_gmt":"2026-02-07T18:40:12","slug":"evolve-home-pakabos-dirzai","status":"publish","type":"product","link":"https:\/\/store.evolve-fitness.eu\/lt\/produktas\/evolve-home-pakabos-dirzai\/","title":{"rendered":"&#8222;Evolve Home&#8221; pakabos dir\u017eai"},"content":{"rendered":"\n<section class=\"wp-block-group alignfull has-lightgray-background-color has-background is-layout-constrained wp-block-group-is-layout-constrained\">\n<div class=\"wp-block-columns alignwide is-layout-flex wp-container-core-columns-is-layout-2edb0647 wp-block-columns-is-layout-flex\" style=\"margin-top:0;margin-bottom:0\">\n<div class=\"wp-block-column is-layout-flow wp-block-column-is-layout-flow\" style=\"flex-basis:33.33%\"><\/div>\n\n\n\n<div class=\"wp-block-column is-layout-flow wp-block-column-is-layout-flow\" style=\"flex-basis:66.66%\"><\/div>\n<\/div>\n<\/section>\n","protected":false},"excerpt":{"rendered":"<p>Treniruokit\u0117s bet kur ir bet kada su stilingais ir universaliais &#8222;Evolve&#8221; funkciniais dir\u017eais. \u0160ios savyb\u0117s, pagamintos i\u0161 patvaraus audinio, su neslystan\u010diomis, ta\u010diau elastingomis dengtomis gumin\u0117mis rankenomis ir reguliuojamomis kilpomis kojoms, u\u017etikrina ilgaam\u017ei\u0161kum\u0105 ir patogum\u0105 treniruo\u010di\u0173 metu. Naudojant specialius priedus, \u0161iuos dir\u017eus galima pakabinti ant sijos, sienos ar dur\u0173. Patogus, ne\u0161iojamas dizainas apima krep\u0161\u012f, \u012f kur\u012f telpa visas rinkinys. &#8222;Evolve TRX&#8221; treniruoklis &#8211; tai namams pritaikyta alternatyva, pasi\u017eyminti paprastu, bet eleganti\u0161ku dizainu, leid\u017eianti treniruoti viso k\u016bno raumenis. &#8222;Evolve TRX&#8221; dir\u017eai pagaminti i\u0161 auk\u0161tos kokyb\u0117s med\u017eiag\u0173, tod\u0117l juos lengva pri\u017ei\u016br\u0117ti ir valyti.<\/p>\n","protected":false},"featured_media":5528,"template":"","meta":{"_acf_changed":false,"inline_featured_image":false},"product_cat":[119,120],"product_tag":[],"class_list":{"0":"post-6920","1":"product","2":"type-product","3":"status-publish","4":"has-post-thumbnail","6":"product_cat-kryzminis-ir-funkcinis","7":"product_cat-funkcine-iranga","9":"first","10":"instock","11":"shipping-taxable","12":"purchasable","13":"product-type-simple"},"acf":[],"_links":{"self":[{"href":"https:\/\/store.evolve-fitness.eu\/lt\/wp-json\/wp\/v2\/product\/6920","targetHints":{"allow":["GET"]}}],"collection":[{"href":"https:\/\/store.evolve-fitness.eu\/lt\/wp-json\/wp\/v2\/product"}],"about":[{"href":"https:\/\/store.evolve-fitness.eu\/lt\/wp-json\/wp\/v2\/types\/product"}],"wp:featuredmedia":[{"embeddable":true,"href":"https:\/\/store.evolve-fitness.eu\/lt\/wp-json\/wp\/v2\/media\/5528"}],"wp:attachment":[{"href":"https:\/\/store.evolve-fitness.eu\/lt\/wp-json\/wp\/v2\/media?parent=6920"}],"wp:term":[{"taxonomy":"product_cat","embeddable":true,"href":"https:\/\/store.evolve-fitness.eu\/lt\/wp-json\/wp\/v2\/product_cat?post=6920"},{"taxonomy":"product_tag","embeddable":true,"href":"https:\/\/store.evolve-fitness.eu\/lt\/wp-json\/wp\/v2\/product_tag?post=6920"}],"curies":[{"name":"wp","href":"https:\/\/api.w.org\/{rel}","templated":true}]}}