{"id":6914,"date":"2024-01-26T13:46:43","date_gmt":"2024-01-26T13:46:43","guid":{"rendered":"https:\/\/store.evolve-fitness.eu\/produktas\/evolve-sienoje-montuojamos-svorio-plokstes-saugykla\/"},"modified":"2024-08-06T11:41:29","modified_gmt":"2024-08-06T11:41:29","slug":"evolve-sienoje-montuojamos-svorio-plokstes-saugykla","status":"publish","type":"product","link":"https:\/\/store.evolve-fitness.eu\/lt\/produktas\/evolve-sienoje-montuojamos-svorio-plokstes-saugykla\/","title":{"rendered":"&#8222;Evolve&#8221; sienoje montuojamos svorio plok\u0161t\u0117s saugykla"},"content":{"rendered":"","protected":false},"excerpt":{"rendered":"<p>Maksimaliai padidinkite savo sporto sal\u0117s erdv\u0119 naudodami &#8222;Evolve&#8221; sienin\u0119 svori\u0173 plok\u0161teli\u0173 saugykl\u0105. \u0160is eleganti\u0161kas ir prakti\u0161kas laikymo sprendimas leid\u017eia laikyti svorio plok\u0161teles tvarkingai ir lengvai pasiekiamai. Prie sienos tvirtinama konstrukcija taupo verting\u0105 grind\u0173 plot\u0105 ir suteikia stiling\u0105 bei efektyv\u0173 b\u016bd\u0105 laikyti svarmenis. \u0160is sand\u0117liavimo \u012frenginys pagamintas taip, kad b\u016bt\u0173 patvarus ir suderinamas su \u012fvairi\u0173 dyd\u017ei\u0173 svorio plok\u0161t\u0117mis, tod\u0117l jame funkcionalumas ir estetika puikiai dera. Padidinkite savo treniruo\u010di\u0173 erdv\u0119 naudodami &#8222;Evolve&#8221; sienin\u0119 svori\u0173 plok\u0161teli\u0173 saugykl\u0105, optimizuojan\u010di\u0105 ir form\u0105, ir funkcij\u0105.  <\/p>\n","protected":false},"featured_media":147982,"template":"","meta":{"_acf_changed":false,"inline_featured_image":false},"product_cat":[117,119,143,152],"product_tag":[],"class_list":{"0":"post-6914","1":"product","2":"type-product","3":"status-publish","4":"has-post-thumbnail","6":"product_cat-pagrindinis-puslapis","7":"product_cat-kryzminis-ir-funkcinis","8":"product_cat-irangos-komponentai","9":"product_cat-saugykla","11":"first","12":"instock","13":"shipping-taxable","14":"purchasable","15":"product-type-simple"},"acf":[],"_links":{"self":[{"href":"https:\/\/store.evolve-fitness.eu\/lt\/wp-json\/wp\/v2\/product\/6914","targetHints":{"allow":["GET"]}}],"collection":[{"href":"https:\/\/store.evolve-fitness.eu\/lt\/wp-json\/wp\/v2\/product"}],"about":[{"href":"https:\/\/store.evolve-fitness.eu\/lt\/wp-json\/wp\/v2\/types\/product"}],"wp:featuredmedia":[{"embeddable":true,"href":"https:\/\/store.evolve-fitness.eu\/lt\/wp-json\/wp\/v2\/media\/147982"}],"wp:attachment":[{"href":"https:\/\/store.evolve-fitness.eu\/lt\/wp-json\/wp\/v2\/media?parent=6914"}],"wp:term":[{"taxonomy":"product_cat","embeddable":true,"href":"https:\/\/store.evolve-fitness.eu\/lt\/wp-json\/wp\/v2\/product_cat?post=6914"},{"taxonomy":"product_tag","embeddable":true,"href":"https:\/\/store.evolve-fitness.eu\/lt\/wp-json\/wp\/v2\/product_tag?post=6914"}],"curies":[{"name":"wp","href":"https:\/\/api.w.org\/{rel}","templated":true}]}}