{"id":6898,"date":"2024-01-26T13:36:49","date_gmt":"2024-01-26T13:36:49","guid":{"rendered":"https:\/\/store.evolve-fitness.eu\/produktas\/evolve-reguliuojamas-kilimeliu-pakabos-tvirtinimas\/"},"modified":"2024-08-06T11:38:09","modified_gmt":"2024-08-06T11:38:09","slug":"evolve-reguliuojamas-kilimeliu-pakabos-tvirtinimas","status":"publish","type":"product","link":"https:\/\/store.evolve-fitness.eu\/lt\/produktas\/evolve-reguliuojamas-kilimeliu-pakabos-tvirtinimas\/","title":{"rendered":"&#8222;Evolve&#8221; reguliuojamas kilim\u0117li\u0173 pakabos tvirtinimas"},"content":{"rendered":"","protected":false},"excerpt":{"rendered":"<p>Optimizuokite sporto sal\u0117s organizavim\u0105 naudodami &#8222;Evolve&#8221; reguliuojam\u0105 kilim\u0117li\u0173 pakabos pried\u0105. Sukurtas d\u0117l patogumo, \u0161is priedas lengvai integruojamas \u012f treniruo\u010di\u0173 erdv\u0119 ir yra lankstus sprendimas, kad treniruo\u010di\u0173 kilim\u0117liai b\u016bt\u0173 tvarkingi ir lengvai pasiekiami. Reguliuojama funkcija u\u017etikrina universalum\u0105, kad b\u016bt\u0173 galima pritaikyti \u012fvairi\u0173 dyd\u017ei\u0173 kilim\u0117lius, tod\u0117l galima netvarkingai ir efektyviai sand\u0117liuoti. Pagerinkite savo treniruo\u010di\u0173 aplink\u0105 naudodami \u0161\u012f prakti\u0161k\u0105 pried\u0105, skatinant\u012f tvarking\u0105 ir organizuot\u0105 treniruo\u010di\u0173 erdv\u0119. Supaprastinkite savo treniruo\u010di\u0173 rutin\u0105 naudodami &#8222;Evolve&#8221; reguliuojam\u0105 kilim\u0117li\u0173 pakabos pried\u0105, kur\u012f b\u016btina tur\u0117ti, norint supaprastinti ir efektyviai valdyti sporto sal\u0119.  <\/p>\n","protected":false},"featured_media":5770,"template":"","meta":{"_acf_changed":false,"inline_featured_image":false},"product_cat":[117,119,143,152],"product_tag":[],"class_list":{"0":"post-6898","1":"product","2":"type-product","3":"status-publish","4":"has-post-thumbnail","6":"product_cat-pagrindinis-puslapis","7":"product_cat-kryzminis-ir-funkcinis","8":"product_cat-irangos-komponentai","9":"product_cat-saugykla","11":"first","12":"outofstock","13":"shipping-taxable","14":"purchasable","15":"product-type-simple"},"acf":[],"_links":{"self":[{"href":"https:\/\/store.evolve-fitness.eu\/lt\/wp-json\/wp\/v2\/product\/6898","targetHints":{"allow":["GET"]}}],"collection":[{"href":"https:\/\/store.evolve-fitness.eu\/lt\/wp-json\/wp\/v2\/product"}],"about":[{"href":"https:\/\/store.evolve-fitness.eu\/lt\/wp-json\/wp\/v2\/types\/product"}],"wp:featuredmedia":[{"embeddable":true,"href":"https:\/\/store.evolve-fitness.eu\/lt\/wp-json\/wp\/v2\/media\/5770"}],"wp:attachment":[{"href":"https:\/\/store.evolve-fitness.eu\/lt\/wp-json\/wp\/v2\/media?parent=6898"}],"wp:term":[{"taxonomy":"product_cat","embeddable":true,"href":"https:\/\/store.evolve-fitness.eu\/lt\/wp-json\/wp\/v2\/product_cat?post=6898"},{"taxonomy":"product_tag","embeddable":true,"href":"https:\/\/store.evolve-fitness.eu\/lt\/wp-json\/wp\/v2\/product_tag?post=6898"}],"curies":[{"name":"wp","href":"https:\/\/api.w.org\/{rel}","templated":true}]}}