{"id":6872,"date":"2024-01-26T13:59:31","date_gmt":"2024-01-26T13:59:31","guid":{"rendered":"https:\/\/store.evolve-fitness.eu\/produktas\/evolve-viengubo-dvigubo-vertikalaus-hanteliu-laikymo-priedas-5-poroms\/"},"modified":"2025-12-29T12:01:10","modified_gmt":"2025-12-29T12:01:10","slug":"evolve-viengubo-dvigubo-vertikalaus-hanteliu-laikymo-priedas-5-poroms","status":"publish","type":"product","link":"https:\/\/store.evolve-fitness.eu\/lt\/produktas\/evolve-viengubo-dvigubo-vertikalaus-hanteliu-laikymo-priedas-5-poroms\/","title":{"rendered":"&#8222;Evolve&#8221; viengubo \/ dvigubo vertikalaus hanteli\u0173 laikymo priedas 5 poroms"},"content":{"rendered":"","protected":false},"excerpt":{"rendered":"<p>Padidinkite savo sporto sal\u0117s efektyvum\u0105 naudodami &#8222;Evolve&#8221; viengubo \/ dvigubo vertikalaus hanteli\u0173 laikymo pried\u0105, skirt\u0105 5 poroms. \u0160is viet\u0105 taupantis sprendimas kei\u010dia organizuoto ir prieinamo hanteli\u0173 laikymo s\u0105lygas. Vertikali konstrukcija ne tik optimizuoja grind\u0173 plot\u0105, bet ir leid\u017eia greitai ir lengvai pasiekti hantelius. Pagamintas d\u0117l ilgaam\u017ei\u0161kumo ir patogumo naudoti, \u0161is priedas lengvai integruojamas \u012f &#8222;Evolve&#8221; treniruokli\u0173 sal\u0117s \u012frang\u0105. Pagerinkite savo treniruo\u010di\u0173 patirt\u012f, laikydami hantelius tvarkingai saugomus ir lengvai pasiekiamus kitam rinkiniui, kad kiekviena treniruot\u0117 b\u016bt\u0173 sklandi ir veiksminga. Atnaujinkite savo sporto sal\u0117s organizavim\u0105 naudodami &#8222;Evolve&#8221; viengubo \/ dvigubo vertikalaus hanteli\u0173 laikymo \u012ftais\u0105 ir m\u0117gaukit\u0117s patogia treniruo\u010di\u0173 erdve be netvarkos.<\/p>\n","protected":false},"featured_media":5804,"template":"","meta":{"_acf_changed":false,"inline_featured_image":false},"product_cat":[117,119,143,152],"product_tag":[],"class_list":{"0":"post-6872","1":"product","2":"type-product","3":"status-publish","4":"has-post-thumbnail","6":"product_cat-pagrindinis-puslapis","7":"product_cat-kryzminis-ir-funkcinis","8":"product_cat-irangos-komponentai","9":"product_cat-saugykla","11":"first","12":"instock","13":"shipping-taxable","14":"purchasable","15":"product-type-variable"},"acf":[],"_links":{"self":[{"href":"https:\/\/store.evolve-fitness.eu\/lt\/wp-json\/wp\/v2\/product\/6872","targetHints":{"allow":["GET"]}}],"collection":[{"href":"https:\/\/store.evolve-fitness.eu\/lt\/wp-json\/wp\/v2\/product"}],"about":[{"href":"https:\/\/store.evolve-fitness.eu\/lt\/wp-json\/wp\/v2\/types\/product"}],"wp:featuredmedia":[{"embeddable":true,"href":"https:\/\/store.evolve-fitness.eu\/lt\/wp-json\/wp\/v2\/media\/5804"}],"wp:attachment":[{"href":"https:\/\/store.evolve-fitness.eu\/lt\/wp-json\/wp\/v2\/media?parent=6872"}],"wp:term":[{"taxonomy":"product_cat","embeddable":true,"href":"https:\/\/store.evolve-fitness.eu\/lt\/wp-json\/wp\/v2\/product_cat?post=6872"},{"taxonomy":"product_tag","embeddable":true,"href":"https:\/\/store.evolve-fitness.eu\/lt\/wp-json\/wp\/v2\/product_tag?post=6872"}],"curies":[{"name":"wp","href":"https:\/\/api.w.org\/{rel}","templated":true}]}}