{"id":6871,"date":"2024-01-29T12:53:48","date_gmt":"2024-01-29T12:53:48","guid":{"rendered":"https:\/\/store.evolve-fitness.eu\/produktas\/evolve-ultra-series-plokstes-v-squat\/"},"modified":"2024-05-27T08:28:13","modified_gmt":"2024-05-27T08:28:13","slug":"evolve-ultra-series-plokstes-v-squat","status":"publish","type":"product","link":"https:\/\/store.evolve-fitness.eu\/lt\/produktas\/evolve-ultra-series-plokstes-v-squat\/","title":{"rendered":"&#8222;Evolve Ultra Series&#8221; plok\u0161t\u0117s V-Squat"},"content":{"rendered":"\n<p><\/p>\n\n<section class=\"wp-block-group alignfull black-content has-white-color has-darkgray-background-color has-text-color has-background is-layout-constrained wp-block-group-is-layout-constrained\" style=\"padding-top:var(--wp--preset--spacing--section-bottom);padding-bottom:var(--wp--preset--spacing--section-bottom)\">\n<h3 class=\"wp-block-heading has-text-align-center\" style=\"padding-top:var(--wp--preset--spacing--section-title-bottom);padding-bottom:var(--wp--preset--spacing--section-title-bottom)\"><strong><strong><strong>EVOLIUCIONUOJA PLOK\u0160TEL\u0116, PAKRAUTA ULTRA SERIJA<\/strong><\/strong><\/strong><\/h3>\n\n\n\n<section class=\"wp-block-group alignfull black-content has-white-color has-darkgray-background-color has-text-color has-background is-layout-constrained wp-block-group-is-layout-constrained\" style=\"margin-bottom:0;padding-top:var(--wp--preset--spacing--tb-padding);padding-bottom:var(--wp--preset--spacing--tb-padding)\">\n<div class=\"wp-block-columns alignwide mobile-reverse is-layout-flex wp-container-core-columns-is-layout-035fa626 wp-block-columns-is-layout-flex\" style=\"margin-bottom:var(--wp--preset--spacing--side-padding);padding-top:var(--wp--preset--spacing--tb-padding);padding-bottom:var(--wp--preset--spacing--tb-padding)\">\n<div class=\"wp-block-column is-vertically-aligned-center is-layout-flow wp-block-column-is-layout-flow\">\n<figure class=\"wp-block-image size-full is-resized is-style-rounded\"><img loading=\"lazy\" decoding=\"async\" width=\"810\" height=\"810\" src=\"https:\/\/store.evolve-fitness.eu\/wp-content\/uploads\/2024\/05\/Dizainas-be-pavadinimo-96.png\" alt=\"\" class=\"wp-image-63207\" style=\"aspect-ratio:1.1333333333333333;object-fit:cover;width:860px;height:auto\" srcset=\"https:\/\/store.evolve-fitness.eu\/wp-content\/uploads\/2024\/05\/Dizainas-be-pavadinimo-96.png 810w, https:\/\/store.evolve-fitness.eu\/wp-content\/uploads\/2024\/05\/Dizainas-be-pavadinimo-96-300x300.png 300w, https:\/\/store.evolve-fitness.eu\/wp-content\/uploads\/2024\/05\/Dizainas-be-pavadinimo-96-150x150.png 150w, https:\/\/store.evolve-fitness.eu\/wp-content\/uploads\/2024\/05\/Dizainas-be-pavadinimo-96-768x768.png 768w, https:\/\/store.evolve-fitness.eu\/wp-content\/uploads\/2024\/05\/Dizainas-be-pavadinimo-96-600x600.png 600w, https:\/\/store.evolve-fitness.eu\/wp-content\/uploads\/2024\/05\/Dizainas-be-pavadinimo-96-100x100.png 100w\" sizes=\"auto, (max-width: 810px) 100vw, 810px\" \/><\/figure>\n<\/div>\n\n\n\n<div class=\"wp-block-column is-vertically-aligned-center is-layout-flow wp-block-column-is-layout-flow\">\n<h3 class=\"wp-block-heading\" style=\"margin-bottom:var(--wp--preset--spacing--h-3-bottom)\"><strong><strong><strong><strong><strong>Organizuotas ir efektyvus<\/strong><\/strong><\/strong><\/strong><\/strong><\/h3>\n\n\n\n<p><strong><em><strong><strong><strong><strong><strong><strong><strong><strong>Svorio plok\u0161teli\u0173 laikymo kai\u0161\u010diai<\/strong><\/strong><\/strong><\/strong><\/strong><\/strong><\/strong><\/strong><\/em><\/strong><\/p>\n\n\n\n<p style=\"margin-bottom:var(--wp--preset--spacing--tb-section-padding)\">I\u0161likite organizuoti ir efektyv\u016bs, naudodami <strong>svori\u0173 plok\u0161teli\u0173 laikymo smeigtukus<\/strong>. Laikykite savo l\u0117k\u0161tes ranka pasiekiamas ir supaprastinkite treniruotes.<\/p>\n\n\n\n<h3 class=\"wp-block-heading\" style=\"margin-bottom:var(--wp--preset--spacing--h-3-bottom)\"><strong><strong><strong><strong><strong><strong><strong><strong>Nekompromisinis ilgaam\u017ei\u0161kumas<\/strong><\/strong><\/strong><\/strong><\/strong><\/strong><\/strong><\/strong><\/h3>\n\n\n\n<p><strong><em><strong><strong><strong><strong><strong>Ner\u016bdijan\u010dio plieno var\u017etai ir ver\u017el\u0117s<\/strong><\/strong><\/strong><\/strong><\/strong><\/em><\/strong><\/p>\n\n\n\n<p style=\"margin-bottom:var(--wp--preset--spacing--tb-section-padding)\">Serijoje &#8222;Ultra&#8221; svarbi kiekviena detal\u0117. Tod\u0117l visi var\u017etai ir ver\u017el\u0117s gaminami i\u0161 <strong>ner\u016bdijan\u010dio plieno<\/strong>, kad b\u016bt\u0173 u\u017etikrintas bekompromisis patvarumas ir ilgaam\u017ei\u0161kumas.<\/p>\n<\/div>\n<\/div>\n\n\n\n<div class=\"wp-block-columns alignwide mobile-reverse is-layout-flex wp-container-core-columns-is-layout-7a02faa9 wp-block-columns-is-layout-flex\" style=\"margin-bottom:var(--wp--preset--spacing--tb-section-padding)\">\n<div class=\"wp-block-column is-vertically-aligned-center is-layout-flow wp-block-column-is-layout-flow\">\n<h3 class=\"wp-block-heading\" style=\"margin-bottom:var(--wp--preset--spacing--h-3-bottom)\"><strong><strong><strong><strong><strong><strong><strong><strong>Ilgalaikis veikimas<\/strong><\/strong><\/strong><\/strong><\/strong><\/strong><\/strong><\/strong><\/h3>\n\n\n\n<p><strong><em><strong><strong><strong><strong><strong>Auk\u0161\u010diausios kokyb\u0117s, tvirta PU oda<\/strong><\/strong><\/strong><\/strong><\/strong><\/em><\/strong><\/p>\n\n\n\n<p style=\"margin-bottom:var(--wp--preset--spacing--tb-section-padding)\">Patirkite i\u0161skirtin\u012f komfort\u0105 ir na\u0161um\u0105 su m\u016bs\u0173 <strong>auk\u0161\u010diausios kokyb\u0117s, didelio atsparumo PU odos<\/strong> apmu\u0161alais. Jame suderintas ilgaam\u017ei\u0161kumas ir vizualinis patrauklumas, tod\u0117l jis u\u017etikrina geriausi\u0105 prabang\u0105 fitneso srityje.<\/p>\n\n\n\n<h3 class=\"wp-block-heading\"><strong>NESLYSTAN\u010cIOS RANKENOS<\/strong><\/h3>\n\n\n\n<p><strong><em><strong>Saugus ir patikimas su\u0117mimas, u\u017etikrinantis saugum\u0105 ir pasitik\u0117jim\u0105<\/strong><\/em><\/strong><\/p>\n\n\n\n<p>Teikite pirmenyb\u0119 saugumui ir pasitik\u0117jimui su m\u016bs\u0173 <strong>neslystan\u010diomis rankenomis<\/strong>. Jie u\u017etikrina saug\u0173 sukibim\u0105, tod\u0117l treniruo\u010di\u0173 metu suma\u017e\u0117ja nelaiming\u0173 atsitikim\u0173 rizika.<\/p>\n<\/div>\n\n\n\n<div class=\"wp-block-column is-vertically-aligned-center is-layout-flow wp-block-column-is-layout-flow\">\n<figure class=\"wp-block-image size-full is-resized is-style-rounded\"><img loading=\"lazy\" decoding=\"async\" width=\"1080\" height=\"1080\" src=\"https:\/\/store.evolve-fitness.eu\/wp-content\/uploads\/2024\/05\/Dizainas-be-pavadinimo-97.png\" alt=\"\" class=\"wp-image-63232\" style=\"aspect-ratio:1.1333333333333333;object-fit:cover;width:739px;height:auto\" srcset=\"https:\/\/store.evolve-fitness.eu\/wp-content\/uploads\/2024\/05\/Dizainas-be-pavadinimo-97.png 1080w, https:\/\/store.evolve-fitness.eu\/wp-content\/uploads\/2024\/05\/Dizainas-be-pavadinimo-97-300x300.png 300w, https:\/\/store.evolve-fitness.eu\/wp-content\/uploads\/2024\/05\/Dizainas-be-pavadinimo-97-1024x1024.png 1024w, https:\/\/store.evolve-fitness.eu\/wp-content\/uploads\/2024\/05\/Dizainas-be-pavadinimo-97-150x150.png 150w, https:\/\/store.evolve-fitness.eu\/wp-content\/uploads\/2024\/05\/Dizainas-be-pavadinimo-97-768x768.png 768w, https:\/\/store.evolve-fitness.eu\/wp-content\/uploads\/2024\/05\/Dizainas-be-pavadinimo-97-600x600.png 600w, https:\/\/store.evolve-fitness.eu\/wp-content\/uploads\/2024\/05\/Dizainas-be-pavadinimo-97-100x100.png 100w\" sizes=\"auto, (max-width: 1080px) 100vw, 1080px\" \/><\/figure>\n<\/div>\n<\/div>\n\n\n\n<div class=\"wp-block-columns alignwide mobile-reverse is-layout-flex wp-container-core-columns-is-layout-7a02faa9 wp-block-columns-is-layout-flex\" style=\"margin-bottom:var(--wp--preset--spacing--tb-section-padding)\">\n<div class=\"wp-block-column is-vertically-aligned-center is-layout-flow wp-block-column-is-layout-flow\">\n<figure class=\"wp-block-image alignleft size-full is-resized is-style-rounded\"><img decoding=\"async\" src=\"https:\/\/evolve-fitness.eu\/wp-content\/uploads\/2023\/11\/EV-PL-UL-380-Recovered-edited-1.png\" alt=\"\" class=\"wp-image-6156\" style=\"aspect-ratio:1.1333333333333333;object-fit:cover;width:665px;height:auto\"\/><\/figure>\n<\/div>\n\n\n\n<div class=\"wp-block-column is-vertically-aligned-center is-layout-flow wp-block-column-is-layout-flow\">\n<h3 class=\"wp-block-heading\" style=\"margin-bottom:var(--wp--preset--spacing--h-3-bottom)\"><strong><strong><strong><strong><strong><strong><strong>Patvarios grind\u0173 apsaugos priemon\u0117s<\/strong><\/strong><\/strong><\/strong><\/strong><\/strong><\/strong><\/h3>\n\n\n\n<p><strong><em><strong><strong><strong><strong>Saugokite sporto sal\u0117s grindis<\/strong><\/strong><\/strong><\/strong><\/em><\/strong><\/p>\n\n\n\n<p style=\"margin-bottom:var(--wp--preset--spacing--tb-section-padding)\">M\u016bs\u0173 \u012franga turi <strong>patvarias grind\u0173 apsaugas,<\/strong> kad apsaugot\u0173 j\u016bs\u0173 sporto sal\u0119 nuo pa\u017eeidim\u0173 ir \u012fbr\u0117\u017eim\u0173 net ir intensyvi\u0173 treniruo\u010di\u0173 metu.<\/p>\n\n\n\n<h3 class=\"wp-block-heading\" style=\"margin-bottom:var(--wp--preset--spacing--h-3-bottom)\"><strong><strong><strong><strong><strong><strong><strong><strong><strong>Ilgalaik\u0117 apdaila<\/strong><\/strong><\/strong><\/strong><\/strong><\/strong><\/strong><\/strong><\/strong><\/h3>\n\n\n\n<p><strong><em><strong><strong><strong><strong><strong><strong>Termoreaktyvi\u0173j\u0173 milteli\u0173 elektrostatinio pur\u0161kimo technologija<\/strong><\/strong><\/strong><\/strong><\/strong><\/strong><\/em><\/strong><\/p>\n\n\n\n<p>M\u016bs\u0173 ma\u0161inose \u012fdiegta <strong>termoreaktyvi\u0173j\u0173 milteli\u0173 elektrostatinio pur\u0161kimo technologija<\/strong>, u\u017etikrinanti ilgalaik\u0119 apdail\u0105. \u0160i pa\u017eangi danga ilgainiui i\u0161laiko \u012frangos i\u0161vaizd\u0105.<\/p>\n<\/div>\n<\/div>\n\n\n\n<div class=\"wp-block-columns alignwide mobile-reverse is-layout-flex wp-container-core-columns-is-layout-ca64bf2d wp-block-columns-is-layout-flex\" style=\"margin-bottom:var(--wp--preset--spacing--side-padding)\">\n<div class=\"wp-block-column is-vertically-aligned-center is-layout-flow wp-block-column-is-layout-flow\"><\/div>\n<\/div>\n<\/section>\n<\/section>\n","protected":false},"excerpt":{"rendered":"<p>Patirkite geriausi\u0105 j\u0117gos treniruot\u0119 su &#8222;Evolve Ultra Series Plate V-Squat&#8221;, UL-380, auk\u0161\u010diausios klas\u0117s treniruokliu, sukurtu atsi\u017evelgiant \u012f ilgaam\u017ei\u0161kum\u0105 ir na\u0161um\u0105. \u0160iame treniruoklyje \u012frengti svori\u0173 plok\u0161\u010di\u0173 laikymo \u012ftaisai, tod\u0117l treniruot\u0117 vyksta skland\u017eiai. Ner\u016bdijan\u010dio plieno var\u017etai ir ver\u017el\u0117s u\u017etikrina bekompromis\u012f ilgaam\u017ei\u0161kum\u0105, o itin patvar\u016bs PU odos apmu\u0161alai u\u017etikrina komfort\u0105 ir prabangi\u0105 i\u0161vaizd\u0105. Svarbiausia &#8211; saugumas, nes neslystan\u010dios rankenos u\u017etikrina saug\u0173 sukibim\u0105, kad treniruo\u010di\u0173 metu b\u016bt\u0173 galima labiau pasitik\u0117ti savimi. Apsaugokite savo sporto sal\u0117s grindis naudodami pridedamas patvarias grind\u0173 apsaugas ir m\u0117gaukit\u0117s ilgaam\u017ee m\u016bs\u0173 \u012frangos apdaila d\u0117l termoreaktyvi\u0173 milteli\u0173 elektrostatinio pur\u0161kimo technologijos. 206 kg sverian\u010diam treniruokliui UL-380 suteikiama 2 met\u0173 garantija ir technin\u0117s funkcijos, pavyzd\u017eiui, reguliuojamos s\u0117dimosios vietos, tod\u0117l jis puikiai tinka auk\u0161\u010diausios kokyb\u0117s treniruot\u0117ms. \u0160iandien papildykite savo treniruokli\u0173 sal\u0119 \u0161iuo tvirtu ir efektyviu treniruokliu ir pagerinkite savo sveikatingumo re\u017eim\u0105.<\/p>\n","protected":false},"featured_media":61546,"template":"","meta":{"_acf_changed":false,"inline_featured_image":false},"product_cat":[117,129,130],"product_tag":[],"class_list":{"0":"post-6871","1":"product","2":"type-product","3":"status-publish","4":"has-post-thumbnail","6":"product_cat-pagrindinis-puslapis","7":"product_cat-laisvu-svoriu-treniruokliai","8":"product_cat-ultra-series-laisvu-svoriu-treniruokliai","10":"first","11":"instock","12":"shipping-taxable","13":"purchasable","14":"product-type-simple"},"acf":[],"_links":{"self":[{"href":"https:\/\/store.evolve-fitness.eu\/lt\/wp-json\/wp\/v2\/product\/6871","targetHints":{"allow":["GET"]}}],"collection":[{"href":"https:\/\/store.evolve-fitness.eu\/lt\/wp-json\/wp\/v2\/product"}],"about":[{"href":"https:\/\/store.evolve-fitness.eu\/lt\/wp-json\/wp\/v2\/types\/product"}],"wp:featuredmedia":[{"embeddable":true,"href":"https:\/\/store.evolve-fitness.eu\/lt\/wp-json\/wp\/v2\/media\/61546"}],"wp:attachment":[{"href":"https:\/\/store.evolve-fitness.eu\/lt\/wp-json\/wp\/v2\/media?parent=6871"}],"wp:term":[{"taxonomy":"product_cat","embeddable":true,"href":"https:\/\/store.evolve-fitness.eu\/lt\/wp-json\/wp\/v2\/product_cat?post=6871"},{"taxonomy":"product_tag","embeddable":true,"href":"https:\/\/store.evolve-fitness.eu\/lt\/wp-json\/wp\/v2\/product_tag?post=6871"}],"curies":[{"name":"wp","href":"https:\/\/api.w.org\/{rel}","templated":true}]}}