{"id":6868,"date":"2024-01-29T07:33:44","date_gmt":"2024-01-29T07:33:44","guid":{"rendered":"https:\/\/store.evolve-fitness.eu\/produktas\/evolve-complete-power-rack-sistema-230-270-cm-2\/"},"modified":"2025-03-27T07:14:32","modified_gmt":"2025-03-27T07:14:32","slug":"evolve-complete-power-rack-sistema-230-270-cm-2","status":"publish","type":"product","link":"https:\/\/store.evolve-fitness.eu\/lt\/produktas\/evolve-complete-power-rack-sistema-230-270-cm-2\/","title":{"rendered":"&#8222;Evolve Complete Power Rack&#8221; sistema 230 &#8211; 270 cm"},"content":{"rendered":"","protected":false},"excerpt":{"rendered":"<p>I\u0161laisvinkite fitneso j\u0117g\u0105 naudodami &#8222;Evolve&#8221; visi\u0161kai \u012frengt\u0105 maitinimo stovo sistem\u0105 su integruotomis saugojimo lentynomis, kad gal\u0117tum\u0117te skland\u017eiai tvarkyti inventori\u0173 ir priedus. \u0160is tvirtas j\u0117gos treniruo\u010di\u0173 sprendimas, idealiai tinkantis komerciniam naudojimui, tiksliai pagamintas i\u0161 3 mm storio plieno. Pagerinkite savo sporto sal\u0117s patirt\u012f naudodami &#8222;Evolve&#8221; efektyvum\u0105 ir stili\u0173.<\/p>\n","protected":false},"featured_media":97307,"template":"","meta":{"_acf_changed":false,"inline_featured_image":false},"product_cat":[117,119,149],"product_tag":[],"class_list":{"0":"post-6868","1":"product","2":"type-product","3":"status-publish","4":"has-post-thumbnail","6":"product_cat-pagrindinis-puslapis","7":"product_cat-kryzminis-ir-funkcinis","8":"product_cat-visiskai-sukomplektuotos-platformu-sarankos","10":"first","11":"outofstock","12":"shipping-taxable","13":"purchasable","14":"product-type-variable"},"acf":[],"_links":{"self":[{"href":"https:\/\/store.evolve-fitness.eu\/lt\/wp-json\/wp\/v2\/product\/6868","targetHints":{"allow":["GET"]}}],"collection":[{"href":"https:\/\/store.evolve-fitness.eu\/lt\/wp-json\/wp\/v2\/product"}],"about":[{"href":"https:\/\/store.evolve-fitness.eu\/lt\/wp-json\/wp\/v2\/types\/product"}],"wp:featuredmedia":[{"embeddable":true,"href":"https:\/\/store.evolve-fitness.eu\/lt\/wp-json\/wp\/v2\/media\/97307"}],"wp:attachment":[{"href":"https:\/\/store.evolve-fitness.eu\/lt\/wp-json\/wp\/v2\/media?parent=6868"}],"wp:term":[{"taxonomy":"product_cat","embeddable":true,"href":"https:\/\/store.evolve-fitness.eu\/lt\/wp-json\/wp\/v2\/product_cat?post=6868"},{"taxonomy":"product_tag","embeddable":true,"href":"https:\/\/store.evolve-fitness.eu\/lt\/wp-json\/wp\/v2\/product_tag?post=6868"}],"curies":[{"name":"wp","href":"https:\/\/api.w.org\/{rel}","templated":true}]}}