{"id":6850,"date":"2024-01-26T15:37:35","date_gmt":"2024-01-26T15:37:35","guid":{"rendered":"https:\/\/store.evolve-fitness.eu\/produktas\/evolve-statramsciai-saugojimo-sistemoms-120-190-cm\/"},"modified":"2025-11-07T11:22:55","modified_gmt":"2025-11-07T11:22:55","slug":"evolve-statramsciai-saugojimo-sistemoms-120-190-cm","status":"publish","type":"product","link":"https:\/\/store.evolve-fitness.eu\/lt\/produktas\/evolve-statramsciai-saugojimo-sistemoms-120-190-cm\/","title":{"rendered":"&#8222;Evolve&#8221; statrams\u010diai saugojimo sistemoms 120 \/ 190 cm"},"content":{"rendered":"","protected":false},"excerpt":{"rendered":"<p>Optimizuokite sand\u0117liavimo erdv\u0119 naudodami 120 cm ir 190 cm auk\u0161\u010dio &#8222;Evolve&#8221; stovus sand\u0117liavimo sistemoms. \u0160ie tvirti ir universal\u016bs statrams\u010diai skirti sand\u0117liavimo sistemos funkcionalumui padidinti, nes patikimai palaiko lentynas ir priedus. Ilgaam\u017eiai &#8222;Evolve Uprights&#8221; stovai puikiai \u012fsilieja \u012f treniruokli\u0173 sal\u0117s aplink\u0105 ir leid\u017eia sukurti gerai organizuot\u0105 ir efektyvi\u0105 erdv\u0119 treniruokli\u0173 salei. Pagerinkite savo laikymo sprendimus naudodami &#8222;Evolve Uprights&#8221;, sukurtus taip, kad atitikt\u0173 dinami\u0161kos ir funkcionalios treniruokli\u0173 sal\u0117s reikalavimus.<\/p>\n","protected":false},"featured_media":5947,"template":"","meta":{"_acf_changed":false,"inline_featured_image":false},"product_cat":[117,119,143,152],"product_tag":[],"class_list":{"0":"post-6850","1":"product","2":"type-product","3":"status-publish","4":"has-post-thumbnail","6":"product_cat-pagrindinis-puslapis","7":"product_cat-kryzminis-ir-funkcinis","8":"product_cat-irangos-komponentai","9":"product_cat-saugykla","11":"first","12":"instock","13":"shipping-taxable","14":"purchasable","15":"product-type-variable"},"acf":[],"_links":{"self":[{"href":"https:\/\/store.evolve-fitness.eu\/lt\/wp-json\/wp\/v2\/product\/6850","targetHints":{"allow":["GET"]}}],"collection":[{"href":"https:\/\/store.evolve-fitness.eu\/lt\/wp-json\/wp\/v2\/product"}],"about":[{"href":"https:\/\/store.evolve-fitness.eu\/lt\/wp-json\/wp\/v2\/types\/product"}],"wp:featuredmedia":[{"embeddable":true,"href":"https:\/\/store.evolve-fitness.eu\/lt\/wp-json\/wp\/v2\/media\/5947"}],"wp:attachment":[{"href":"https:\/\/store.evolve-fitness.eu\/lt\/wp-json\/wp\/v2\/media?parent=6850"}],"wp:term":[{"taxonomy":"product_cat","embeddable":true,"href":"https:\/\/store.evolve-fitness.eu\/lt\/wp-json\/wp\/v2\/product_cat?post=6850"},{"taxonomy":"product_tag","embeddable":true,"href":"https:\/\/store.evolve-fitness.eu\/lt\/wp-json\/wp\/v2\/product_tag?post=6850"}],"curies":[{"name":"wp","href":"https:\/\/api.w.org\/{rel}","templated":true}]}}