{"id":6843,"date":"2024-01-26T14:24:13","date_gmt":"2024-01-26T14:24:13","guid":{"rendered":"https:\/\/store.evolve-fitness.eu\/produktas\/evolve-dvigubos-sieneles-kamuoliuku-taikiklis\/"},"modified":"2026-04-16T07:10:11","modified_gmt":"2026-04-16T07:10:11","slug":"evolve-dvigubos-sieneles-kamuoliuku-taikiklis","status":"publish","type":"product","link":"https:\/\/store.evolve-fitness.eu\/lt\/produktas\/evolve-dvigubos-sieneles-kamuoliuku-taikiklis\/","title":{"rendered":"&#8222;Evolve&#8221; dvigubos sienel\u0117s kamuoliuk\u0173 taikiklis"},"content":{"rendered":"","protected":false},"excerpt":{"rendered":"<p>Pagerinkite savo j\u0117gos treniruo\u010di\u0173 re\u017eim\u0105 su &#8222;Evolve WB3 Double Target&#8221;, specialiai sukurtu intensyvesn\u0117ms medicininio kamuolio treniruot\u0117ms. \u0160is universalus treniruoklis treniruo\u010di\u0173 rutin\u0105 papildo dinami\u0161ku elementu ir suteikia sud\u0117ting\u0105 platform\u0105 tikslingoms j\u0117gos treniruot\u0117ms. Dvigubi taikiniai padidina kamuolio sm\u016bgi\u0173 tikslum\u0105, tod\u0117l \u0161is treniruoklis idealiai tinka tiek individualioms, tiek grupin\u0117ms treniruot\u0117ms. Ilgaam\u017ei\u0161kumo ir na\u0161umo reikalaujantis &#8222;Evolve WB3&#8221; u\u017etikrina patikim\u0105 ir veiksming\u0105 \u012frank\u012f atliekant daug j\u0117gos reikalaujan\u010dius pratimus. Pagerinkite savo sveikatingumo kelion\u0119 su \u0161iuo pa\u017eangiu dvigubo tikslo treniruokliu ir pajuskite kaip niekada anks\u010diau tiksling\u0173 ir efektyvi\u0173 j\u0117gos treniruo\u010di\u0173 naud\u0105.  <\/p>\n","protected":false},"featured_media":5844,"template":"","meta":{"_acf_changed":false,"inline_featured_image":false},"product_cat":[119,143,144],"product_tag":[],"class_list":{"0":"post-6843","1":"product","2":"type-product","3":"status-publish","4":"has-post-thumbnail","6":"product_cat-kryzminis-ir-funkcinis","7":"product_cat-irangos-komponentai","8":"product_cat-priedai","10":"first","11":"instock","12":"shipping-taxable","13":"purchasable","14":"product-type-simple"},"acf":[],"_links":{"self":[{"href":"https:\/\/store.evolve-fitness.eu\/lt\/wp-json\/wp\/v2\/product\/6843","targetHints":{"allow":["GET"]}}],"collection":[{"href":"https:\/\/store.evolve-fitness.eu\/lt\/wp-json\/wp\/v2\/product"}],"about":[{"href":"https:\/\/store.evolve-fitness.eu\/lt\/wp-json\/wp\/v2\/types\/product"}],"wp:featuredmedia":[{"embeddable":true,"href":"https:\/\/store.evolve-fitness.eu\/lt\/wp-json\/wp\/v2\/media\/5844"}],"wp:attachment":[{"href":"https:\/\/store.evolve-fitness.eu\/lt\/wp-json\/wp\/v2\/media?parent=6843"}],"wp:term":[{"taxonomy":"product_cat","embeddable":true,"href":"https:\/\/store.evolve-fitness.eu\/lt\/wp-json\/wp\/v2\/product_cat?post=6843"},{"taxonomy":"product_tag","embeddable":true,"href":"https:\/\/store.evolve-fitness.eu\/lt\/wp-json\/wp\/v2\/product_tag?post=6843"}],"curies":[{"name":"wp","href":"https:\/\/api.w.org\/{rel}","templated":true}]}}