{"id":6842,"date":"2024-01-26T14:11:01","date_gmt":"2024-01-26T14:11:01","guid":{"rendered":"https:\/\/store.evolve-fitness.eu\/produktas\/evolve-digital-strength-series-selektorinis-koju-ilgintuvas-ir-koju-lenkimas\/"},"modified":"2025-09-25T17:19:30","modified_gmt":"2025-09-25T17:19:30","slug":"evolve-digital-strength-series-selektorinis-koju-ilgintuvas-ir-koju-lenkimas","status":"publish","type":"product","link":"https:\/\/store.evolve-fitness.eu\/lt\/produktas\/evolve-digital-strength-series-selektorinis-koju-ilgintuvas-ir-koju-lenkimas\/","title":{"rendered":"Evolve Digital Strength Series selektorizuotas koj\u0173 tiesimo ir lenkimo treniruoklis, DS-425"},"content":{"rendered":"\n<section class=\"wp-block-group alignfull black-content has-white-color has-darkgray-background-color has-text-color has-background is-layout-constrained wp-block-group-is-layout-constrained\" style=\"padding-top:var(--wp--preset--spacing--section-bottom);padding-bottom:var(--wp--preset--spacing--section-bottom)\">\n<div class=\"wp-block-columns alignwide mobile-reverse is-layout-flex wp-container-core-columns-is-layout-ca64bf2d wp-block-columns-is-layout-flex\" style=\"margin-bottom:var(--wp--preset--spacing--side-padding)\">\n<div class=\"wp-block-column is-vertically-aligned-center is-layout-flow wp-block-column-is-layout-flow\">\n<h3 class=\"wp-block-heading\" style=\"margin-bottom:var(--wp--preset--spacing--h-3-bottom)\">\u012fvadas<\/h3>\n\n\n\n<p><strong><em><strong><em><strong><strong><strong><strong><strong><strong>Sveiki atvyk\u0119 \u012f naujos kartos treniruokli\u0173 sal\u0117s \u012frangos pristatym\u0105<\/strong><\/strong><\/strong><\/strong><\/strong><\/strong><\/em><\/strong><\/em><\/strong><\/p>\n\n\n\n<p style=\"margin-bottom:var(--wp--preset--spacing--tb-section-padding)\">Atraskite naujovi\u0161kas Evolve Digital Series funkcijas. Gilinam\u0117s \u012f unikalius \u0161io moderniausio kr\u016btin\u0117s ir pe\u010di\u0173 spaudimo treniruoklio aspektus, demonstruodami jo skaitmenin\u0119 s\u0105saj\u0105, reguliuojam\u0105 pasiprie\u0161inim\u0105, ergonomi\u0161k\u0105 dizain\u0105 ir tvirt\u0105 konstrukcij\u0105.<\/p>\n<\/div>\n\n\n\n<div class=\"wp-block-column is-vertically-aligned-center is-layout-flow wp-block-column-is-layout-flow\">\n<figure class=\"wp-block-video\"><video height=\"600\" style=\"aspect-ratio: 680 \/ 600;\" width=\"680\" autoplay controls loop muted src=\"https:\/\/evolve-fitness.eu\/wp-content\/uploads\/2023\/12\/Digital-Strength-Line-Chest-Press-1-minute-LQ.mp4\"><\/video><\/figure>\n<\/div>\n<\/div>\n\n\n\n<div class=\"wp-block-columns alignwide is-layout-flex wp-container-core-columns-is-layout-c45ee707 wp-block-columns-is-layout-flex\" style=\"margin-bottom:var(--wp--preset--spacing--side-padding);padding-top:var(--wp--preset--spacing--side-padding)\">\n<div class=\"wp-block-column is-vertically-aligned-center is-layout-flow wp-block-column-is-layout-flow\">\n<figure class=\"wp-block-video\"><video height=\"2560\" style=\"aspect-ratio: 2560 \/ 2560;\" width=\"2560\" autoplay controls loop muted src=\"https:\/\/evolve-fitness.eu\/wp-content\/uploads\/2024\/06\/EV-SC-DS-425-360CAM.mp4\"><\/video><\/figure>\n<\/div>\n\n\n\n<div class=\"wp-block-column is-vertically-aligned-center is-layout-flow wp-block-column-is-layout-flow\">\n<h3 class=\"wp-block-heading\" style=\"margin-bottom:var(--wp--preset--spacing--h-3-bottom)\"><strong><strong><strong><strong><em>Pagrindin\u0117s funkcijos<\/em><\/strong><\/strong><\/strong><\/strong><\/h3>\n\n\n\n<ul class=\"wp-block-list\">\n<li>Reguliuojamas porankis leid\u017eia naudotojams pritaikyti treniruokl\u012f optimaliai pad\u0117\u010diai<\/li>\n\n\n\n<li>P\u0117d\u0173 atrama u\u017etikrina patogum\u0105 ir stabilum\u0105 treniruo\u010di\u0173 metu<\/li>\n<\/ul>\n<\/div>\n<\/div>\n\n\n\n<div class=\"wp-block-columns alignwide is-layout-flex wp-container-core-columns-is-layout-c45ee707 wp-block-columns-is-layout-flex\" style=\"margin-bottom:var(--wp--preset--spacing--side-padding);padding-top:var(--wp--preset--spacing--side-padding)\">\n<div class=\"wp-block-column is-vertically-aligned-center is-layout-flow wp-block-column-is-layout-flow\">\n<h3 class=\"wp-block-heading\" style=\"margin-bottom:var(--wp--preset--spacing--h-3-bottom)\">Adaptyvi skaitmenin\u0117 pasiprie\u0161inimo sistema<\/h3>\n\n\n\n<p><strong><em>Elektros variklis u\u017etikrina stabil\u0173 skaitmenin\u012f pasiprie\u0161inim\u0105<\/em><\/strong><\/p>\n\n\n\n<p style=\"margin-bottom:var(--wp--preset--spacing--tb-section-padding)\">Evolve skaitmenin\u0117je treniruokli\u0173 sal\u0117s \u012frangoje naudojami pa\u017eang\u016bs elektros varikliai, kurie yra neatsiejama pa\u017eangiausios konstrukcijos dalis. \u0160ie varikliai suprojektuoti taip, kad b\u016bt\u0173 efektyv\u016bs, patvar\u016bs ir skland\u017eiai veikt\u0173, tod\u0117l u\u017etikrins skland\u017ei\u0105 treniruo\u010di\u0173 patirt\u012f. Juose naudojami sud\u0117tingi algoritmai ir jutikliai, kurie automati\u0161kai reguliuoja pasiprie\u0161inimo lyg\u012f, atsi\u017evelgdami \u012f konkre\u010dius naudotojo fitneso poreikius ir pa\u017eang\u0105. D\u0117l \u0161i\u0173 pritaikymo galimybi\u0173 \u012franga yra universali ir tinka \u012fvairiems pratimams &#8211; nuo \u0161velni\u0173 reabilitacini\u0173 judesi\u0173 iki intensyvi\u0173 j\u0117gos treniruo\u010di\u0173. Be to, varikliai suprojektuoti taip, kad efektyviai naudot\u0173 energij\u0105, o tai prisideda prie \u012frangos ekologi\u0161kumo. \u0160i\u0173 elektrini\u0173 varikli\u0173 integracija su skaitmenin\u0117mis s\u0105sajomis leid\u017eia naudotojams steb\u0117ti savo rezultatus, nustatyti tikslus ir gauti asmenines treniruo\u010di\u0173 rekomendacijas, tod\u0117l Evolve treniruokli\u0173 sal\u0117s \u012franga yra i\u0161skirtin\u0117 fitneso technologij\u0173 srityje.<\/p>\n<\/div>\n\n\n\n<div class=\"wp-block-column is-vertically-aligned-center is-layout-flow wp-block-column-is-layout-flow\">\n<figure class=\"wp-block-image size-full\"><img decoding=\"async\" src=\"https:\/\/evolve-fitness.eu\/wp-content\/uploads\/2023\/12\/motor.png\" alt=\"\" class=\"wp-image-9077\"\/><\/figure>\n<\/div>\n<\/div>\n\n\n\n<div class=\"wp-block-columns alignwide is-layout-flex wp-container-core-columns-is-layout-c45ee707 wp-block-columns-is-layout-flex\" style=\"margin-bottom:var(--wp--preset--spacing--side-padding);padding-top:var(--wp--preset--spacing--side-padding)\">\n<div class=\"wp-block-column is-vertically-aligned-center is-layout-flow wp-block-column-is-layout-flow\">\n<figure class=\"wp-block-image size-large\"><img decoding=\"async\" src=\"https:\/\/evolve-fitness.eu\/wp-content\/uploads\/2023\/12\/A7_05146-1024x683.jpg\" alt=\"\" class=\"wp-image-8962\"\/><\/figure>\n<\/div>\n\n\n\n<div class=\"wp-block-column is-vertically-aligned-center is-layout-flow wp-block-column-is-layout-flow\">\n<h3 class=\"wp-block-heading\" style=\"margin-bottom:var(--wp--preset--spacing--h-3-bottom)\"><strong><strong><strong>Skaitmenin\u0117 s\u0105saja<\/strong><\/strong><\/strong><\/h3>\n\n\n\n<p><strong><em>Evolve Digital Series turi pa\u017eangi\u0105 skaitmenin\u0119 s\u0105saj\u0105<\/em><\/strong><\/p>\n\n\n\n<p style=\"margin-bottom:var(--wp--preset--spacing--tb-section-padding)\">Ekrane realiuoju laiku pateikiama gr\u012f\u017etamoji informacija apie treniruot\u0119. \u0160ioje s\u0105sajoje rodomi pagrindiniai rodikliai, tokie kaip pakartojimai, rinkinio trukm\u0117 ir raumen\u0173 \u012fsitraukimas, tod\u0117l galite steb\u0117ti savo pa\u017eang\u0105 ir koreguoti treniruot\u0119, kad ji b\u016bt\u0173 kuo veiksmingesn\u0117. Patogus dizainas u\u017etikrina, kad tiek pradedantieji, tiek patyr\u0119 naudotojai gal\u0117t\u0173 lengvai nar\u0161yti ir naudotis \u0161ia funkcija, kad pratimai b\u016bt\u0173 optimizuoti.<\/p>\n\n\n\n<p><strong><em>Pasiprie\u0161inimo reguliavimas ir lankstumas kaip joks kitas prietaisas<\/em><\/strong><\/p>\n\n\n\n<p style=\"margin-bottom:var(--wp--preset--spacing--tb-section-padding)\">Treniruoklis pritaikytas \u012fvairiems fizinio pasirengimo lygiams, nes jame galima reguliuoti pasiprie\u0161inimo lygius. Toks lankstumas leid\u017eia naudotojams palaipsniui didinti treniruot\u0117s intensyvum\u0105, tod\u0117l \u0161is treniruoklis idealiai tinka laipsni\u0161kam j\u0117gos lavinimui. Sklandus reguliavimo mechanizmas u\u017etikrina skland\u0173 per\u0117jim\u0105 nuo vieno pasiprie\u0161inimo lygio prie kito, tod\u0117l naudotojai gali netrukdomai susitelkti \u012f savo form\u0105 ir technik\u0105.<\/p>\n<\/div>\n<\/div>\n\n\n\n<div class=\"wp-block-columns alignwide is-layout-flex wp-container-core-columns-is-layout-c45ee707 wp-block-columns-is-layout-flex\" style=\"margin-bottom:var(--wp--preset--spacing--side-padding);padding-top:var(--wp--preset--spacing--side-padding)\">\n<div class=\"wp-block-column is-vertically-aligned-center is-layout-flow wp-block-column-is-layout-flow\">\n<h3 class=\"wp-block-heading\" style=\"margin-bottom:var(--wp--preset--spacing--h-3-bottom)\"><strong><strong><strong><strong><strong><strong><strong><strong><strong><strong>Mokymo re\u017eimas<\/strong><\/strong><\/strong><\/strong><\/strong><\/strong><\/strong><\/strong><\/strong><\/strong> &#8211; StandarD<\/h3>\n\n\n\n<p><strong><em>Koncentrinis svoris = Ekscentrinis svoris<\/em><\/strong><\/p>\n\n\n\n<p style=\"margin-bottom:var(--wp--preset--spacing--tb-section-padding)\">Tai tradicinis re\u017eimas, kai pasiprie\u0161inimas i\u0161lieka pastovus viso pratimo metu, taip u\u017etikrinant nuolatin\u012f ir vienod\u0105 kr\u016bv\u012f.<\/p>\n<\/div>\n\n\n\n<div class=\"wp-block-column is-vertically-aligned-center is-layout-flow wp-block-column-is-layout-flow\">\n<figure class=\"wp-block-image size-large\"><img decoding=\"async\" src=\"https:\/\/evolve-fitness.eu\/wp-content\/uploads\/2023\/12\/A7_05151-1024x683.jpg\" alt=\"\" class=\"wp-image-8973\"\/><\/figure>\n<\/div>\n<\/div>\n\n\n\n<div class=\"wp-block-columns alignwide is-layout-flex wp-container-core-columns-is-layout-c45ee707 wp-block-columns-is-layout-flex\" style=\"margin-bottom:var(--wp--preset--spacing--side-padding);padding-top:var(--wp--preset--spacing--side-padding)\">\n<div class=\"wp-block-column is-vertically-aligned-center is-layout-flow wp-block-column-is-layout-flow\">\n<figure class=\"wp-block-image size-large\"><img decoding=\"async\" src=\"https:\/\/evolve-fitness.eu\/wp-content\/uploads\/2023\/12\/A7_05153-1-1024x683.jpg\" alt=\"\" class=\"wp-image-8975\"\/><\/figure>\n<\/div>\n\n\n\n<div class=\"wp-block-column is-vertically-aligned-center is-layout-flow wp-block-column-is-layout-flow\">\n<h3 class=\"wp-block-heading\" style=\"margin-bottom:var(--wp--preset--spacing--h-3-bottom)\"><strong><strong><strong><strong><strong><strong><strong><strong><strong><strong><strong><strong><strong><strong>Mokymo re\u017eimas<\/strong><\/strong><\/strong><\/strong><\/strong><\/strong><\/strong><\/strong><\/strong><\/strong> &#8211; <\/strong><\/strong><\/strong><\/strong>ekscentrinis<\/h3>\n\n\n\n<p><strong><em>Koncentrinis svoris &lt; Ekscentrinis svoris<\/em><\/strong><\/p>\n\n\n\n<p style=\"margin-bottom:var(--wp--preset--spacing--tb-section-padding)\">\u0160iuo re\u017eimu pratimo ekscentrin\u0117s (nuleidimo) faz\u0117s metu pasiprie\u0161inimas did\u0117ja, taip stiprinant raumenis ir didinant j\u0173 augim\u0105, nes daugiausia d\u0117mesio skiriama raumens pailg\u0117jimui. Raumenys labiau stimuliuojami, o raumen\u0173 augimo efektyvumas yra didesnis.<\/p>\n<\/div>\n<\/div>\n\n\n\n<div class=\"wp-block-columns alignwide is-layout-flex wp-container-core-columns-is-layout-c45ee707 wp-block-columns-is-layout-flex\" style=\"margin-bottom:var(--wp--preset--spacing--side-padding);padding-top:var(--wp--preset--spacing--side-padding)\">\n<div class=\"wp-block-column is-vertically-aligned-center is-layout-flow wp-block-column-is-layout-flow\">\n<h3 class=\"wp-block-heading\" style=\"margin-bottom:var(--wp--preset--spacing--h-3-bottom)\"><strong><strong><strong><strong><strong><strong><strong><strong><strong><strong><strong><strong><strong><strong><strong><strong><strong><strong><strong><strong>Mokymo re\u017eimas<\/strong><\/strong><\/strong><\/strong><\/strong><\/strong><\/strong><\/strong><\/strong><\/strong> &#8211; <\/strong><\/strong><\/strong><\/strong><\/strong><\/strong><\/strong><\/strong><\/strong><\/strong>izokinetinis<\/h3>\n\n\n\n<p><strong><em>Greitis = pasiprie\u0161inimas<\/em><\/strong><\/p>\n\n\n\n<p style=\"margin-bottom:var(--wp--preset--spacing--tb-section-padding)\">\u0160iuo re\u017eimu jud\u0117jimo greitis i\u0161lieka pastovus, nepriklausomai nuo naudojamos j\u0117gos. Jis ypa\u010d naudingas reabilitacijai ir kontroliuojamai raumen\u0173 aktyvacijai u\u017etikrinti.<\/p>\n<\/div>\n\n\n\n<div class=\"wp-block-column is-vertically-aligned-center is-layout-flow wp-block-column-is-layout-flow\">\n<figure class=\"wp-block-image size-large\"><img decoding=\"async\" src=\"https:\/\/evolve-fitness.eu\/wp-content\/uploads\/2023\/12\/A7_05154-1024x683.jpg\" alt=\"\" class=\"wp-image-8977\"\/><\/figure>\n<\/div>\n<\/div>\n\n\n\n<div class=\"wp-block-columns alignwide is-layout-flex wp-container-core-columns-is-layout-c45ee707 wp-block-columns-is-layout-flex\" style=\"margin-bottom:var(--wp--preset--spacing--side-padding);padding-top:var(--wp--preset--spacing--side-padding)\">\n<div class=\"wp-block-column is-vertically-aligned-center is-layout-flow wp-block-column-is-layout-flow\">\n<figure class=\"wp-block-image size-large\"><img decoding=\"async\" src=\"https:\/\/evolve-fitness.eu\/wp-content\/uploads\/2023\/12\/A7_05156-1024x683.jpg\" alt=\"\" class=\"wp-image-8979\"\/><\/figure>\n<\/div>\n\n\n\n<div class=\"wp-block-column is-vertically-aligned-center is-layout-flow wp-block-column-is-layout-flow\">\n<h3 class=\"wp-block-heading\" style=\"margin-bottom:var(--wp--preset--spacing--h-3-bottom)\"><strong><strong><strong><strong><strong><strong><strong><strong><strong><strong><strong><strong><strong><strong>Mokymo re\u017eimas<\/strong><\/strong><\/strong><\/strong><\/strong><\/strong><\/strong><\/strong><\/strong><\/strong> &#8211; <\/strong><\/strong><\/strong><\/strong>elastic<\/h3>\n\n\n\n<p><strong><em>Laidas &gt; atsparumas<\/em><\/strong><\/p>\n\n\n\n<p style=\"margin-bottom:var(--wp--preset--spacing--tb-section-padding)\">Kuo ilgesn\u0117 i\u0161traukimo virv\u0117, tuo didesnis pasiprie\u0161inimas. \u0160is re\u017eimas imituoja elastin\u012f pasiprie\u0161inim\u0105, kaip dirbant su pasiprie\u0161inimo juostomis, tod\u0117l treniruot\u0117 tampa i\u0161skirtiniu i\u0161\u0161\u016bkiu ir kintamumu. Efektyvesn\u0117 sprogstam\u0173j\u0173 med\u017eiag\u0173 treniruot\u0117.<\/p>\n<\/div>\n<\/div>\n\n\n\n<div class=\"wp-block-columns alignwide is-layout-flex wp-container-core-columns-is-layout-c45ee707 wp-block-columns-is-layout-flex\" style=\"margin-bottom:var(--wp--preset--spacing--side-padding);padding-top:var(--wp--preset--spacing--side-padding)\">\n<div class=\"wp-block-column is-vertically-aligned-center is-layout-flow wp-block-column-is-layout-flow\">\n<h3 class=\"wp-block-heading\" style=\"margin-bottom:var(--wp--preset--spacing--h-3-bottom)\"><strong><strong><strong><strong>Ergonomi\u0161kas dizainas<\/strong><\/strong><\/strong><\/strong><\/h3>\n\n\n\n<p><strong><em>Ergonomi\u0161kame dizaine pirmenyb\u0117 teikiama naudotojo patogumui ir saugumui<\/em><\/strong><\/p>\n\n\n\n<p style=\"margin-bottom:var(--wp--preset--spacing--tb-section-padding)\">\u012eranga sukurta taip, kad atitikt\u0173 nat\u016bralius k\u016bno judesius, suma\u017eint\u0173 traum\u0173 rizik\u0105 ir u\u017etikrint\u0173 veiksming\u0105 raumen\u0173 \u012fsitraukim\u0105. Kont\u016bruotos s\u0117dyn\u0117s ir strategi\u0161kai i\u0161d\u0117stytos rankenos u\u017etikrina didesn\u012f stabilum\u0105 ir kontrol\u0119 treniruot\u0117s metu, tod\u0117l treniruoklis yra patogus ir saugus pasirinkimas visiems naudotojams.<\/p>\n<\/div>\n\n\n\n<div class=\"wp-block-column is-vertically-aligned-center is-layout-flow wp-block-column-is-layout-flow\">\n<figure class=\"wp-block-image size-large\"><img decoding=\"async\" src=\"https:\/\/evolve-fitness.eu\/wp-content\/uploads\/2023\/12\/A7_05070-1024x683.jpg\" alt=\"\" class=\"wp-image-8994\"\/><\/figure>\n<\/div>\n<\/div>\n\n\n\n<div class=\"wp-block-columns alignwide is-layout-flex wp-container-core-columns-is-layout-c45ee707 wp-block-columns-is-layout-flex\" style=\"margin-bottom:var(--wp--preset--spacing--side-padding);padding-top:var(--wp--preset--spacing--side-padding)\">\n<div class=\"wp-block-column is-vertically-aligned-center is-layout-flow wp-block-column-is-layout-flow\">\n<figure class=\"wp-block-image size-large\"><img decoding=\"async\" src=\"https:\/\/evolve-fitness.eu\/wp-content\/uploads\/2024\/06\/EV-SC-DS-425-Evolve-Digital-Strength-Series-Selectorized-Leg-Extension-Leg-Curl-1-1024x1024.png\" alt=\"\" class=\"wp-image-134675\"\/><\/figure>\n<\/div>\n\n\n\n<div class=\"wp-block-column is-vertically-aligned-center is-layout-flow wp-block-column-is-layout-flow\">\n<h3 class=\"wp-block-heading\" style=\"margin-bottom:var(--wp--preset--spacing--h-3-bottom)\"><strong><strong><strong><strong><strong><strong><strong><strong><strong><strong>Tvirta konstrukcija<\/strong><\/strong><\/strong><\/strong><\/strong><\/strong><\/strong><\/strong><\/strong><\/strong><\/h3>\n\n\n\n<p><strong><em>Sukurtas taip, kad atlaikyt\u0173 intensyvi\u0173 treniruo\u010di\u0173 sunkumus<\/em><\/strong><\/p>\n\n\n\n<p style=\"margin-bottom:var(--wp--preset--spacing--tb-section-padding)\">Auk\u0161tos kokyb\u0117s med\u017eiagos ir tvirta konstrukcija u\u017etikrina ilgalaik\u012f patvarum\u0105 ir patikimum\u0105. Tokia konstrukcija ne tik u\u017etikrina naudotoj\u0173 saugum\u0105, bet ir ilgainiui u\u017etikrina pastov\u0173 veikim\u0105, tod\u0117l yra vertinga investicija sporto sal\u0117ms ir profesionaliems fitneso centrams.<\/p>\n<\/div>\n<\/div>\n<\/section>\n","protected":false},"excerpt":{"rendered":"<p>Evolve Digital Strength serijos selektorizuotas koj\u0173 tiesimo ir lenkimo treniruoklis yra dviej\u0173 funkcij\u0173 \u012frenginys, sukurtas efektyviam priekini\u0173 ir u\u017epakalini\u0173 \u0161laun\u0173 raumen\u0173 treniravimui. Moderni konstrukcija ir skaitmenin\u0117 valdymo sistema u\u017etikrina, kad kiekviena treniruot\u0117 b\u016bt\u0173 patogi, efektyvi ir tikslin\u0117.<\/p>\n","protected":false},"featured_media":91696,"template":"","meta":{"_acf_changed":false,"inline_featured_image":false},"product_cat":[117,136],"product_tag":[],"class_list":{"0":"post-6842","1":"product","2":"type-product","3":"status-publish","4":"has-post-thumbnail","6":"product_cat-pagrindinis-puslapis","7":"product_cat-skaitmenines-stiprumo-pasirinkimo-masinos","9":"first","10":"outofstock","11":"shipping-taxable","12":"purchasable","13":"product-type-simple"},"acf":[],"_links":{"self":[{"href":"https:\/\/store.evolve-fitness.eu\/lt\/wp-json\/wp\/v2\/product\/6842","targetHints":{"allow":["GET"]}}],"collection":[{"href":"https:\/\/store.evolve-fitness.eu\/lt\/wp-json\/wp\/v2\/product"}],"about":[{"href":"https:\/\/store.evolve-fitness.eu\/lt\/wp-json\/wp\/v2\/types\/product"}],"wp:featuredmedia":[{"embeddable":true,"href":"https:\/\/store.evolve-fitness.eu\/lt\/wp-json\/wp\/v2\/media\/91696"}],"wp:attachment":[{"href":"https:\/\/store.evolve-fitness.eu\/lt\/wp-json\/wp\/v2\/media?parent=6842"}],"wp:term":[{"taxonomy":"product_cat","embeddable":true,"href":"https:\/\/store.evolve-fitness.eu\/lt\/wp-json\/wp\/v2\/product_cat?post=6842"},{"taxonomy":"product_tag","embeddable":true,"href":"https:\/\/store.evolve-fitness.eu\/lt\/wp-json\/wp\/v2\/product_tag?post=6842"}],"curies":[{"name":"wp","href":"https:\/\/api.w.org\/{rel}","templated":true}]}}