{"id":6824,"date":"2024-01-29T09:05:20","date_gmt":"2024-01-29T09:05:20","guid":{"rendered":"https:\/\/store.evolve-fitness.eu\/produktas\/evolve-kelimo-dirzas\/"},"modified":"2026-01-23T12:00:52","modified_gmt":"2026-01-23T12:00:52","slug":"evolve-kelimo-dirzas","status":"publish","type":"product","link":"https:\/\/store.evolve-fitness.eu\/lt\/produktas\/evolve-kelimo-dirzas\/","title":{"rendered":"&#8222;Evolve&#8221; k\u0117limo dir\u017eas"},"content":{"rendered":"\n<section class=\"wp-block-group alignfull black-content has-white-color has-darkgray-background-color has-text-color has-background is-layout-constrained wp-block-group-is-layout-constrained\" style=\"padding-top:var(--wp--preset--spacing--section-bottom);padding-bottom:var(--wp--preset--spacing--section-bottom)\">\n<div class=\"wp-block-columns alignwide mobile-reverse is-layout-flex wp-container-core-columns-is-layout-ca64bf2d wp-block-columns-is-layout-flex\" style=\"margin-bottom:var(--wp--preset--spacing--side-padding)\">\n<div class=\"wp-block-column is-vertically-aligned-center is-layout-flow wp-block-column-is-layout-flow\">\n<h3 class=\"wp-block-heading\" style=\"margin-bottom:var(--wp--preset--spacing--h-3-bottom)\"><strong>&#8222;Evolve&#8221; k\u0117limo dir\u017eas<\/strong><\/h3>\n\n\n\n<p><strong><em>Didesn\u0117 parama j\u0117gos treniruot\u0117ms<\/em><\/strong><\/p>\n\n\n\n<p style=\"margin-bottom:var(--wp--preset--spacing--tb-section-padding)\">&#8222;Evolve Lifting Belt&#8221; dir\u017eas skirtas sportininkams, siekiantiems pagerinti savo rezultatus j\u0117gos treniruo\u010di\u0173 ir k\u0117limo treniruo\u010di\u0173 metu. Jis puikiai tinka \u012fvairiems k\u016bno tipams, tod\u0117l treniruo\u010di\u0173 metu yra saugesnis ir efektyvesnis. Nesvarbu, ar kilnojate didelius svorius, ar intensyviai treniruojat\u0117s, &#8222;Evolve Lifting Belt&#8221; yra b\u016btinas priedas, padedantis siekti fitneso tiksl\u0173.<\/p>\n<\/div>\n\n\n\n<div class=\"wp-block-column is-vertically-aligned-center is-layout-flow wp-block-column-is-layout-flow\">\n<figure class=\"wp-block-video\"><video autoplay=\"\" controls=\"\" loop=\"\" muted=\"\" src=\"https:\/\/evolve-fitness.eu\/wp-content\/uploads\/2024\/07\/belt.mp4\"><\/video><\/figure>\n<\/div>\n<\/div>\n\n\n\n<figure class=\"wp-block-image aligncenter size-full\"><img decoding=\"async\" src=\"https:\/\/evolve-fitness.eu\/wp-content\/uploads\/2024\/01\/EV-AC-LB-010-S-1.png\" alt=\"\" class=\"wp-image-150057\"\/><\/figure>\n\n\n\n<figure class=\"wp-block-image aligncenter size-full\"><img decoding=\"async\" src=\"https:\/\/evolve-fitness.eu\/wp-content\/uploads\/2024\/01\/EV-AC-LB-010-M-1.png\" alt=\"\" class=\"wp-image-150082\"\/><\/figure>\n\n\n\n<figure class=\"wp-block-image aligncenter size-full\"><img decoding=\"async\" src=\"https:\/\/evolve-fitness.eu\/wp-content\/uploads\/2024\/01\/EV-AC-LB-010-L-1.png\" alt=\"\" class=\"wp-image-150107\"\/><\/figure>\n<\/section>\n","protected":false},"excerpt":{"rendered":"<p>&#8222;Evolve Lifting Belt&#8221; dir\u017eas skirtas sportininkams, norintiems geresn\u0117s atramos per j\u0117gos treniruotes ir k\u0117limo treniruotes. \u0160is gaminys priklauso &#8222;Evolve&#8221; funkcin\u0117s treniruokli\u0173 \u012frangos asortimentui. Galimi dyd\u017eiai: S, M ir L.<\/p>\n","protected":false},"featured_media":93730,"template":"","meta":{"_acf_changed":false,"inline_featured_image":false},"product_cat":[119,120,150],"product_tag":[],"class_list":{"0":"post-6824","1":"product","2":"type-product","3":"status-publish","4":"has-post-thumbnail","6":"product_cat-kryzminis-ir-funkcinis","7":"product_cat-funkcine-iranga","8":"product_cat-priedai-lt","10":"first","11":"instock","12":"shipping-taxable","13":"purchasable","14":"product-type-variable"},"acf":[],"_links":{"self":[{"href":"https:\/\/store.evolve-fitness.eu\/lt\/wp-json\/wp\/v2\/product\/6824","targetHints":{"allow":["GET"]}}],"collection":[{"href":"https:\/\/store.evolve-fitness.eu\/lt\/wp-json\/wp\/v2\/product"}],"about":[{"href":"https:\/\/store.evolve-fitness.eu\/lt\/wp-json\/wp\/v2\/types\/product"}],"wp:featuredmedia":[{"embeddable":true,"href":"https:\/\/store.evolve-fitness.eu\/lt\/wp-json\/wp\/v2\/media\/93730"}],"wp:attachment":[{"href":"https:\/\/store.evolve-fitness.eu\/lt\/wp-json\/wp\/v2\/media?parent=6824"}],"wp:term":[{"taxonomy":"product_cat","embeddable":true,"href":"https:\/\/store.evolve-fitness.eu\/lt\/wp-json\/wp\/v2\/product_cat?post=6824"},{"taxonomy":"product_tag","embeddable":true,"href":"https:\/\/store.evolve-fitness.eu\/lt\/wp-json\/wp\/v2\/product_tag?post=6824"}],"curies":[{"name":"wp","href":"https:\/\/api.w.org\/{rel}","templated":true}]}}