{"id":6818,"date":"2024-01-29T13:01:36","date_gmt":"2024-01-29T13:01:36","guid":{"rendered":"https:\/\/store.evolve-fitness.eu\/produktas\/evolve-ultra-series-plokstes-pakrauta-priekine-istraukiamoji-dalis-2\/"},"modified":"2024-05-27T07:40:00","modified_gmt":"2024-05-27T07:40:00","slug":"evolve-ultra-series-plokstes-pakrauta-priekine-istraukiamoji-dalis-2","status":"publish","type":"product","link":"https:\/\/store.evolve-fitness.eu\/lt\/produktas\/evolve-ultra-series-plokstes-pakrauta-priekine-istraukiamoji-dalis-2\/","title":{"rendered":"&#8222;Evolve Ultra Series&#8221; plok\u0161t\u0117s pakrauta priekin\u0117 i\u0161traukiamoji dalis"},"content":{"rendered":"\n<section class=\"wp-block-group alignfull black-content has-white-color has-darkgray-background-color has-text-color has-background is-layout-constrained wp-block-group-is-layout-constrained\" style=\"padding-top:var(--wp--preset--spacing--section-bottom);padding-bottom:var(--wp--preset--spacing--section-bottom)\">\n<h3 class=\"wp-block-heading has-text-align-center\" style=\"padding-top:var(--wp--preset--spacing--section-title-bottom);padding-bottom:var(--wp--preset--spacing--section-title-bottom)\"><strong><strong><strong>EVOLIUCIONUOJA PLOK\u0160TEL\u0116, PAKRAUTA ULTRA SERIJA<\/strong><\/strong><\/strong><\/h3>\n\n\n\n<section class=\"wp-block-group alignfull black-content has-white-color has-darkgray-background-color has-text-color has-background is-layout-constrained wp-block-group-is-layout-constrained\" style=\"margin-bottom:0;padding-top:var(--wp--preset--spacing--tb-padding);padding-bottom:var(--wp--preset--spacing--tb-padding)\">\n<div class=\"wp-block-columns alignwide mobile-reverse is-layout-flex wp-container-core-columns-is-layout-035fa626 wp-block-columns-is-layout-flex\" style=\"margin-bottom:var(--wp--preset--spacing--side-padding);padding-top:var(--wp--preset--spacing--tb-padding);padding-bottom:var(--wp--preset--spacing--tb-padding)\">\n<div class=\"wp-block-column is-vertically-aligned-center is-layout-flow wp-block-column-is-layout-flow\">\n<figure class=\"wp-block-image size-full is-resized is-style-rounded\"><img loading=\"lazy\" decoding=\"async\" width=\"810\" height=\"810\" src=\"https:\/\/store.evolve-fitness.eu\/wp-content\/uploads\/2024\/05\/Dizainas-be-pavadinimo-2024-05-27T102351.241.png\" alt=\"\" class=\"wp-image-63362\" style=\"aspect-ratio:1.1333333333333333;object-fit:cover;width:999px;height:auto\" srcset=\"https:\/\/store.evolve-fitness.eu\/wp-content\/uploads\/2024\/05\/Dizainas-be-pavadinimo-2024-05-27T102351.241.png 810w, https:\/\/store.evolve-fitness.eu\/wp-content\/uploads\/2024\/05\/Dizainas-be-pavadinimo-2024-05-27T102351.241-300x300.png 300w, https:\/\/store.evolve-fitness.eu\/wp-content\/uploads\/2024\/05\/Dizainas-be-pavadinimo-2024-05-27T102351.241-150x150.png 150w, https:\/\/store.evolve-fitness.eu\/wp-content\/uploads\/2024\/05\/Dizainas-be-pavadinimo-2024-05-27T102351.241-768x768.png 768w, https:\/\/store.evolve-fitness.eu\/wp-content\/uploads\/2024\/05\/Dizainas-be-pavadinimo-2024-05-27T102351.241-600x600.png 600w, https:\/\/store.evolve-fitness.eu\/wp-content\/uploads\/2024\/05\/Dizainas-be-pavadinimo-2024-05-27T102351.241-100x100.png 100w\" sizes=\"auto, (max-width: 810px) 100vw, 810px\" \/><\/figure>\n<\/div>\n\n\n\n<div class=\"wp-block-column is-vertically-aligned-center is-layout-flow wp-block-column-is-layout-flow\">\n<h3 class=\"wp-block-heading\" style=\"margin-bottom:var(--wp--preset--spacing--h-3-bottom)\"><strong><strong><strong><strong><strong>Organizuotas ir efektyvus<\/strong><\/strong><\/strong><\/strong><\/strong><\/h3>\n\n\n\n<p><strong><em><strong><strong><strong><strong><strong><strong><strong><strong>Svorio plok\u0161teli\u0173 laikymo kai\u0161\u010diai<\/strong><\/strong><\/strong><\/strong><\/strong><\/strong><\/strong><\/strong><\/em><\/strong><\/p>\n\n\n\n<p style=\"margin-bottom:var(--wp--preset--spacing--tb-section-padding)\">I\u0161likite organizuoti ir efektyv\u016bs, naudodami <strong>svori\u0173 plok\u0161teli\u0173 laikymo smeigtukus<\/strong>. Laikykite savo l\u0117k\u0161tes ranka pasiekiamas ir supaprastinkite treniruotes.<\/p>\n\n\n\n<h3 class=\"wp-block-heading\" style=\"margin-bottom:var(--wp--preset--spacing--h-3-bottom)\"><strong><strong><strong><strong><strong><strong><strong><strong>Nekompromisinis ilgaam\u017ei\u0161kumas<\/strong><\/strong><\/strong><\/strong><\/strong><\/strong><\/strong><\/strong><\/h3>\n\n\n\n<p><strong><em><strong><strong><strong><strong><strong>Ner\u016bdijan\u010dio plieno var\u017etai ir ver\u017el\u0117s<\/strong><\/strong><\/strong><\/strong><\/strong><\/em><\/strong><\/p>\n\n\n\n<p style=\"margin-bottom:var(--wp--preset--spacing--tb-section-padding)\">Serijoje &#8222;Ultra&#8221; svarbi kiekviena detal\u0117. Tod\u0117l visi var\u017etai ir ver\u017el\u0117s gaminami i\u0161 <strong>ner\u016bdijan\u010dio plieno<\/strong>, kad b\u016bt\u0173 u\u017etikrintas bekompromisis patvarumas ir ilgaam\u017ei\u0161kumas.<\/p>\n\n\n\n<h3 class=\"wp-block-heading\"><strong>NESLYSTAN\u010cIOS RANKENOS<\/strong><\/h3>\n\n\n\n<p><strong><em><strong>Saugus ir patikimas su\u0117mimas, u\u017etikrinantis saugum\u0105 ir pasitik\u0117jim\u0105<\/strong><\/em><\/strong><\/p>\n\n\n\n<p>Teikite pirmenyb\u0119 saugumui ir pasitik\u0117jimui su m\u016bs\u0173 <strong>neslystan\u010diomis rankenomis<\/strong>. Jie u\u017etikrina saug\u0173 sukibim\u0105, tod\u0117l treniruo\u010di\u0173 metu suma\u017e\u0117ja nelaiming\u0173 atsitikim\u0173 rizika.<\/p>\n<\/div>\n<\/div>\n\n\n\n<div class=\"wp-block-columns alignwide mobile-reverse is-layout-flex wp-container-core-columns-is-layout-7a02faa9 wp-block-columns-is-layout-flex\" style=\"margin-bottom:var(--wp--preset--spacing--tb-section-padding)\">\n<div class=\"wp-block-column is-vertically-aligned-center is-layout-flow wp-block-column-is-layout-flow\">\n<h3 class=\"wp-block-heading\" style=\"margin-bottom:var(--wp--preset--spacing--h-3-bottom)\"><strong><strong><strong><strong><strong><strong><strong><strong>Ilgalaikis veikimas<\/strong><\/strong><\/strong><\/strong><\/strong><\/strong><\/strong><\/strong><\/h3>\n\n\n\n<p><strong><em><strong><strong><strong><strong><strong>Auk\u0161\u010diausios kokyb\u0117s, tvirta PU oda<\/strong><\/strong><\/strong><\/strong><\/strong><\/em><\/strong><\/p>\n\n\n\n<p style=\"margin-bottom:var(--wp--preset--spacing--tb-section-padding)\">Patirkite i\u0161skirtin\u012f komfort\u0105 ir na\u0161um\u0105 su m\u016bs\u0173 <strong>auk\u0161\u010diausios kokyb\u0117s, didelio atsparumo PU odos<\/strong> apmu\u0161alais. Jame suderintas ilgaam\u017ei\u0161kumas ir vizualinis patrauklumas, tod\u0117l jis u\u017etikrina geriausi\u0105 prabang\u0105 fitneso srityje.<\/p>\n\n\n\n<h3 class=\"wp-block-heading\"><strong>REGULIUOJAMA S\u0116D\u0116JIMO PAD\u0116TIS<\/strong><\/h3>\n\n\n\n<p><strong>Lengvai pritaikomas gyvybingos geltonos spalvos<\/strong><\/p>\n\n\n\n<p>M\u016bs\u0173 ma\u0161inos turi <strong>reguliuojam\u0105 s\u0117dim\u0105j\u0105 pad\u0117t\u012f<\/strong>, o reguliavimo ranken\u0117l\u0117s ir rankenos yra ry\u0161kios, lengvai matomos geltonos spalvos. \u0160is patogus dizainas leid\u017eia be vargo pritaikyti treniruot\u0119 pagal savo pageidavimus.<\/p>\n<\/div>\n\n\n\n<div class=\"wp-block-column is-vertically-aligned-center is-layout-flow wp-block-column-is-layout-flow\">\n<figure class=\"wp-block-image size-full is-resized is-style-rounded\"><img loading=\"lazy\" decoding=\"async\" width=\"486\" height=\"486\" src=\"https:\/\/store.evolve-fitness.eu\/wp-content\/uploads\/2024\/05\/Dizainas-be-pavadinimo-29-1-edited.png\" alt=\"\" class=\"wp-image-61507\" style=\"aspect-ratio:1.1333333333333333;object-fit:cover;width:684px;height:auto\" srcset=\"https:\/\/store.evolve-fitness.eu\/wp-content\/uploads\/2024\/05\/Dizainas-be-pavadinimo-29-1-edited.png 486w, https:\/\/store.evolve-fitness.eu\/wp-content\/uploads\/2024\/05\/Dizainas-be-pavadinimo-29-1-edited-300x300.png 300w, https:\/\/store.evolve-fitness.eu\/wp-content\/uploads\/2024\/05\/Dizainas-be-pavadinimo-29-1-edited-150x150.png 150w, https:\/\/store.evolve-fitness.eu\/wp-content\/uploads\/2024\/05\/Dizainas-be-pavadinimo-29-1-edited-100x100.png 100w\" sizes=\"auto, (max-width: 486px) 100vw, 486px\" \/><\/figure>\n<\/div>\n<\/div>\n\n\n\n<div class=\"wp-block-columns alignwide mobile-reverse is-layout-flex wp-container-core-columns-is-layout-7a02faa9 wp-block-columns-is-layout-flex\" style=\"margin-bottom:var(--wp--preset--spacing--tb-section-padding)\">\n<div class=\"wp-block-column is-vertically-aligned-center is-layout-flow wp-block-column-is-layout-flow\">\n<figure class=\"wp-block-image alignleft size-full is-resized is-style-rounded\"><img loading=\"lazy\" decoding=\"async\" width=\"810\" height=\"810\" src=\"https:\/\/store.evolve-fitness.eu\/wp-content\/uploads\/2024\/05\/Dizainas-be-pavadinimo-95.png\" alt=\"\" class=\"wp-image-63157\" style=\"aspect-ratio:1.1333333333333333;object-fit:cover;width:853px;height:auto\" srcset=\"https:\/\/store.evolve-fitness.eu\/wp-content\/uploads\/2024\/05\/Dizainas-be-pavadinimo-95.png 810w, https:\/\/store.evolve-fitness.eu\/wp-content\/uploads\/2024\/05\/Dizainas-be-pavadinimo-95-300x300.png 300w, https:\/\/store.evolve-fitness.eu\/wp-content\/uploads\/2024\/05\/Dizainas-be-pavadinimo-95-150x150.png 150w, https:\/\/store.evolve-fitness.eu\/wp-content\/uploads\/2024\/05\/Dizainas-be-pavadinimo-95-768x768.png 768w, https:\/\/store.evolve-fitness.eu\/wp-content\/uploads\/2024\/05\/Dizainas-be-pavadinimo-95-600x600.png 600w, https:\/\/store.evolve-fitness.eu\/wp-content\/uploads\/2024\/05\/Dizainas-be-pavadinimo-95-100x100.png 100w\" sizes=\"auto, (max-width: 810px) 100vw, 810px\" \/><\/figure>\n<\/div>\n\n\n\n<div class=\"wp-block-column is-vertically-aligned-center is-layout-flow wp-block-column-is-layout-flow\">\n<h3 class=\"wp-block-heading\" style=\"margin-bottom:var(--wp--preset--spacing--h-3-bottom)\"><strong><strong><strong><strong><strong><strong><strong>Patvarios grind\u0173 apsaugos priemon\u0117s<\/strong><\/strong><\/strong><\/strong><\/strong><\/strong><\/strong><\/h3>\n\n\n\n<p><strong><em><strong><strong><strong><strong>Saugokite sporto sal\u0117s grindis<\/strong><\/strong><\/strong><\/strong><\/em><\/strong><\/p>\n\n\n\n<p style=\"margin-bottom:var(--wp--preset--spacing--tb-section-padding)\">M\u016bs\u0173 \u012franga turi <strong>patvarias grind\u0173 apsaugas,<\/strong> kad apsaugot\u0173 j\u016bs\u0173 sporto sal\u0119 nuo pa\u017eeidim\u0173 ir \u012fbr\u0117\u017eim\u0173 net ir intensyvi\u0173 treniruo\u010di\u0173 metu.<\/p>\n\n\n\n<h3 class=\"wp-block-heading\" style=\"margin-bottom:var(--wp--preset--spacing--h-3-bottom)\"><strong><strong><strong><strong><strong><strong><strong><strong><strong>Ilgalaik\u0117 apdaila<\/strong><\/strong><\/strong><\/strong><\/strong><\/strong><\/strong><\/strong><\/strong><\/h3>\n\n\n\n<p><strong><em><strong><strong><strong><strong><strong><strong>Termoreaktyvi\u0173j\u0173 milteli\u0173 elektrostatinio pur\u0161kimo technologija<\/strong><\/strong><\/strong><\/strong><\/strong><\/strong><\/em><\/strong><\/p>\n\n\n\n<p>M\u016bs\u0173 ma\u0161inose \u012fdiegta <strong>termoreaktyvi\u0173j\u0173 milteli\u0173 elektrostatinio pur\u0161kimo technologija<\/strong>, u\u017etikrinanti ilgalaik\u0119 apdail\u0105. \u0160i pa\u017eangi danga ilgainiui i\u0161laiko \u012frangos i\u0161vaizd\u0105.<\/p>\n<\/div>\n<\/div>\n\n\n\n<div class=\"wp-block-columns alignwide mobile-reverse is-layout-flex wp-container-core-columns-is-layout-ca64bf2d wp-block-columns-is-layout-flex\" style=\"margin-bottom:var(--wp--preset--spacing--side-padding)\">\n<div class=\"wp-block-column is-vertically-aligned-center is-layout-flow wp-block-column-is-layout-flow\"><\/div>\n<\/div>\n<\/section>\n<\/section>\n\n<p><\/p>\n","protected":false},"excerpt":{"rendered":"<p>&#8222;Evolve Ultra Series Plate Front Pull Down&#8221;, UL-370, yra auk\u0161\u010diausio lygio fitneso sprendimas, kuriame dera ilgaam\u017ei\u0161kumas, patogumas ir komfortas. \u0160is treniruoklis suprojektuotas atsi\u017evelgiant \u012f organizacin\u012f veiksmingum\u0105, nes jame \u012frengti svori\u0173 plok\u0161teli\u0173 laikymo kai\u0161\u010diai, kad plok\u0161tel\u0117s b\u016bt\u0173 lengvai pasiekiamos. Jis pasi\u017eymi bekompromisiu patvarumu d\u0117l ner\u016bdijan\u010dio plieno var\u017et\u0173 ir ver\u017eli\u0173, u\u017etikrinan\u010di\u0173 ilgaam\u017ei\u0161kum\u0105. Siekiant u\u017etikrinti ilgaam\u017ei\u0161kum\u0105, jis aptrauktas auk\u0161\u010diausios kokyb\u0117s stipria poliuretano oda, kuri suderina ilgaam\u017ei\u0161kum\u0105 ir estetin\u012f patrauklum\u0105. Reguliuojama s\u0117dimoji pad\u0117tis, pary\u0161kinta ry\u0161kiai geltona spalva, suteikia galimyb\u0119 lengvai prisitaikyti prie individuali\u0173 pageidavim\u0173. Be to, \u012frenginyje yra patvarios grind\u0173 apsaugos priemon\u0117s, skirtos sporto sal\u0117s grindims apsaugoti, ir naudojama termoreaktyvi\u0173 milteli\u0173 elektrostatinio pur\u0161kimo technologija, u\u017etikrinanti ilgalaik\u0119 apdail\u0105. \u0160is gaminys, kurio svoris 206 kg ir 2 met\u0173 garantija, yra puikus funkcionalumo ir prabangos derinys fitneso entuziastams.<\/p>\n","protected":false},"featured_media":61445,"template":"","meta":{"_acf_changed":false,"inline_featured_image":false},"product_cat":[117,129,130],"product_tag":[],"class_list":{"0":"post-6818","1":"product","2":"type-product","3":"status-publish","4":"has-post-thumbnail","6":"product_cat-pagrindinis-puslapis","7":"product_cat-laisvu-svoriu-treniruokliai","8":"product_cat-ultra-series-laisvu-svoriu-treniruokliai","10":"first","11":"instock","12":"shipping-taxable","13":"purchasable","14":"product-type-simple"},"acf":[],"_links":{"self":[{"href":"https:\/\/store.evolve-fitness.eu\/lt\/wp-json\/wp\/v2\/product\/6818","targetHints":{"allow":["GET"]}}],"collection":[{"href":"https:\/\/store.evolve-fitness.eu\/lt\/wp-json\/wp\/v2\/product"}],"about":[{"href":"https:\/\/store.evolve-fitness.eu\/lt\/wp-json\/wp\/v2\/types\/product"}],"wp:featuredmedia":[{"embeddable":true,"href":"https:\/\/store.evolve-fitness.eu\/lt\/wp-json\/wp\/v2\/media\/61445"}],"wp:attachment":[{"href":"https:\/\/store.evolve-fitness.eu\/lt\/wp-json\/wp\/v2\/media?parent=6818"}],"wp:term":[{"taxonomy":"product_cat","embeddable":true,"href":"https:\/\/store.evolve-fitness.eu\/lt\/wp-json\/wp\/v2\/product_cat?post=6818"},{"taxonomy":"product_tag","embeddable":true,"href":"https:\/\/store.evolve-fitness.eu\/lt\/wp-json\/wp\/v2\/product_tag?post=6818"}],"curies":[{"name":"wp","href":"https:\/\/api.w.org\/{rel}","templated":true}]}}