{"id":6814,"date":"2024-01-26T15:52:11","date_gmt":"2024-01-26T15:52:11","guid":{"rendered":"https:\/\/store.evolve-fitness.eu\/produktas\/evolve-complete-power-rack-sistema-230-270-cm\/"},"modified":"2025-03-27T07:15:46","modified_gmt":"2025-03-27T07:15:46","slug":"evolve-complete-power-rack-sistema-230-270-cm","status":"publish","type":"product","link":"https:\/\/store.evolve-fitness.eu\/lt\/produktas\/evolve-complete-power-rack-sistema-230-270-cm\/","title":{"rendered":"&#8222;Evolve Complete Power Rack&#8221; sistema 230 &#8211; 270 cm"},"content":{"rendered":"","protected":false},"excerpt":{"rendered":"<p>Pristatome &#8222;Evolve&#8221; visi\u0161kai \u012frengt\u0105 maitinimo stela\u017e\u0173 sistem\u0105, skirt\u0105 komerciniam naudojimui, su inventoriaus ir pried\u0173 laikymo lentynomis. \u0160is 3 mm storio plieninis treniruoklis, pagamintas precizi\u0161kai ir ilgaam\u017ei\u0161kai, yra tvirtas pagrindas j\u0117gos treniruot\u0117ms. Pagerinkite savo treniruokli\u0173 sal\u0119, naudodami patogius integruotus saugojimo sprendimus, ir pajuskite vientis\u0105 funkcionalumo ir stiliaus derin\u012f. &#8222;Evolve&#8221; &#8211; tai vieta, kur inovacijos dera su na\u0161umu komercin\u0117s klas\u0117s treniruokli\u0173 sal\u0117s \u012frangos pasaulyje.<\/p>\n","protected":false},"featured_media":97282,"template":"","meta":{"_acf_changed":false,"inline_featured_image":false},"product_cat":[117,119,149],"product_tag":[],"class_list":{"0":"post-6814","1":"product","2":"type-product","3":"status-publish","4":"has-post-thumbnail","6":"product_cat-pagrindinis-puslapis","7":"product_cat-kryzminis-ir-funkcinis","8":"product_cat-visiskai-sukomplektuotos-platformu-sarankos","10":"first","11":"outofstock","12":"shipping-taxable","13":"purchasable","14":"product-type-variable"},"acf":[],"_links":{"self":[{"href":"https:\/\/store.evolve-fitness.eu\/lt\/wp-json\/wp\/v2\/product\/6814","targetHints":{"allow":["GET"]}}],"collection":[{"href":"https:\/\/store.evolve-fitness.eu\/lt\/wp-json\/wp\/v2\/product"}],"about":[{"href":"https:\/\/store.evolve-fitness.eu\/lt\/wp-json\/wp\/v2\/types\/product"}],"wp:featuredmedia":[{"embeddable":true,"href":"https:\/\/store.evolve-fitness.eu\/lt\/wp-json\/wp\/v2\/media\/97282"}],"wp:attachment":[{"href":"https:\/\/store.evolve-fitness.eu\/lt\/wp-json\/wp\/v2\/media?parent=6814"}],"wp:term":[{"taxonomy":"product_cat","embeddable":true,"href":"https:\/\/store.evolve-fitness.eu\/lt\/wp-json\/wp\/v2\/product_cat?post=6814"},{"taxonomy":"product_tag","embeddable":true,"href":"https:\/\/store.evolve-fitness.eu\/lt\/wp-json\/wp\/v2\/product_tag?post=6814"}],"curies":[{"name":"wp","href":"https:\/\/api.w.org\/{rel}","templated":true}]}}