{"id":6809,"date":"2024-01-26T14:28:04","date_gmt":"2024-01-26T14:28:04","guid":{"rendered":"https:\/\/store.evolve-fitness.eu\/produktas\/evolve-belt-squat-priedas\/"},"modified":"2024-08-06T12:58:30","modified_gmt":"2024-08-06T12:58:30","slug":"evolve-belt-squat-priedas","status":"publish","type":"product","link":"https:\/\/store.evolve-fitness.eu\/lt\/produktas\/evolve-belt-squat-priedas\/","title":{"rendered":"&#8222;Evolve Belt Squat&#8221; priedas"},"content":{"rendered":"","protected":false},"excerpt":{"rendered":"<p>Atnaujinkite savo treniruo\u010di\u0173 rutin\u0105 naudodami &#8222;Evolve&#8221; dir\u017eo prit\u016bpim\u0173 pried\u0105, skirt\u0105 skland\u017eiai pritvirtinti prie bet kurio vertikalaus treniruoklio. Patirkite, kaip lengvai automati\u0161kai susilanksto atrama prad\u0117jus treniruot\u0119, o po treniruot\u0117s j\u0105 galima lengvai sulankstyti ir patogiai laikyti. \u0160is universalus tvirtinimo \u012ftaisas, suderinamas su visomis olimpin\u0117mis svorio plok\u0161t\u0117mis, kuri\u0173 skyli\u0173 skersmuo yra 50 mm, taupo viet\u0105 ir padeda efektyviai treniruotis namuose ar sporto sal\u0117je. &#8222;Evolve Belt Squat Attachment&#8221;, kuriame suderintas funkcionalumas ir prakti\u0161kumas, suteikia dinami\u0161kos treniruot\u0117s patirties.  <\/p>\n","protected":false},"featured_media":5851,"template":"","meta":{"_acf_changed":false,"inline_featured_image":false},"product_cat":[117,119,143,144],"product_tag":[],"class_list":{"0":"post-6809","1":"product","2":"type-product","3":"status-publish","4":"has-post-thumbnail","6":"product_cat-pagrindinis-puslapis","7":"product_cat-kryzminis-ir-funkcinis","8":"product_cat-irangos-komponentai","9":"product_cat-priedai","11":"first","12":"instock","13":"shipping-taxable","14":"purchasable","15":"product-type-simple"},"acf":[],"_links":{"self":[{"href":"https:\/\/store.evolve-fitness.eu\/lt\/wp-json\/wp\/v2\/product\/6809","targetHints":{"allow":["GET"]}}],"collection":[{"href":"https:\/\/store.evolve-fitness.eu\/lt\/wp-json\/wp\/v2\/product"}],"about":[{"href":"https:\/\/store.evolve-fitness.eu\/lt\/wp-json\/wp\/v2\/types\/product"}],"wp:featuredmedia":[{"embeddable":true,"href":"https:\/\/store.evolve-fitness.eu\/lt\/wp-json\/wp\/v2\/media\/5851"}],"wp:attachment":[{"href":"https:\/\/store.evolve-fitness.eu\/lt\/wp-json\/wp\/v2\/media?parent=6809"}],"wp:term":[{"taxonomy":"product_cat","embeddable":true,"href":"https:\/\/store.evolve-fitness.eu\/lt\/wp-json\/wp\/v2\/product_cat?post=6809"},{"taxonomy":"product_tag","embeddable":true,"href":"https:\/\/store.evolve-fitness.eu\/lt\/wp-json\/wp\/v2\/product_tag?post=6809"}],"curies":[{"name":"wp","href":"https:\/\/api.w.org\/{rel}","templated":true}]}}